{"id":1024,"date":"2020-12-31T00:55:35","date_gmt":"2020-12-30T22:55:35","guid":{"rendered":"https:\/\/activupnet.eu2.copilhost.cloud\/?page_id=1024"},"modified":"2024-07-12T11:48:37","modified_gmt":"2024-07-12T09:48:37","slug":"temoignages-walking-desk","status":"publish","type":"page","link":"https:\/\/activup.net\/en\/temoignages-walking-desk\/","title":{"rendered":"Customer testimonials"},"content":{"rendered":"<h1 style=\"text-align: center;\">The Walking Desk has<\/h1>\n<h1 style=\"text-align: center;\"><span style=\"font-weight: normal;\">transformed their lives<\/span><\/h1>\n<h2 style=\"text-align: center;\">Customer testimonials<\/h2>\n<p style=\"text-align: center;\">Whether they are executives, managers, independent workers or even retirees, ActivUP clients testify to the change the Walking Desk has created in their lives: weight loss, reduction of back pain, mitigation of the effects of diabetes, or simply well-being at work and prevention. Discover their testimonials<\/p>\n<p><span style=\"\"><img decoding=\"async\" alt=\"\" data-id=\"29743\" width=\"420\" height=\"420\" title=\"HP-IMG4842-sq600\" src=\"https:\/\/activup.net\/wp-content\/uploads\/2024\/07\/HP-IMG4842-sq600.jpg\" style=\"aspect-ratio: auto 600 \/ 600;\" ml-d=\"-1\" data-width=\"420\" data-height=\"420\" data-init-width=\"600\" data-init-height=\"600\" loading=\"lazy\"><\/span><\/p>\n<p>Administrative Manager<\/p>\n<h2>Caroline Biard, Grenoble INP<\/h2>\n<p style=\"text-align: justify;\">As part of QWL week, Grenoble INP \/ ENSIMAG experimented with the ActivUP Walking Desk on its premises.&nbsp;<\/p>\n<p style=\"text-align: justify;\">\n<p style=\"text-align: justify;\">Here is Caroline Biard's testimonial:<\/p>\n<p style=\"text-align: justify;\"><span style=\"font-size: 20px !important;\">\"We rented a treadmill as part of QVCT week, for colleagues who have height-adjustable desks. The treadmill is very easy to handle <span data-id=\"0\" data-type=\"false\" style=\"display: none; line-height: 0;\">\u200b<\/span><span data-id=\"0\" data-type=\"true\" style=\"display: none; line-height: 0;\">\u200b<\/span>et est facilement pass\u00e9 d&rsquo;un bureau \u00e0 l&rsquo;autre.Les coll\u00e8gues ont appr\u00e9ci\u00e9, surtout sur des r\u00e9unions t\u00e9l\u00e9phoniques ou de l&rsquo;\u00e9criture de mails.Nous retenterons l&rsquo;exp\u00e9rience et merci \u00e0 vous, pour votre r\u00e9activit\u00e9. \u00bb<\/span><\/p>\n<p><span><img decoding=\"async\" alt=\"\" data-id=\"29739\" width=\"533\" data-init-width=\"600\" height=\"533\" data-init-height=\"600\" title=\"GrenobleINP-IMG_6025-sq600\" loading=\"lazy\" src=\"https:\/\/activup.net\/wp-content\/uploads\/2024\/07\/GrenobleINP-IMG_6025-sq600.jpeg\" data-width=\"533\" data-height=\"533\" style=\"aspect-ratio: auto 600 \/ 600;\"><\/span><\/p>\n<p>Health and wellness<\/p>\n<h2>CCI Annecy &#8211; Haute-Savoie<\/h2>\n<p style=\"text-align: justify;\">La CCI d&rsquo;Annecy a d\u00e9cid\u00e9 de promouvoir l&rsquo;activit\u00e9 physique au travail, et notamment de favoriser la marche au bureau.&nbsp;<\/p>\n<p style=\"text-align: justify;\">\n<p style=\"text-align: justify;\">Here's a video testimonial from Lisa, who really enjoys The Walking Desk:<\/p>\n<p style=\"\">\u00ab On a choisi d&rsquo;installer ce walking desk pour donner l&rsquo;opportunit\u00e9 \u00e0 nos coll\u00e8gues de marcher au lieu de rester assis toute la journ\u00e9e, de bouger. C&rsquo;est mieux pour la sant\u00e9, c&rsquo;est bien pour le dos, c&rsquo;est bien pour notre cerveau, pour plein de raisons, donc on teste. \u00bb<\/p>\n<p style=\"text-align: justify;\">Gr\u00e2ce \u00e0 la mise en place de la semaine de la QVT, les employ\u00e9s de la CCI ont pu d\u00e9couvrir le Walking Desk. M\u00eame les dirigeants ont appr\u00e9ci\u00e9 la marche en travaillant. Fait int\u00e9ressant: apr\u00e8s deux premi\u00e8res semaines r\u00e9ussies, les deux semaines suivantes ont enregistr\u00e9 quasiment deux fois plus de sessions. C&rsquo;est un signe que l&rsquo;usage s&rsquo;est install\u00e9.&nbsp;<\/p>\n<p>Manager<\/p>\n<h2>Julien Coulon, CM-CIC Innovation<\/h2>\n<p style=\"text-align: justify;\">Julien Coulon installed a Walking Desk in his company Cedexis. When he sold his company to Citrix, he installed another one in his home office. In this testimonial, he explains that he walks 2 to 4 hours a day, and that he has lost more than 8 kg.He explains how you can lose weight, without dieting or sport, while you work.Discover here our <a href=\"https:\/\/maigrir-au-bureau.com\/?utm_source=activup&amp;utm_medium=link\" target=\"_blank\" style=\"outline: none;\" data-shortcode-id=\"29\" data-dynamic-link=\"thrive_global_fields_url\" data-custom-shortcode=\"\" rel=\"noopener\">program to lose weight with a Walking Desk<\/a>.<\/p>\n<p>Health and wellness<\/p>\n<h2>Haute-Savoie Habitat<\/h2>\n<p style=\"text-align: justify;\">The HLM office of Annecy has implemented a Walking Desk, at the initiative of Gilles Rossignol, project manager:<\/p>\n<p style=\"\">\"Not only do I work better, but I also feel better at work.<\/p>\n<p style=\"text-align: justify;\">The site manager testifies that he has made the investment to improve the health and well-being of employees in his facility.<\/p>\n<p>Great walker (100% of the time)<\/p>\n<h2>Benoit Pereira<\/h2>\n<p style=\"text-align: justify;\">Benoit Perreira is a great walker, he even designed a Walking Desk to walk in nature, while working. This has earned him many appearances on TV. He has now chosen to equip himself with ActivUP. Discover the interview he gave to Michel Cymes and Adriana Karembeu's team on France2.<\/p>\n<p>SME: Shared Walking Desk in a team<\/p>\n<h2>Littlebig Road<\/h2>\n<p style=\"text-align: justify;\">In this specialized travel agency, physical activity is very important to the manager Arnaud V\u00e9rin. He uses it daily as well as some of his employees. It allows them to stay in shape and dynamic without dedicating time to it.<\/p>\n<p>\"The most amazing thing is that you totally forget that you are walking.<\/p>\n<p style=\"text-align: justify;\">\" <strong>The Walking Desk has revolutionized our traditional approach to the \"workplace<\/strong>of its constraints of position and sedentary life. Its <strong>daily use<\/strong> (one, two, three hours or more) allows to <strong>blithely exceed physical activity recommendations<\/strong> (10,000 steps per day) and does not present any constraint in terms of work: telephoning, typing on a keyboard, or even activities requiring more precision (page layout and graphic activities) are not hindered by the movement. You can adjust your walking speed according to the degree of precision you want, and that's it. The most amazing thing is that<strong>we totally forget that we are walking<\/strong>. The whole team adopted it, and we had to set up a <strong>reservation schedule<\/strong> for the use of the only model purchased to date (electrically adjustable height model essential when several people use the Walking Desk). My challenge for next winter: to catch up with one of my colleagues who has just exceeded 500 kilometers of walking in a few months!<\/p>\n<p>Digital startup<\/p>\n<h2>Criteo<\/h2>\n<p style=\"text-align: justify;\">The Walking Desks installed at Criteo have simplified access to physical activity while working. Installed in a meeting room, they allow people to work alone or with others, while walking. Creativity and concentration, and of course well-being and health. Testimony of Guillaume Turri, R&amp;D Engineer at Criteo :<\/p>\n<p>\"It changes the daily life, it's more fun\"<\/p>\n<p>Digital startup<\/p>\n<h2>Cedexis<\/h2>\n<p style=\"text-align: justify;\">From walking meetings to phone calls, the Walking Desk has allowed this company to integrate physical activity into every employee's day. In this innovative company, the impact of walking on creativity and concentration was also very noticeable.<\/p>\n<p>Digital startup<\/p>\n<h2>Uplike<\/h2>\n<p style=\"text-align: justify;\">Emmanuel Fran\u00e7oise has installed a Walking Desk ActivUP in his office in the Montparnasse tower. It is shared between his different collaborators. He uses it to work and make phone calls. You can read his testimony on the M6 TV show:<\/p>\n<p style=\"text-align: justify;\">\"The goal is not to do sports, but to walk quietly several times a day.<\/p>\n<p>Coworking space<\/p>\n<h2>Greenspace Paris<\/h2>\n<p><span><img decoding=\"async\" alt=\"\" data-id=\"225\" width=\"516\" data-init-width=\"800\" height=\"387\" data-init-height=\"600\" title=\"Showroom-greenparis-walkindesk3\" src=\"https:\/\/activup.net\/wp-content\/uploads\/2020\/05\/Showroom-greenparis-walkindesk3.jpg\" data-width=\"516\" data-height=\"387\" style=\"aspect-ratio: auto 800 \/ 600;\" loading=\"lazy\"><\/span><\/p>\n<p style=\"text-align: justify;\">It is possible to work while walking in this Parisian coworking space. Benoit Calvosa, Community manager, testifies:<\/p>\n<p style=\"text-align: justify;\">\"As we know, start-up employees work a lot and usually have little time for sports, making trips to the coffee machine the only thing they do during the day. Being concerned about the happiness of our coworkers, we wanted to organize a challenge promoting sports activity in the office. During one week, they have to count the number of steps taken and compare them with the other participants. We like the Walking Desk and its walking mat with a height-adjustable desk that allows you to work standing while walking. It is therefore possible to walk and check your emails at the same time without paying attention to the cyclists and motorists on the road! Greenspace Paris is a coworking space in Paris that acts for the good health of its coworkers.\"<\/p>\n<p>Manager<\/p>\n<h2>Tips attribute<\/h2>\n<p style=\"text-align: justify;\">Daphne Battaglia, the manager based in Ris Orangis, bought a Walking Desk ActivUP, first of all for the quality of life at work (QWL), the well-being :<\/p>\n<p style=\"text-align: justify;\">\"It created a dynamic in the team. A more fun atmosphere\".<\/p>\n<p style=\"text-align: justify;\">Here is his full testimony:<\/p>\n<p style=\"text-align: justify;\">\"Since we acquired The Walking Desk, <strong>our atmosphere has changed<\/strong>&nbsp;we are more united,&nbsp;<strong>more enthusiastic<\/strong>&nbsp;and share our offices differently.&nbsp;<strong>This created a dynamic in the team<\/strong>. A more fun atmosphere. From an individual point of view,&nbsp;<strong>it's great because you feel very active,<\/strong>&nbsp;the feeling&nbsp;<strong>to optimize the day<\/strong>&nbsp;by doing sports while working. Strangely enough, the day passes more quickly, because there is a kind of&nbsp;<strong>concentration and diversity of activities<\/strong>. It is very easy to walk slowly while writing on the computer,&nbsp;<strong>you get used to it very quickly<\/strong>. If I had to say what I like best, I would say that it is all the time spent on the phone that usually makes us feel like we are wasting our time. Well, today it's not at all!&nbsp;<strong>It is a pleasure! And the best part is the customer relationship<\/strong>. A surprising entry with them more relaxed when they return home, a small innovative side that emerges from the start.&nbsp;<strong>Great!&nbsp;<\/strong>We want more of these walking offices!\"<\/p>\n<p><span><img decoding=\"async\" alt=\"\" data-id=\"177\" width=\"516\" data-init-width=\"540\" height=\"688\" data-init-height=\"720\" title=\"Attribute-Consultancy-2135\" src=\"https:\/\/activup.net\/wp-content\/uploads\/2020\/05\/Attribut-Conseils-2135.jpg\" data-width=\"516\" data-height=\"688\" loading=\"lazy\" style=\"aspect-ratio: auto 540 \/ 720;\"><\/span><\/p>\n<p>Manager<\/p>\n<h2>Beautyclap<\/h2>\n<p><span><img decoding=\"async\" alt=\"\" data-id=\"134\" width=\"480\" data-init-width=\"480\" height=\"640\" data-init-height=\"640\" title=\"Pascale-Breton-Beautycap\" src=\"https:\/\/activup.net\/wp-content\/uploads\/2020\/05\/Pascale-Breton-Beautycap.jpg\" data-width=\"480\" data-height=\"640\" loading=\"lazy\" style=\"aspect-ratio: auto 480 \/ 640;\"><\/span><\/p>\n<p style=\"text-align: justify;\">Pascale Breton, manager, walks at least 3 km a day and burns nearly 300 calories. She feels the beneficial effects of walking in the office on her dynamism and her figure.<\/p>\n<p style=\"text-align: justify;\">I am more than happy with my Walking Desk ActivUP. In fact, I wrote this testimonial while walking! As a freelance worker at home, I spend at least 6 hours a day sitting in front of my computer. When I discovered ActivUP during a T\u00e9l\u00e9matin program on France 2, it was a revelation! To combine work and physical exercise and above all a better health! I work by walking every day for at least 2 hours and I can't do without it anymore! On average, I walk at 2.5 km\/h, I slow down to 1.5 km\/h when I have to do a specific job and I go up to 3.5 km\/h to make a phone call or read my emails. And of course, I try to remember to tighten my abs!<\/p>\n<h2 style=\"text-align: center;\">ActivUP customers are delighted with the <strong>effects of physical activity on their health<\/strong> and that of their employees.<\/h2>\n<h2 style=\"text-align: center;\">This solution is <strong>easy to implement<\/strong>.&nbsp;<\/h2>\n<h2 style=\"text-align: center;\">Walking is a WHO-recognized medicine that produces results without side effects.<\/h2>\n<h2 style=\"text-align: center;\"><strong> ActivUP, the reference for the Walking Desk<\/strong><\/h2>\n<h3 style=\"text-align: center;\"><span style=\"\">More than 300 clients<\/span><\/h3>\n<p><span><img decoding=\"async\" alt=\"\" data-id=\"175\" width=\"350\" data-init-width=\"640\" height=\"197\" data-init-height=\"360\" title=\"references-clients-ActivUP-2020-640x360-1\" loading=\"lazy\" src=\"https:\/\/activup.net\/wp-content\/uploads\/2020\/05\/references-clients-ActivUP-2020-640x360-1.jpg\" data-width=\"350\" data-height=\"197\" style=\"\"><\/span><\/p>\n<h3 style=\"text-align: center;\">23 TV appearances<\/h3>\n<p><span><a href=\"https:\/\/activup.net\/en\/presse\/\" data-shortcode-id=\"27\" data-dynamic-link=\"thrive_global_fields_url\"><img decoding=\"async\" alt=\"\" data-id=\"176\" width=\"339\" data-init-width=\"640\" height=\"191\" data-init-height=\"360\" title=\"retombees-presse-640x360-1\" loading=\"lazy\" src=\"https:\/\/activup.net\/wp-content\/uploads\/2020\/05\/retombees-presse-640x360-1.jpg\" data-width=\"339\" data-height=\"191\" data-link-wrap=\"true\"><\/a><\/span><\/p>\n<h3 style=\"text-align: center;\">An award-winning solution<\/h3>\n<p><span><a href=\"https:\/\/activup.net\/en\/distinctions\/\" data-shortcode-id=\"28\" data-dynamic-link=\"thrive_global_fields_url\"><img decoding=\"async\" alt=\"\" data-id=\"174\" width=\"339\" data-init-width=\"640\" height=\"191\" data-init-height=\"360\" title=\"infographie-trophee-640x360\" loading=\"lazy\" src=\"https:\/\/activup.net\/wp-content\/uploads\/2020\/05\/infographie-trophee-640x360-1.jpg\" data-width=\"339\" data-height=\"191\" data-link-wrap=\"true\"><\/a><\/span> __CONFIG_group_edit__{\"k7g25n3o\":{\"name\": \"All Icon(s)\", \"singular\":\"- Icon %s\"}, \"k7g25s38\u2033:{\"name\": \"All Contact Detail(s)\", \"singular\":\"- Text %s\"}, \"k7g26hhs\":{\"name\": \"All Contact Form Input(s)\", \"singular\": \"- Contact Form Input %s\"}}__CONFIG_group_edit____CONFIG_local_colors__{\" colors \":{\" c4549\u2033: \"Royal Blue\", \"56de9\u2033: \"Alabaster\", \"6957a\": \"Bunker\", \"ae168\u2033: \"Royal Blue\"}, \"gradients\":{}}__CONFIG_local_colors__    <\/p>\n<h2>Contact us<\/h2>\n<p>Would you like to know more and even test the Walking Desk in your company or in our showroom?<\/p>\n<p><span><img decoding=\"async\" alt=\"\" data-id=\"571\" width=\"164\" data-init-width=\"300\" height=\"164\" data-init-height=\"300\" title=\"telemarketing-call-center-transparent-600sq\" loading=\"lazy\" src=\"https:\/\/activup.net\/wp-content\/uploads\/2020\/11\/telemarketing-call-center-transparent-600sq-300x300.png\" data-width=\"164\" data-height=\"164\" style=\"\"><\/span>  <\/p>\n<p><strong>Our showrooms<\/strong> (by appointment only)<\/p>\n<p><strong>Paris 17th<\/strong> 27 rue des Renaudes<\/p>\n<p><strong>Archamps<\/strong> (Haute-Savoie)<\/p>\n<p>Call us at<\/p>\n<p><span data-attr-id=\"3\" data-extra_key=\"1\" data-option-inline=\"1\" data-shortcode=\"thrive_global_fields\" data-shortcode-name=\"[Company] Phone number\">+33 1 85 08 60 18<\/span><\/p>\n<div class='fluentform ff-default fluentform_wrapper_2 ffs_default_wrap'><form data-form_id=\"2\" id=\"fluentform_2\" class=\"frm-fluent-form fluent_form_2 ff-el-form-top ff_form_instance_2_1 ff-form-loading ff_has_v3_recptcha ffs_default\" data-form_instance=\"ff_form_instance_2_1\" method=\"POST\" data-recptcha_key=\"6LcaRdUkAAAAANwFcx2DAcZt1T8_a1cMrBUIxqXW\" action=\"\" ><fieldset  style=\"border: none!important;margin: 0!important;padding: 0!important;background-color: transparent!important;box-shadow: none!important;outline: none!important; min-inline-size: 100%;\">\n                    <legend class=\"ff_screen_reader_title\" style=\"display: block; margin: 0!important;padding: 0!important;height: 0!important;text-indent: -999999px;width: 0!important;overflow:hidden;\">Contact Form En<\/legend><input type='hidden' name='__fluent_form_embded_post_id' value='1024' \/><input type=\"hidden\" id=\"_fluentform_2_fluentformnonce\" name=\"_fluentform_2_fluentformnonce\" value=\"4ea592806a\" \/><input type=\"hidden\" name=\"_wp_http_referer\" value=\"\/en\/wp-json\/wp\/v2\/pages\/1024\" \/><div class='ff-el-group'><div class=\"ff-el-input--label ff-el-is-required asterisk-right\"><label for='ff_2_email' id='label_ff_2_email' aria-label=\"Email\">Email<\/label><\/div><div class='ff-el-input--content'><input type=\"email\" name=\"email\" id=\"ff_2_email\" class=\"ff-el-form-control\" placeholder=\"Your email address...\" data-name=\"email\"  aria-invalid=\"false\" aria-required=\"true\"><\/div><\/div><div data-type=\"name-element\" data-name=\"names\" class=\"ff-field_container ff-name-field-wrapper\" ><div class='ff-t-container'><div class='ff-t-cell'><div class='ff-el-group'><div class=\"ff-el-input--label ff-el-is-required asterisk-right\"><label for='ff_2_names_first_name_' id='label_ff_2_names_first_name_' >First name<\/label><\/div><div class='ff-el-input--content'><input type=\"text\" name=\"names[first_name]\" id=\"ff_2_names_first_name_\" class=\"ff-el-form-control\" placeholder=\"Your first name...\" aria-invalid=\"false\" aria-required=\"true\"><\/div><\/div><\/div><div class='ff-t-cell'><div class='ff-el-group'><div class=\"ff-el-input--label ff-el-is-required asterisk-right\"><label for='ff_2_names_last_name_' id='label_ff_2_names_last_name_' >Name<\/label><\/div><div class='ff-el-input--content'><input type=\"text\" name=\"names[last_name]\" id=\"ff_2_names_last_name_\" class=\"ff-el-form-control\" placeholder=\"Your last name...\" aria-invalid=\"false\" aria-required=\"true\"><\/div><\/div><\/div><\/div><\/div><div data-name=\"ff_cn_id_1\"  class='ff-t-container ff-column-container ff_columns_total_2'><div class='ff-t-cell ff-t-column-1' style='flex-basis: 50%;'><div class='ff-el-group'><div class=\"ff-el-input--label asterisk-right\"><label for='ff_2_company' id='label_ff_2_company' aria-label=\"Company\">Company<\/label><\/div><div class='ff-el-input--content'><input type=\"text\" name=\"company\" class=\"ff-el-form-control\" data-name=\"company\" id=\"ff_2_company\"  aria-invalid=\"false\" aria-required=\"false\"><\/div><\/div><\/div><div class='ff-t-cell ff-t-column-2' style='flex-basis: 50%;'><div class='ff-el-group'><div class=\"ff-el-input--label asterisk-right\"><label for='ff_2_phone' id='label_ff_2_phone' aria-label=\"Mobile\">Mobile<\/label><\/div><div class='ff-el-input--content'><input name=\"phone\" class=\"ff-el-form-control ff-el-phone\" type=\"tel\" placeholder=\"Your mobile number...\" data-name=\"phone\" id=\"ff_2_phone\" inputmode=\"tel\"  aria-invalid='false' aria-required=\"false\"><\/div><\/div><\/div><\/div><div class='ff-el-group'><div class=\"ff-el-input--label ff-el-is-required asterisk-right\"><label for='ff_2_subject' id='label_ff_2_subject' aria-label=\"Your request\">Your request<\/label><\/div><div class='ff-el-input--content'><input type=\"text\" name=\"subject\" class=\"ff-el-form-control\" placeholder=\"Subject of your request...\" data-name=\"subject\" id=\"ff_2_subject\"  aria-invalid=\"false\" aria-required=\"true\"><\/div><\/div><div class='ff-el-group'><div class=\"ff-el-input--label ff-el-is-required asterisk-right\"><label for='ff_2_message' id='label_ff_2_message' aria-label=\"Your message\">Your message<\/label><\/div><div class='ff-el-input--content'><textarea aria-required=\"true\" aria-labelledby=\"label_ff_2_message\" name=\"message\" id=\"ff_2_message\" class=\"ff-el-form-control\" placeholder=\"Content of your message...\" rows=\"6\" cols=\"2\" data-name=\"message\" ><\/textarea><\/div><\/div><input type=\"hidden\" name=\"utm_hist\" data-name=\"utm_hist\" ><input type=\"hidden\" name=\"ref_hist\" data-name=\"ref_hist\" ><input type=\"hidden\" name=\"form_name\" value=\"Contact Form\" data-name=\"form_name\" ><input type=\"hidden\" name=\"valid_url\" data-name=\"valid_url\" ><input type=\"hidden\" name=\"submit_url\" value=\"https:\/\/activup.net\/en\/wp-json\/wp\/v2\/pages\/1024\" data-name=\"submit_url\" ><input type=\"hidden\" name=\"utm_src\" data-name=\"utm_src\" ><input type=\"hidden\" name=\"utm_cpn\" data-name=\"utm_cpn\" ><input type=\"hidden\" name=\"utm_mdm\" data-name=\"utm_mdm\" ><input type=\"hidden\" name=\"utm_cnt\" data-name=\"utm_cnt\" ><input type=\"hidden\" name=\"utm_trm\" data-name=\"utm_trm\" ><input type=\"hidden\" name=\"clid\" data-name=\"clid\" ><input type=\"hidden\" name=\"hubspotutk\" data-name=\"hubspotutk\" ><input type=\"hidden\" name=\"submit_urls\" value=\"https:\/\/activup.net\/en\/wp-json\/wp\/v2\/pages\/1024\" data-name=\"submit_urls\" ><div class='ff-el-group ff-text-left ff_submit_btn_wrapper'><button type=\"submit\" class=\"ff-btn ff-btn-submit ff-btn-md ff_btn_style\"  aria-label=\"Send the request\">Send the request<\/button><\/div><\/fieldset><input type=\"hidden\" name=\"trp-form-language\" value=\"en\"\/><\/form><div id='fluentform_2_errors' class='ff-errors-in-stack ff_form_instance_2_1 ff-form-loading_errors ff_form_instance_2_1_errors'><\/div><\/div>            <script type=\"text\/javascript\">\n                window.fluent_form_ff_form_instance_2_1 = {\"id\":\"2\",\"settings\":{\"layout\":{\"labelPlacement\":\"top\",\"helpMessagePlacement\":\"with_label\",\"errorMessagePlacement\":\"inline\",\"cssClassName\":\"\",\"asteriskPlacement\":\"asterisk-right\"},\"restrictions\":{\"denyEmptySubmission\":{\"enabled\":false}}},\"form_instance\":\"ff_form_instance_2_1\",\"form_id_selector\":\"fluentform_2\",\"rules\":{\"email\":{\"required\":{\"value\":true,\"message\":\"Ce champ est obligatoire\"},\"email\":{\"value\":true,\"message\":\"Ce champ doit \\u00eatre une adresse email valide\"}},\"names[first_name]\":{\"required\":{\"value\":true,\"message\":\"Ce champ est obligatoire\"}},\"names[middle_name]\":{\"required\":{\"value\":false,\"message\":\"This field is required\"}},\"names[last_name]\":{\"required\":{\"value\":true,\"message\":\"Ce champ est obligatoire\"}},\"company\":{\"required\":{\"value\":false,\"message\":\"Ce champ est obligatoire\"}},\"phone\":{\"required\":{\"value\":false,\"message\":\"Ce champ est requis\"},\"valid_phone_number\":{\"value\":false,\"message\":\"Le num\\u00e9ro de t\\u00e9l\\u00e9phone n'est pas valide\"}},\"subject\":{\"required\":{\"value\":true,\"message\":\"Ce champ est obligatoire\"}},\"message\":{\"required\":{\"value\":true,\"message\":\"Ce champ est obligatoire\"}},\"g-recaptcha-response\":[]},\"debounce_time\":300};\n                            <\/script>","protected":false},"excerpt":{"rendered":"<p>Le Walking Desk a transform\u00e9 leur vie T\u00e9moignages clients Qu&rsquo;ils soient dirigeants, managers, travailleurs ind\u00e9pendants ou m\u00eame retrait\u00e9s, les clients ActivUP t\u00e9moignent du changement que le Walking Desk a cr\u00e9\u00e9 dans leur vie : perte de poids, r\u00e9duction du mal de dos, att\u00e9nuation des effets du diab\u00e8te, ou tout simplement bien-\u00eatre au travail et pr\u00e9vention. [&hellip;]<\/p>","protected":false},"author":4,"featured_media":0,"parent":0,"menu_order":0,"comment_status":"closed","ping_status":"closed","template":"","meta":{"_seopress_robots_primary_cat":"","_seopress_titles_title":"T\u00e9moignages client - le walking desk a chang\u00e9 leur vie","_seopress_titles_desc":"D\u00e9couvrez l&#039;histoire de ces utilisateurs de Walking Desks ActivUP. Cela a transform\u00e9 leur vie. Par exemple, Julien Coulon indique qu&#039;il a perdu 8kg en marchant au bureau.","_seopress_robots_index":"","bwfblock_default_font":"","footnotes":""},"wf_page_folders":[73],"class_list":["post-1024","page","type-page","status-publish","hentry","post-wrapper","thrv_wrapper"],"_links":{"self":[{"href":"https:\/\/activup.net\/en\/wp-json\/wp\/v2\/pages\/1024","targetHints":{"allow":["GET"]}}],"collection":[{"href":"https:\/\/activup.net\/en\/wp-json\/wp\/v2\/pages"}],"about":[{"href":"https:\/\/activup.net\/en\/wp-json\/wp\/v2\/types\/page"}],"author":[{"embeddable":true,"href":"https:\/\/activup.net\/en\/wp-json\/wp\/v2\/users\/4"}],"replies":[{"embeddable":true,"href":"https:\/\/activup.net\/en\/wp-json\/wp\/v2\/comments?post=1024"}],"version-history":[{"count":24,"href":"https:\/\/activup.net\/en\/wp-json\/wp\/v2\/pages\/1024\/revisions"}],"predecessor-version":[{"id":29747,"href":"https:\/\/activup.net\/en\/wp-json\/wp\/v2\/pages\/1024\/revisions\/29747"}],"wp:attachment":[{"href":"https:\/\/activup.net\/en\/wp-json\/wp\/v2\/media?parent=1024"}],"wp:term":[{"taxonomy":"wf_page_folders","embeddable":true,"href":"https:\/\/activup.net\/en\/wp-json\/wp\/v2\/wf_page_folders?post=1024"}],"curies":[{"name":"wp","href":"https:\/\/api.w.org\/{rel}","templated":true}]}}