{"id":1026,"date":"2020-12-31T01:02:47","date_gmt":"2020-12-30T23:02:47","guid":{"rendered":"https:\/\/activupnet.eu2.copilhost.cloud\/?page_id=1026"},"modified":"2022-05-01T17:44:04","modified_gmt":"2022-05-01T15:44:04","slug":"mieux-que-bureau-debout","status":"publish","type":"page","link":"https:\/\/activup.net\/en\/mieux-que-bureau-debout\/","title":{"rendered":"Better than a standing desk"},"content":{"rendered":"<h1 style=\"text-align: center;\">Better than the standing desk<\/h1>\n<p style=\"text-align: center;\">3 positions: sitting,<\/p>\n<p style=\"text-align: center;\">standing, walking&nbsp;<\/p>\n<p style=\"text-align: center;\">Static standing with a standing desk is very uncomfortable. Your body needs to move. With an ActivUP Walking Desk, you have a desk that allows you to sit, stand and walk.<\/p>\n<h2 style=\"text-align: center;\">Standing on theWalking Desk<\/h2>\n<p><span><img decoding=\"async\" alt=\"\" data-id=\"1031\" width=\"160\" data-init-width=\"160\" height=\"160\" data-init-height=\"160\" title=\"standing-walking-desk-160\" loading=\"lazy\" src=\"https:\/\/activup.net\/wp-content\/uploads\/2020\/12\/standing-walking-desk-160.png\" data-width=\"160\" data-height=\"160\"><\/span><\/p>\n<h2 style=\"text-align: center;\">On a seat<\/h2>\n<h2 style=\"text-align: center;\">sit-stand<\/h2>\n<p><span><img decoding=\"async\" alt=\"\" data-id=\"1030\" width=\"160\" data-init-width=\"160\" height=\"160\" data-init-height=\"160\" title=\"sitting-on-walking-desk-160\" loading=\"lazy\" src=\"https:\/\/activup.net\/wp-content\/uploads\/2020\/12\/sitting-on-walking-desk-160.png\" data-width=\"160\" data-height=\"160\"><\/span><\/p>\n<h2 style=\"text-align: center;\">Walking&nbsp;<\/h2>\n<h2 style=\"text-align: center;\">on the carpet<\/h2>\n<p><span><img decoding=\"async\" alt=\"\" data-id=\"1032\" width=\"160\" data-init-width=\"160\" height=\"160\" data-init-height=\"160\" title=\"walking-on-walking-desk-160\" loading=\"lazy\" src=\"https:\/\/activup.net\/wp-content\/uploads\/2020\/12\/walking-on-walking-desk-160.png\" data-width=\"160\" data-height=\"160\"><\/span><\/p>\n<p>Each company should implement a <strong>solution to help employees fight sedentary lifestyle at work<\/strong>. Especially those who are at risk or already have chronic diseases.<\/p>\n<p><strong><span style=\"text-decoration: underline;\">Did you know that?<\/span><\/strong><em>Sedentary workers have a higher risk 112% of developing chronic disease than those who walk daily.<\/em><\/p>\n<p>Solution<\/p>\n<h2>The Walking Desk&nbsp;<\/h2>\n<p style=\"text-align: justify;\">Whether it's for yourself or for your employees, the Walking Desk allows all workers to walk to the office, while they work. ActivUP offers a complete range for all uses and all budgets.<\/p>\n<p><span><img decoding=\"async\" alt=\"\" data-id=\"131\" width=\"400\" data-init-width=\"500\" height=\"400\" data-init-height=\"500\" title=\"Walking-Desk-Wood-Massive-120\" src=\"https:\/\/activup.net\/wp-content\/uploads\/2020\/05\/Walking-Desk-Bois-Massif-120.png\" data-width=\"400\" data-height=\"400\" style=\"\" loading=\"lazy\"><\/span><\/p>\n<h2 style=\"text-align: center; color: var(--tcb-skin-color-2)  !important; --tcb-applied-color:var$(--tcb-skin-color-2)  !important;\">Why walk an extra 30 minutes a day?<\/h2>\n<h2 style=\"\">Sedentary work: harmful to health<\/h2>\n<p style=\"text-align: justify;\">Our ancestors walked 23 kilometers a day to get around and eat. Today, we move less and less. This bad trend has allowed <strong>the development of many chronic diseases<\/strong>Of course, the rise of digital technology is pushing us to do everything sitting down and preventing us from walking as often as we should.<\/p>\n<h2 style=\"text-align: center;\">The advantages of the Walking Desk<\/h2>\n<h2 style=\"text-align: center;\">in relation to the standing desk<\/h2>\n<p><span><img decoding=\"async\" alt=\"\" data-id=\"294\" width=\"60\" data-init-width=\"256\" height=\"60\" data-init-height=\"256\" title=\"weightloss-2622022\" src=\"https:\/\/activup.net\/wp-content\/uploads\/2020\/05\/weightloss-2622022.png\" data-width=\"60\" data-height=\"60\" style=\"\" loading=\"lazy\"><\/span><\/p>\n<h3>Weight loss<\/h3>\n<p style=\"\">While the caloric expenditure of static standing is limited, walking at the office for several hours a day can help you lose weight.&nbsp;<\/p>\n<p><span><img decoding=\"async\" alt=\"\" data-id=\"156\" width=\"60\" data-init-width=\"512\" height=\"60\" data-init-height=\"512\" title=\"immune\" src=\"https:\/\/activup.net\/wp-content\/uploads\/2020\/05\/immune.png\" data-width=\"60\" data-height=\"60\" style=\"\" loading=\"lazy\"><\/span><\/p>\n<h3>More comfortable<\/h3>\n<p>Standing still for a long time is very uncomfortable. Imagine waiting on a train platform or in a queue. You will spontaneously take 100 steps!<\/p>\n<p><span><img decoding=\"async\" alt=\"\" data-id=\"140\" width=\"60\" data-init-width=\"512\" height=\"60\" data-init-height=\"512\" title=\"walk\" src=\"https:\/\/activup.net\/wp-content\/uploads\/2020\/05\/walk.png\" data-width=\"60\" data-height=\"60\" style=\"\" loading=\"lazy\"><\/span><\/p>\n<h3>Better posture<\/h3>\n<p>Prolonged standing is not recommended because the posture of your back tends to become hollow. In addition, this position can generate muscular contractures.<\/p>\n<p><span><img decoding=\"async\" alt=\"\" data-id=\"140\" width=\"60\" data-init-width=\"512\" height=\"60\" data-init-height=\"512\" title=\"walk\" src=\"https:\/\/activup.net\/wp-content\/uploads\/2020\/05\/walk.png\" data-width=\"60\" data-height=\"60\" style=\"\" loading=\"lazy\"><\/span><\/p>\n<h3>Less sick<\/h3>\n<p>Working on your feet without walking has limited effects on your health. Daily walking in the office, on the other hand, helps to strengthen the immune system.<\/p>\n<p><span><img decoding=\"async\" alt=\"\" data-id=\"198\" width=\"298\" data-init-width=\"350\" height=\"656\" data-init-height=\"770\" title=\"Walk-vertical-emma\" loading=\"lazy\" src=\"https:\/\/activup.net\/wp-content\/uploads\/2020\/05\/Marche-vertical-emma.jpg\" data-width=\"298\" data-height=\"656\" style=\"\"><\/span><\/p>\n<h2>The benefits of walking<\/h2>\n<p>Walking to the office allows you to <strong>accumulate all the advantages<\/strong> of walking with the <strong>time saving<\/strong> to be able to do the work and the walk, <strong>at the same time, without thinking about it<\/strong>.<\/p>\n<\/p>\n<ul>\n<li><strong>Reduces stress<\/strong>Walking generates hormones that are effective against stress.<\/li>\n<\/ul>\n<ul>\n<li><strong>Alleviates back pain<\/strong>Putting your body in motion is recommended to treat your low back pain.<\/li>\n<\/ul>\n<ul>\n<li><strong>Restores energy<\/strong>Walking facilitates digestion and gives you the energy you need after lunch.<\/li>\n<\/ul>\n<ul>\n<li><strong>Facilitates sleep<\/strong>Moderate physical activity such as walking helps you fall asleep.<\/li>\n<\/ul>\n<ul>\n<li><strong>Develops creativity<\/strong>\"The only valid ideas are those that come from walking.\" F. Nietschze<\/li>\n<\/ul>\n<h2 style=\"text-align: center;\">Want to discover the solution?&nbsp;<\/h2>\n<h2 style=\"text-align: center;\">&nbsp;ActivUP, the reference for the Walking Desk<\/h2>\n<h3 style=\"text-align: center;\"><span>More than 300 clients<\/span><\/h3>\n<p><span><img decoding=\"async\" alt=\"\" data-id=\"175\" width=\"350\" data-init-width=\"640\" height=\"197\" data-init-height=\"360\" title=\"references-clients-ActivUP-2020-640x360-1\" loading=\"lazy\" src=\"https:\/\/activup.net\/wp-content\/uploads\/2020\/05\/references-clients-ActivUP-2020-640x360-1.jpg\" data-width=\"350\" data-height=\"197\" style=\"\"><\/span><\/p>\n<h3 style=\"text-align: center;\">23 TV appearances<\/h3>\n<p><span><a href=\"https:\/\/activup.net\/en\/presse\/\" data-shortcode-id=\"27\" data-dynamic-link=\"thrive_global_fields_url\"><img decoding=\"async\" alt=\"\" data-id=\"176\" width=\"339\" data-init-width=\"640\" height=\"191\" data-init-height=\"360\" title=\"retombees-presse-640x360-1\" loading=\"lazy\" src=\"https:\/\/activup.net\/wp-content\/uploads\/2020\/05\/retombees-presse-640x360-1.jpg\" data-width=\"339\" data-height=\"191\" data-link-wrap=\"true\"><\/a><\/span><\/p>\n<h3 style=\"text-align: center;\">An award-winning solution<\/h3>\n<p><span><a href=\"https:\/\/activup.net\/en\/distinctions\/\" data-shortcode-id=\"28\" data-dynamic-link=\"thrive_global_fields_url\"><img decoding=\"async\" alt=\"\" data-id=\"174\" width=\"339\" data-init-width=\"640\" height=\"191\" data-init-height=\"360\" title=\"infographie-trophee-640x360\" loading=\"lazy\" src=\"https:\/\/activup.net\/wp-content\/uploads\/2020\/05\/infographie-trophee-640x360-1.jpg\" data-width=\"339\" data-height=\"191\" data-link-wrap=\"true\"><\/a><\/span>       <\/p>\n<p style=\"text-align: center;\">Walking Desks at our customers' sites<\/p>\n<h2 style=\"text-align: center;\">An infinite number of possible layouts<\/h2>\n<p><span><img decoding=\"async\" alt=\"\" data-id=\"266\" width=\"253\" data-init-width=\"900\" height=\"169\" data-init-height=\"600\" title=\"BouyguesNextDoor-5-600pL\" src=\"https:\/\/activup.net\/wp-content\/uploads\/2020\/05\/BouyguesNextDoor-5-600pL.jpg\" data-width=\"253\" data-height=\"169\" style=\"\" loading=\"lazy\"><\/span><span><img decoding=\"async\" alt=\"\" data-id=\"265\" width=\"253\" data-init-width=\"900\" height=\"169\" data-init-height=\"600\" title=\"AllianzRiviera-4336-600pL\" src=\"https:\/\/activup.net\/wp-content\/uploads\/2020\/05\/AllianzRiviera-4336-600pL.jpg\" data-width=\"253\" data-height=\"169\" loading=\"lazy\"><\/span><span><img decoding=\"async\" alt=\"\" data-id=\"264\" width=\"253\" data-init-width=\"900\" height=\"169\" data-init-height=\"600\" title=\"SNCF-WalkingMeetingRoom-0836-600pL\" src=\"https:\/\/activup.net\/wp-content\/uploads\/2020\/05\/SNCF-WalkingMeetingRoom-0836-600pL.jpg\" data-width=\"253\" data-height=\"169\" loading=\"lazy\"><\/span><span><img decoding=\"async\" alt=\"\" data-id=\"263\" width=\"253\" data-init-width=\"900\" height=\"169\" data-init-height=\"600\" title=\"WalkingMeetingRoom-2953-600pL\" src=\"https:\/\/activup.net\/wp-content\/uploads\/2020\/05\/WalkingMeetingRoom-2953-600pL.jpg\" data-width=\"253\" data-height=\"169\" loading=\"lazy\"><\/span><span><img decoding=\"async\" alt=\"\" data-id=\"262\" width=\"253\" data-init-width=\"900\" height=\"169\" data-init-height=\"600\" title=\"LifespanHomeSetting600pL\" src=\"https:\/\/activup.net\/wp-content\/uploads\/2020\/05\/LifespanHomeSetting600pL.jpg\" data-width=\"253\" data-height=\"169\" style=\"\" loading=\"lazy\"><\/span><span><img decoding=\"async\" alt=\"\" data-id=\"261\" width=\"253\" data-init-width=\"900\" height=\"169\" data-init-height=\"600\" title=\"Loreal-WalkingMeetingRoom-3741-600pL\" src=\"https:\/\/activup.net\/wp-content\/uploads\/2020\/05\/Loreal-WalkingMeetingRoom-3741-600pL.jpg\" data-width=\"253\" data-height=\"169\" loading=\"lazy\"><\/span><span><img decoding=\"async\" alt=\"\" data-id=\"260\" width=\"253\" data-init-width=\"900\" height=\"169\" data-init-height=\"600\" title=\"LifespanCubicle600pL\" src=\"https:\/\/activup.net\/wp-content\/uploads\/2020\/05\/LifespanCubicle600pL.jpg\" data-width=\"253\" data-height=\"169\" loading=\"lazy\"><\/span><span><img decoding=\"async\" alt=\"\" data-id=\"259\" width=\"253\" data-init-width=\"900\" height=\"169\" data-init-height=\"600\" title=\"EY-Lifespan-PingPong600pL\" src=\"https:\/\/activup.net\/wp-content\/uploads\/2020\/05\/EY-Lifespan-PingPong600pL.jpg\" data-width=\"253\" data-height=\"169\" loading=\"lazy\"><\/span> <\/p>\n<p style=\"text-align: left;\"><strong>Scientific studies<\/strong><\/p>\n<h2 style=\"text-align: left;\">Popular with scientists<\/h2>\n<p>At the Vichy Medical Congress in January 2019, speakers walk on a Walking Desk ActivUP during their presentation.<\/p>\n<p>Martine Duclos, professor at the University of Clermont-Ferrand, concluded the congress by praising the Walking Desks.<\/p>\n<p style=\"text-align: center;\">Testimonials<\/p>\n<h2 style=\"text-align: center;\">What our happy customers think of us<\/h2>\n<p>Every day, I'm glad I discovered the walking desk. 12km of meetings per day and a hell of a lot of energy! I've already lost 8kg, just by walking.<\/p>\n<h4>Julien Coulon<\/h4>\n<p>General Manager<\/p>\n<p>When you sit on the Walking Desk, the most amazing thing is that you totally forget that you are walking, you are more focused on your work.<\/p>\n<h4>Arnaud V\u00e9rin&nbsp;<\/h4>\n<p>Contractor<\/p>\n<p>I walk at least 2 miles every day on my Walking Desk ActivUP and burn almost 300 calories.<\/p>\n<p>I feel the benefits on my figure.<\/p>\n<h4>Pascale Breton<\/h4>\n<p>Manager<\/p>\n<p>__CONFIG_group_edit__{\"k7g25n3o\":{\"name\": \"All Icon(s)\", \"singular\":\"- Icon %s\"}, \"k7g25s38\u2033:{\"name\": \"All Contact Detail(s)\", \"singular\":\"- Text %s\"}, \"k7g26hhs\":{\"name\": \"All Contact Form Input(s)\", \"singular\": \"- Contact Form Input %s\"}}__CONFIG_group_edit____CONFIG_local_colors__{\" colors \":{\" c4549\u2033: \"Royal Blue\", \"56de9\u2033: \"Alabaster\", \"6957a\": \"Bunker\", \"ae168\u2033: \"Royal Blue\"}, \"gradients\":{}}__CONFIG_local_colors__    <\/p>\n<h2>Contact us<\/h2>\n<p>Would you like to know more and even test the Walking Desk in your company or in our showroom?<\/p>\n<p><span><img decoding=\"async\" alt=\"\" data-id=\"571\" width=\"164\" data-init-width=\"300\" height=\"164\" data-init-height=\"300\" title=\"telemarketing-call-center-transparent-600sq\" loading=\"lazy\" src=\"https:\/\/activup.net\/wp-content\/uploads\/2020\/11\/telemarketing-call-center-transparent-600sq-300x300.png\" data-width=\"164\" data-height=\"164\" style=\"\"><\/span>  <\/p>\n<p><strong>Our showrooms<\/strong> (by appointment only)<\/p>\n<p><strong>Paris 17th<\/strong> 27 rue des Renaudes<\/p>\n<p><strong>Archamps<\/strong> (Haute-Savoie)<\/p>\n<p>Call us at<\/p>\n<p><span data-attr-id=\"3\" data-extra_key=\"1\" data-option-inline=\"1\" data-shortcode=\"thrive_global_fields\" data-shortcode-name=\"[Company] Phone number\">+33 1 85 08 60 18<\/span><\/p>\n<p>[tcb-script charset=\"utf-8\u2033 type=\"text\/javascript\" src= \"\/\/js.hsforms.net\/forms\/shell.js\"][\/tcb-script] [tcb-script] hbspt.forms.create({ portalId: \"3959277\", formId: \"64249f84-222c-4072-9249-8fbc859e8545\" }); [\/tcb-script]  <\/p>","protected":false},"excerpt":{"rendered":"<p>Better than the standing desk 3 positions: sitting, standing, walking The static standing position with a standing desk is very uncomfortable. Your body needs to move. With an ActivUP Walking Desk, you have a desk that allows you to sit, stand and walk. Standing on the Walking Desk On a chair [...]<\/p>","protected":false},"author":4,"featured_media":0,"parent":0,"menu_order":0,"comment_status":"closed","ping_status":"closed","template":"","meta":{"_seopress_robots_primary_cat":"","_seopress_titles_title":"Mieux que le bureau-debout, le Walking Desk -&gt; travailler en marchant","_seopress_titles_desc":"Oui, c&#039;est beaucoup plus confortable de marcher que de rester debout sans bouger. Plus agr\u00e9able mais aussi plus efficace pour la sant\u00e9, le bien-\u00eatre et m\u00eame la productivit\u00e9. Decouvrez les avantages du Walking Desk par rapport au bureau debout.","_seopress_robots_index":"","bwfblock_default_font":"","footnotes":""},"wf_page_folders":[76],"class_list":["post-1026","page","type-page","status-publish","hentry","post-wrapper","thrv_wrapper"],"_links":{"self":[{"href":"https:\/\/activup.net\/en\/wp-json\/wp\/v2\/pages\/1026","targetHints":{"allow":["GET"]}}],"collection":[{"href":"https:\/\/activup.net\/en\/wp-json\/wp\/v2\/pages"}],"about":[{"href":"https:\/\/activup.net\/en\/wp-json\/wp\/v2\/types\/page"}],"author":[{"embeddable":true,"href":"https:\/\/activup.net\/en\/wp-json\/wp\/v2\/users\/4"}],"replies":[{"embeddable":true,"href":"https:\/\/activup.net\/en\/wp-json\/wp\/v2\/comments?post=1026"}],"version-history":[{"count":18,"href":"https:\/\/activup.net\/en\/wp-json\/wp\/v2\/pages\/1026\/revisions"}],"predecessor-version":[{"id":4527,"href":"https:\/\/activup.net\/en\/wp-json\/wp\/v2\/pages\/1026\/revisions\/4527"}],"wp:attachment":[{"href":"https:\/\/activup.net\/en\/wp-json\/wp\/v2\/media?parent=1026"}],"wp:term":[{"taxonomy":"wf_page_folders","embeddable":true,"href":"https:\/\/activup.net\/en\/wp-json\/wp\/v2\/wf_page_folders?post=1026"}],"curies":[{"name":"wp","href":"https:\/\/api.w.org\/{rel}","templated":true}]}}