{"id":1049,"date":"2020-12-31T18:19:46","date_gmt":"2020-12-31T16:19:46","guid":{"rendered":"https:\/\/activupnet.eu2.copilhost.cloud\/?page_id=1049"},"modified":"2022-07-22T14:45:48","modified_gmt":"2022-07-22T12:45:48","slug":"distinctions","status":"publish","type":"page","link":"https:\/\/activup.net\/en\/distinctions\/","title":{"rendered":"Awards and trophies"},"content":{"rendered":"<h1 id=\"t-1596955757025\" style=\"text-align: center;\">Awards and trophies received<\/h1>\n<p style=\"text-align: center;\">The ActivUP solution<\/p>\n<p style=\"text-align: center;\">recognized by its peers<\/p>\n<p style=\"text-align: center;\">In addition to its numerous media and TV coverage, ActivUP has received 2 trophies that sanction its innovative and effective character in the field of health and well-being at work. ActivUP has also been acclaimed by scientists specializing in the fight against sedentary lifestyles and physical inactivity.<\/p>\n<p><span><img decoding=\"async\" alt=\"\" data-id=\"7209\" width=\"338\" data-init-width=\"300\" height=\"338\" data-init-height=\"300\" title=\"Learning Community_Quadri\" loading=\"lazy\" src=\"https:\/\/activup.net\/wp-content\/uploads\/2022\/07\/Collectivite-apprenante_Quadri-300x300.jpg\" data-width=\"338\" data-height=\"338\"><\/span><\/p>\n<h2 style=\"\">Learning Company Label - 2022<\/h2>\n<p style=\"\">ActivUP was awarded the Learning Company Label in 2022.<\/p>\n<p style=\"\">At ActivUP, we have always understood the interest of hiring learners with the aim of helping them acquire know-how and interpersonal skills in a company. And this has been noted by the Annemasse agglomeration.&nbsp;<\/p>\n<p><span><img decoding=\"async\" alt=\"\" data-id=\"6665\" width=\"508\" data-init-width=\"2560\" height=\"381\" data-init-height=\"1920\" title=\"Learning Company Label Ceremony 2022-58\" loading=\"lazy\" src=\"https:\/\/activup.net\/wp-content\/uploads\/2022\/07\/Ceremonie-Label-Entreprise-Apprenante-2022-58-scaled.jpg\" data-width=\"508\" data-height=\"381\"><\/span><span><img decoding=\"async\" alt=\"\" data-id=\"6659\" width=\"508\" data-init-width=\"2560\" height=\"381\" data-init-height=\"1920\" title=\"Learning Company Label Ceremony 2022-65\" loading=\"lazy\" src=\"https:\/\/activup.net\/wp-content\/uploads\/2022\/07\/Ceremonie-Label-Entreprise-Apprenante-2022-65-scaled.jpg\" data-width=\"508\" data-height=\"381\"><\/span><span><img decoding=\"async\" alt=\"\" data-id=\"255\" width=\"339\" data-init-width=\"437\" height=\"339\" data-init-height=\"437\" title=\"trophee-2018-sport-health-logo\" loading=\"lazy\" src=\"https:\/\/activup.net\/wp-content\/uploads\/2020\/05\/trophee-2018-sport-sante-logo.png\" data-width=\"339\" data-height=\"339\"><\/span><\/p>\n<h2 style=\"\">Sport, Health and Wellness Trophy<\/h2>\n<p style=\"\">The eponymous show's Sport-Health trophy was awarded to ActivUP in 2018.<\/p>\n<p style=\"\">The innovative character was noted, as well as the efficiency in the company.<\/p>\n<p><span><img decoding=\"async\" alt=\"\" data-id=\"252\" width=\"508\" data-init-width=\"508\" height=\"331\" data-init-height=\"331\" title=\"trophee-2018-sport-health-photo\" loading=\"lazy\" src=\"https:\/\/activup.net\/wp-content\/uploads\/2020\/05\/trophee-2018-sport-sante-photo.jpg\" data-width=\"508\" data-height=\"331\"><\/span><span><img decoding=\"async\" alt=\"\" data-id=\"215\" width=\"508\" data-init-width=\"508\" height=\"331\" data-init-height=\"331\" title=\"trophee-2018-AllTheGraduates-twitter1-zoom\" loading=\"lazy\" src=\"https:\/\/activup.net\/wp-content\/uploads\/2020\/05\/trophee-2018-TousLesLaureats-twitter1-zoom.jpg\" data-width=\"508\" data-height=\"331\"><\/span><span><img decoding=\"async\" alt=\"\" data-id=\"254\" width=\"323\" data-init-width=\"400\" height=\"323\" data-init-height=\"400\" title=\"trophees-bien-etre-entreprise\" loading=\"lazy\" src=\"https:\/\/activup.net\/wp-content\/uploads\/2020\/05\/trophees-bien-etre-entreprise.png\" data-width=\"323\" data-height=\"323\"><\/span><\/p>\n<h2 style=\"\">Corporate Wellness Trophy<\/h2>\n<p style=\"\">Patrick Poivre d'Arvor awarded in 2016 the trophy for Corporate Wellness for his concrete and effective solution to combat sedentary lifestyles in the office.The ceremony of this 2nd edition of the Troph\u00e9es du bien-\u00eatre took place at the Gait\u00e9 Montparnasse theater on September 26, 2016.<\/p>\n<p><span><img decoding=\"async\" alt=\"\" data-id=\"253\" width=\"508\" data-init-width=\"508\" height=\"331\" data-init-height=\"331\" title=\"trophee_2016_bien_etre_entreprise-photo\" loading=\"lazy\" src=\"https:\/\/activup.net\/wp-content\/uploads\/2020\/05\/trophee_2016_bien_etre_entreprise-photo.jpg\" data-width=\"508\" data-height=\"331\"><\/span><span><img decoding=\"async\" alt=\"\" data-id=\"214\" width=\"508\" data-init-width=\"508\" height=\"331\" data-init-height=\"331\" title=\"2nd Troph\u00e9es du bien etres at the Gait\u00e9 Montparnasse theater on September 26, 2016\" loading=\"lazy\" src=\"https:\/\/activup.net\/wp-content\/uploads\/2020\/05\/trophee-2016-fondaveclogos-508.jpg\" data-width=\"508\" data-height=\"331\" style=\"\"><\/span><\/p>\n<h2 style=\"text-align: center;\">A solution <strong>easy to implement<\/strong><\/h2>\n<h2 style=\"text-align: center;\">A <strong>recognized solution<\/strong> by professionals<\/h2>\n<h2 style=\"text-align: center;\"><strong>Walking is a medicine<\/strong> recognized by who<\/h2>\n<p style=\"text-align: left;\"><strong>Scientific studies<\/strong><\/p>\n<h2 style=\"text-align: left;\">Popular with scientists<\/h2>\n<p>At the Vichy Medical Congress in January 2019, speakers walk on a Walking Desk ActivUP during their presentation.<\/p>\n<p>Martine Duclos, professor at the University of Clermont-Ferrand, concluded the congress by praising the Walking Desks.<\/p>\n<p>__CONFIG_colors_palette__{\"active_palette \":0, \"config \":{\" colors \":{\" 62516 \":{\" name \": \"Main Accent \", \"parent \":-1}}, \"gradients \":[]}, \"palettes\":[{\"name\": \"Default Palette\", \"value\":{\" colors \":{\" 62516 \":{\" val \": \"rgb(76, 168, 71) \", \"hsl \":{\" h \":116, \"s \":0.41, \"l \":0.47}}}, \"gradients \":[]}}]}__CONFIG_colors_palette__ <a href=\"https:\/\/activup.net\/en\/science-etudes-walking-desk\/\" data-shortcode-id=\"34\" data-dynamic-link=\"thrive_global_fields_url\"> <span style=\"\"><span style=\"\">SEE THE SCIENTIFIC STUDIES<\/span><\/span> <\/a>    <\/p>\n<h2 style=\"text-align: center;\"><strong> ActivUP, the reference for the Walking Desk<\/strong><\/h2>\n<h3 style=\"text-align: center;\"><span style=\"\">More than 300 clients<\/span><\/h3>\n<p><span><img decoding=\"async\" alt=\"\" data-id=\"175\" width=\"350\" data-init-width=\"640\" height=\"197\" data-init-height=\"360\" title=\"references-clients-ActivUP-2020-640x360-1\" loading=\"lazy\" src=\"https:\/\/activup.net\/wp-content\/uploads\/2020\/05\/references-clients-ActivUP-2020-640x360-1.jpg\" data-width=\"350\" data-height=\"197\" style=\"\"><\/span><\/p>\n<h3 style=\"text-align: center;\">23 TV appearances<\/h3>\n<p><span><a href=\"https:\/\/activup.net\/en\/presse\/\" data-shortcode-id=\"27\" data-dynamic-link=\"thrive_global_fields_url\"><img decoding=\"async\" alt=\"\" data-id=\"176\" width=\"339\" data-init-width=\"640\" height=\"191\" data-init-height=\"360\" title=\"retombees-presse-640x360-1\" loading=\"lazy\" src=\"https:\/\/activup.net\/wp-content\/uploads\/2020\/05\/retombees-presse-640x360-1.jpg\" data-width=\"339\" data-height=\"191\" data-link-wrap=\"true\"><\/a><\/span><\/p>\n<h3 style=\"text-align: center;\">An award-winning solution<\/h3>\n<p><span><a href=\"https:\/\/activup.net\/en\/distinctions\/\" data-shortcode-id=\"28\" data-dynamic-link=\"thrive_global_fields_url\"><img decoding=\"async\" alt=\"\" data-id=\"174\" width=\"339\" data-init-width=\"640\" height=\"191\" data-init-height=\"360\" title=\"infographie-trophee-640x360\" loading=\"lazy\" src=\"https:\/\/activup.net\/wp-content\/uploads\/2020\/05\/infographie-trophee-640x360-1.jpg\" data-width=\"339\" data-height=\"191\" data-link-wrap=\"true\"><\/a><\/span> __CONFIG_group_edit__{\"k7g25n3o\":{\"name\": \"All Icon(s)\", \"singular\":\"- Icon %s\"}, \"k7g25s38\u2033:{\"name\": \"All Contact Detail(s)\", \"singular\":\"- Text %s\"}, \"k7g26hhs\":{\"name\": \"All Contact Form Input(s)\", \"singular\": \"- Contact Form Input %s\"}}__CONFIG_group_edit____CONFIG_local_colors__{\" colors \":{\" c4549\u2033: \"Royal Blue\", \"56de9\u2033: \"Alabaster\", \"6957a\": \"Bunker\", \"ae168\u2033: \"Royal Blue\"}, \"gradients\":{}}__CONFIG_local_colors__    <\/p>\n<h2>Contact us<\/h2>\n<p>Would you like to know more and even test the Walking Desk in your company or in our showroom?<\/p>\n<p><span><img decoding=\"async\" alt=\"\" data-id=\"571\" width=\"164\" data-init-width=\"300\" height=\"164\" data-init-height=\"300\" title=\"telemarketing-call-center-transparent-600sq\" loading=\"lazy\" src=\"https:\/\/activup.net\/wp-content\/uploads\/2020\/11\/telemarketing-call-center-transparent-600sq-300x300.png\" data-width=\"164\" data-height=\"164\" style=\"\"><\/span>  <\/p>\n<p><strong>Our showrooms<\/strong> (by appointment only)<\/p>\n<p><strong>Paris 17th<\/strong> 27 rue des Renaudes<\/p>\n<p><strong>Archamps<\/strong> (Haute-Savoie)<\/p>\n<p>Call us at<\/p>\n<p><span data-attr-id=\"3\" data-extra_key=\"1\" data-option-inline=\"1\" data-shortcode=\"thrive_global_fields\" data-shortcode-name=\"[Company] Phone number\">+33 1 85 08 60 18<\/span><\/p>\n<p>[tcb-script charset=\"utf-8\u2033 type=\"text\/javascript\" src= \"\/\/js.hsforms.net\/forms\/shell.js\"][\/tcb-script] [tcb-script] hbspt.forms.create({ portalId: \"3959277\", formId: \"64249f84-222c-4072-9249-8fbc859e8545\" }); [\/tcb-script]  <\/p>","protected":false},"excerpt":{"rendered":"<p>Awards and trophies received The ActivUP solution recognized by its peers In addition to its numerous media and TV coverage, ActivUP has received 2 trophies that sanction its innovative and effective character in the field of health and well-being at work. ActivUP has also been acclaimed by scientists specializing in the fight against cancer.<\/p>","protected":false},"author":4,"featured_media":0,"parent":0,"menu_order":0,"comment_status":"closed","ping_status":"closed","template":"","meta":{"_seopress_robots_primary_cat":"","_seopress_titles_title":"Distinctions et troph\u00e9es - le Walking Desk pl\u00e9biscit\u00e9","_seopress_titles_desc":"La solution ActivUP reconnue par ses pairs. ActivUP a re\u00e7u 2 troph\u00e9es qui montrent son caract\u00e8re innovant et efficace dans le domaine de la sant\u00e9 et du bien-\u00eatre au travail. ActivUP est \u00e9galement pl\u00e9biscit\u00e9e par les scientifiques et les m\u00e9dias.","_seopress_robots_index":"","bwfblock_default_font":"","footnotes":""},"wf_page_folders":[73],"class_list":["post-1049","page","type-page","status-publish","hentry","post-wrapper","thrv_wrapper"],"_links":{"self":[{"href":"https:\/\/activup.net\/en\/wp-json\/wp\/v2\/pages\/1049","targetHints":{"allow":["GET"]}}],"collection":[{"href":"https:\/\/activup.net\/en\/wp-json\/wp\/v2\/pages"}],"about":[{"href":"https:\/\/activup.net\/en\/wp-json\/wp\/v2\/types\/page"}],"author":[{"embeddable":true,"href":"https:\/\/activup.net\/en\/wp-json\/wp\/v2\/users\/4"}],"replies":[{"embeddable":true,"href":"https:\/\/activup.net\/en\/wp-json\/wp\/v2\/comments?post=1049"}],"version-history":[{"count":21,"href":"https:\/\/activup.net\/en\/wp-json\/wp\/v2\/pages\/1049\/revisions"}],"predecessor-version":[{"id":7212,"href":"https:\/\/activup.net\/en\/wp-json\/wp\/v2\/pages\/1049\/revisions\/7212"}],"wp:attachment":[{"href":"https:\/\/activup.net\/en\/wp-json\/wp\/v2\/media?parent=1049"}],"wp:term":[{"taxonomy":"wf_page_folders","embeddable":true,"href":"https:\/\/activup.net\/en\/wp-json\/wp\/v2\/wf_page_folders?post=1049"}],"curies":[{"name":"wp","href":"https:\/\/api.w.org\/{rel}","templated":true}]}}