{"id":1083,"date":"2021-01-01T15:50:25","date_gmt":"2021-01-01T13:50:25","guid":{"rendered":"https:\/\/activupnet.eu2.copilhost.cloud\/?page_id=1083"},"modified":"2022-07-20T17:47:39","modified_gmt":"2022-07-20T15:47:39","slug":"faq","status":"publish","type":"page","link":"https:\/\/activup.net\/en\/faq\/","title":{"rendered":"Frequently asked questions"},"content":{"rendered":"<h1 style=\"text-align: center;\">Frequently asked questions<\/h1>\n<p style=\"text-align: center;\">Answer to your questions<\/p>\n<p style=\"text-align: center;\">on the Walking Desk<\/p>\n<p style=\"text-align: center;\">Since you're interested in our Walking Desk and active work solutions, you're an early adopter. Here are the answers to the questions you're probably wondering about.<\/p>\n<p style=\"text-align: center;\">Do not hesitate to contact us for more details.<\/p>\n<p>Easy to use and efficient solution<\/p>\n<h2>Using the Walking Desk<\/h2>\n<p>You really want a Walking Desk but you wonder if it is right for you?<\/p>\n<p>Solution adapted to all<\/p>\n<h2>Recommendations for use<\/h2>\n<p>How will you be able to use your Walking Desk?<\/p>\n<p>Results at all levels<\/p>\n<h2>Benefits of the Walking Desk<\/h2>\n<p>You really want a Walking Desk but you wonder how to use it?<\/p>\n<p>Logistics and technical assistance<\/p>\n<h2>Delivery and installation<\/h2>\n<p>Whether you are an individual or a company, we offer a delivery service by carrier, and optional installation.<\/p>\n<p>Ecommerce<\/p>\n<h2>Buy online<\/h2>\n<p>We allow the purchase at distance on our site and after having exchanged by phone or email with a consultant.<\/p>\n<h2 style=\"text-align: center;\">Walking to the office on a <strong>Walking Desk ActivUP<\/strong> is the <strong>best solution<\/strong> for <strong>your health and well-being<\/strong> at the office, while you work, <strong>without devoting a dedicated time to it<\/strong><\/h2>\n<p>__CONFIG_group_edit__{\"k7g25n3o\":{\"name\": \"All Icon(s)\", \"singular\":\"- Icon %s\"}, \"k7g25s38\u2033:{\"name\": \"All Contact Detail(s)\", \"singular\":\"- Text %s\"}, \"k7g26hhs\":{\"name\": \"All Contact Form Input(s)\", \"singular\": \"- Contact Form Input %s\"}}__CONFIG_group_edit____CONFIG_local_colors__{\" colors \":{\" c4549\u2033: \"Royal Blue\", \"56de9\u2033: \"Alabaster\", \"6957a\": \"Bunker\", \"ae168\u2033: \"Royal Blue\"}, \"gradients\":{}}__CONFIG_local_colors__    <\/p>\n<h2>Contact us<\/h2>\n<p>Would you like to know more and even test the Walking Desk in your company or in our showroom?<\/p>\n<p><span><img decoding=\"async\" alt=\"\" data-id=\"571\" width=\"164\" data-init-width=\"300\" height=\"164\" data-init-height=\"300\" title=\"telemarketing-call-center-transparent-600sq\" loading=\"lazy\" src=\"https:\/\/activup.net\/wp-content\/uploads\/2020\/11\/telemarketing-call-center-transparent-600sq-300x300.png\" data-width=\"164\" data-height=\"164\" style=\"\"><\/span>  <\/p>\n<p><strong>Our showrooms<\/strong> (by appointment only)<\/p>\n<p><strong>Paris 17th<\/strong> 27 rue des Renaudes<\/p>\n<p><strong>Archamps<\/strong> (Haute-Savoie)<\/p>\n<p>Call us at<\/p>\n<p><span data-attr-id=\"3\" data-extra_key=\"1\" data-option-inline=\"1\" data-shortcode=\"thrive_global_fields\" data-shortcode-name=\"[Company] Phone number\">+33 1 85 08 60 18<\/span><\/p>\n<p>[tcb-script charset=\"utf-8\u2033 type=\"text\/javascript\" src= \"\/\/js.hsforms.net\/forms\/shell.js\"][\/tcb-script] [tcb-script] hbspt.forms.create({ portalId: \"3959277\", formId: \"64249f84-222c-4072-9249-8fbc859e8545\" }); [\/tcb-script]  <\/p>","protected":false},"excerpt":{"rendered":"<p>Frequently Asked Questions Answering your questions about the Walking Desk Since you are interested in our Walking Desk and active work solutions, you are a trendsetter. Here are the answers to the questions you're probably wondering about. Do not hesitate to contact us for more details. Easy to use and efficient solution Use of the Walking Desk [...]<\/p>","protected":false},"author":4,"featured_media":0,"parent":0,"menu_order":0,"comment_status":"closed","ping_status":"closed","template":"","meta":{"_seopress_robots_primary_cat":"","_seopress_titles_title":"Questions fr\u00e9quentes sur le Walking Desk","_seopress_titles_desc":"Le Walking Desks ActivUP est une solution innovante. Nous r\u00e9pondons ici aux questions l\u00e9gitimes sur son usage et ses b\u00e9n\u00e9fices.","_seopress_robots_index":"","bwfblock_default_font":"","footnotes":""},"wf_page_folders":[73],"class_list":["post-1083","page","type-page","status-publish","hentry","post-wrapper","thrv_wrapper"],"_links":{"self":[{"href":"https:\/\/activup.net\/en\/wp-json\/wp\/v2\/pages\/1083","targetHints":{"allow":["GET"]}}],"collection":[{"href":"https:\/\/activup.net\/en\/wp-json\/wp\/v2\/pages"}],"about":[{"href":"https:\/\/activup.net\/en\/wp-json\/wp\/v2\/types\/page"}],"author":[{"embeddable":true,"href":"https:\/\/activup.net\/en\/wp-json\/wp\/v2\/users\/4"}],"replies":[{"embeddable":true,"href":"https:\/\/activup.net\/en\/wp-json\/wp\/v2\/comments?post=1083"}],"version-history":[{"count":10,"href":"https:\/\/activup.net\/en\/wp-json\/wp\/v2\/pages\/1083\/revisions"}],"predecessor-version":[{"id":7162,"href":"https:\/\/activup.net\/en\/wp-json\/wp\/v2\/pages\/1083\/revisions\/7162"}],"wp:attachment":[{"href":"https:\/\/activup.net\/en\/wp-json\/wp\/v2\/media?parent=1083"}],"wp:term":[{"taxonomy":"wf_page_folders","embeddable":true,"href":"https:\/\/activup.net\/en\/wp-json\/wp\/v2\/wf_page_folders?post=1083"}],"curies":[{"name":"wp","href":"https:\/\/api.w.org\/{rel}","templated":true}]}}