{"id":11263,"date":"2023-03-05T22:25:02","date_gmt":"2023-03-05T20:25:02","guid":{"rendered":"https:\/\/activupnet.eu2.copilhost.cloud\/?page_id=11263"},"modified":"2023-03-05T23:48:24","modified_gmt":"2023-03-05T21:48:24","slug":"pdval","status":"publish","type":"page","link":"https:\/\/activup.net\/en\/lp\/maigrir-bureau-dirigeants\/pdval\/","title":{"rendered":"Validation-Guide \u00abMaigrir en travaillant\u00bb"},"content":{"rendered":"<p style=\"text-align: left;\">You too can lose weight, without dieting or exercising, by teleworking<\/p>\n<h2><strong>Thank you for your request for a guide to \" Lose weight while working \", special for managers<\/strong><\/h2>\n<h2 style=\"\">Pour le t\u00e9l\u00e9charger, vous n&rsquo;avez plus qu&rsquo;\u00e0 cliquer dans le lien qui vous a \u00e9t\u00e9 envoy\u00e9 \u00e0 l&#8217;email&nbsp;<strong><span style=\"text-decoration: underline;\"><span data-attr-default=\"\" data-attr-id=\"get\" data-attr-var_name=\"votre_email\" data-extra_key=\"get\" data-option-inline=\"1\" data-shortcode=\"thrv_dynamic_data_request\" data-shortcode-name=\"URL QueryString\"><\/span><\/span><\/strong><\/h2>\n<p><span><img decoding=\"async\" alt=\"\" data-id=\"133\" width=\"200\" data-init-width=\"291\" height=\"275\" data-init-height=\"400\" title=\"Guide-WeightLoss-Directors.90822-cover3D-400\" src=\"https:\/\/activup.net\/wp-content\/uploads\/2020\/05\/Guide-PerteSurpoids-Dirgeants.90822-cover3D-400.png\" data-width=\"200\" data-height=\"275\" style=\"\" loading=\"lazy\"><\/span><\/p>\n<p style=\"text-align: left;\">le lien vers l&rsquo;ebook vous a \u00e9t\u00e9 envoy\u00e9 par email<\/p>\n<h2>Si vous n&rsquo;avez pas re\u00e7u notre email<\/h2>\n<p>Wait a few minutes, and eventually check your spam.<\/p>\n<\/p>\n<p>Si dans les 10 minutes qui viennent, vous ne l&rsquo;avez pas re\u00e7u, c&rsquo;est peut-\u00eatre une erreur de frappe sur votre email. Dans ce cas, veuillez recommencer en retournant \u00e0 la page pr\u00e9c\u00e9dente.&nbsp;<\/p>\n<\/p>\n<p>You can also contact us below.<\/p>\n<p>__CONFIG_group_edit__{\"k7g25n3o\":{\"name\": \"All Icon(s)\", \"singular\":\"- Icon %s\"}, \"k7g25s38\u2033:{\"name\": \"All Contact Detail(s)\", \"singular\":\"- Text %s\"}, \"k7g26hhs\":{\"name\": \"All Contact Form Input(s)\", \"singular\": \"- Contact Form Input %s\"}}__CONFIG_group_edit____CONFIG_local_colors__{\" colors \":{\" c4549\u2033: \"Royal Blue\", \"56de9\u2033: \"Alabaster\", \"6957a\": \"Bunker\", \"ae168\u2033: \"Royal Blue\"}, \"gradients\":{}}__CONFIG_local_colors__    <\/p>\n<h2>Contact us<\/h2>\n<p>Would you like to know more and even test the Walking Desk in your company or in our showroom?<\/p>\n<p><span><img decoding=\"async\" alt=\"\" data-id=\"571\" width=\"164\" data-init-width=\"300\" height=\"164\" data-init-height=\"300\" title=\"telemarketing-call-center-transparent-600sq\" loading=\"lazy\" src=\"https:\/\/activup.net\/wp-content\/uploads\/2020\/11\/telemarketing-call-center-transparent-600sq-300x300.png\" data-width=\"164\" data-height=\"164\" style=\"\"><\/span>  <\/p>\n<p><strong>Our showrooms<\/strong> (by appointment only)<\/p>\n<p><strong>Paris 17th<\/strong> 27 rue des Renaudes<\/p>\n<p><strong>Archamps<\/strong> (Haute-Savoie)<\/p>\n<p>Call us at<\/p>\n<p><span data-attr-id=\"3\" data-extra_key=\"1\" data-option-inline=\"1\" data-shortcode=\"thrive_global_fields\" data-shortcode-name=\"[Company] Phone number\">+33 1 85 08 60 18<\/span><\/p>\n<p>[tcb-script charset=\"utf-8\u2033 type=\"text\/javascript\" src= \"\/\/js.hsforms.net\/forms\/shell.js\"][\/tcb-script] [tcb-script] hbspt.forms.create({ portalId: \"3959277\", formId: \"64249f84-222c-4072-9249-8fbc859e8545\" }); [\/tcb-script]  <\/p>","protected":false},"excerpt":{"rendered":"<p>Vous aussi, vous pouvez maigrir, sans r\u00e9gime ni sport, en t\u00e9l\u00e9travail Merci pour votre demande de guide \u00ab Maigrir en travaillant \u00bb, sp\u00e9cial Dirigeants Pour le t\u00e9l\u00e9charger, vous n&rsquo;avez plus qu&rsquo;\u00e0 cliquer dans le lien qui vous a \u00e9t\u00e9 envoy\u00e9 \u00e0 l&#8217;email&nbsp; le lien vers l&rsquo;ebook vous a \u00e9t\u00e9 envoy\u00e9 par email Si vous n&rsquo;avez [&hellip;]<\/p>","protected":false},"author":4,"featured_media":0,"parent":11032,"menu_order":0,"comment_status":"closed","ping_status":"closed","template":"","meta":{"_seopress_robots_primary_cat":"","_seopress_titles_title":"Guide \u00abMaigrir en travaillant\u00bb - Validation de la demande","_seopress_titles_desc":"","_seopress_robots_index":"yes","bwfblock_default_font":"","footnotes":""},"wf_page_folders":[56],"class_list":["post-11263","page","type-page","status-publish","hentry","post-wrapper","thrv_wrapper"],"_links":{"self":[{"href":"https:\/\/activup.net\/en\/wp-json\/wp\/v2\/pages\/11263","targetHints":{"allow":["GET"]}}],"collection":[{"href":"https:\/\/activup.net\/en\/wp-json\/wp\/v2\/pages"}],"about":[{"href":"https:\/\/activup.net\/en\/wp-json\/wp\/v2\/types\/page"}],"author":[{"embeddable":true,"href":"https:\/\/activup.net\/en\/wp-json\/wp\/v2\/users\/4"}],"replies":[{"embeddable":true,"href":"https:\/\/activup.net\/en\/wp-json\/wp\/v2\/comments?post=11263"}],"version-history":[{"count":4,"href":"https:\/\/activup.net\/en\/wp-json\/wp\/v2\/pages\/11263\/revisions"}],"predecessor-version":[{"id":11276,"href":"https:\/\/activup.net\/en\/wp-json\/wp\/v2\/pages\/11263\/revisions\/11276"}],"up":[{"embeddable":true,"href":"https:\/\/activup.net\/en\/wp-json\/wp\/v2\/pages\/11032"}],"wp:attachment":[{"href":"https:\/\/activup.net\/en\/wp-json\/wp\/v2\/media?parent=11263"}],"wp:term":[{"taxonomy":"wf_page_folders","embeddable":true,"href":"https:\/\/activup.net\/en\/wp-json\/wp\/v2\/wf_page_folders?post=11263"}],"curies":[{"name":"wp","href":"https:\/\/api.w.org\/{rel}","templated":true}]}}