{"id":11265,"date":"2023-03-05T22:28:54","date_gmt":"2023-03-05T20:28:54","guid":{"rendered":"https:\/\/activupnet.eu2.copilhost.cloud\/?page_id=11265"},"modified":"2023-03-05T22:30:14","modified_gmt":"2023-03-05T20:30:14","slug":"pdconf","status":"publish","type":"page","link":"https:\/\/activup.net\/en\/lp\/maigrir-bureau-dirigeants\/pdconf\/","title":{"rendered":"Confirmation-Guide \u201cMaigrir en travaillant\u201d"},"content":{"rendered":"<p>Vous aussi, vous pouvez maigrir en t\u00e9l\u00e9travail, rien qu&rsquo;en marchant \u00e0 votre bureau !<\/p>\n<p style=\"text-align: left;\">Thank you for your request<\/p>\n<h2 style=\"text-align: left;\">\"Well done! And welcome to the community of walking workers\".<\/h2>\n<p><span><img decoding=\"async\" alt=\"\" data-id=\"133\" width=\"250\" data-init-width=\"291\" height=\"344\" data-init-height=\"400\" title=\"Guide-WeightLoss-Directors.90822-cover3D-400\" src=\"https:\/\/activup.net\/wp-content\/uploads\/2020\/05\/Guide-PerteSurpoids-Dirgeants.90822-cover3D-400.png\" data-width=\"250\" data-height=\"344\" style=\"\" loading=\"lazy\"><\/span><\/p>\n<h2 style=\"text-align: center;\">Then, scroll down below to access your bonuses<\/h2>\n<h3 style=\"text-align: center;\"><strong>A WALKING DESK SOON IN YOUR HOME?<\/strong><\/h3>\n<p><span><img decoding=\"async\" alt=\"\" data-id=\"1461\" width=\"529\" data-init-width=\"1000\" height=\"529\" data-init-height=\"1000\" title=\"MyDesk-BM120-vue2-1000\" loading=\"lazy\" src=\"https:\/\/activup.net\/wp-content\/uploads\/2021\/12\/MyDesk-BM120-vue2-1000-1-1.jpg\" data-width=\"529\" data-height=\"529\"><\/span><span><img decoding=\"async\" alt=\"\" data-id=\"1465\" width=\"529\" data-init-width=\"1000\" height=\"529\" data-init-height=\"1000\" title=\"Easywalk-090ARR-haut-iso-1000\" loading=\"lazy\" src=\"https:\/\/activup.net\/wp-content\/uploads\/2021\/12\/Easywalk-090ARR-haut-iso-1000.jpg\" data-width=\"529\" data-height=\"529\" style=\"\"><\/span><\/p>\n<h2 style=\"text-align: center;\">To go further<\/h2>\n<h5>1. Regardez la conf\u00e9rence \u00ab\u00a0ces petits kilos en trop\u00a0\u00bb<\/h5>\n<p style=\"text-align: justify;\">The conference discusses the role of our DNA and the good habits of our hunter-gatherer ancestors that we can adopt in modern life, without depriving ourselves.<\/p>\n<h5>2. Book your 30 minutes of free coaching<\/h5>\n<p style=\"text-align: justify;\">Each case is different. That's why, <strong>for a limited time<\/strong>we offer you a free coaching session.<\/p>\n<p style=\"text-align: justify;\">The opportunity to advise and motivate you.<\/p>\n<p>Notre solution est tellement nouvelle et inhabituelle que vous avez certainement de tr\u00e8s nombreuses questions.Comment cette m\u00e9thode r\u00e9volutionnaire peut-elle s&rsquo;appliquer \u00e0 votre cas particulier ?De quoi avez-vous besoin pour d\u00e9marrer ? Comment perdurer et r\u00e9ussir ? Comment s&rsquo;entourer et \u00eatre soutenu ?C&rsquo;est ce que nous verrons ensemble !<\/p>\n<h2>Contact us<\/h2>\n<p>Would you like to know more and even test the Walking Desk in your company or in our showroom?<\/p>\n<p><span><img decoding=\"async\" alt=\"\" data-id=\"571\" width=\"164\" data-init-width=\"300\" height=\"164\" data-init-height=\"300\" title=\"telemarketing-call-center-transparent-600sq\" loading=\"lazy\" src=\"https:\/\/activup.net\/wp-content\/uploads\/2021\/12\/telemarketing-call-center-transparent-600sq-300x300-1.png\" data-width=\"164\" data-height=\"164\" style=\"\"><\/span><\/p>\n<p><strong>Our showrooms<\/strong> (by appointment only)<\/p>\n<p><strong>Paris 17th<\/strong> 27 rue des Renaudes<\/p>\n<p><strong>Archamps<\/strong> (Haute-Savoie)<\/p>\n<p>Call us at<\/p>\n<p><span data-attr-id=\"3\" data-extra_key=\"1\" data-option-inline=\"1\" data-shortcode=\"thrive_global_fields\" data-shortcode-name=\"[Company] Phone number\">+33 1 85 08 60 18<\/span><\/p>\n<p>[tcb-script charset=\"utf-8\u2033 type=\"text\/javascript\" src= \"\/\/js.hsforms.net\/forms\/shell.js\"][\/tcb-script] [tcb-script] hbspt.forms.create({ portalId: \"3959277\", formId: \"64249f84-222c-4072-9249-8fbc859e8545\" }); [\/tcb-script]<\/p>","protected":false},"excerpt":{"rendered":"<p>Vous aussi, vous pouvez maigrir en t\u00e9l\u00e9travail, rien qu&rsquo;en marchant \u00e0 votre bureau ! Merci pour votre demande \u00ab Bravo ! Et bienvenue dans la communaut\u00e9 des travailleurs marcheurs \u00bb Puis, d\u00e9filez la page ci-dessous pour acc\u00e9der \u00e0 vos bonus UN WALKING DESK BIENT\u00d4T CHEZ VOUS ? Pour aller plus loin 1. Regardez la conf\u00e9rence [&hellip;]<\/p>","protected":false},"author":4,"featured_media":0,"parent":11032,"menu_order":0,"comment_status":"closed","ping_status":"closed","template":"","meta":{"_seopress_robots_primary_cat":"","_seopress_titles_title":"Votre guide \u00ab Maigrir en travaillant\u00a0\u00bb - Sp\u00e9cial Dirigeants - T\u00e9l\u00e9chargement","_seopress_titles_desc":"","_seopress_robots_index":"yes","bwfblock_default_font":"","footnotes":""},"wf_page_folders":[56],"class_list":["post-11265","page","type-page","status-publish","hentry","post-wrapper","thrv_wrapper"],"_links":{"self":[{"href":"https:\/\/activup.net\/en\/wp-json\/wp\/v2\/pages\/11265","targetHints":{"allow":["GET"]}}],"collection":[{"href":"https:\/\/activup.net\/en\/wp-json\/wp\/v2\/pages"}],"about":[{"href":"https:\/\/activup.net\/en\/wp-json\/wp\/v2\/types\/page"}],"author":[{"embeddable":true,"href":"https:\/\/activup.net\/en\/wp-json\/wp\/v2\/users\/4"}],"replies":[{"embeddable":true,"href":"https:\/\/activup.net\/en\/wp-json\/wp\/v2\/comments?post=11265"}],"version-history":[{"count":2,"href":"https:\/\/activup.net\/en\/wp-json\/wp\/v2\/pages\/11265\/revisions"}],"predecessor-version":[{"id":11268,"href":"https:\/\/activup.net\/en\/wp-json\/wp\/v2\/pages\/11265\/revisions\/11268"}],"up":[{"embeddable":true,"href":"https:\/\/activup.net\/en\/wp-json\/wp\/v2\/pages\/11032"}],"wp:attachment":[{"href":"https:\/\/activup.net\/en\/wp-json\/wp\/v2\/media?parent=11265"}],"wp:term":[{"taxonomy":"wf_page_folders","embeddable":true,"href":"https:\/\/activup.net\/en\/wp-json\/wp\/v2\/wf_page_folders?post=11265"}],"curies":[{"name":"wp","href":"https:\/\/api.w.org\/{rel}","templated":true}]}}