{"id":1244,"date":"2021-03-08T11:50:34","date_gmt":"2021-03-08T09:50:34","guid":{"rendered":"https:\/\/activupnet.eu2.copilhost.cloud\/fr\/clone-of-marcher-pour-soigner-les-maladies-chroniques\/"},"modified":"2024-05-04T02:33:14","modified_gmt":"2024-05-04T00:33:14","slug":"qvt-qualite-vie-travail-walking-desk","status":"publish","type":"page","link":"https:\/\/activup.net\/en\/qvt-qualite-vie-travail-walking-desk\/","title":{"rendered":"Quality of Life at Work (QWL) through physical activity at the office on Walking Desk"},"content":{"rendered":"<h1 id=\"t-1596955757025\" style=\"text-align: center;\">Quality of life at work<\/h1>\n<p style=\"text-align: center;\">Boosting QWL and productivity by walking in the office<\/p>\n<p style=\"text-align: center;\">Physical activity in the office improves well-being and reduces absenteeism. You feel better and you work better.<\/p>\n<p id=\"t-1596955757026\" style=\"text-align: left; color: var(--tcb-skin-color-2)  !important; --tcb-applied-color:var$(--tcb-skin-color-2)  !important;\">The Walking Desk is a <strong>office equipped with a treadmill<\/strong>which allows you to work while walking. <strong><span style=\"text-decoration: underline;\">Watch the video above to understand<\/span><\/strong> the benefits that walking in the office can bring to your company. And how to convince your colleagues.<\/p>\n<h2>What happens if your teams don't work anymore?<\/h2>\n<p><span><img decoding=\"async\" alt=\"\" data-id=\"294\" width=\"60\" data-init-width=\"256\" height=\"60\" data-init-height=\"256\" title=\"weightloss-2622022\" src=\"https:\/\/activup.net\/wp-content\/uploads\/2020\/05\/weightloss-2622022.png\" data-width=\"60\" data-height=\"60\" style=\"aspect-ratio: auto 256 \/ 256;\" loading=\"lazy\"><\/span><\/p>\n<h3 id=\"t-1596955757027\" style=\"text-align: center;\">Weight loss<\/h3>\n<p><span><img decoding=\"async\" alt=\"\" data-id=\"144\" width=\"60\" data-init-width=\"512\" height=\"60\" data-init-height=\"512\" title=\"yoga-512\" src=\"https:\/\/activup.net\/wp-content\/uploads\/2020\/05\/yoga-512.png\" data-width=\"60\" data-height=\"60\" style=\"aspect-ratio: auto 512 \/ 512;\" loading=\"lazy\"><\/span><\/p>\n<h3 id=\"t-1596955757028\" style=\"text-align: center;\">Less stress<\/h3>\n<p><span><img decoding=\"async\" alt=\"\" data-id=\"141\" width=\"60\" data-init-width=\"512\" height=\"60\" data-init-height=\"512\" title=\"back-pain-1683154\" src=\"https:\/\/activup.net\/wp-content\/uploads\/2020\/05\/back-pain-1683154.png\" data-width=\"60\" data-height=\"60\" style=\"aspect-ratio: auto 512 \/ 512;\" loading=\"lazy\"><\/span><\/p>\n<h3 id=\"t-1596955757029\" style=\"text-align: center;\">No more back pain<\/h3>\n<p><span><img decoding=\"async\" alt=\"\" data-id=\"149\" width=\"60\" data-init-width=\"150\" height=\"60\" data-init-height=\"150\" title=\"superhero-150x150\" src=\"https:\/\/activup.net\/wp-content\/uploads\/2020\/05\/superhero-150x150-1.png\" data-width=\"60\" data-height=\"60\" style=\"aspect-ratio: auto 150 \/ 150;\" loading=\"lazy\"><\/span><\/p>\n<h3 id=\"t-1596955757027\" style=\"text-align: center;\">Always in shape<\/h3>\n<p><span><img decoding=\"async\" alt=\"\" data-id=\"147\" width=\"60\" data-init-width=\"128\" height=\"60\" data-init-height=\"128\" title=\"time-256\" src=\"https:\/\/activup.net\/wp-content\/uploads\/2020\/05\/time-256.png\" data-width=\"60\" data-height=\"60\" style=\"aspect-ratio: auto 128 \/ 128;\" loading=\"lazy\"><\/span><\/p>\n<h3 id=\"t-1596955757028\" style=\"text-align: center;\">More creative<\/h3>\n<h3 id=\"t-1596955757029\" style=\"text-align: center;\">Other benefits: Less sickness <\/h3>\n<h3 style=\"text-align: center;\">Living longer<\/h3>\n<p>Obesity<\/p>\n<h2>Your employees will lose weight<\/h2>\n<p>41% of employees are overweight: Walking doubles energy expenditure and restores the taste for physical activity.<\/p>\n<p>\"The way others look at it will change\".<\/p>\n<p><span><img decoding=\"async\" alt=\"\" data-id=\"209\" width=\"400\" data-init-width=\"600\" height=\"300\" data-init-height=\"450\" title=\"scale-connected-h\" src=\"https:\/\/activup.net\/wp-content\/uploads\/2020\/05\/balance-connectee-h.jpg\" data-width=\"400\" data-height=\"300\" style=\"aspect-ratio: auto 600 \/ 450;\" loading=\"lazy\"><\/span><\/p>\n<p>Stress<\/p>\n<h2>They will be less sensitive to stress<\/h2>\n<p><span><img decoding=\"async\" alt=\"\" data-id=\"1250\" width=\"400\" data-init-width=\"600\" height=\"300\" data-init-height=\"450\" title=\"less-stress-600x450\" src=\"https:\/\/activup.net\/wp-content\/uploads\/2021\/03\/less-stress-600x450-1.jpg\" data-width=\"400\" data-height=\"300\" style=\"aspect-ratio: auto 600 \/ 450;\" loading=\"lazy\"><\/span><\/p>\n<p style=\"text-align: justify;\">58% of employees are stressed: Walking increases the secretion of endorphins, the happiness hormone, by five times.<\/p>\n<p>\"Walking will relieve their stress.\"<\/p>\n<p>Back pain<\/p>\n<h2>Your colleagues will have less back pain<\/h2>\n<p style=\"text-align: justify;\"><span style=\"text-decoration: underline;\">42% of employees have back pain<\/span> Walking improves posture and strengthens the back. In fact, health insurance recommends walking.<\/p>\n<p>\"Their backs will curse their chairs\"<\/p>\n<p><span><img decoding=\"async\" alt=\"\" data-id=\"204\" width=\"400\" data-init-width=\"600\" height=\"300\" data-init-height=\"450\" title=\"back-spring-multicolor\" src=\"https:\/\/activup.net\/wp-content\/uploads\/2020\/05\/dos-ressort-multicolore.jpg\" data-width=\"400\" data-height=\"300\" style=\"aspect-ratio: auto 600 \/ 450;\" loading=\"lazy\"><\/span><\/p>\n<p>In better shape and more present<\/p>\n<h2>You will increase the productivity of the team<\/h2>\n<p><span><img decoding=\"async\" alt=\"\" data-id=\"1249\" width=\"400\" data-init-width=\"600\" height=\"300\" data-init-height=\"450\" title=\"productivity-drawing-600x450\" src=\"https:\/\/activup.net\/wp-content\/uploads\/2021\/03\/productivity-drawing-600x450-1.jpg\" data-width=\"400\" data-height=\"300\" style=\"aspect-ratio: auto 600 \/ 450;\" loading=\"lazy\"><\/span><\/p>\n<p style=\"text-align: justify;\">They will save time and be less sick: Light physical activity at the office allows them to save time normally dedicated to sport. Active people are much less sick. According to a study by the Olympic Committee, walking saves 3 weeks of productivity per year (6% of productivity on average)<\/p>\n<p>\"They will always be fit and available\"<\/p>\n<p>Performance<\/p>\n<h2>You will improve your business performance<\/h2>\n<p style=\"text-align: justify;\">Physical activity boosts cognitive abilities: Creativity and memory increase thanks to walking. The extra energy will keep your teams focused longer.<\/p>\n<p>\"You will be surprised by your new creativity\".<\/p>\n<p><span><img decoding=\"async\" alt=\"\" data-id=\"1251\" width=\"400\" data-init-width=\"600\" height=\"300\" data-init-height=\"450\" title=\"business-performance-whitebg-600x450\" src=\"https:\/\/activup.net\/wp-content\/uploads\/2021\/03\/business-performance-whitebg-600x450-1.jpg\" data-width=\"400\" data-height=\"300\" loading=\"lazy\" style=\"aspect-ratio: auto 600 \/ 450;\"><\/span><\/p>\n<p>Longevity<\/p>\n<h2>Your employees will gain 3 to 9 years of life expectancy<\/h2>\n<p><span><img decoding=\"async\" alt=\"\" data-id=\"1248\" width=\"400\" data-init-width=\"600\" height=\"300\" data-init-height=\"450\" title=\"longevity-diet-600x450\" src=\"https:\/\/activup.net\/wp-content\/uploads\/2021\/03\/longevity-diet-600x450-1.jpg\" data-width=\"400\" data-height=\"300\" style=\"aspect-ratio: auto 600 \/ 450;\" loading=\"lazy\"><\/span><\/p>\n<p>Moving slows down natural aging: People who engage in daily physical activity can gain up to 9 years of life expectancy, and it reduces the risk of cardiovascular disease, diabetes and cancer by 40%.<\/p>\n<p>\"How would you like to give your employees nine more years of life?\"<\/p>\n<h2 style=\"text-align: center;\"><strong> ActivUP, the reference for the Walking Desk<\/strong><\/h2>\n<h3 style=\"text-align: center;\"><span style=\"\">More than 300 clients<\/span><\/h3>\n<p><span><img decoding=\"async\" alt=\"\" data-id=\"175\" width=\"350\" data-init-width=\"640\" height=\"197\" data-init-height=\"360\" title=\"references-clients-ActivUP-2020-640x360-1\" loading=\"lazy\" src=\"https:\/\/activup.net\/wp-content\/uploads\/2020\/05\/references-clients-ActivUP-2020-640x360-1.jpg\" data-width=\"350\" data-height=\"197\" style=\"\"><\/span><\/p>\n<h3 style=\"text-align: center;\">23 TV appearances<\/h3>\n<p><span><a href=\"https:\/\/activup.net\/en\/presse\/\" data-shortcode-id=\"27\" data-dynamic-link=\"thrive_global_fields_url\"><img decoding=\"async\" alt=\"\" data-id=\"176\" width=\"339\" data-init-width=\"640\" height=\"191\" data-init-height=\"360\" title=\"retombees-presse-640x360-1\" loading=\"lazy\" src=\"https:\/\/activup.net\/wp-content\/uploads\/2020\/05\/retombees-presse-640x360-1.jpg\" data-width=\"339\" data-height=\"191\" data-link-wrap=\"true\"><\/a><\/span><\/p>\n<h3 style=\"text-align: center;\">An award-winning solution<\/h3>\n<p><span><a href=\"https:\/\/activup.net\/en\/distinctions\/\" data-shortcode-id=\"28\" data-dynamic-link=\"thrive_global_fields_url\"><img decoding=\"async\" alt=\"\" data-id=\"174\" width=\"339\" data-init-width=\"640\" height=\"191\" data-init-height=\"360\" title=\"infographie-trophee-640x360\" loading=\"lazy\" src=\"https:\/\/activup.net\/wp-content\/uploads\/2020\/05\/infographie-trophee-640x360-1.jpg\" data-width=\"339\" data-height=\"191\" data-link-wrap=\"true\"><\/a><\/span> <\/p>\n<h2>Popular with scientists<\/h2>\n<p>At the Vichy Medical Congress in January 2019, speakers walk on an ActivUP Walking Desk during their presentation<\/p>\n<p style=\"text-align: center;\">Testimonials<\/p>\n<h2 style=\"text-align: center;\">What our happy customers think of us<\/h2>\n<p>Every day, I'm glad I discovered the walking desk. 12km of meetings per day and a hell of a lot of energy! I've already lost 8kg, just by walking.<\/p>\n<h4>Julien Coulon<\/h4>\n<p>General Manager<\/p>\n<p>When you sit on the Walking Desk, the most amazing thing is that you totally forget that you are walking, you are more focused on your work.<\/p>\n<h4>Arnaud V\u00e9rin&nbsp;<\/h4>\n<p>Contractor<\/p>\n<p>I walk at least 2 miles every day on my Walking Desk ActivUP and burn almost 300 calories.<\/p>\n<p>I feel the benefits on my figure.<\/p>\n<h4>Pascale Breton<\/h4>\n<p>Manager<\/p>\n<p> __CONFIG_colors_palette__{\"active_palette \":0, \"config \":{\" colors \":{\" 62516 \":{\" name \": \"Main Accent \", \"parent \":-1}}, \"gradients \":[]}, \"palettes\":[{\"name\": \"Default Palette\", \"value\":{\" colors \":{\" 62516 \":{\" val \": \"rgb(76, 168, 71) \", \"hsl \":{\" h \":116, \"s \":0.41, \"l \":0.47}}}, \"gradients \":[]}}]}__CONFIG_colors_palette__ <a href=\"https:\/\/activup.net\/en\/temoignages-walking-desk\/\" data-shortcode-id=\"45\" data-dynamic-link=\"thrive_global_fields_url\"><span>  <\/span> <span style=\"\"><span style=\"\">SEE Testimonials<\/span><\/span> <\/a>  __CONFIG_group_edit__{\"k7g25n3o\":{\"name\": \"All Icon(s)\", \"singular\":\"- Icon %s\"}, \"k7g25s38\u2033:{\"name\": \"All Contact Detail(s)\", \"singular\":\"- Text %s\"}, \"k7g26hhs\":{\"name\": \"All Contact Form Input(s)\", \"singular\": \"- Contact Form Input %s\"}}__CONFIG_group_edit____CONFIG_local_colors__{\" colors \":{\" c4549\u2033: \"Royal Blue\", \"56de9\u2033: \"Alabaster\", \"6957a\": \"Bunker\", \"ae168\u2033: \"Royal Blue\"}, \"gradients\":{}}__CONFIG_local_colors__    <\/p>\n<h2>Contact us<\/h2>\n<p>Would you like to know more and even test the Walking Desk in your company or in our showroom?<\/p>\n<p><span><img decoding=\"async\" alt=\"\" data-id=\"571\" width=\"164\" data-init-width=\"300\" height=\"164\" data-init-height=\"300\" title=\"telemarketing-call-center-transparent-600sq\" loading=\"lazy\" src=\"https:\/\/activup.net\/wp-content\/uploads\/2020\/11\/telemarketing-call-center-transparent-600sq-300x300.png\" data-width=\"164\" data-height=\"164\" style=\"\"><\/span>  <\/p>\n<p><strong>Our showrooms<\/strong> (by appointment only)<\/p>\n<p><strong>Paris 17th<\/strong> 27 rue des Renaudes<\/p>\n<p><strong>Archamps<\/strong> (Haute-Savoie)<\/p>\n<p>Call us at<\/p>\n<p><span data-attr-id=\"3\" data-extra_key=\"1\" data-option-inline=\"1\" data-shortcode=\"thrive_global_fields\" data-shortcode-name=\"[Company] Phone number\">+33 1 85 08 60 18<\/span><\/p>\n<div class='fluentform ff-default fluentform_wrapper_2 ffs_default_wrap'><form data-form_id=\"2\" id=\"fluentform_2\" class=\"frm-fluent-form fluent_form_2 ff-el-form-top ff_form_instance_2_1 ff-form-loading ff_has_v3_recptcha ffs_default\" data-form_instance=\"ff_form_instance_2_1\" method=\"POST\" data-recptcha_key=\"6LcaRdUkAAAAANwFcx2DAcZt1T8_a1cMrBUIxqXW\" action=\"\" ><fieldset  style=\"border: none!important;margin: 0!important;padding: 0!important;background-color: transparent!important;box-shadow: none!important;outline: none!important; min-inline-size: 100%;\">\n                    <legend class=\"ff_screen_reader_title\" style=\"display: block; margin: 0!important;padding: 0!important;height: 0!important;text-indent: -999999px;width: 0!important;overflow:hidden;\">Contact Form En<\/legend><input type='hidden' name='__fluent_form_embded_post_id' value='1244' \/><input type=\"hidden\" id=\"_fluentform_2_fluentformnonce\" name=\"_fluentform_2_fluentformnonce\" value=\"4ea592806a\" \/><input type=\"hidden\" name=\"_wp_http_referer\" value=\"\/en\/wp-json\/wp\/v2\/pages\/1244\" \/><div class='ff-el-group'><div class=\"ff-el-input--label ff-el-is-required asterisk-right\"><label for='ff_2_email' id='label_ff_2_email' aria-label=\"Email\">Email<\/label><\/div><div class='ff-el-input--content'><input type=\"email\" name=\"email\" id=\"ff_2_email\" class=\"ff-el-form-control\" placeholder=\"Your email address...\" data-name=\"email\"  aria-invalid=\"false\" aria-required=\"true\"><\/div><\/div><div data-type=\"name-element\" data-name=\"names\" class=\"ff-field_container ff-name-field-wrapper\" ><div class='ff-t-container'><div class='ff-t-cell'><div class='ff-el-group'><div class=\"ff-el-input--label ff-el-is-required asterisk-right\"><label for='ff_2_names_first_name_' id='label_ff_2_names_first_name_' >First name<\/label><\/div><div class='ff-el-input--content'><input type=\"text\" name=\"names[first_name]\" id=\"ff_2_names_first_name_\" class=\"ff-el-form-control\" placeholder=\"Your first name...\" aria-invalid=\"false\" aria-required=\"true\"><\/div><\/div><\/div><div class='ff-t-cell'><div class='ff-el-group'><div class=\"ff-el-input--label ff-el-is-required asterisk-right\"><label for='ff_2_names_last_name_' id='label_ff_2_names_last_name_' >Name<\/label><\/div><div class='ff-el-input--content'><input type=\"text\" name=\"names[last_name]\" id=\"ff_2_names_last_name_\" class=\"ff-el-form-control\" placeholder=\"Your last name...\" aria-invalid=\"false\" aria-required=\"true\"><\/div><\/div><\/div><\/div><\/div><div data-name=\"ff_cn_id_1\"  class='ff-t-container ff-column-container ff_columns_total_2'><div class='ff-t-cell ff-t-column-1' style='flex-basis: 50%;'><div class='ff-el-group'><div class=\"ff-el-input--label asterisk-right\"><label for='ff_2_company' id='label_ff_2_company' aria-label=\"Company\">Company<\/label><\/div><div class='ff-el-input--content'><input type=\"text\" name=\"company\" class=\"ff-el-form-control\" data-name=\"company\" id=\"ff_2_company\"  aria-invalid=\"false\" aria-required=\"false\"><\/div><\/div><\/div><div class='ff-t-cell ff-t-column-2' style='flex-basis: 50%;'><div class='ff-el-group'><div class=\"ff-el-input--label asterisk-right\"><label for='ff_2_phone' id='label_ff_2_phone' aria-label=\"Mobile\">Mobile<\/label><\/div><div class='ff-el-input--content'><input name=\"phone\" class=\"ff-el-form-control ff-el-phone\" type=\"tel\" placeholder=\"Your mobile number...\" data-name=\"phone\" id=\"ff_2_phone\" inputmode=\"tel\"  aria-invalid='false' aria-required=\"false\"><\/div><\/div><\/div><\/div><div class='ff-el-group'><div class=\"ff-el-input--label ff-el-is-required asterisk-right\"><label for='ff_2_subject' id='label_ff_2_subject' aria-label=\"Your request\">Your request<\/label><\/div><div class='ff-el-input--content'><input type=\"text\" name=\"subject\" class=\"ff-el-form-control\" placeholder=\"Subject of your request...\" data-name=\"subject\" id=\"ff_2_subject\"  aria-invalid=\"false\" aria-required=\"true\"><\/div><\/div><div class='ff-el-group'><div class=\"ff-el-input--label ff-el-is-required asterisk-right\"><label for='ff_2_message' id='label_ff_2_message' aria-label=\"Your message\">Your message<\/label><\/div><div class='ff-el-input--content'><textarea aria-required=\"true\" aria-labelledby=\"label_ff_2_message\" name=\"message\" id=\"ff_2_message\" class=\"ff-el-form-control\" placeholder=\"Content of your message...\" rows=\"6\" cols=\"2\" data-name=\"message\" ><\/textarea><\/div><\/div><input type=\"hidden\" name=\"utm_hist\" data-name=\"utm_hist\" ><input type=\"hidden\" name=\"ref_hist\" data-name=\"ref_hist\" ><input type=\"hidden\" name=\"form_name\" value=\"Contact Form\" data-name=\"form_name\" ><input type=\"hidden\" name=\"valid_url\" data-name=\"valid_url\" ><input type=\"hidden\" name=\"submit_url\" value=\"https:\/\/activup.net\/en\/wp-json\/wp\/v2\/pages\/1244\" data-name=\"submit_url\" ><input type=\"hidden\" name=\"utm_src\" data-name=\"utm_src\" ><input type=\"hidden\" name=\"utm_cpn\" data-name=\"utm_cpn\" ><input type=\"hidden\" name=\"utm_mdm\" data-name=\"utm_mdm\" ><input type=\"hidden\" name=\"utm_cnt\" data-name=\"utm_cnt\" ><input type=\"hidden\" name=\"utm_trm\" data-name=\"utm_trm\" ><input type=\"hidden\" name=\"clid\" data-name=\"clid\" ><input type=\"hidden\" name=\"hubspotutk\" data-name=\"hubspotutk\" ><input type=\"hidden\" name=\"submit_urls\" value=\"https:\/\/activup.net\/en\/wp-json\/wp\/v2\/pages\/1244\" data-name=\"submit_urls\" ><div class='ff-el-group ff-text-left ff_submit_btn_wrapper'><button type=\"submit\" class=\"ff-btn ff-btn-submit ff-btn-md ff_btn_style\"  aria-label=\"Send the request\">Send the request<\/button><\/div><\/fieldset><input type=\"hidden\" name=\"trp-form-language\" value=\"en\"\/><\/form><div id='fluentform_2_errors' class='ff-errors-in-stack ff_form_instance_2_1 ff-form-loading_errors ff_form_instance_2_1_errors'><\/div><\/div>            <script type=\"text\/javascript\">\n                window.fluent_form_ff_form_instance_2_1 = {\"id\":\"2\",\"settings\":{\"layout\":{\"labelPlacement\":\"top\",\"helpMessagePlacement\":\"with_label\",\"errorMessagePlacement\":\"inline\",\"cssClassName\":\"\",\"asteriskPlacement\":\"asterisk-right\"},\"restrictions\":{\"denyEmptySubmission\":{\"enabled\":false}}},\"form_instance\":\"ff_form_instance_2_1\",\"form_id_selector\":\"fluentform_2\",\"rules\":{\"email\":{\"required\":{\"value\":true,\"message\":\"Ce champ est obligatoire\"},\"email\":{\"value\":true,\"message\":\"Ce champ doit \\u00eatre une adresse email valide\"}},\"names[first_name]\":{\"required\":{\"value\":true,\"message\":\"Ce champ est obligatoire\"}},\"names[middle_name]\":{\"required\":{\"value\":false,\"message\":\"This field is required\"}},\"names[last_name]\":{\"required\":{\"value\":true,\"message\":\"Ce champ est obligatoire\"}},\"company\":{\"required\":{\"value\":false,\"message\":\"Ce champ est obligatoire\"}},\"phone\":{\"required\":{\"value\":false,\"message\":\"Ce champ est requis\"},\"valid_phone_number\":{\"value\":false,\"message\":\"Le num\\u00e9ro de t\\u00e9l\\u00e9phone n'est pas valide\"}},\"subject\":{\"required\":{\"value\":true,\"message\":\"Ce champ est obligatoire\"}},\"message\":{\"required\":{\"value\":true,\"message\":\"Ce champ est obligatoire\"}},\"g-recaptcha-response\":[]},\"debounce_time\":300};\n                            <\/script>","protected":false},"excerpt":{"rendered":"<p>Quality of life at work Boosting QWL and productivity by walking in the office Physical activity in the office improves well-being and reduces absenteeism. You feel better and you work better. The Walking Desk is a desk equipped with a walking mat, which allows you to work while walking. Watch the video above to see how [...]<\/p>","protected":false},"author":4,"featured_media":0,"parent":0,"menu_order":0,"comment_status":"closed","ping_status":"closed","template":"","meta":{"_seopress_robots_primary_cat":"","_seopress_titles_title":"Qualit\u00e9 de Vie au Travail (QVT) par l&#039;activit\u00e9 physique au bureau sur Walking Desk","_seopress_titles_desc":"Booster la QVT et la productivit\u00e9 en marchant au bureau. L&#039;activit\u00e9 physique au bureau am\u00e9liore le bien-\u00eatre et r\u00e9duit l&#039;absent\u00e9isme. On se sent mieux et on travaille mieux. Le Walking Desk est un bureau \u00e9quip\u00e9 d&#039;un tapis de marche, qui permet de travailler en marchant.","_seopress_robots_index":"","bwfblock_default_font":"","footnotes":""},"wf_page_folders":[76],"class_list":["post-1244","page","type-page","status-publish","hentry","post-wrapper","thrv_wrapper"],"_links":{"self":[{"href":"https:\/\/activup.net\/en\/wp-json\/wp\/v2\/pages\/1244","targetHints":{"allow":["GET"]}}],"collection":[{"href":"https:\/\/activup.net\/en\/wp-json\/wp\/v2\/pages"}],"about":[{"href":"https:\/\/activup.net\/en\/wp-json\/wp\/v2\/types\/page"}],"author":[{"embeddable":true,"href":"https:\/\/activup.net\/en\/wp-json\/wp\/v2\/users\/4"}],"replies":[{"embeddable":true,"href":"https:\/\/activup.net\/en\/wp-json\/wp\/v2\/comments?post=1244"}],"version-history":[{"count":14,"href":"https:\/\/activup.net\/en\/wp-json\/wp\/v2\/pages\/1244\/revisions"}],"predecessor-version":[{"id":27832,"href":"https:\/\/activup.net\/en\/wp-json\/wp\/v2\/pages\/1244\/revisions\/27832"}],"wp:attachment":[{"href":"https:\/\/activup.net\/en\/wp-json\/wp\/v2\/media?parent=1244"}],"wp:term":[{"taxonomy":"wf_page_folders","embeddable":true,"href":"https:\/\/activup.net\/en\/wp-json\/wp\/v2\/wf_page_folders?post=1244"}],"curies":[{"name":"wp","href":"https:\/\/api.w.org\/{rel}","templated":true}]}}