{"id":1294,"date":"2021-03-08T16:36:49","date_gmt":"2021-03-08T14:36:49","guid":{"rendered":"https:\/\/activupnet.eu2.copilhost.cloud\/support\/clone-of-support-technique-pour-le-softwalk-activup\/"},"modified":"2022-12-07T15:39:31","modified_gmt":"2022-12-07T13:39:31","slug":"easywalk","status":"publish","type":"page","link":"https:\/\/activup.net\/en\/support\/easywalk\/","title":{"rendered":"Technical support for the Easywalk ActivUP"},"content":{"rendered":"<h1 style=\"text-align: center;\">Easywalk support<\/h1>\n<p style=\"text-align: center;\">Installing and maintaining your Easywalk ActivUP&nbsp;<\/p>\n<p style=\"text-align: center;\">Thank you for purchasing an Easywalk ActivUP Walking Desk, you are a trendsetter. Here are the main elements you will need for an optimal experience. Feel free to contact us for more details.<\/p>\n<p>FAQ<\/p>\n<h2>Frequently asked questions before buying<\/h2>\n<p>If you have any questions about our products, and would like to know more, you can consult our Frequently Asked Questions section<\/p>\n<h2>Documentation of the Easywalk ActivUP (Walking Desk or mat alone)<\/h2>\n<h3>Easywalk Carpet<\/h3>\n<p>The Easywalk treadmill user manual is available in English and French. It is included with the equipment, but you can download the latest version below.<\/p>\n<h3>Electric office<\/h3>\n<p>If you have chosen another ActivUP desk than the one that comes with the Easywalk&nbsp;<\/p>\n<h3>Mobile application<\/h3>\n<p>The Easywalk Walking Desk can be connected to a mobile application. It is called <strong>Fitshow<\/strong>. For the moment, only available in English. You can download it below<\/p>\n<h2>Tips for using our Walking Desks<\/h2>\n<p>__CONFIG_group_edit__{}__CONFIG_group_edit____CONFIG_local_colors__{\"colors\":{\" 5b254\u2033: \"Link Water\", \"798b5\u2033: \"Bunker\", \"6cdfd\": \"Royal Blue\"}, \"gradients\":{}}__CONFIG_local_colors__        <span><img decoding=\"async\" alt=\"\" data-id=\"296\" width=\"493\" data-init-width=\"500\" height=\"299\" data-init-height=\"304\" title=\"laptop-weight-loss-500\" src=\"https:\/\/activup.net\/wp-content\/uploads\/2020\/05\/laptop-weight-loss-500.png\" data-width=\"493\" data-height=\"299\" loading=\"lazy\"><\/span>   <\/p>\n<p>Lose weight<\/p>\n<h2>Lose weight<\/h2>\n<h2>without diet or sport<\/h2>\n<p style=\"text-align: justify;\">For <a href=\"https:\/\/activup.net\/en\/maigrir-en-marchant\/\" style=\"outline: none;\" data-shortcode-id=\"29\" data-dynamic-link=\"thrive_global_fields_url\" data-custom-shortcode=\"\">lose weight without diet or sport<\/a>All you have to do is walk enough, a little, every day. ActivUP has just released the \" <span data-attr-id=\"29\" data-attr-static-link=\"{&quot;className&quot;:&quot;tve-froala fr-basic&quot;,&quot;href&quot;:&quot;https:\/\/activup.net\/maigrir-en-marchant&quot;,&quot;target&quot;:&quot;_blank&quot;,&quot;class&quot;:&quot;tve-froala fr-basic&quot;}\" data-extra_key=\"4\" data-option-inline=\"1\" data-shortcode=\"thrive_global_fields\" data-shortcode-name=\"[Internal Links] FR-Perte de poids\"><a href=\"https:\/\/activup.net\/en\/maigrir-en-marchant\/\" target=\"_blank\" rel=\"noopener\">Lose weight while walking<\/a><\/span>&nbsp;\". Click below to learn more.<\/p>\n<p>__CONFIG_colors_palette__{\"active_palette \":0, \"config \":{\" colors \":{\" 62516 \":{\" name \": \"Main Accent \", \"parent \":-1}}, \"gradients \":[]}, \"palettes\":[{\"name\": \"Default Palette\", \"value\":{\" colors \":{\" 62516 \":{\" val \": \"rgb(76, 168, 71) \", \"hsl \":{\" h \":116, \"s \":0.41, \"l \":0.47}}}, \"gradients \":[]}}]}__CONFIG_colors_palette__ <a href=\"https:\/\/activup.net\/en\/maigrir-en-marchant\/\" data-shortcode-id=\"29\" data-dynamic-link=\"thrive_global_fields_url\"><span>  <\/span> <span><span>Lose weight while walking<\/span><\/span> <\/a>   __CONFIG_group_edit__{\"k7g25n3o\":{\"name\": \"All Icon(s)\", \"singular\":\"- Icon %s\"}, \"k7g25s38\u2033:{\"name\": \"All Contact Detail(s)\", \"singular\":\"- Text %s\"}, \"k7g26hhs\":{\"name\": \"All Contact Form Input(s)\", \"singular\": \"- Contact Form Input %s\"}}__CONFIG_group_edit____CONFIG_local_colors__{\" colors \":{\" c4549\u2033: \"Royal Blue\", \"56de9\u2033: \"Alabaster\", \"6957a\": \"Bunker\", \"ae168\u2033: \"Royal Blue\"}, \"gradients\":{}}__CONFIG_local_colors__    <\/p>\n<h2>Contact us<\/h2>\n<p>Would you like to know more and even test the Walking Desk in your company or in our showroom?<\/p>\n<p><span><img decoding=\"async\" alt=\"\" data-id=\"571\" width=\"164\" data-init-width=\"300\" height=\"164\" data-init-height=\"300\" title=\"telemarketing-call-center-transparent-600sq\" loading=\"lazy\" src=\"https:\/\/activup.net\/wp-content\/uploads\/2020\/11\/telemarketing-call-center-transparent-600sq-300x300.png\" data-width=\"164\" data-height=\"164\" style=\"\"><\/span>  <\/p>\n<p><strong>Our showrooms<\/strong> (by appointment only)<\/p>\n<p><strong>Paris 17th<\/strong> 27 rue des Renaudes<\/p>\n<p><strong>Archamps<\/strong> (Haute-Savoie)<\/p>\n<p>Call us at<\/p>\n<p><span data-attr-id=\"3\" data-extra_key=\"1\" data-option-inline=\"1\" data-shortcode=\"thrive_global_fields\" data-shortcode-name=\"[Company] Phone number\">+33 1 85 08 60 18<\/span><\/p>\n<p>[tcb-script charset=\"utf-8\u2033 type=\"text\/javascript\" src= \"\/\/js.hsforms.net\/forms\/shell.js\"][\/tcb-script] [tcb-script] hbspt.forms.create({ portalId: \"3959277\", formId: \"64249f84-222c-4072-9249-8fbc859e8545\" }); [\/tcb-script]  <\/p>","protected":false},"excerpt":{"rendered":"<p>Easywalk Support Installing and maintaining your Easywalk ActivUP Thank you for purchasing an Easywalk ActivUP Walking Desk. Here are the main things you will need for an optimal experience. Feel free to contact us for more details. FAQ Pre-purchase questions If you have any questions about our products, please contact us.<\/p>","protected":false},"author":4,"featured_media":0,"parent":1265,"menu_order":0,"comment_status":"closed","ping_status":"closed","template":"","meta":{"_seopress_robots_primary_cat":"","_seopress_titles_title":"Support pour le Easywalk ActivUP - Walking Desk","_seopress_titles_desc":"Merci d&#039;avoir acquis un Easywalk, vous \u00eates un pr\u00e9curseur. Voici les principaux \u00e9l\u00e9ments dont vous aurez besoin pour une exp\u00e9rience optimale. N&#039;h\u00e9sitez pas \u00e0 nous contacter pour plus de d\u00e9tails. ","_seopress_robots_index":"","bwfblock_default_font":"","footnotes":""},"wf_page_folders":[75],"class_list":["post-1294","page","type-page","status-publish","hentry","post-wrapper","thrv_wrapper"],"_links":{"self":[{"href":"https:\/\/activup.net\/en\/wp-json\/wp\/v2\/pages\/1294","targetHints":{"allow":["GET"]}}],"collection":[{"href":"https:\/\/activup.net\/en\/wp-json\/wp\/v2\/pages"}],"about":[{"href":"https:\/\/activup.net\/en\/wp-json\/wp\/v2\/types\/page"}],"author":[{"embeddable":true,"href":"https:\/\/activup.net\/en\/wp-json\/wp\/v2\/users\/4"}],"replies":[{"embeddable":true,"href":"https:\/\/activup.net\/en\/wp-json\/wp\/v2\/comments?post=1294"}],"version-history":[{"count":8,"href":"https:\/\/activup.net\/en\/wp-json\/wp\/v2\/pages\/1294\/revisions"}],"predecessor-version":[{"id":10090,"href":"https:\/\/activup.net\/en\/wp-json\/wp\/v2\/pages\/1294\/revisions\/10090"}],"up":[{"embeddable":true,"href":"https:\/\/activup.net\/en\/wp-json\/wp\/v2\/pages\/1265"}],"wp:attachment":[{"href":"https:\/\/activup.net\/en\/wp-json\/wp\/v2\/media?parent=1294"}],"wp:term":[{"taxonomy":"wf_page_folders","embeddable":true,"href":"https:\/\/activup.net\/en\/wp-json\/wp\/v2\/wf_page_folders?post=1294"}],"curies":[{"name":"wp","href":"https:\/\/api.w.org\/{rel}","templated":true}]}}