{"id":1647,"date":"2021-11-23T16:52:33","date_gmt":"2021-11-23T14:52:33","guid":{"rendered":"https:\/\/activupnet.eu2.copilhost.cloud\/?page_id=1647"},"modified":"2023-03-20T12:49:02","modified_gmt":"2023-03-20T10:49:02","slug":"contact-test","status":"publish","type":"page","link":"https:\/\/activup.net\/en\/contact-test\/","title":{"rendered":"Test Contact"},"content":{"rendered":"<h1 style=\"text-align: center;\">Contact us<\/h1>\n<p style=\"text-align: center;\">Our team is at your disposal for your Walking Desk project<\/p>\n<p style=\"text-align: center;\">Whether for you or for your employees, the Walking Desk has many benefits on well-being, health and productivity.&nbsp;<\/p>\n<p>A quick question?<\/p>\n<h2>Call us at<\/h2>\n<p style=\"\">Would you like to know more and even test the Walking Desk in your company or in our showroom?<\/p>\n<h2 style=\"text-align: center;\"><span>Call us at<\/span><span>&nbsp;<\/span><\/h2>\n<h2 style=\"text-align: center;\"><span style=\"font-size: 33px;\">+<span>33 1 85 08 60 18<\/span><\/span><\/h2>\n<h2 style=\"text-align: center;\"><span style=\"\">For Switzerland: +41 22 519 08 90<\/span><\/h2>\n<p><span><img decoding=\"async\" alt=\"\" data-id=\"571\" width=\"131\" data-init-width=\"600\" height=\"131\" data-init-height=\"600\" title=\"telemarketing-call-center-transparent-600sq\" src=\"https:\/\/activup.net\/wp-content\/uploads\/2021\/11\/telemarketing-call-center-transparent-600sq-1.png\" data-width=\"131\" data-height=\"131\" style=\"\" loading=\"lazy\"><\/span><\/p>\n<p>You want to discuss your project?<\/p>\n<h2>Send us a message<\/h2>\n<p>Nous r\u00e9pondons \u00e0 tous les messages dans un d\u00e9lai de quelques heures.Si vous n&rsquo;avez pas re\u00e7u de r\u00e9ponse 24h apr\u00e8s avoir post\u00e9 votre message, veuillez r\u00e9essayer ou nous contacter par t\u00e9l\u00e9phone au num\u00e9ro suivant : (france)<\/p>\n<h2 style=\"\"><span style=\"\"><\/span><span style=\"\">+33 1 85 08 60 18<\/span><\/h2>\n<p><span><img decoding=\"async\" alt=\"\" data-id=\"974\" width=\"478\" data-init-width=\"500\" height=\"337\" data-init-height=\"353\" title=\"write-email\" src=\"https:\/\/activup.net\/wp-content\/uploads\/2021\/11\/write-email.jpg\" data-width=\"478\" data-height=\"337\" loading=\"lazy\"><\/span><div class='fluentform ff-default fluentform_wrapper_5 ffs_default_wrap'><form data-form_id=\"5\" id=\"fluentform_5\" class=\"frm-fluent-form fluent_form_5 ff-el-form-top ff_form_instance_5_1 ff-form-loading ff_has_v3_recptcha ffs_default\" data-form_instance=\"ff_form_instance_5_1\" method=\"POST\" data-recptcha_key=\"6LcaRdUkAAAAANwFcx2DAcZt1T8_a1cMrBUIxqXW\" action=\"\" ><fieldset  style=\"border: none!important;margin: 0!important;padding: 0!important;background-color: transparent!important;box-shadow: none!important;outline: none!important; min-inline-size: 100%;\">\n                    <legend class=\"ff_screen_reader_title\" style=\"display: block; margin: 0!important;padding: 0!important;height: 0!important;text-indent: -999999px;width: 0!important;overflow:hidden;\">DirSP23 Download ebook V3<\/legend><input type='hidden' name='__fluent_form_embded_post_id' value='1647' \/><input type=\"hidden\" id=\"_fluentform_5_fluentformnonce\" name=\"_fluentform_5_fluentformnonce\" value=\"a7c89c8006\" \/><input type=\"hidden\" name=\"_wp_http_referer\" value=\"\/en\/wp-json\/wp\/v2\/pages\/1647\" \/><div class='ff-el-group'><div class=\"ff-el-input--label ff-el-is-required asterisk-right\"><label for='ff_5_email' id='label_ff_5_email' aria-label=\"Email\">Email<\/label><\/div><div class='ff-el-input--content'><input type=\"email\" name=\"email\" id=\"ff_5_email\" class=\"ff-el-form-control\" placeholder=\"Your email address...\" data-name=\"email\"  aria-invalid=\"false\" aria-required=\"true\"><\/div><\/div><div data-type=\"name-element\" data-name=\"names\" class=\"ff-field_container ff-name-field-wrapper\" ><div class='ff-t-container'><div class='ff-t-cell'><div class='ff-el-group'><div class=\"ff-el-input--label ff-el-is-required asterisk-right\"><label for='ff_5_names_first_name_' id='label_ff_5_names_first_name_' >First name<\/label><\/div><div class='ff-el-input--content'><input type=\"text\" name=\"names[first_name]\" id=\"ff_5_names_first_name_\" class=\"ff-el-form-control\" placeholder=\"Your first name...\" aria-invalid=\"false\" aria-required=\"true\"><\/div><\/div><\/div><div class='ff-t-cell'><div class='ff-el-group'><div class=\"ff-el-input--label ff-el-is-required asterisk-right\"><label for='ff_5_names_last_name_' id='label_ff_5_names_last_name_' >Name<\/label><\/div><div class='ff-el-input--content'><input type=\"text\" name=\"names[last_name]\" id=\"ff_5_names_last_name_\" class=\"ff-el-form-control\" placeholder=\"Your last name...\" aria-invalid=\"false\" aria-required=\"true\"><\/div><\/div><\/div><\/div><\/div><div data-name=\"ff_cn_id_1\"  class='ff-t-container ff-column-container ff_columns_total_2'><div class='ff-t-cell ff-t-column-1' style='flex-basis: 50%;'><div class='ff-el-group'><div class=\"ff-el-input--label asterisk-right\"><label for='ff_5_company' id='label_ff_5_company' aria-label=\"Company\">Company<\/label><\/div><div class='ff-el-input--content'><input type=\"text\" name=\"company\" class=\"ff-el-form-control\" data-name=\"company\" id=\"ff_5_company\"  aria-invalid=\"false\" aria-required=\"false\"><\/div><\/div><\/div><div class='ff-t-cell ff-t-column-2' style='flex-basis: 50%;'><div class='ff-el-group'><div class=\"ff-el-input--label asterisk-right\"><label for='ff_5_phone' id='label_ff_5_phone' aria-label=\"Mobile\">Mobile<\/label><\/div><div class='ff-el-input--content'><input name=\"phone\" class=\"ff-el-form-control ff-el-phone\" type=\"tel\" placeholder=\"Your mobile number...\" data-name=\"phone\" id=\"ff_5_phone\" inputmode=\"tel\"  aria-invalid='false' aria-required=\"false\"><\/div><\/div><\/div><\/div><div class='ff-el-group'><div class=\"ff-el-input--label ff-el-is-required asterisk-right\"><label for='ff_5_objectif_principal' id='label_ff_5_objectif_principal' aria-label=\"What is your main objective?\">What is your main objective?<\/label><\/div><div class='ff-el-input--content'><select name=\"objectif_principal\" id=\"ff_5_objectif_principal\" class=\"ff-el-form-control\" data-name=\"objectif_principal\" data-calc_value=\"0\"  aria-invalid=\"false\" aria-required=\"true\" aria-labelledby=\"label_ff_5_objectif_principal\"><option value=\"\">- Select -<\/option><option value=\"Perdre du poids\"  >Lose weight<\/option><option value=\"Am\u00e9liorer ma sant\u00e9 g\u00e9n\u00e9rale\"  >Improve my overall health<\/option><option value=\"Augmenter ma productivit\u00e9\"  >Increase my productivity<\/option><option value=\"Equiper mes coll\u00e8gues\"  >Equip my colleagues<\/option><option value=\"Autre\"  >Other<\/option><\/select><\/div><\/div><input type=\"hidden\" name=\"utm_hist\" data-name=\"utm_hist\" ><input type=\"hidden\" name=\"ref_hist\" data-name=\"ref_hist\" ><input type=\"hidden\" name=\"form_name\" value=\"Dirsp23-DownloadGuide\" data-name=\"form_name\" ><input type=\"hidden\" name=\"submit_url\" value=\"https:\/\/activup.net\/en\/wp-json\/wp\/v2\/pages\/1647\" data-name=\"submit_url\" ><input type=\"hidden\" name=\"utm_src\" data-name=\"utm_src\" ><input type=\"hidden\" name=\"utm_cpn\" data-name=\"utm_cpn\" ><input type=\"hidden\" name=\"utm_mdm\" data-name=\"utm_mdm\" ><input type=\"hidden\" name=\"utm_cnt\" data-name=\"utm_cnt\" ><input type=\"hidden\" name=\"utm_trm\" data-name=\"utm_trm\" ><input type=\"hidden\" name=\"clid\" data-name=\"clid\" ><input type=\"hidden\" name=\"hubspotutk\" data-name=\"hubspotutk\" ><div class='ff-el-group ff-text-left ff_submit_btn_wrapper'><button type=\"submit\" class=\"ff-btn ff-btn-submit ff-btn-md ff_btn_style\"  aria-label=\"Receive the free guide\">Receive the free guide<\/button><\/div><\/fieldset><input type=\"hidden\" name=\"trp-form-language\" value=\"en\"\/><\/form><div id='fluentform_5_errors' class='ff-errors-in-stack ff_form_instance_5_1 ff-form-loading_errors ff_form_instance_5_1_errors'><\/div><\/div>            <script type=\"text\/javascript\">\n                window.fluent_form_ff_form_instance_5_1 = {\"id\":\"5\",\"settings\":{\"layout\":{\"labelPlacement\":\"top\",\"helpMessagePlacement\":\"with_label\",\"errorMessagePlacement\":\"inline\",\"cssClassName\":\"\",\"asteriskPlacement\":\"asterisk-right\"},\"restrictions\":{\"denyEmptySubmission\":{\"enabled\":false}}},\"form_instance\":\"ff_form_instance_5_1\",\"form_id_selector\":\"fluentform_5\",\"rules\":{\"email\":{\"required\":{\"value\":true,\"message\":\"Ce champ est obligatoire\"},\"email\":{\"value\":true,\"message\":\"Ce champ doit \\u00eatre une adresse email valide\"}},\"names[first_name]\":{\"required\":{\"value\":true,\"message\":\"Ce champ est obligatoire\"}},\"names[middle_name]\":{\"required\":{\"value\":false,\"message\":\"This field is required\"}},\"names[last_name]\":{\"required\":{\"value\":true,\"message\":\"Ce champ est obligatoire\"}},\"company\":{\"required\":{\"value\":false,\"message\":\"Ce champ est obligatoire\"}},\"phone\":{\"required\":{\"value\":false,\"message\":\"Ce champ est requis\"},\"valid_phone_number\":{\"value\":false,\"message\":\"Le num\\u00e9ro de t\\u00e9l\\u00e9phone n'est pas valide\"}},\"objectif_principal\":{\"required\":{\"value\":true,\"message\":\"Ce champ est obligatoire\"}},\"g-recaptcha-response\":[]},\"debounce_time\":300};\n                            <\/script>\n            [tcb-script]myform5=getElementById(\u00ab\u00a0contact-test5\u00a0\u00bb);myform5.get[\/tcb-script]<\/p>\n<p>Test the Walking Desk<\/p>\n<h2>Our showroom<\/h2>\n<p><span><img decoding=\"async\" alt=\"\" data-id=\"223\" width=\"513\" data-init-width=\"800\" height=\"384\" data-init-height=\"600\" title=\"Showroom-20170411_114400-aveclogo\" src=\"https:\/\/activup.net\/wp-content\/uploads\/2021\/11\/Showroom-Trudaine-20170411_114400-800.jpg\" data-width=\"513\" data-height=\"384\" style=\"\" loading=\"lazy\"><\/span><\/p>\n<p>ActivUP welcomes companies who wish to test our Walking Desks before implementing them in their workspaces.<\/p>\n<p>The test at the showroom is possible by appointment only in Paris and Archamps (Haute Savoie).<\/p>\n<\/p>\n<p>If your company is located elsewhere, please contact us to see if one of our resellers could welcome you for a test.<strong><\/strong><\/p>\n<h3 style=\"text-align: center;\">Portugal<\/h3>\n<p><span><img decoding=\"async\" alt=\"\" data-id=\"981\" width=\"300\" data-init-width=\"300\" height=\"225\" data-init-height=\"225\" title=\"nomadestiny-center-invest\" src=\"https:\/\/activup.net\/wp-content\/uploads\/2021\/11\/nomadestiny-centre-investe.jpg\" data-width=\"300\" data-height=\"225\" style=\"\" loading=\"lazy\"><\/span><\/p>\n<h3 style=\"text-align: center;\">Paris 17th<\/h3>\n<p><span><img decoding=\"async\" alt=\"\" data-id=\"982\" width=\"300\" data-init-width=\"300\" height=\"225\" data-init-height=\"225\" title=\"Showroom-greenparis-walkindesk3-300\" src=\"https:\/\/activup.net\/wp-content\/uploads\/2021\/11\/Showroom-greenparis-walkindesk3-300.jpg\" data-width=\"300\" data-height=\"225\" style=\"\" loading=\"lazy\"><\/span><\/p>\n<h3 style=\"text-align: center;\">Archamps (74)&nbsp;<\/h3>\n<p><span><img decoding=\"async\" alt=\"\" data-id=\"224\" width=\"300\" data-init-width=\"300\" height=\"225\" data-init-height=\"225\" title=\"Showroom-Puls-IMG_4043-300\" src=\"https:\/\/activup.net\/wp-content\/uploads\/2021\/11\/Showroom-Puls-IMG_4043-300.jpg\" data-width=\"300\" data-height=\"225\" style=\"\" loading=\"lazy\"><\/span><span>Insert Custom HTML<\/span><\/p>","protected":false},"excerpt":{"rendered":"<p>Contact us Our team is at your disposal for your Walking Desk project Whether for you or your employees, the Walking Desk brings many benefits on well-being, health and productivity.  A quick question? Call us You want to know more and even test the Walking Desk in your company [...]<\/p>","protected":false},"author":4,"featured_media":0,"parent":0,"menu_order":0,"comment_status":"closed","ping_status":"closed","template":"","meta":{"_seopress_robots_primary_cat":"","_seopress_titles_title":"","_seopress_titles_desc":"","_seopress_robots_index":"yes","bwfblock_default_font":"","footnotes":""},"wf_page_folders":[72],"class_list":["post-1647","page","type-page","status-publish","hentry","post-wrapper","thrv_wrapper"],"_links":{"self":[{"href":"https:\/\/activup.net\/en\/wp-json\/wp\/v2\/pages\/1647","targetHints":{"allow":["GET"]}}],"collection":[{"href":"https:\/\/activup.net\/en\/wp-json\/wp\/v2\/pages"}],"about":[{"href":"https:\/\/activup.net\/en\/wp-json\/wp\/v2\/types\/page"}],"author":[{"embeddable":true,"href":"https:\/\/activup.net\/en\/wp-json\/wp\/v2\/users\/4"}],"replies":[{"embeddable":true,"href":"https:\/\/activup.net\/en\/wp-json\/wp\/v2\/comments?post=1647"}],"version-history":[{"count":8,"href":"https:\/\/activup.net\/en\/wp-json\/wp\/v2\/pages\/1647\/revisions"}],"predecessor-version":[{"id":11716,"href":"https:\/\/activup.net\/en\/wp-json\/wp\/v2\/pages\/1647\/revisions\/11716"}],"wp:attachment":[{"href":"https:\/\/activup.net\/en\/wp-json\/wp\/v2\/media?parent=1647"}],"wp:term":[{"taxonomy":"wf_page_folders","embeddable":true,"href":"https:\/\/activup.net\/en\/wp-json\/wp\/v2\/wf_page_folders?post=1647"}],"curies":[{"name":"wp","href":"https:\/\/api.w.org\/{rel}","templated":true}]}}