{"id":2939,"date":"2022-01-12T18:59:46","date_gmt":"2022-01-12T16:59:46","guid":{"rendered":"https:\/\/activupnet.eu2.copilhost.cloud\/clone-of-activup-a-la-tv-et-dans-la-presse\/"},"modified":"2022-03-30T10:38:17","modified_gmt":"2022-03-30T08:38:17","slug":"welcome","status":"publish","type":"page","link":"https:\/\/activup.net\/en\/welcome\/","title":{"rendered":"Welcome Fr Worker-Walkers"},"content":{"rendered":"<h1 style=\"text-align: center;\">Welcome<\/h1>\n<p style=\"text-align: center;\">Discover the Walking Desk<\/p>\n<p style=\"text-align: center;\">in video&nbsp;<\/p>\n<p style=\"text-align: center;\">Since its creation, the ActivUP solution has been featured in the media, particularly on television, with more than 20 airings. The radio and the written press have also widely relayed it.&nbsp;<\/p>\n<h2 style=\"text-align: center;\">Access to the technical documentation&nbsp;<\/h2>\n<h2 style=\"text-align: center;\">Need help installing or using?<\/h2>\n<p>France 2 - News<\/p>\n<h2>\"Sedentary lifestyle and back pain<\/h2>\n<p style=\"text-align: justify;\">In this report aired in October 2020 at the 20h of France 2, the physiotherapist Gregoire Gibault who promotes the fact of moving more! This can significantly reduce back pain.<\/p>\n<\/p>\n<p style=\"text-align: justify;\">You can also watch the testimonial of Pierre Gaudet, manager of Steerfox, who uses his Walking Desk 1 hour a day (from 4:06 in the video).<\/p>\n<p>France 2 - Michel Cymes<\/p>\n<h2>Preserving our back<\/h2>\n<p style=\"text-align: justify;\">In Michel Cymes' show, \"Les pouvoirs extraordinaires du corps humain\", Benoit Pereira, an ActivUP client, presents his workstation while walking. The virtues of walking to reduce back pain have been known since antiquity. And in the office, sitting all day is deleterious. The ActivUP Walking Desk is the perfect solution to relieve your back while you work.<\/p>\n<p><span data-attr-id=\"25\" data-attr-static-link=\"{&quot;className&quot;:&quot;tve-froala fr-basic&quot;,&quot;href&quot;:&quot;https:\/\/activup.net\/fr\/acheter-walking-desk\/&quot;,&quot;target&quot;:&quot;_blank&quot;,&quot;class&quot;:&quot;tve-froala fr-basic&quot;}\" data-extra_key=\"4\" data-option-inline=\"1\" data-shortcode=\"thrive_global_fields\" data-shortcode-name=\"[Internal Links] FR-Acheter\"><a href=\"https:\/\/activup.net\/en\/acheter-walking-desk\/\" target=\"_blank\" class=\"tve-froala fr-basic\">Buy a Walking Desk<\/a><\/span><\/p>\n<p>T\u00e9l\u00e9vision Suisse Romande (TSR)<\/p>\n<h2>\"The chair that kills<\/h2>\n<p style=\"text-align: justify;\">In this report broadcast in October 2019 on TSR (T\u00e9l\u00e9vision Suisse Romande), Professor Fran\u00e7ois Carr\u00e9 presents the reasons why it is important to be physically active throughout the day. ActivUP is presented as the solution at the office, for workers with a sedentary workstation. An ActivUP client testifies about the popularity of the Walking Desk in his company.<\/p>\n<p>M6 - Prime time<\/p>\n<h2>\"My invention is worth its weight in gold<\/h2>\n<p style=\"text-align: justify;\">ActivUP was invited to present its Walking Desk in the M6 show \"Mon invention vaut de l'or\" (My invention is worth its weight in gold). Marc Thouvenin's children, Sarah and Maxime, were also invited and were able to present the solution to the viewers. The solution is very innovative but is still aimed at companies and professionals. Since this show, new products for individuals are now available, and are even sold online here.<\/p>\n<p><span data-attr-id=\"25\" data-attr-static-link=\"{&quot;className&quot;:&quot;tve-froala fr-basic&quot;,&quot;href&quot;:&quot;https:\/\/activup.net\/fr\/acheter-walking-desk\/&quot;,&quot;target&quot;:&quot;_blank&quot;,&quot;class&quot;:&quot;tve-froala fr-basic&quot;}\" data-extra_key=\"4\" data-option-inline=\"1\" data-shortcode=\"thrive_global_fields\" data-shortcode-name=\"[Internal Links] FR-Acheter\"><a href=\"https:\/\/activup.net\/en\/acheter-walking-desk\/\" target=\"_blank\" class=\"tve-froala fr-basic\">Buy a Walking Desk<\/a><\/span><\/p>\n<p>T\u00e9l\u00e9matin - France 2<\/p>\n<h2>\"At work, it works\"<\/h2>\n<p style=\"text-align: justify;\">Professor Martine Duclos of the Clermont Ferrand University Hospital presents the risks of a sedentary lifestyle and explains how to use the Walking Desk in the office to limit its effects. This company has been using the Walking Desk since 2015.<\/p>\n<p>France 2 - Michel Cymes<\/p>\n<h2>\"Muscles and walking\".<\/h2>\n<p style=\"text-align: justify;\">In his famous show \"The extraordinary powers of the human body\", Michel Cymes and Adriana Karembeu met Benoit Pereira, an ActivUP client, who works all day walking. He is also known for having designed a mobile Walking Desk to work while walking in nature. Discover in this show, how the Walking Desk can improve your health, your productivity and your quality of life at work!<\/p>\n<h2 style=\"text-align: center;\">All replays of our TV &amp; radio appearances<\/h2>\n<h3>France Bleu \" lose weight by walking<\/h3>\n<p>Wendy Bouchard talks about ActivUP, and losing weight by walking, while remaining at her desk.&nbsp;<\/p>\n<h3>The Messenger \" 500km of walking in the first month<\/h3>\n<p><span><img decoding=\"async\" alt=\"\" data-id=\"1892\" width=\"303\" data-init-width=\"300\" height=\"171\" data-init-height=\"169\" title=\"202111-LeMessagerL-169\" loading=\"lazy\" src=\"https:\/\/activup.net\/wp-content\/uploads\/2021\/12\/202111-LeMessagerL-169-300x169.jpg\" data-width=\"303\" data-height=\"171\" style=\"\"><\/span><\/p>\n<p>Interview in the weekly newspaper Le messager, in Haute Savoie (<a href=\"https:\/\/www.lemessager.fr\/33519\/article\/2021-11-27\/archamps-avec-activup-marcher-tout-en-travaillant-pour-soigner-sa-sante\" target=\"_blank\" rel=\"nofollow noopener\">article link<\/a>) (to access it, watch a video)<\/p>\n<h3>France Bleu Pays de Savoie<\/h3>\n<p><span><img decoding=\"async\" alt=\"\" data-id=\"1893\" width=\"303\" data-init-width=\"300\" height=\"171\" data-init-height=\"169\" title=\"202112-FranceBleu-Savoie-169\" loading=\"lazy\" src=\"https:\/\/activup.net\/wp-content\/uploads\/2021\/12\/202112-FranceBleu-Savoie-169-300x169.jpg\" data-width=\"303\" data-height=\"171\"><\/span><\/p>\n<p>Walking interview on the Walking Desk by journalist Marie Ameline (<a href=\"https:\/\/www.francebleu.fr\/infos\/economie-social\/la-nouvelle-eco-a-archamps-activup-concoit-des-bureaux-pour-marcher-en-travaillant-1638347142\" target=\"_blank\" rel=\"nofollow noopener\">article link<\/a>)<\/p>\n<h3>Bourdin \"I tested for you<\/h3>\n<p>Jean-Jacques Bourdin and his team from RMC tested the Walking Desk. Reduction of absenteeism and prevention of sedentary lifestyle.<\/p>\n<h3>Sud Radio \" Walking Desk Made in France<\/h3>\n<p>Interview in the morning show \"Made in France\" on Sud Radio. The desks of our Walking Desks are made in France.<\/p>\n<h3>TF1 TV news \" R\u00e9cr\u00e9a en marche au bureau \" (in French)<\/h3>\n<p>TF1 presents in its news program, the company R\u00e9cr\u00e9a, an ActivUP customer who improves its QWL (Quality of Life at Work) thanks to our Walking Desks<\/p>\n<h3>Matinale LCI \"Sport and work<\/h3>\n<p>Report on the Walking Desk ActivUP at the LCI morning show. Better than sport, you can work while walking, at the office<\/p>\n<h3>Capital \" ActivUP at R\u00e9cr\u00e9a<\/h3>\n<p>M6's Capital magazine met the employees of R\u00e9cr\u00e9a, an ActivUP client that encourages walking to work.<\/p>\n<h3>BFM Business - Tech and co<\/h3>\n<p>Live interview on the Tech and Co set hosted by S\u00e9bastien Couasnon. We talk about the challenges of physical activity at work.&nbsp;<\/p>\n<h3>Europe1 \" Well-being at work<\/h3>\n<p>Live on Europe1 by Rapha\u00eblle Duchemin in her program \"La France s'engage\". We talk about health and active well-being at work.<\/p>\n<h3>BFM Business with St\u00e9phane Soumier<\/h3>\n<p>Live on BFM with St\u00e9phane Soumier: \"ActivUP makes it possible to move around the office, without encroaching on working time\"<\/p>\n<h3>Executive Mail: Nokia walks in the office&nbsp;<\/h3>\n<p>Nokia testifies about its use of the Walking Desk, and plans to implement more of them soon. Report in their now active premises.<\/p>\n<h3>BFM TV: \"the mobile office on the move<\/h3>\n<p>The Walking Desk ActivUP live on BFM TV, with Anthony Morel. We talk about the benefits of walking in the office.<\/p>\n<h3>Bourdin on RMC D\u00e9couverte<\/h3>\n<p>Jean-Jacques Bourdin honors this French SME from Haute-Savoie that improves health at work \"The office of the future with carpet\"<\/p>\n<h3>TF1 news: Novartis and ActivUP<\/h3>\n<p>Novartis employee testifies on TV \"I am convinced that in the short term, the Walking Desk will benefit my health\".<\/p>\n<h3>France 5: \"Working at the office while walking<\/h3>\n<p>Arnaud V\u00e9rin, a manager in the Paris region, talks on France5 about his daily use of the Walking Desk: benefits and good practices<\/p>\n<h3>TV news: Cedexis works while walking<\/h3>\n<p>LesEchosTV interviewed Cedexis, an ActivUP customer: use in meetings, to make calls. The majority of employees use it.<\/p>\n<h3>RTS T\u00e9l\u00e9journal: Lausanne University Hospital<\/h3>\n<p>Report on Swiss television, with professor Francesca Amati from Lausanne who uses her Walking Desk ActivUP every day<\/p>\n<h3>St\u00e9phane Bern in \"Comment \u00e7a va bien<\/h3>\n<p>St\u00e9phane Bern on the Walking Desk live on France2. ActivUP: the healthy innovation for the office, easy to use and good for your health.<\/p>\n<h3>Direct8: Laurence Ferrari TV set<\/h3>\n<p>Live, on Direct8 with Roselyne Bachelot, Laurence Ferrari and even Nabilla. We talk about physical activity, not sport for health.<\/p>\n<h3>Digital Business News at Greenspace<\/h3>\n<p>Report in this Parisian coworking, client ActivUP. We talk about the work postures of the future and the important impact on productivity.<\/p>\n<h3>France3 Rh\u00f4ne-Alpes visits the ActivUP office<\/h3>\n<p>France3 report in the first offices of ActivUP. We talk about innovation, well-being and health in the office. And also productivity.<\/p>\n<h3>&nbsp;ActivUP at the JT of M6 : for the Walking Desk&nbsp;<\/h3>\n<p>1st TV report for ActivUP: on the M6 TV news. They talk about the genesis of ActivUP and the benefits of the Walking Desk at work<\/p>\n<p>__CONFIG_group_edit__{\"k7g25n3o\":{\"name\": \"All Icon(s)\", \"singular\":\"- Icon %s\"}, \"k7g25s38\u2033:{\"name\": \"All Contact Detail(s)\", \"singular\":\"- Text %s\"}, \"k7g26hhs\":{\"name\": \"All Contact Form Input(s)\", \"singular\": \"- Contact Form Input %s\"}}__CONFIG_group_edit____CONFIG_local_colors__{\" colors \":{\" c4549\u2033: \"Royal Blue\", \"56de9\u2033: \"Alabaster\", \"6957a\": \"Bunker\", \"ae168\u2033: \"Royal Blue\"}, \"gradients\":{}}__CONFIG_local_colors__    <\/p>\n<h2>Contact us<\/h2>\n<p>Would you like to know more and even test the Walking Desk in your company or in our showroom?<\/p>\n<p><span><img decoding=\"async\" alt=\"\" data-id=\"571\" width=\"164\" data-init-width=\"300\" height=\"164\" data-init-height=\"300\" title=\"telemarketing-call-center-transparent-600sq\" loading=\"lazy\" src=\"https:\/\/activup.net\/wp-content\/uploads\/2020\/11\/telemarketing-call-center-transparent-600sq-300x300.png\" data-width=\"164\" data-height=\"164\" style=\"\"><\/span>  <\/p>\n<p><strong>Our showrooms<\/strong> (by appointment only)<\/p>\n<p><strong>Paris 17th<\/strong> 27 rue des Renaudes<\/p>\n<p><strong>Archamps<\/strong> (Haute-Savoie)<\/p>\n<p>Call us at<\/p>\n<p><span data-attr-id=\"3\" data-extra_key=\"1\" data-option-inline=\"1\" data-shortcode=\"thrive_global_fields\" data-shortcode-name=\"[Company] Phone number\">+33 1 85 08 60 18<\/span><\/p>\n<p>[tcb-script charset=\"utf-8\u2033 type=\"text\/javascript\" src= \"\/\/js.hsforms.net\/forms\/shell.js\"][\/tcb-script] [tcb-script] hbspt.forms.create({ portalId: \"3959277\", formId: \"64249f84-222c-4072-9249-8fbc859e8545\" }); [\/tcb-script]  <\/p>","protected":false},"excerpt":{"rendered":"<p>Welcome Discover the Walking Desk in video Since its creation, the ActivUP solution has been featured in the media, particularly on television, with more than 20 airings. The radio and the written press have also widely relayed it.  Access the technical documentation Need help to install or use ? France [...]<\/p>","protected":false},"author":4,"featured_media":0,"parent":0,"menu_order":0,"comment_status":"closed","ping_status":"closed","template":"","meta":{"_seopress_robots_primary_cat":"","_seopress_titles_title":"Bienvenue dans la communaut\u00e9 des travailleurs-marcheurs","_seopress_titles_desc":"Plus de 22 passages \u00e0 la TV, des dizaines de passages dans la presse et \u00e0 la radio. Les m\u00e9dias pl\u00e9biscitent cette solution de sant\u00e9, de bien-\u00eatre et de productivit\u00e9, qui fonctionne. D\u00e9couvrez les replays des passages TV en vid\u00e9o.","_seopress_robots_index":"","bwfblock_default_font":"","footnotes":""},"wf_page_folders":[120],"class_list":["post-2939","page","type-page","status-publish","hentry","post-wrapper","thrv_wrapper"],"_links":{"self":[{"href":"https:\/\/activup.net\/en\/wp-json\/wp\/v2\/pages\/2939","targetHints":{"allow":["GET"]}}],"collection":[{"href":"https:\/\/activup.net\/en\/wp-json\/wp\/v2\/pages"}],"about":[{"href":"https:\/\/activup.net\/en\/wp-json\/wp\/v2\/types\/page"}],"author":[{"embeddable":true,"href":"https:\/\/activup.net\/en\/wp-json\/wp\/v2\/users\/4"}],"replies":[{"embeddable":true,"href":"https:\/\/activup.net\/en\/wp-json\/wp\/v2\/comments?post=2939"}],"version-history":[{"count":7,"href":"https:\/\/activup.net\/en\/wp-json\/wp\/v2\/pages\/2939\/revisions"}],"predecessor-version":[{"id":4116,"href":"https:\/\/activup.net\/en\/wp-json\/wp\/v2\/pages\/2939\/revisions\/4116"}],"wp:attachment":[{"href":"https:\/\/activup.net\/en\/wp-json\/wp\/v2\/media?parent=2939"}],"wp:term":[{"taxonomy":"wf_page_folders","embeddable":true,"href":"https:\/\/activup.net\/en\/wp-json\/wp\/v2\/wf_page_folders?post=2939"}],"curies":[{"name":"wp","href":"https:\/\/api.w.org\/{rel}","templated":true}]}}