{"id":424,"date":"2020-05-18T08:37:02","date_gmt":"2020-05-18T06:37:02","guid":{"rendered":"https:\/\/activupnet.eu2.copilhost.cloud\/?page_id=424"},"modified":"2023-05-07T18:12:17","modified_gmt":"2023-05-07T16:12:17","slug":"acheter-walking-desk","status":"publish","type":"page","link":"https:\/\/activup.net\/en\/acheter-walking-desk\/","title":{"rendered":"Buy a Walking Desk"},"content":{"rendered":"<h1 style=\"text-align: center;\">Buy a Walking Desk<\/h1>\n<p style=\"text-align: center;\">The solution to walk to the office without thinking about it<\/p>\n<p style=\"text-align: center;\">Whether for you or for your employees, the Walking Desk has many benefits on well-being, health and productivity.&nbsp;<\/p>\n<p>__CONFIG_group_edit__{}__CONFIG_group_edit____CONFIG_local_colors__{\"colors\":{\" 5b254\u2033: \"Link Water\", \"798b5\u2033: \"Bunker\", \"6cdfd\": \"Royal Blue\"}, \"gradients\":{}}__CONFIG_local_colors__        <span><img decoding=\"async\" alt=\"\" data-id=\"296\" width=\"493\" data-init-width=\"500\" height=\"299\" data-init-height=\"304\" title=\"laptop-weight-loss-500\" src=\"https:\/\/activup.net\/wp-content\/uploads\/2020\/05\/laptop-weight-loss-500.png\" data-width=\"493\" data-height=\"299\" loading=\"lazy\"><\/span>   <\/p>\n<p>Lose weight<\/p>\n<h2>Lose weight<\/h2>\n<h2>without diet or sport<\/h2>\n<p style=\"text-align: justify;\">For <a href=\"https:\/\/maigrir-au-bureau.com\/?utm_source=activup&amp;utm_medium=link\" style=\"outline: none;\" data-shortcode-id=\"29\" data-dynamic-link=\"thrive_global_fields_url\" data-custom-shortcode=\"\">lose weight without diet or sport<\/a>All you have to do is walk enough, a little, every day. ActivUP has just released the \" <span data-attr-id=\"29\" data-attr-static-link=\"{&quot;className&quot;:&quot;tve-froala fr-basic&quot;,&quot;href&quot;:&quot;https:\/\/activup.net\/maigrir-en-marchant&quot;,&quot;target&quot;:&quot;_blank&quot;,&quot;class&quot;:&quot;tve-froala fr-basic&quot;}\" data-extra_key=\"4\" data-option-inline=\"1\" data-shortcode=\"thrive_global_fields\" data-shortcode-name=\"[Internal Links] FR-Perte de poids\"><a href=\"https:\/\/maigrir-au-bureau.com\/?utm_source=activup&amp;utm_medium=link\" target=\"_blank\" rel=\"noopener\">Lose weight at the office<\/a><\/span>&nbsp;\". Click below to learn more.<\/p>\n<p>__CONFIG_colors_palette__{\"active_palette \":0, \"config \":{\" colors \":{\" 62516 \":{\" name \": \"Main Accent \", \"parent \":-1}}, \"gradients \":[]}, \"palettes\":[{\"name\": \"Default Palette\", \"value\":{\" colors \":{\" 62516 \":{\" val \": \"rgb(76, 168, 71) \", \"hsl \":{\" h \":116, \"s \":0.41, \"l \":0.47}}}, \"gradients \":[]}}]}__CONFIG_colors_palette__ <a href=\"https:\/\/maigrir-au-bureau.com\/?utm_source=activup&amp;utm_medium=link\" data-shortcode-id=\"29\" data-dynamic-link=\"thrive_global_fields_url\"><span>  <\/span> <span><span>Lose weight while walking<\/span><\/span> <\/a>   <span><img decoding=\"async\" alt=\"\" data-id=\"266\" width=\"350\" data-init-width=\"300\" height=\"233\" data-init-height=\"200\" title=\"BouyguesNextDoor-5-600pL\" src=\"https:\/\/activup.net\/wp-content\/uploads\/2020\/05\/BouyguesNextDoor-5-600pL-300x200.jpg\" data-width=\"350\" data-height=\"233\" style=\"\" loading=\"lazy\"><\/span><\/p>\n<h2 style=\"text-align: center;\">Walking Desk<\/h2>\n<h2 style=\"text-align: center;\">for companies<\/h2>\n<p style=\"text-align: center;\">From<\/p>\n<h2 style=\"text-align: center;\">3200\u20ac HT<\/h2>\n<p><span><img decoding=\"async\" alt=\"\" data-id=\"1345\" width=\"350\" data-init-width=\"600\" height=\"233\" data-init-height=\"400\" title=\"AU202ED-120-bas-iso-600x400\" src=\"https:\/\/activup.net\/wp-content\/uploads\/2021\/03\/AU202ED-120-bas-iso-600x400-1.jpg\" data-width=\"350\" data-height=\"233\" style=\"\" loading=\"lazy\"><\/span><\/p>\n<h2 style=\"text-align: center;\">Walking Desk<\/h2>\n<h2 style=\"text-align: center;\">at home<\/h2>\n<p style=\"text-align: center;\">From<\/p>\n<h2 style=\"text-align: center;\">2460\u20ac or 99\u20ac\/month<\/h2>\n<p><span><img decoding=\"async\" alt=\"\" data-id=\"1352\" width=\"350\" data-init-width=\"600\" height=\"233\" data-init-height=\"400\" title=\"LSHomeSetting600pL-600x400\" src=\"https:\/\/activup.net\/wp-content\/uploads\/2021\/03\/LSHomeSetting600pL-600x400-1.jpg\" data-width=\"350\" data-height=\"233\" style=\"\" loading=\"lazy\"><\/span><\/p>\n<h2 style=\"text-align: center;\">Walking Desk for your telecommuting employees<\/h2>\n<p style=\"text-align: center;\">From<\/p>\n<h2 style=\"text-align: center;\">99\u20ac HT\/month<\/h2>\n<p style=\"text-align: center;\">Walking Desks at our customers' sites<\/p>\n<h2 style=\"text-align: center;\">An infinite number of possible layouts<\/h2>\n<p><span><img decoding=\"async\" alt=\"\" data-id=\"266\" width=\"253\" data-init-width=\"900\" height=\"169\" data-init-height=\"600\" title=\"BouyguesNextDoor-5-600pL\" src=\"https:\/\/activup.net\/wp-content\/uploads\/2020\/05\/BouyguesNextDoor-5-600pL.jpg\" data-width=\"253\" data-height=\"169\" style=\"\" loading=\"lazy\"><\/span><span><img decoding=\"async\" alt=\"\" data-id=\"265\" width=\"253\" data-init-width=\"900\" height=\"169\" data-init-height=\"600\" title=\"AllianzRiviera-4336-600pL\" src=\"https:\/\/activup.net\/wp-content\/uploads\/2020\/05\/AllianzRiviera-4336-600pL.jpg\" data-width=\"253\" data-height=\"169\" loading=\"lazy\"><\/span><span><img decoding=\"async\" alt=\"\" data-id=\"264\" width=\"253\" data-init-width=\"900\" height=\"169\" data-init-height=\"600\" title=\"SNCF-WalkingMeetingRoom-0836-600pL\" src=\"https:\/\/activup.net\/wp-content\/uploads\/2020\/05\/SNCF-WalkingMeetingRoom-0836-600pL.jpg\" data-width=\"253\" data-height=\"169\" loading=\"lazy\"><\/span><span><img decoding=\"async\" alt=\"\" data-id=\"263\" width=\"253\" data-init-width=\"900\" height=\"169\" data-init-height=\"600\" title=\"WalkingMeetingRoom-2953-600pL\" src=\"https:\/\/activup.net\/wp-content\/uploads\/2020\/05\/WalkingMeetingRoom-2953-600pL.jpg\" data-width=\"253\" data-height=\"169\" loading=\"lazy\"><\/span><span><img decoding=\"async\" alt=\"\" data-id=\"262\" width=\"253\" data-init-width=\"900\" height=\"169\" data-init-height=\"600\" title=\"LifespanHomeSetting600pL\" src=\"https:\/\/activup.net\/wp-content\/uploads\/2020\/05\/LifespanHomeSetting600pL.jpg\" data-width=\"253\" data-height=\"169\" style=\"\" loading=\"lazy\"><\/span><span><img decoding=\"async\" alt=\"\" data-id=\"261\" width=\"253\" data-init-width=\"900\" height=\"169\" data-init-height=\"600\" title=\"Loreal-WalkingMeetingRoom-3741-600pL\" src=\"https:\/\/activup.net\/wp-content\/uploads\/2020\/05\/Loreal-WalkingMeetingRoom-3741-600pL.jpg\" data-width=\"253\" data-height=\"169\" loading=\"lazy\"><\/span><span><img decoding=\"async\" alt=\"\" data-id=\"260\" width=\"253\" data-init-width=\"900\" height=\"169\" data-init-height=\"600\" title=\"LifespanCubicle600pL\" src=\"https:\/\/activup.net\/wp-content\/uploads\/2020\/05\/LifespanCubicle600pL.jpg\" data-width=\"253\" data-height=\"169\" loading=\"lazy\"><\/span><span><img decoding=\"async\" alt=\"\" data-id=\"259\" width=\"253\" data-init-width=\"900\" height=\"169\" data-init-height=\"600\" title=\"EY-Lifespan-PingPong600pL\" src=\"https:\/\/activup.net\/wp-content\/uploads\/2020\/05\/EY-Lifespan-PingPong600pL.jpg\" data-width=\"253\" data-height=\"169\" loading=\"lazy\"><\/span>   <\/p>\n<h2 style=\"text-align: center;\"><strong> ActivUP, the reference for the Walking Desk<\/strong><\/h2>\n<h3 style=\"text-align: center;\"><span style=\"\">More than 300 clients<\/span><\/h3>\n<p><span><img decoding=\"async\" alt=\"\" data-id=\"175\" width=\"350\" data-init-width=\"640\" height=\"197\" data-init-height=\"360\" title=\"references-clients-ActivUP-2020-640x360-1\" loading=\"lazy\" src=\"https:\/\/activup.net\/wp-content\/uploads\/2020\/05\/references-clients-ActivUP-2020-640x360-1.jpg\" data-width=\"350\" data-height=\"197\" style=\"\"><\/span><\/p>\n<h3 style=\"text-align: center;\">23 TV appearances<\/h3>\n<p><span><a href=\"https:\/\/activup.net\/en\/presse\/\" data-shortcode-id=\"27\" data-dynamic-link=\"thrive_global_fields_url\"><img decoding=\"async\" alt=\"\" data-id=\"176\" width=\"339\" data-init-width=\"640\" height=\"191\" data-init-height=\"360\" title=\"retombees-presse-640x360-1\" loading=\"lazy\" src=\"https:\/\/activup.net\/wp-content\/uploads\/2020\/05\/retombees-presse-640x360-1.jpg\" data-width=\"339\" data-height=\"191\" data-link-wrap=\"true\"><\/a><\/span><\/p>\n<h3 style=\"text-align: center;\">An award-winning solution<\/h3>\n<p><span><a href=\"https:\/\/activup.net\/en\/distinctions\/\" data-shortcode-id=\"28\" data-dynamic-link=\"thrive_global_fields_url\"><img decoding=\"async\" alt=\"\" data-id=\"174\" width=\"339\" data-init-width=\"640\" height=\"191\" data-init-height=\"360\" title=\"infographie-trophee-640x360\" loading=\"lazy\" src=\"https:\/\/activup.net\/wp-content\/uploads\/2020\/05\/infographie-trophee-640x360-1.jpg\" data-width=\"339\" data-height=\"191\" data-link-wrap=\"true\"><\/a><\/span> __CONFIG_group_edit__{\"k7g25n3o\":{\"name\": \"All Icon(s)\", \"singular\":\"- Icon %s\"}, \"k7g25s38\u2033:{\"name\": \"All Contact Detail(s)\", \"singular\":\"- Text %s\"}, \"k7g26hhs\":{\"name\": \"All Contact Form Input(s)\", \"singular\": \"- Contact Form Input %s\"}}__CONFIG_group_edit____CONFIG_local_colors__{\" colors \":{\" c4549\u2033: \"Royal Blue\", \"56de9\u2033: \"Alabaster\", \"6957a\": \"Bunker\", \"ae168\u2033: \"Royal Blue\"}, \"gradients\":{}}__CONFIG_local_colors__    <\/p>\n<h2>Contact us<\/h2>\n<p>Would you like to know more and even test the Walking Desk in your company or in our showroom?<\/p>\n<p><span><img decoding=\"async\" alt=\"\" data-id=\"571\" width=\"164\" data-init-width=\"300\" height=\"164\" data-init-height=\"300\" title=\"telemarketing-call-center-transparent-600sq\" loading=\"lazy\" src=\"https:\/\/activup.net\/wp-content\/uploads\/2020\/11\/telemarketing-call-center-transparent-600sq-300x300.png\" data-width=\"164\" data-height=\"164\" style=\"\"><\/span>  <\/p>\n<p><strong>Our showrooms<\/strong> (by appointment only)<\/p>\n<p><strong>Paris 17th<\/strong> 27 rue des Renaudes<\/p>\n<p><strong>Archamps<\/strong> (Haute-Savoie)<\/p>\n<p>Call us at<\/p>\n<p><span data-attr-id=\"3\" data-extra_key=\"1\" data-option-inline=\"1\" data-shortcode=\"thrive_global_fields\" data-shortcode-name=\"[Company] Phone number\">+33 1 85 08 60 18<\/span><\/p>\n<div class='fluentform ff-default fluentform_wrapper_2 ffs_default_wrap'><form data-form_id=\"2\" id=\"fluentform_2\" class=\"frm-fluent-form fluent_form_2 ff-el-form-top ff_form_instance_2_1 ff-form-loading ff_has_v3_recptcha ffs_default\" data-form_instance=\"ff_form_instance_2_1\" method=\"POST\" data-recptcha_key=\"6LcaRdUkAAAAANwFcx2DAcZt1T8_a1cMrBUIxqXW\" action=\"\" ><fieldset  style=\"border: none!important;margin: 0!important;padding: 0!important;background-color: transparent!important;box-shadow: none!important;outline: none!important; min-inline-size: 100%;\">\n                    <legend class=\"ff_screen_reader_title\" style=\"display: block; margin: 0!important;padding: 0!important;height: 0!important;text-indent: -999999px;width: 0!important;overflow:hidden;\">Contact Form En<\/legend><input type='hidden' name='__fluent_form_embded_post_id' value='424' \/><input type=\"hidden\" id=\"_fluentform_2_fluentformnonce\" name=\"_fluentform_2_fluentformnonce\" value=\"4ea592806a\" \/><input type=\"hidden\" name=\"_wp_http_referer\" value=\"\/en\/wp-json\/wp\/v2\/pages\/424\" \/><div class='ff-el-group'><div class=\"ff-el-input--label ff-el-is-required asterisk-right\"><label for='ff_2_email' id='label_ff_2_email' aria-label=\"Email\">Email<\/label><\/div><div class='ff-el-input--content'><input type=\"email\" name=\"email\" id=\"ff_2_email\" class=\"ff-el-form-control\" placeholder=\"Your email address...\" data-name=\"email\"  aria-invalid=\"false\" aria-required=\"true\"><\/div><\/div><div data-type=\"name-element\" data-name=\"names\" class=\"ff-field_container ff-name-field-wrapper\" ><div class='ff-t-container'><div class='ff-t-cell'><div class='ff-el-group'><div class=\"ff-el-input--label ff-el-is-required asterisk-right\"><label for='ff_2_names_first_name_' id='label_ff_2_names_first_name_' >First name<\/label><\/div><div class='ff-el-input--content'><input type=\"text\" name=\"names[first_name]\" id=\"ff_2_names_first_name_\" class=\"ff-el-form-control\" placeholder=\"Your first name...\" aria-invalid=\"false\" aria-required=\"true\"><\/div><\/div><\/div><div class='ff-t-cell'><div class='ff-el-group'><div class=\"ff-el-input--label ff-el-is-required asterisk-right\"><label for='ff_2_names_last_name_' id='label_ff_2_names_last_name_' >Name<\/label><\/div><div class='ff-el-input--content'><input type=\"text\" name=\"names[last_name]\" id=\"ff_2_names_last_name_\" class=\"ff-el-form-control\" placeholder=\"Your last name...\" aria-invalid=\"false\" aria-required=\"true\"><\/div><\/div><\/div><\/div><\/div><div data-name=\"ff_cn_id_1\"  class='ff-t-container ff-column-container ff_columns_total_2'><div class='ff-t-cell ff-t-column-1' style='flex-basis: 50%;'><div class='ff-el-group'><div class=\"ff-el-input--label asterisk-right\"><label for='ff_2_company' id='label_ff_2_company' aria-label=\"Company\">Company<\/label><\/div><div class='ff-el-input--content'><input type=\"text\" name=\"company\" class=\"ff-el-form-control\" data-name=\"company\" id=\"ff_2_company\"  aria-invalid=\"false\" aria-required=\"false\"><\/div><\/div><\/div><div class='ff-t-cell ff-t-column-2' style='flex-basis: 50%;'><div class='ff-el-group'><div class=\"ff-el-input--label asterisk-right\"><label for='ff_2_phone' id='label_ff_2_phone' aria-label=\"Mobile\">Mobile<\/label><\/div><div class='ff-el-input--content'><input name=\"phone\" class=\"ff-el-form-control ff-el-phone\" type=\"tel\" placeholder=\"Your mobile number...\" data-name=\"phone\" id=\"ff_2_phone\" inputmode=\"tel\"  aria-invalid='false' aria-required=\"false\"><\/div><\/div><\/div><\/div><div class='ff-el-group'><div class=\"ff-el-input--label ff-el-is-required asterisk-right\"><label for='ff_2_subject' id='label_ff_2_subject' aria-label=\"Your request\">Your request<\/label><\/div><div class='ff-el-input--content'><input type=\"text\" name=\"subject\" class=\"ff-el-form-control\" placeholder=\"Subject of your request...\" data-name=\"subject\" id=\"ff_2_subject\"  aria-invalid=\"false\" aria-required=\"true\"><\/div><\/div><div class='ff-el-group'><div class=\"ff-el-input--label ff-el-is-required asterisk-right\"><label for='ff_2_message' id='label_ff_2_message' aria-label=\"Your message\">Your message<\/label><\/div><div class='ff-el-input--content'><textarea aria-required=\"true\" aria-labelledby=\"label_ff_2_message\" name=\"message\" id=\"ff_2_message\" class=\"ff-el-form-control\" placeholder=\"Content of your message...\" rows=\"6\" cols=\"2\" data-name=\"message\" ><\/textarea><\/div><\/div><input type=\"hidden\" name=\"utm_hist\" data-name=\"utm_hist\" ><input type=\"hidden\" name=\"ref_hist\" data-name=\"ref_hist\" ><input type=\"hidden\" name=\"form_name\" value=\"Contact Form\" data-name=\"form_name\" ><input type=\"hidden\" name=\"valid_url\" data-name=\"valid_url\" ><input type=\"hidden\" name=\"submit_url\" value=\"https:\/\/activup.net\/en\/wp-json\/wp\/v2\/pages\/424\" data-name=\"submit_url\" ><input type=\"hidden\" name=\"utm_src\" data-name=\"utm_src\" ><input type=\"hidden\" name=\"utm_cpn\" data-name=\"utm_cpn\" ><input type=\"hidden\" name=\"utm_mdm\" data-name=\"utm_mdm\" ><input type=\"hidden\" name=\"utm_cnt\" data-name=\"utm_cnt\" ><input type=\"hidden\" name=\"utm_trm\" data-name=\"utm_trm\" ><input type=\"hidden\" name=\"clid\" data-name=\"clid\" ><input type=\"hidden\" name=\"hubspotutk\" data-name=\"hubspotutk\" ><input type=\"hidden\" name=\"submit_urls\" value=\"https:\/\/activup.net\/en\/wp-json\/wp\/v2\/pages\/424\" data-name=\"submit_urls\" ><div class='ff-el-group ff-text-left ff_submit_btn_wrapper'><button type=\"submit\" class=\"ff-btn ff-btn-submit ff-btn-md ff_btn_style\"  aria-label=\"Send the request\">Send the request<\/button><\/div><\/fieldset><input type=\"hidden\" name=\"trp-form-language\" value=\"en\"\/><\/form><div id='fluentform_2_errors' class='ff-errors-in-stack ff_form_instance_2_1 ff-form-loading_errors ff_form_instance_2_1_errors'><\/div><\/div>            <script type=\"text\/javascript\">\n                window.fluent_form_ff_form_instance_2_1 = {\"id\":\"2\",\"settings\":{\"layout\":{\"labelPlacement\":\"top\",\"helpMessagePlacement\":\"with_label\",\"errorMessagePlacement\":\"inline\",\"cssClassName\":\"\",\"asteriskPlacement\":\"asterisk-right\"},\"restrictions\":{\"denyEmptySubmission\":{\"enabled\":false}}},\"form_instance\":\"ff_form_instance_2_1\",\"form_id_selector\":\"fluentform_2\",\"rules\":{\"email\":{\"required\":{\"value\":true,\"message\":\"Ce champ est obligatoire\"},\"email\":{\"value\":true,\"message\":\"Ce champ doit \\u00eatre une adresse email valide\"}},\"names[first_name]\":{\"required\":{\"value\":true,\"message\":\"Ce champ est obligatoire\"}},\"names[middle_name]\":{\"required\":{\"value\":false,\"message\":\"This field is required\"}},\"names[last_name]\":{\"required\":{\"value\":true,\"message\":\"Ce champ est obligatoire\"}},\"company\":{\"required\":{\"value\":false,\"message\":\"Ce champ est obligatoire\"}},\"phone\":{\"required\":{\"value\":false,\"message\":\"Ce champ est requis\"},\"valid_phone_number\":{\"value\":false,\"message\":\"Le num\\u00e9ro de t\\u00e9l\\u00e9phone n'est pas valide\"}},\"subject\":{\"required\":{\"value\":true,\"message\":\"Ce champ est obligatoire\"}},\"message\":{\"required\":{\"value\":true,\"message\":\"Ce champ est obligatoire\"}},\"g-recaptcha-response\":[]},\"debounce_time\":300};\n                            <\/script>","protected":false},"excerpt":{"rendered":"<p>Buy a Walking Desk The solution to walking in the office, without thinking about it Whether it's for you or for your employees, the Walking Desk brings many benefits on well-being, health and productivity.  __CONFIG_group_edit__{}__CONFIG_group_edit____CONFIG_local_colors__{\" colors \":{\" 5b254\u2033: \"Link Water\", \"798b5\u2033: \"Bunker\", \"6cdfd\": \"Royal Blue\"}, \"gradients\":{}}__CONFIG_local_colors__ Lose weight Lose weight without dieting or exercising To lose weight without dieting or exercising, it [...]<\/p>","protected":false},"author":4,"featured_media":0,"parent":0,"menu_order":0,"comment_status":"closed","ping_status":"closed","template":"","meta":{"_seopress_robots_primary_cat":"","_seopress_titles_title":"Acheter un Walking Desk ActivUP","_seopress_titles_desc":"La solution pour marcher au bureau, sans y consacrer du temps.\r\nQue ce soit pour vous ou pour vos collaborateurs, le Walking Desk apporte de nombreux bienfaits sur le bien-\u00eatre, la sant\u00e9 et la productivit\u00e9.","_seopress_robots_index":"","bwfblock_default_font":"","footnotes":""},"wf_page_folders":[69],"class_list":["post-424","page","type-page","status-publish","hentry","post-wrapper","thrv_wrapper"],"_links":{"self":[{"href":"https:\/\/activup.net\/en\/wp-json\/wp\/v2\/pages\/424","targetHints":{"allow":["GET"]}}],"collection":[{"href":"https:\/\/activup.net\/en\/wp-json\/wp\/v2\/pages"}],"about":[{"href":"https:\/\/activup.net\/en\/wp-json\/wp\/v2\/types\/page"}],"author":[{"embeddable":true,"href":"https:\/\/activup.net\/en\/wp-json\/wp\/v2\/users\/4"}],"replies":[{"embeddable":true,"href":"https:\/\/activup.net\/en\/wp-json\/wp\/v2\/comments?post=424"}],"version-history":[{"count":56,"href":"https:\/\/activup.net\/en\/wp-json\/wp\/v2\/pages\/424\/revisions"}],"predecessor-version":[{"id":12927,"href":"https:\/\/activup.net\/en\/wp-json\/wp\/v2\/pages\/424\/revisions\/12927"}],"wp:attachment":[{"href":"https:\/\/activup.net\/en\/wp-json\/wp\/v2\/media?parent=424"}],"wp:term":[{"taxonomy":"wf_page_folders","embeddable":true,"href":"https:\/\/activup.net\/en\/wp-json\/wp\/v2\/wf_page_folders?post=424"}],"curies":[{"name":"wp","href":"https:\/\/api.w.org\/{rel}","templated":true}]}}