{"id":4311,"date":"2022-04-15T16:33:44","date_gmt":"2022-04-15T14:33:44","guid":{"rendered":"https:\/\/activupnet.eu2.copilhost.cloud\/contact\/clone-of-merci-pour-votre-demande-entreprise\/"},"modified":"2022-04-15T16:39:41","modified_gmt":"2022-04-15T14:39:41","slug":"thankyou-guideqvt","status":"publish","type":"page","link":"https:\/\/activup.net\/en\/qvt-qualite-vie-travail-walking-desk\/thankyou-guideqvt\/","title":{"rendered":"Thank you for your request - QWL Guide"},"content":{"rendered":"<h1 style=\"text-align: center;\">Thank you for downloading the QWL GUIDE&nbsp;<\/h1>\n<p style=\"text-align: center; font-size: 50px !important;\">Discover how the ActivUP Walking Desk can improve the QWL in your company<\/p>\n<p style=\"text-align: center;\">Your request has been registered. You will receive the guide in a few minutes. Please check your spam filter, if not, we will contact you soon. If you wish, you can also contact us directly by phone at +33 1 85 08 60 18. Our opening hours are: Monday to Friday from 9am to 7pm.<\/p>\n<h2 style=\"text-align: center;\">In the meantime, you can watch our TV shows&nbsp;<\/h2>\n<p>France 2 - News<\/p>\n<h2>\"Sedentary lifestyle and back pain<\/h2>\n<p>In this report aired in October 2020 at the 20h of France 2, the physiotherapist Gregoire Gibault who promotes the fact of moving more! This can significantly reduce back pain.<\/p>\n<\/p>\n<p>You can also watch the testimonial of Pierre Gaudet, manager of Steerfox, who uses his Walking Desk 1 hour a day (from 4m06 in the video).<\/p>\n<p>France 2 - Michel Cymes<\/p>\n<h2>Preserving our back<\/h2>\n<p>In Michel Cymes' show, Les pouvoirs du corps humain, Benoit Pereira, an ActivUP client, presents his workstation while walking. The virtues of walking to reduce back pain have been known since antiquity. And in the office, sitting all day is deleterious. The ActivUP Walking Desk is the perfect solution to relieve your back while you work.<\/p>\n<p><span data-attr-id=\"25\" data-attr-static-link=\"{&quot;className&quot;:&quot;tve-froala fr-basic&quot;,&quot;href&quot;:&quot;https:\/\/activup.net\/fr\/acheter-walking-desk\/&quot;,&quot;target&quot;:&quot;_blank&quot;,&quot;class&quot;:&quot;tve-froala fr-basic&quot;}\" data-extra_key=\"4\" data-option-inline=\"1\" data-shortcode=\"thrive_global_fields\" data-shortcode-name=\"[Internal Links] FR-Acheter\"><a href=\"https:\/\/activup.net\/en\/acheter-walking-desk\/\" target=\"_blank\" class=\"tve-froala fr-basic\">Buy a Walking Desk<\/a><\/span><\/p>\n<p>T\u00e9l\u00e9vision Suisse Romande (TSR)<\/p>\n<h2>\"The chair that kills<\/h2>\n<p>In this report broadcast in October 2019 on TSR (T\u00e9l\u00e9vision Suisse Romande), professors Fran\u00e7ois Carr\u00e9 and present the reasons why it is important to be physically active throughout the day. ActivUP is presented as the office solution for workers with sedentary workstations. An ActivUP client testifies about the popularity of the Walking Desk in his company.<\/p>\n<p>M6 - Prime time<\/p>\n<h2>\"My invention is worth its weight in gold<\/h2>\n<p>ActivUP was invited to present its Walking Desk in the M6 show \"Mon invention vaut de l'or\" (My invention is worth its weight in gold). Marc Thouvenin's children, Sarah and Maxime, were also invited and were able to present the solution to the viewers. The solution is very innovative but is still aimed at companies and professionals. Since this show, new products for individuals are now available, and are even sold online here.<\/p>\n<p><span data-attr-id=\"25\" data-attr-static-link=\"{&quot;className&quot;:&quot;tve-froala fr-basic&quot;,&quot;href&quot;:&quot;https:\/\/activup.net\/fr\/acheter-walking-desk\/&quot;,&quot;target&quot;:&quot;_blank&quot;,&quot;class&quot;:&quot;tve-froala fr-basic&quot;}\" data-extra_key=\"4\" data-option-inline=\"1\" data-shortcode=\"thrive_global_fields\" data-shortcode-name=\"[Internal Links] FR-Acheter\"><a href=\"https:\/\/activup.net\/en\/acheter-walking-desk\/\" target=\"_blank\" class=\"tve-froala fr-basic\">Buy a Walking Desk<\/a><\/span><\/p>","protected":false},"excerpt":{"rendered":"<p>Thank you for downloading the QWL GUIDE Discover how the ActivUP Walking Desk can improve the QWL in your company Your request has been registered. You will receive the guide in a few minutes. Please check your spam filter, if not, we will contact you soon. If you wish, you can also contact us [...]<\/p>","protected":false},"author":4,"featured_media":0,"parent":1244,"menu_order":0,"comment_status":"closed","ping_status":"closed","template":"","meta":{"_seopress_robots_primary_cat":"","_seopress_titles_title":"","_seopress_titles_desc":"","_seopress_robots_index":"","bwfblock_default_font":"","footnotes":""},"wf_page_folders":[123],"class_list":["post-4311","page","type-page","status-publish","hentry","post-wrapper","thrv_wrapper"],"_links":{"self":[{"href":"https:\/\/activup.net\/en\/wp-json\/wp\/v2\/pages\/4311","targetHints":{"allow":["GET"]}}],"collection":[{"href":"https:\/\/activup.net\/en\/wp-json\/wp\/v2\/pages"}],"about":[{"href":"https:\/\/activup.net\/en\/wp-json\/wp\/v2\/types\/page"}],"author":[{"embeddable":true,"href":"https:\/\/activup.net\/en\/wp-json\/wp\/v2\/users\/4"}],"replies":[{"embeddable":true,"href":"https:\/\/activup.net\/en\/wp-json\/wp\/v2\/comments?post=4311"}],"version-history":[{"count":2,"href":"https:\/\/activup.net\/en\/wp-json\/wp\/v2\/pages\/4311\/revisions"}],"predecessor-version":[{"id":4314,"href":"https:\/\/activup.net\/en\/wp-json\/wp\/v2\/pages\/4311\/revisions\/4314"}],"up":[{"embeddable":true,"href":"https:\/\/activup.net\/en\/wp-json\/wp\/v2\/pages\/1244"}],"wp:attachment":[{"href":"https:\/\/activup.net\/en\/wp-json\/wp\/v2\/media?parent=4311"}],"wp:term":[{"taxonomy":"wf_page_folders","embeddable":true,"href":"https:\/\/activup.net\/en\/wp-json\/wp\/v2\/wf_page_folders?post=4311"}],"curies":[{"name":"wp","href":"https:\/\/api.w.org\/{rel}","templated":true}]}}