{"id":4868,"date":"2022-06-07T09:23:53","date_gmt":"2022-06-07T07:23:53","guid":{"rendered":"https:\/\/activupnet.eu2.copilhost.cloud\/20raisons\/clone-of-clone-page-activup\/"},"modified":"2022-06-14T10:43:25","modified_gmt":"2022-06-14T08:43:25","slug":"20raisonsold","status":"publish","type":"page","link":"https:\/\/activup.net\/en\/20raisonsold\/","title":{"rendered":"20 reasons to work while walking OLD"},"content":{"rendered":"<h1 style=\"text-align: center;\">The benefits of the Walking Desk<\/h1>\n<p style=\"text-align: center;\">With a Walking Desk,<\/p>\n<p style=\"text-align: center;\">your life will never be the same again<\/p>\n<p style=\"text-align: center;\">Walking at the office on an ActivUP Walking Desk will bring you many benefits, in terms of health, productivity and well-being.<\/p>\n<h2 style=\"text-align: left; color: var(--tcb-skin-color-2)  !important; --tcb-applied-color:var$(--tcb-skin-color-2)  !important;\">The benefits of the Walking Desk for your health and that of your employees<\/h2>\n<p><span><img decoding=\"async\" alt=\"\" data-id=\"518\" width=\"533\" data-init-width=\"600\" height=\"355\" data-init-height=\"400\" title=\"Health-Heart-600x400\" loading=\"lazy\" src=\"https:\/\/activup.net\/wp-content\/uploads\/2020\/08\/Health-Heart-600x400-1.png\" data-width=\"533\" data-height=\"355\"><\/span><span><img decoding=\"async\" alt=\"\" data-id=\"294\" width=\"60\" data-init-width=\"256\" height=\"60\" data-init-height=\"256\" title=\"weightloss-2622022\" src=\"https:\/\/activup.net\/wp-content\/uploads\/2020\/05\/weightloss-2622022.png\" data-width=\"60\" data-height=\"60\" style=\"\" loading=\"lazy\"><\/span><\/p>\n<h3 style=\"text-align: left;\">Weight loss<\/h3>\n<p style=\"text-align: left;\">Walking every day, while you work, allows you to lose weight simply, without effort or time.<\/p>\n<p><span><img decoding=\"async\" alt=\"\" data-id=\"141\" width=\"60\" data-init-width=\"512\" height=\"60\" data-init-height=\"512\" title=\"back-pain-1683154\" src=\"https:\/\/activup.net\/wp-content\/uploads\/2020\/05\/back-pain-1683154.png\" data-width=\"60\" data-height=\"60\" style=\"\" loading=\"lazy\"><\/span><\/p>\n<h3 style=\"text-align: left;\">Back pain<\/h3>\n<p style=\"text-align: left;\">Walking stretches the back muscles and the upright posture releases tension.<\/p>\n<p><span><img decoding=\"async\" alt=\"\" data-id=\"170\" width=\"60\" data-init-width=\"512\" height=\"60\" data-init-height=\"512\" title=\"043-heart-disease\" src=\"https:\/\/activup.net\/wp-content\/uploads\/2020\/05\/043-heart-disease.png\" data-width=\"60\" data-height=\"60\" style=\"\" loading=\"lazy\"><\/span><\/p>\n<h3 style=\"text-align: left;\">Cardiovascular<\/h3>\n<p style=\"text-align: left;\">Walking in the office ensures a steady increase in heart rate.&nbsp;<\/p>\n<p><span><img decoding=\"async\" alt=\"\" data-id=\"171\" width=\"60\" data-init-width=\"512\" height=\"60\" data-init-height=\"512\" title=\"029-diabetes\" src=\"https:\/\/activup.net\/wp-content\/uploads\/2020\/05\/029-diabetes.png\" data-width=\"60\" data-height=\"60\" style=\"\" loading=\"lazy\"><\/span><\/p>\n<h3 style=\"text-align: left;\">Diabetes<\/h3>\n<p style=\"text-align: left;\">The Walking Desk facilitates the regulation of blood sugar levels for diabetics during the day.<\/p>\n<p><span><img decoding=\"async\" alt=\"\" data-id=\"172\" width=\"60\" data-init-width=\"512\" height=\"60\" data-init-height=\"512\" title=\"015-breast-cancer\" src=\"https:\/\/activup.net\/wp-content\/uploads\/2020\/05\/015-breast-cancer.png\" data-width=\"60\" data-height=\"60\" style=\"\" loading=\"lazy\"><\/span><\/p>\n<h3 style=\"text-align: left;\">Cancer<\/h3>\n<p style=\"text-align: left;\">Physical activity can prevent and even cure certain cancers (breast, colon, etc.).<\/p>\n<p><span><img decoding=\"async\" alt=\"\" data-id=\"156\" width=\"60\" data-init-width=\"512\" height=\"60\" data-init-height=\"512\" title=\"immune\" src=\"https:\/\/activup.net\/wp-content\/uploads\/2020\/05\/immune.png\" data-width=\"60\" data-height=\"60\" style=\"\" loading=\"lazy\"><\/span><\/p>\n<h3 style=\"text-align: left;\">Immune system<\/h3>\n<p style=\"text-align: left;\">Regular movement during the day helps to strengthen the immune system.<\/p>\n<p><span><img decoding=\"async\" alt=\"\" data-id=\"154\" width=\"60\" data-init-width=\"512\" height=\"60\" data-init-height=\"512\" title=\"prevention\" src=\"https:\/\/activup.net\/wp-content\/uploads\/2020\/05\/prevention.png\" data-width=\"60\" data-height=\"60\" style=\"\" loading=\"lazy\"><\/span><\/p>\n<h3 style=\"text-align: left;\">Prevention<\/h3>\n<p style=\"text-align: left;\">Walking helps prevent and treat 35 chronic diseases including Alzeihmer, Parkinson, etc.<\/p>\n<p><span><img decoding=\"async\" alt=\"\" data-id=\"165\" width=\"60\" data-init-width=\"512\" height=\"60\" data-init-height=\"512\" title=\"blood\" src=\"https:\/\/activup.net\/wp-content\/uploads\/2020\/05\/blood.png\" data-width=\"60\" data-height=\"60\" style=\"\" loading=\"lazy\"><\/span><\/p>\n<h3 style=\"text-align: left;\">Blood circulation<\/h3>\n<p>Postural vascular movements are beneficial for veins and heavy legs.<\/p>\n<p><span><img decoding=\"async\" alt=\"\" data-id=\"153\" width=\"60\" data-init-width=\"512\" height=\"60\" data-init-height=\"512\" title=\"sleep\" src=\"https:\/\/activup.net\/wp-content\/uploads\/2020\/05\/sleep.png\" data-width=\"60\" data-height=\"60\" style=\"\" loading=\"lazy\"><\/span><\/p>\n<h3 style=\"text-align: left;\">Better sleep<\/h3>\n<p style=\"text-align: left;\">If you walk 30 min to 1 hour slowly, you will be in a relaxed state that allows you to sleep better.<\/p>\n<p><span><img decoding=\"async\" alt=\"\" data-id=\"158\" width=\"60\" data-init-width=\"512\" height=\"60\" data-init-height=\"512\" title=\"humanpictos\" src=\"https:\/\/activup.net\/wp-content\/uploads\/2020\/05\/humanpictos.png\" data-width=\"60\" data-height=\"60\" style=\"\" loading=\"lazy\"><\/span><\/p>\n<h3 style=\"text-align: left;\">Longevity<\/h3>\n<p style=\"text-align: left;\">30 minutes a day of physical activity can gain 3 to 5 years of life expectancy.<\/p>\n<p><span><img decoding=\"async\" alt=\"\" data-id=\"146\" width=\"60\" data-init-width=\"512\" height=\"60\" data-init-height=\"512\" title=\"walking\" src=\"https:\/\/activup.net\/wp-content\/uploads\/2020\/05\/walking.png\" data-width=\"60\" data-height=\"60\" style=\"\" loading=\"lazy\"><\/span><\/p>\n<h3 style=\"text-align: left;\">Aging well<\/h3>\n<p>Physical activity increases life expectancy by 14 years <em>in good health<\/em>.<\/p>\n<h2 style=\"text-align: left; color: var(--tcb-skin-color-2)  !important; --tcb-applied-color:var$(--tcb-skin-color-2)  !important;\">Benefits of the Walking Desk for efficiency and productivity<\/h2>\n<p><span><img decoding=\"async\" alt=\"\" data-id=\"1011\" width=\"532\" data-init-width=\"600\" height=\"354\" data-init-height=\"400\" title=\"productivity-grey-600x400\" loading=\"lazy\" src=\"https:\/\/activup.net\/wp-content\/uploads\/2020\/12\/productivity-grey-600x400-1.jpg\" data-width=\"532\" data-height=\"354\"><\/span><span><img decoding=\"async\" alt=\"\" data-id=\"149\" width=\"60\" data-init-width=\"150\" height=\"60\" data-init-height=\"150\" title=\"superhero-150x150\" src=\"https:\/\/activup.net\/wp-content\/uploads\/2020\/05\/superhero-150x150-1.png\" data-width=\"60\" data-height=\"60\" style=\"\" loading=\"lazy\"><\/span><\/p>\n<h3>More energy<\/h3>\n<p>Walking oxygenates your brain and releases hormones that will boost your energy.<\/p>\n<p><span><img decoding=\"async\" alt=\"\" data-id=\"147\" width=\"60\" data-init-width=\"128\" height=\"60\" data-init-height=\"128\" title=\"time-256\" src=\"https:\/\/activup.net\/wp-content\/uploads\/2020\/05\/time-256.png\" data-width=\"60\" data-height=\"60\" style=\"\" loading=\"lazy\"><\/span><\/p>\n<h3>Time saving<\/h3>\n<p>Better than sports, walking at the office has the same effect on health, without investing time.<\/p>\n<p><span><img decoding=\"async\" alt=\"\" data-id=\"163\" width=\"60\" data-init-width=\"512\" height=\"60\" data-init-height=\"512\" title=\"brand-awareness\" src=\"https:\/\/activup.net\/wp-content\/uploads\/2020\/05\/brand-awareness.png\" data-width=\"60\" data-height=\"60\" style=\"\" loading=\"lazy\"><\/span><\/p>\n<h3>Employer Brand<\/h3>\n<p>The Walking Desk shows your employees and future recruits that you want them to be healthy.<\/p>\n<p><span><img decoding=\"async\" alt=\"\" data-id=\"140\" width=\"60\" data-init-width=\"512\" height=\"60\" data-init-height=\"512\" title=\"walk\" src=\"https:\/\/activup.net\/wp-content\/uploads\/2020\/05\/walk.png\" data-width=\"60\" data-height=\"60\" style=\"\" loading=\"lazy\"><\/span><\/p>\n<h3 style=\"\">Reduced absenteeism<\/h3>\n<p>Physical activity reduces illness and therefore 27% absences.<\/p>\n<p><span><img decoding=\"async\" alt=\"\" data-id=\"160\" width=\"60\" data-init-width=\"512\" height=\"60\" data-init-height=\"512\" title=\"headache\" src=\"https:\/\/activup.net\/wp-content\/uploads\/2020\/05\/headache.png\" data-width=\"60\" data-height=\"60\" style=\"\" loading=\"lazy\"><\/span><\/p>\n<h3>More focused<\/h3>\n<p>Endorphins and brain oxygenation maximize concentration, from morning to night.<\/p>\n<p><span><img decoding=\"async\" alt=\"\" data-id=\"143\" width=\"60\" data-init-width=\"512\" height=\"60\" data-init-height=\"512\" title=\"idea\" src=\"https:\/\/activup.net\/wp-content\/uploads\/2020\/05\/idea.png\" data-width=\"60\" data-height=\"60\" style=\"\" loading=\"lazy\"><\/span><\/p>\n<h3>More creative<\/h3>\n<p>Walking in the office increases creativity by 28%, according to a Stanford study.<\/p>\n<p><span><img decoding=\"async\" alt=\"\" data-id=\"142\" width=\"60\" data-init-width=\"512\" height=\"60\" data-init-height=\"512\" title=\"memory\" src=\"https:\/\/activup.net\/wp-content\/uploads\/2020\/05\/memory.png\" data-width=\"60\" data-height=\"60\" style=\"\" loading=\"lazy\"><\/span><\/p>\n<h3>Better memory<\/h3>\n<p>Walking on a walking desk increases memory by 35% according to a Montreal study.<\/p>\n<h2 style=\"text-align: left; color: var(--tcb-skin-color-2)  !important; --tcb-applied-color:var$(--tcb-skin-color-2)  !important;\">The benefits of the Walking Desk for well-being and QWL<\/h2>\n<p>No one likes to sit around all day, not moving. Stretch your legs while you work!<\/p>\n<p><span><img decoding=\"async\" alt=\"\" data-id=\"1012\" width=\"532\" data-init-width=\"600\" height=\"354\" data-init-height=\"400\" title=\"wellbeing-grey-600x400\" loading=\"lazy\" src=\"https:\/\/activup.net\/wp-content\/uploads\/2020\/12\/wellbeing-grey-600x400-1.jpg\" data-width=\"532\" data-height=\"354\"><\/span><span><img decoding=\"async\" alt=\"\" data-id=\"291\" width=\"60\" data-init-width=\"512\" height=\"60\" data-init-height=\"512\" title=\"yoga-512\" src=\"https:\/\/activup.net\/wp-content\/uploads\/2020\/05\/yoga-512-1.png\" data-width=\"60\" data-height=\"60\" style=\"\" loading=\"lazy\"><\/span><\/p>\n<h3>Less stressed<\/h3>\n<p>The virtue of walking for serenity has been known since antiquity (the Peripatetic philosophers).<\/p>\n<p><span><img decoding=\"async\" alt=\"\" data-id=\"139\" width=\"60\" data-init-width=\"512\" height=\"60\" data-init-height=\"512\" title=\"arthritis\" src=\"https:\/\/activup.net\/wp-content\/uploads\/2020\/05\/arthritis.png\" data-width=\"60\" data-height=\"60\" style=\"\" loading=\"lazy\"><\/span><\/p>\n<h3 style=\"\">End of heavy legs<\/h3>\n<p>Walking allows the entire body to be vascularized, especially the legs.<\/p>\n<p><span><img decoding=\"async\" alt=\"\" data-id=\"140\" width=\"60\" data-init-width=\"512\" height=\"60\" data-init-height=\"512\" title=\"walk\" src=\"https:\/\/activup.net\/wp-content\/uploads\/2020\/05\/walk.png\" data-width=\"60\" data-height=\"60\" style=\"\" loading=\"lazy\"><\/span><\/p>\n<h3>Productive walk<\/h3>\n<p>The Walking Desk allows you to continue working, with the impression (just) of walking around.<\/p>\n<p><span><img decoding=\"async\" alt=\"\" data-id=\"138\" width=\"60\" data-init-width=\"512\" height=\"60\" data-init-height=\"512\" title=\"hot-stones\" src=\"https:\/\/activup.net\/wp-content\/uploads\/2020\/05\/hot-stones.png\" data-width=\"60\" data-height=\"60\" style=\"\" loading=\"lazy\"><\/span><\/p>\n<h3>More relaxed<\/h3>\n<p>The \"relaxation\" walk is a real breath of fresh air, open to all, and possible at the office!<\/p>\n<p><span><img decoding=\"async\" alt=\"\" data-id=\"153\" width=\"60\" data-init-width=\"512\" height=\"60\" data-init-height=\"512\" title=\"sleep\" src=\"https:\/\/activup.net\/wp-content\/uploads\/2020\/05\/sleep.png\" data-width=\"60\" data-height=\"60\" style=\"\" loading=\"lazy\"><\/span><\/p>\n<h3>Better sleep<\/h3>\n<p>If you walk 30 min to 1 hour slowly, you will be in a relaxed state that allows you to sleep better.<\/p>\n<p><span><img decoding=\"async\" alt=\"\" data-id=\"137\" width=\"60\" data-init-width=\"512\" height=\"60\" data-init-height=\"512\" title=\"happygirl\" src=\"https:\/\/activup.net\/wp-content\/uploads\/2020\/05\/happygirl.png\" data-width=\"60\" data-height=\"60\" style=\"\" loading=\"lazy\"><\/span><\/p>\n<h3>Happier<\/h3>\n<p>Physical exercise is the 2nd happiest activity, just after sex.<\/p>\n<p style=\"text-align: center;\">Testimonials<\/p>\n<h2 style=\"text-align: center;\">What our happy customers think of us<\/h2>\n<p>Every day, I'm glad I discovered the walking desk. 12km of meetings per day and a hell of a lot of energy! I've already lost 8kg, just by walking.<\/p>\n<h4>Julien Coulon<\/h4>\n<p>General Manager<\/p>\n<p>When you sit on the Walking Desk, the most amazing thing is that you totally forget that you are walking, you are more focused on your work.<\/p>\n<h4>Arnaud V\u00e9rin&nbsp;<\/h4>\n<p>Contractor<\/p>\n<p>I walk at least 2 miles every day on my Walking Desk ActivUP and burn almost 300 calories.<\/p>\n<p>I feel the benefits on my figure.<\/p>\n<h4>Pascale Breton<\/h4>\n<p>Manager<\/p>\n<p>__CONFIG_colors_palette__{\"active_palette \":0, \"config \":{\" colors \":{\" 62516 \":{\" name \": \"Main Accent \", \"parent \":-1}}, \"gradients \":[]}, \"palettes\":[{\"name\": \"Default Palette\", \"value\":{\" colors \":{\" 62516 \":{\" val \": \"rgb(76, 168, 71) \", \"hsl \":{\" h \":116, \"s \":0.41, \"l \":0.47}}}, \"gradients \":[]}}]}__CONFIG_colors_palette__ <a href=\"https:\/\/activup.net\/en\/temoignages-walking-desk\/\" data-shortcode-id=\"45\" data-dynamic-link=\"thrive_global_fields_url\"><span>  <\/span> <span style=\"\"><span style=\"\">SEE Testimonials<\/span><\/span> <\/a><\/p>\n<h2 style=\"text-align: center;\">&nbsp;ActivUP, the reference for the Walking Desk<\/h2>\n<h3 style=\"text-align: center;\"><span>More than 300 clients<\/span><\/h3>\n<p><span><img decoding=\"async\" alt=\"\" data-id=\"175\" width=\"350\" data-init-width=\"640\" height=\"197\" data-init-height=\"360\" title=\"references-clients-ActivUP-2020-640x360-1\" loading=\"lazy\" src=\"https:\/\/activup.net\/wp-content\/uploads\/2020\/05\/references-clients-ActivUP-2020-640x360-1.jpg\" data-width=\"350\" data-height=\"197\" style=\"\"><\/span><\/p>\n<h3 style=\"text-align: center;\">23 TV appearances<\/h3>\n<p><span><a href=\"https:\/\/activup.net\/en\/presse\/\" data-shortcode-id=\"27\" data-dynamic-link=\"thrive_global_fields_url\"><img decoding=\"async\" alt=\"\" data-id=\"176\" width=\"339\" data-init-width=\"640\" height=\"191\" data-init-height=\"360\" title=\"retombees-presse-640x360-1\" loading=\"lazy\" src=\"https:\/\/activup.net\/wp-content\/uploads\/2020\/05\/retombees-presse-640x360-1.jpg\" data-width=\"339\" data-height=\"191\" data-link-wrap=\"true\"><\/a><\/span><\/p>\n<h3 style=\"text-align: center;\">An award-winning solution<\/h3>\n<p><span><a href=\"https:\/\/activup.net\/en\/distinctions\/\" data-shortcode-id=\"28\" data-dynamic-link=\"thrive_global_fields_url\"><img decoding=\"async\" alt=\"\" data-id=\"174\" width=\"339\" data-init-width=\"640\" height=\"191\" data-init-height=\"360\" title=\"infographie-trophee-640x360\" loading=\"lazy\" src=\"https:\/\/activup.net\/wp-content\/uploads\/2020\/05\/infographie-trophee-640x360-1.jpg\" data-width=\"339\" data-height=\"191\" data-link-wrap=\"true\"><\/a><\/span> __CONFIG_group_edit__{\"k7g25n3o\":{\"name\": \"All Icon(s)\", \"singular\":\"- Icon %s\"}, \"k7g25s38\u2033:{\"name\": \"All Contact Detail(s)\", \"singular\":\"- Text %s\"}, \"k7g26hhs\":{\"name\": \"All Contact Form Input(s)\", \"singular\": \"- Contact Form Input %s\"}}__CONFIG_group_edit____CONFIG_local_colors__{\" colors \":{\" c4549\u2033: \"Royal Blue\", \"56de9\u2033: \"Alabaster\", \"6957a\": \"Bunker\", \"ae168\u2033: \"Royal Blue\"}, \"gradients\":{}}__CONFIG_local_colors__<\/p>\n<h2>Contact us<\/h2>\n<p>Would you like to know more and even test the Walking Desk in your company or in our showroom?<\/p>\n<p><span><img decoding=\"async\" alt=\"\" data-id=\"571\" width=\"164\" data-init-width=\"300\" height=\"164\" data-init-height=\"300\" title=\"telemarketing-call-center-transparent-600sq\" loading=\"lazy\" src=\"https:\/\/activup.net\/wp-content\/uploads\/2020\/11\/telemarketing-call-center-transparent-600sq-300x300.png\" data-width=\"164\" data-height=\"164\" style=\"\"><\/span><\/p>\n<p><strong>Our showrooms<\/strong> (by appointment only)<\/p>\n<p><strong>Paris 17th<\/strong> 27 rue des Renaudes<\/p>\n<p><strong>Archamps<\/strong> (Haute-Savoie)<\/p>\n<p>Call us at<\/p>\n<p><span data-attr-id=\"3\" data-extra_key=\"1\" data-option-inline=\"1\" data-shortcode=\"thrive_global_fields\" data-shortcode-name=\"[Company] Phone number\">+33 1 85 08 60 18<\/span><\/p>\n<p>[tcb-script charset=\"utf-8\u2033 type=\"text\/javascript\" src= \"\/\/js.hsforms.net\/forms\/shell.js\"][\/tcb-script] [tcb-script] hbspt.forms.create({ portalId: \"3959277\", formId: \"64249f84-222c-4072-9249-8fbc859e8545\" }); [\/tcb-script]<\/p>","protected":false},"excerpt":{"rendered":"<p>The benefits of the Walking Desk With a Walking Desk, your life will never be the same again Walking at the office on an ActivUP Walking Desk will bring you many benefits, in terms of health, productivity and well-being. The benefits of the Walking Desk for your health and that of your employees Weight loss Walking [...]<\/p>","protected":false},"author":4,"featured_media":0,"parent":0,"menu_order":0,"comment_status":"closed","ping_status":"closed","template":"","meta":{"_seopress_robots_primary_cat":"","_seopress_titles_title":"ActivUP - Bienfaits du Walking desk - Bureau de marche","_seopress_titles_desc":"Avec un Walking Desk ActivUP, votre vie ne sera plus jamais comme avant. ActivUP vous apportera de nombreux b\u00e9n\u00e9fices, en terme de sant\u00e9, productivit\u00e9 et bien-\u00eatre.","_seopress_robots_index":"","bwfblock_default_font":"","footnotes":""},"wf_page_folders":[125],"class_list":["post-4868","page","type-page","status-publish","hentry","post-wrapper","thrv_wrapper"],"_links":{"self":[{"href":"https:\/\/activup.net\/en\/wp-json\/wp\/v2\/pages\/4868","targetHints":{"allow":["GET"]}}],"collection":[{"href":"https:\/\/activup.net\/en\/wp-json\/wp\/v2\/pages"}],"about":[{"href":"https:\/\/activup.net\/en\/wp-json\/wp\/v2\/types\/page"}],"author":[{"embeddable":true,"href":"https:\/\/activup.net\/en\/wp-json\/wp\/v2\/users\/4"}],"replies":[{"embeddable":true,"href":"https:\/\/activup.net\/en\/wp-json\/wp\/v2\/comments?post=4868"}],"version-history":[{"count":2,"href":"https:\/\/activup.net\/en\/wp-json\/wp\/v2\/pages\/4868\/revisions"}],"predecessor-version":[{"id":5234,"href":"https:\/\/activup.net\/en\/wp-json\/wp\/v2\/pages\/4868\/revisions\/5234"}],"wp:attachment":[{"href":"https:\/\/activup.net\/en\/wp-json\/wp\/v2\/media?parent=4868"}],"wp:term":[{"taxonomy":"wf_page_folders","embeddable":true,"href":"https:\/\/activup.net\/en\/wp-json\/wp\/v2\/wf_page_folders?post=4868"}],"curies":[{"name":"wp","href":"https:\/\/api.w.org\/{rel}","templated":true}]}}