{"id":524,"date":"2020-08-09T08:47:29","date_gmt":"2020-08-09T06:47:29","guid":{"rendered":"https:\/\/activupnet.eu2.copilhost.cloud\/?page_id=524"},"modified":"2023-03-13T13:43:14","modified_gmt":"2023-03-13T11:43:14","slug":"maladies-chroniques-walking-desk","status":"publish","type":"page","link":"https:\/\/activup.net\/en\/maladies-chroniques-walking-desk\/","title":{"rendered":"Walking for chronic diseases"},"content":{"rendered":"<h1 id=\"t-1596955757025\" style=\"text-align: center;\">Walking Desk &amp; chronic diseases<\/h1>\n<p style=\"text-align: center;\">Treat chronic diseases by walking<\/p>\n<p style=\"text-align: center;\">Walking at the office on an ActivUP Walking Desk helps prevent and treat many chronic diseases: overweight, obesity, diabetes, back pain, cancer, cardiovascular diseases, Parkinson's, restless legs, Alzheimer's and many others.<\/p>\n<h2 id=\"t-1596955757026\" style=\"text-align: left; color: var(--tcb-skin-color-2)  !important; --tcb-applied-color:var$(--tcb-skin-color-2)  !important;\">Prevent, and even cure, these diseases with office treadmill walking<\/h2>\n<p><span><img decoding=\"async\" alt=\"\" data-id=\"294\" width=\"60\" data-init-width=\"256\" height=\"60\" data-init-height=\"256\" title=\"weightloss-2622022\" src=\"https:\/\/activup.net\/wp-content\/uploads\/2020\/05\/weightloss-2622022.png\" data-width=\"60\" data-height=\"60\" style=\"\" loading=\"lazy\"><\/span><\/p>\n<h3 id=\"t-1596955757027\" style=\"text-align: center;\">Obesity &amp; overweight<\/h3>\n<p><span><img decoding=\"async\" alt=\"\" data-id=\"141\" width=\"60\" data-init-width=\"512\" height=\"60\" data-init-height=\"512\" title=\"back-pain-1683154\" loading=\"lazy\" src=\"https:\/\/activup.net\/wp-content\/uploads\/2020\/05\/back-pain-1683154.png\" data-width=\"60\" data-height=\"60\" style=\"\"><\/span><\/p>\n<h3 id=\"t-1596955757028\" style=\"text-align: center;\">Back pain<\/h3>\n<p><span><img decoding=\"async\" alt=\"\" data-id=\"165\" width=\"57\" data-init-width=\"512\" height=\"57\" data-init-height=\"512\" title=\"blood\" loading=\"lazy\" src=\"https:\/\/activup.net\/wp-content\/uploads\/2020\/05\/blood.png\" data-width=\"57\" data-height=\"57\" style=\"\"><\/span><\/p>\n<h3 id=\"t-1596955757029\" style=\"text-align: center;\">Cardiovascular<\/h3>\n<p><span><img decoding=\"async\" alt=\"\" data-id=\"171\" width=\"58\" data-init-width=\"512\" height=\"58\" data-init-height=\"512\" title=\"029-diabetes\" loading=\"lazy\" src=\"https:\/\/activup.net\/wp-content\/uploads\/2020\/05\/029-diabetes.png\" data-width=\"58\" data-height=\"58\" style=\"\"><\/span><\/p>\n<h3 id=\"t-1596955757027\" style=\"text-align: center;\">Diabetes<\/h3>\n<p><span><img decoding=\"async\" alt=\"\" data-id=\"154\" width=\"60\" data-init-width=\"512\" height=\"60\" data-init-height=\"512\" title=\"prevention\" loading=\"lazy\" src=\"https:\/\/activup.net\/wp-content\/uploads\/2020\/05\/prevention.png\" data-width=\"60\" data-height=\"60\" style=\"\"><\/span><\/p>\n<h3 id=\"t-1596955757028\" style=\"text-align: center;\">Cancer<\/h3>\n<h3 id=\"t-1596955757029\" style=\"text-align: center;\">Other benefits: immune system blood circulation<\/h3>\n<h2>More than 35 chronic diseases treated thanks to walking, according to Professor Fran\u00e7ois Carr\u00e9<\/h2>\n<p>Excerpt from the report of the T\u00e9l\u00e9vision Suisse Romande \"La chaise qui tue\", <a href=\"https:\/\/activup.net\/en\/presse\/\" data-shortcode-id=\"27\" data-dynamic-link=\"thrive_global_fields_url\" data-custom-shortcode=\"\" target=\"_blank\" style=\"outline: none;\" rel=\"noopener\">see the whole report here<\/a>.<\/p>\n<p>Obesity<\/p>\n<h2>Reduce excess weight<\/h2>\n<p style=\"text-align: justify;\">\"It is wrong to believe that one food makes you fat when the problem is global, it is a question of quantity and physical activity.\"<strong>Professor Jean-Michel Lecerf<\/strong>Head of the nutrition department of the Pasteur Institute of Lille, Specialist in endocrinology and metabolic diseases<\/p>\n<p><span><img decoding=\"async\" alt=\"\" data-id=\"209\" width=\"400\" data-init-width=\"600\" height=\"300\" data-init-height=\"450\" title=\"scale-connected-h\" src=\"https:\/\/activup.net\/wp-content\/uploads\/2020\/05\/balance-connectee-h.jpg\" data-width=\"400\" data-height=\"300\" style=\"\" loading=\"lazy\"><\/span><\/p>\n<p>BACK PAIN<\/p>\n<h2>Relieve back pain<\/h2>\n<p><span><img decoding=\"async\" alt=\"\" data-id=\"204\" width=\"400\" data-init-width=\"600\" height=\"300\" data-init-height=\"450\" title=\"back-spring-multicolor\" src=\"https:\/\/activup.net\/wp-content\/uploads\/2020\/05\/dos-ressort-multicolore.jpg\" data-width=\"400\" data-height=\"300\" style=\"\" loading=\"lazy\"><\/span><\/p>\n<p style=\"text-align: justify;\">\"Walking is recommended for back pain. Back pathology can start with an injury to the foot. When you have poor support, it can lead to pain all the way to the neck. And walking will balance this whole from the foot to the neck and can relieve the back. When you have back pain, walking can relieve your back.\"<strong>Dr. Linh Vu Ngoc, Sports Physician<\/strong><\/p>\n<p>Cardiovascular diseases<\/p>\n<h2>Caring for the heart<\/h2>\n<p style=\"text-align: justify;\">Physical activity has a positive effect in the prevention and care of cardiovascular disease.Numerous epidemiological studies have demonstrated the effectiveness of physical exercise. Notably, a study of 12,135 men aged 35 to 57 years showed that regular moderate physical activity resulted in a 25% reduction in cardiovascular mortality.<\/p>\n<p><span><img decoding=\"async\" alt=\"\" data-id=\"207\" width=\"400\" data-init-width=\"600\" height=\"300\" data-init-height=\"450\" title=\"heart-podometer-frequency-h\" src=\"https:\/\/activup.net\/wp-content\/uploads\/2020\/05\/coeur-podometre-frequence-h.jpg\" data-width=\"400\" data-height=\"300\" style=\"\" loading=\"lazy\"><\/span><\/p>\n<p>Diabetes<\/p>\n<h2>Controlling blood sugar<\/h2>\n<p><span><img decoding=\"async\" alt=\"\" data-id=\"208\" width=\"400\" data-init-width=\"600\" height=\"300\" data-init-height=\"450\" title=\"diabete-macaron\" src=\"https:\/\/activup.net\/wp-content\/uploads\/2020\/05\/diabete-macaron.jpg\" data-width=\"400\" data-height=\"300\" style=\"\" loading=\"lazy\"><\/span><\/p>\n<p style=\"text-align: justify;\">\"Walking every day significantly improves glycemic control, for everyone but especially for diabetics. For diabetics, walking improves their general health (blood pressure, cholesterol levels, etc.). In some cases, it can be sufficient for treatment and replace medication.<strong>Pr Martine Duclos<\/strong>Scientific Advisor to the Ministry of Sports<\/p>\n<p>Cancer<\/p>\n<h2>Treating cancer<\/h2>\n<p style=\"text-align: justify;\">Studies have shown that physical activity can reduce the risk of cancer by 20 %, from 30 minutes of walking per day, or 2h30 per week.Physical activity is now recognized by the WHO as a drug against cancer, both in prevention and care. Since 2017, sport and adapted physical activity can be prescribed by prescription by the attending physician.<\/p>\n<p><span><img decoding=\"async\" alt=\"\" data-id=\"205\" width=\"400\" data-init-width=\"600\" height=\"300\" data-init-height=\"450\" title=\"cancer-ruban-orange\" src=\"https:\/\/activup.net\/wp-content\/uploads\/2020\/05\/cancer-ruban-orange.jpg\" data-width=\"400\" data-height=\"300\" loading=\"lazy\" style=\"\"><\/span><\/p>\n<p>Immunology<\/p>\n<h2>Strengthen the immune system<\/h2>\n<p style=\"text-align: justify;\">The immune system protects your body from invaders, such as bacteria and viruses. Its strength is highly dependent on lifestyle habits. Not being active, stressed, tired or overweight weakens your immune system, so it is recommended to watch your diet, but also to do physical activity, such as walking sports: brisk walking or Nordic walking.<\/p>\n<p><span><img decoding=\"async\" alt=\"\" data-id=\"203\" width=\"500\" data-init-width=\"600\" height=\"375\" data-init-height=\"450\" title=\"systeme-immunitaire-600x450-1\" src=\"https:\/\/activup.net\/wp-content\/uploads\/2020\/05\/systeme-immunitaire-600x450-1.jpg\" data-width=\"500\" data-height=\"375\" style=\"\" loading=\"lazy\"><\/span><\/p>\n<p>Vascular health<\/p>\n<h2>Further improve blood circulation<\/h2>\n<p style=\"text-align: justify;\">Our bodies contain thousands of blood vessels. With the help of the heart and muscles, they allow blood to circulate throughout the body. But when this system malfunctions, it slows or blocks blood flow. This makes it hard for cells to get the oxygen and nutrients they need. Walking helps to get the circulation going. Walking can be fast (Nordic walking) or slow, even at the office on the Walking Desk.<\/p>\n<p><span><img decoding=\"async\" alt=\"\" data-id=\"202\" width=\"500\" data-init-width=\"600\" height=\"375\" data-init-height=\"450\" title=\"circulation-sanguine-coeur-600x450-1\" src=\"https:\/\/activup.net\/wp-content\/uploads\/2020\/05\/circulation-sanguine-coeur-600x450-1.jpg\" data-width=\"500\" data-height=\"375\" style=\"\" loading=\"lazy\"><\/span><\/p>\n<h2>Popular with scientists<\/h2>\n<p>At the Vichy Medical Congress in January 2019, speakers walk on an ActivUP Walking Desk during their presentation<\/p>\n<h2 style=\"text-align: center;\">&nbsp;ActivUP, the reference for the Walking Desk<\/h2>\n<h3 style=\"text-align: center;\"><span>More than 300 clients<\/span><\/h3>\n<p><span><img decoding=\"async\" alt=\"\" data-id=\"175\" width=\"350\" data-init-width=\"640\" height=\"197\" data-init-height=\"360\" title=\"references-clients-ActivUP-2020-640x360-1\" loading=\"lazy\" src=\"https:\/\/activup.net\/wp-content\/uploads\/2020\/05\/references-clients-ActivUP-2020-640x360-1.jpg\" data-width=\"350\" data-height=\"197\" style=\"\"><\/span><\/p>\n<h3 style=\"text-align: center;\">23 TV appearances<\/h3>\n<p><span><a href=\"https:\/\/activup.net\/en\/presse\/\" data-shortcode-id=\"27\" data-dynamic-link=\"thrive_global_fields_url\"><img decoding=\"async\" alt=\"\" data-id=\"176\" width=\"339\" data-init-width=\"640\" height=\"191\" data-init-height=\"360\" title=\"retombees-presse-640x360-1\" loading=\"lazy\" src=\"https:\/\/activup.net\/wp-content\/uploads\/2020\/05\/retombees-presse-640x360-1.jpg\" data-width=\"339\" data-height=\"191\" data-link-wrap=\"true\"><\/a><\/span><\/p>\n<h3 style=\"text-align: center;\">An award-winning solution<\/h3>\n<p><span><a href=\"https:\/\/activup.net\/en\/distinctions\/\" data-shortcode-id=\"28\" data-dynamic-link=\"thrive_global_fields_url\"><img decoding=\"async\" alt=\"\" data-id=\"174\" width=\"339\" data-init-width=\"640\" height=\"191\" data-init-height=\"360\" title=\"infographie-trophee-640x360\" loading=\"lazy\" src=\"https:\/\/activup.net\/wp-content\/uploads\/2020\/05\/infographie-trophee-640x360-1.jpg\" data-width=\"339\" data-height=\"191\" data-link-wrap=\"true\"><\/a><\/span>     <\/p>\n<h2>Contact us<\/h2>\n<p>Would you like to know more and even test the Walking Desk in your company or in our showroom?<\/p>\n<p><span><img decoding=\"async\" alt=\"\" data-id=\"571\" width=\"164\" data-init-width=\"300\" height=\"164\" data-init-height=\"300\" title=\"telemarketing-call-center-transparent-600sq\" loading=\"lazy\" src=\"https:\/\/activup.net\/wp-content\/uploads\/2020\/11\/telemarketing-call-center-transparent-600sq-300x300.png\" data-width=\"164\" data-height=\"164\" style=\"\"><\/span>  <\/p>\n<p><strong>Our showrooms<\/strong> (by appointment only)<\/p>\n<p><strong>Paris 17th<\/strong> 27 rue des Renaudes<\/p>\n<p><strong>Archamps<\/strong> (Haute-Savoie)<\/p>\n<p>Call us at<\/p>\n<p><span data-attr-id=\"3\" data-extra_key=\"1\" data-option-inline=\"1\" data-shortcode=\"thrive_global_fields\" data-shortcode-name=\"[Company] Phone number\">+33 1 85 08 60 18<\/span><\/p>\n<p>[tcb-script charset=\"utf-8\u2033 type=\"text\/javascript\" src= \"\/\/js.hsforms.net\/forms\/shell.js\"][\/tcb-script] [tcb-script] hbspt.forms.create({ portalId: \"3959277\", formId: \"64249f84-222c-4072-9249-8fbc859e8545\" }); [\/tcb-script]  <\/p>","protected":false},"excerpt":{"rendered":"<p>Walking Desk &amp; chronic diseases Treat chronic diseases by walking Walking Desk ActivUP helps prevent and treat many chronic diseases: overweight, obesity, diabetes, back pain, cancer, cardiovascular diseases, Parkinson's disease, restless legs, Alzheimer's disease and many others. Prevent, and even treat, these diseases with [...]<\/p>","protected":false},"author":4,"featured_media":0,"parent":0,"menu_order":0,"comment_status":"closed","ping_status":"closed","template":"","meta":{"_seopress_robots_primary_cat":"","_seopress_titles_title":"ActivUP - Marcher pour soigner les maladies chroniques","_seopress_titles_desc":"La marche au bureau sur un Walking Desk ActivUP contribue \u00e0 pr\u00e9venir et soigner, de nombreuses maladies chroniques : surpoids, ob\u00e9sit\u00e9, diab\u00e8te, mal de dos, cancer, cardio-vasculaire, etc","_seopress_robots_index":"","bwfblock_default_font":"","footnotes":""},"wf_page_folders":[76],"class_list":["post-524","page","type-page","status-publish","hentry","post-wrapper","thrv_wrapper"],"_links":{"self":[{"href":"https:\/\/activup.net\/en\/wp-json\/wp\/v2\/pages\/524","targetHints":{"allow":["GET"]}}],"collection":[{"href":"https:\/\/activup.net\/en\/wp-json\/wp\/v2\/pages"}],"about":[{"href":"https:\/\/activup.net\/en\/wp-json\/wp\/v2\/types\/page"}],"author":[{"embeddable":true,"href":"https:\/\/activup.net\/en\/wp-json\/wp\/v2\/users\/4"}],"replies":[{"embeddable":true,"href":"https:\/\/activup.net\/en\/wp-json\/wp\/v2\/comments?post=524"}],"version-history":[{"count":26,"href":"https:\/\/activup.net\/en\/wp-json\/wp\/v2\/pages\/524\/revisions"}],"predecessor-version":[{"id":11397,"href":"https:\/\/activup.net\/en\/wp-json\/wp\/v2\/pages\/524\/revisions\/11397"}],"wp:attachment":[{"href":"https:\/\/activup.net\/en\/wp-json\/wp\/v2\/media?parent=524"}],"wp:term":[{"taxonomy":"wf_page_folders","embeddable":true,"href":"https:\/\/activup.net\/en\/wp-json\/wp\/v2\/wf_page_folders?post=524"}],"curies":[{"name":"wp","href":"https:\/\/api.w.org\/{rel}","templated":true}]}}