{"id":6586,"date":"2022-07-11T13:49:08","date_gmt":"2022-07-11T11:49:08","guid":{"rendered":"https:\/\/activupnet.eu2.copilhost.cloud\/?page_id=6586"},"modified":"2022-08-18T16:07:11","modified_gmt":"2022-08-18T14:07:11","slug":"live","status":"publish","type":"page","link":"https:\/\/activup.net\/en\/webinaires\/revendeurs-sedemarquer\/live\/","title":{"rendered":"Webinar Resellers Stand out Live"},"content":{"rendered":"<h2 style=\"text-align: center;\">Webinar: The walking desk that will make you feel better<span data-sheets-userformat=\"{&quot;2&quot;:641,&quot;3&quot;:{&quot;1&quot;:0},&quot;10&quot;:1,&quot;12&quot;:0}\" data-sheets-value=\"{&quot;1&quot;:2,&quot;2&quot;:&quot;Pourquoi choisir Activup entant que founisseur ? &quot;}\">Stand out from the competition<\/span><\/h2>\n<p style=\"text-align: center;\">The webinar took place on 8\/18\/2022 at 11am.<\/p>\n<p style=\"text-align: center;\">If you want to have access to the replay, <a href=\"https:\/\/activup.net\/en\/contact\/\" data-shortcode-id=\"18\" data-dynamic-link=\"thrive_global_fields_url\" data-custom-shortcode=\"\" target=\"_blank\" style=\"outline: none; color: rgb(255, 255, 255) !important;\" rel=\"noopener\">contact us<\/a>.<\/p>\n<p>[tcb-script type=\u00a0\u00bbtext\/javascript\u00a0\u00bb]var _options = {&lsquo;_license_key&rsquo;:&rsquo;248-514-853&prime;,&rsquo;_role_token&rsquo;:\u00a0\u00bb,&rsquo;_registrant_token&rsquo;:\u00a0\u00bb,&rsquo;_widget_containerID&rsquo;:&#8217;embedWidget&rsquo;,&rsquo;_widget_width&rsquo;:&rsquo;100%&rsquo;,&rsquo;_widget_height&rsquo;:&rsquo;700p&rsquo;,&rsquo;_password_token&rsquo;:\u00a0\u00bb,&rsquo;_nickname&rsquo;:\u00a0\u00bb,&rsquo;_avatar_url&rsquo;:\u00a0\u00bb,};(function() {!function(i){i.Widget=function(c){&lsquo;function&rsquo;==typeof c&amp;&amp;i.Widget.__cbs.push(c),i.Widget.initialized&amp;&amp;(i.Widget.__cbs.forEach(function(i){i()}),i.Widget.__cbs=[])},i.Widget.__cbs=[]}(window);var ab = document.createElement(&lsquo;script&rsquo;); ab.type = &lsquo;text\/javascript&rsquo;; ab.async = true;ab.src = &lsquo;https:\/\/embed.livewebinar.com\/em?t=&rsquo;+_options[&lsquo;_license_key&rsquo;]+&rsquo;&amp;&rsquo;+Object.keys(_options).reduce(function(a,k){a.push(k+&rsquo;=&rsquo;+encodeURIComponent(_options[k]));return a},[]).join(&lsquo;&amp;&rsquo;);var s = document.getElementsByTagName(&lsquo;script&rsquo;)[0]; s.parentNode.insertBefore(ab, s);})();[\/tcb-script]<\/p>\n<p style=\"text-align: center;\">In this webinar, you will discover the solution to stand out from the crowd and offer your customers an innovative concept. It will provide you with the answers to the problems you are currently facing.&nbsp;<\/p>\n<p><span style=\"\"><img decoding=\"async\" alt=\"\" data-id=\"6752\" width=\"249\" data-init-width=\"320\" height=\"140\" data-init-height=\"180\" title=\"Untitled__16_-removebg-preview\" loading=\"lazy\" src=\"https:\/\/activup.net\/wp-content\/uploads\/2022\/07\/Sans_titre__16_-removebg-preview.png\" data-width=\"249\" data-height=\"140\" style=\"\" ml-d=\"-10.655999999999977\"><\/span><\/p>\n<p style=\"\"><strong><span style=\"--tcb-applied-color: var$(--tcb-color-6)  !important; color: var(--tcb-color-6);\">Animated by Marc Thouvenin,&nbsp;<\/span><\/strong><\/p>\n<p style=\"\"><strong>Fondateur d&rsquo;ActivUP<\/strong><\/p>\n<h2 style=\"text-align: center;\">Make an appointment<\/h2>\n<p style=\"text-align: center;\">Vous avez d&rsquo;autres questions ? Vous souhaitez <a href=\"https:\/\/activup.net\/en\/contact\/\" data-shortcode-id=\"18\" data-dynamic-link=\"thrive_global_fields_url\" data-custom-shortcode=\"\" target=\"_blank\" style=\"outline: none;\" rel=\"noopener\">contact us by form<\/a> ?<\/p>\n<p style=\"text-align: center;\">&nbsp;<\/p>\n<p style=\"text-align: center;\">For those who attended the webinar, you can also book a strategy session.<\/p>","protected":false},"excerpt":{"rendered":"<p>Webinaire : Ce bureau marcheur qui va vous d\u00e9marquez de la concurrence Le webinaire a eu lieu le 18\/8\/2022 \u00e0 11h. Si vous voulez avoir acc\u00e8s au replay, contactez-nous. [tcb-script type=\u00a0\u00bbtext\/javascript\u00a0\u00bb]var _options = {&lsquo;_license_key&rsquo;:&rsquo;248-514-853&prime;,&rsquo;_role_token&rsquo;:\u00a0\u00bb,&rsquo;_registrant_token&rsquo;:\u00a0\u00bb,&rsquo;_widget_containerID&rsquo;:&#8217;embedWidget&rsquo;,&rsquo;_widget_width&rsquo;:&rsquo;100%&rsquo;,&rsquo;_widget_height&rsquo;:&rsquo;700p&rsquo;,&rsquo;_password_token&rsquo;:\u00a0\u00bb,&rsquo;_nickname&rsquo;:\u00a0\u00bb,&rsquo;_avatar_url&rsquo;:\u00a0\u00bb,};(function() {!function(i){i.Widget=function(c){&lsquo;function&rsquo;==typeof c&amp;&amp;i.Widget.__cbs.push(c),i.Widget.initialized&amp;&amp;(i.Widget.__cbs.forEach(function(i){i()}),i.Widget.__cbs=[])},i.Widget.__cbs=[]}(window);var ab = document.createElement(&lsquo;script&rsquo;); ab.type = &lsquo;text\/javascript&rsquo;; ab.async = true;ab.src = &lsquo;https:\/\/embed.livewebinar.com\/em?t=&rsquo;+_options[&lsquo;_license_key&rsquo;]+&rsquo;&amp;&rsquo;+Object.keys(_options).reduce(function(a,k){a.push(k+&rsquo;=&rsquo;+encodeURIComponent(_options[k]));return a},[]).join(&lsquo;&amp;&rsquo;);var s = document.getElementsByTagName(&lsquo;script&rsquo;)[0]; s.parentNode.insertBefore(ab, s);})();[\/tcb-script] Vous d\u00e9couvrirez, [&hellip;]<\/p>","protected":false},"author":4,"featured_media":0,"parent":6602,"menu_order":0,"comment_status":"closed","ping_status":"closed","template":"","meta":{"_seopress_robots_primary_cat":"","_seopress_titles_title":"Webinaire &quot;Comment se d\u00e9marquer gr\u00e2ce au Walking Desk ActivUP&quot; - Live","_seopress_titles_desc":"D\u00e9couvrez la solution innovante pour vous d\u00e9marquer des autres revendeurs.","_seopress_robots_index":"yes","bwfblock_default_font":"","footnotes":""},"wf_page_folders":[132],"class_list":["post-6586","page","type-page","status-publish","hentry","post-wrapper","thrv_wrapper"],"_links":{"self":[{"href":"https:\/\/activup.net\/en\/wp-json\/wp\/v2\/pages\/6586","targetHints":{"allow":["GET"]}}],"collection":[{"href":"https:\/\/activup.net\/en\/wp-json\/wp\/v2\/pages"}],"about":[{"href":"https:\/\/activup.net\/en\/wp-json\/wp\/v2\/types\/page"}],"author":[{"embeddable":true,"href":"https:\/\/activup.net\/en\/wp-json\/wp\/v2\/users\/4"}],"replies":[{"embeddable":true,"href":"https:\/\/activup.net\/en\/wp-json\/wp\/v2\/comments?post=6586"}],"version-history":[{"count":77,"href":"https:\/\/activup.net\/en\/wp-json\/wp\/v2\/pages\/6586\/revisions"}],"predecessor-version":[{"id":8120,"href":"https:\/\/activup.net\/en\/wp-json\/wp\/v2\/pages\/6586\/revisions\/8120"}],"up":[{"embeddable":true,"href":"https:\/\/activup.net\/en\/wp-json\/wp\/v2\/pages\/6602"}],"wp:attachment":[{"href":"https:\/\/activup.net\/en\/wp-json\/wp\/v2\/media?parent=6586"}],"wp:term":[{"taxonomy":"wf_page_folders","embeddable":true,"href":"https:\/\/activup.net\/en\/wp-json\/wp\/v2\/wf_page_folders?post=6586"}],"curies":[{"name":"wp","href":"https:\/\/api.w.org\/{rel}","templated":true}]}}