{"id":6824,"date":"2022-07-15T11:56:44","date_gmt":"2022-07-15T09:56:44","guid":{"rendered":"https:\/\/activupnet.eu2.copilhost.cloud\/webinaires\/maigrir-au-bureau-dirigeants\/clone-of-confirmation-replay-webinaire-maigrir-au-bureau-special-dirigeants\/"},"modified":"2022-08-12T09:31:44","modified_gmt":"2022-08-12T07:31:44","slug":"conf","status":"publish","type":"page","link":"https:\/\/activup.net\/en\/webinaires\/revendeurs-sedemarquer\/conf\/","title":{"rendered":"Webinaire Revendeurs Se d\u00e9marquer Confirmation Inscription"},"content":{"rendered":"<p style=\"text-align: left;\">You too can stand out from the competition by offering your customers the Walking Desk.<\/p>\n<h2><strong>Thank you for registering for the webinar<\/strong><\/h2>\n<h2>You will receive a confirmation by email.<\/h2>\n<h2>You will also receive a link by email a few hours before the webinar to access it.<\/h2>\n<h2>As a reminder, the webinar will take place on <span data-attr-id=\"40\" data-extra_key=\"6\" data-option-inline=\"1\" data-shortcode=\"thrive_global_fields\" data-shortcode-name=\"[Dates] Date-Heure prochain webi DirSP\">Jeudi 18 ao\u00fbt 2022 \u00e0 11h<\/span>.<\/h2>\n<h2>&nbsp;N&rsquo;h\u00e9sitez pas \u00e0 le noter sur votre agenda ! :&nbsp;<span style=\"text-decoration: underline;\"><\/span><a href=\"https:\/\/activup.net\/wp-content\/uploads\/2022\/08\/iCal-20220818-Webinaire-Revendeurs-ActivUP.ics\" data-shortcode-id=\"58\" data-dynamic-link=\"thrive_global_fields_url\" data-custom-shortcode=\"\" style=\"outline: none;\" data-lt-tmp-id=\"lt-451790\" spellcheck=\"false\"><span style=\"text-decoration: underline;\">Add to my calendar<\/span><\/a><\/h2>\n<p><span style=\"\"><img decoding=\"async\" alt=\"\" data-id=\"7638\" width=\"500\" data-init-width=\"500\" height=\"450\" data-init-height=\"450\" title=\"M (9)\" loading=\"lazy\" src=\"https:\/\/activup.net\/wp-content\/uploads\/2022\/07\/M-9.png\" data-width=\"500\" data-height=\"450\" style=\"\" mt-d=\"-4.281000000000006\"><\/span><\/p>\n<p style=\"text-align: center;\">The link to the webinar will be sent to you by email.&nbsp;<\/p>\n<h2>Si vous n&rsquo;avez pas re\u00e7u notre email<\/h2>\n<p>Wait a few minutes, and eventually check your spam.<\/p>\n<\/p>\n<p>Si dans les 10 minutes qui viennent, vous ne l&rsquo;avez pas re\u00e7u, c&rsquo;est peut-\u00eatre une erreur de frappe sur votre email. Dans ce cas, veuillez recommencer en retournant \u00e0 la page pr\u00e9c\u00e9dente.&nbsp;<\/p>\n<\/p>\n<p>You can also contact us below.<\/p>","protected":false},"excerpt":{"rendered":"<p>Vous aussi, vous pouvez vous d\u00e9marquer de la concurrence, en proposant \u00e0 vos clients le Walking Desk Merci pour votre inscription au w\u00e9binaire Vous allez recevoir une confirmation par email. Vous recevrez aussi un lien par email quelques heures avant le webinaire pour y acc\u00e9der. Pour rappel, le webinaire se d\u00e9roulera le Jeudi 18 ao\u00fbt [&hellip;]<\/p>","protected":false},"author":4,"featured_media":0,"parent":6602,"menu_order":0,"comment_status":"closed","ping_status":"closed","template":"","meta":{"_seopress_robots_primary_cat":"","_seopress_titles_title":"Confirmation d&#039;inscription au Webinaire \u00ab Se d\u00e9marquer gr\u00e2ce au Walking Desk ActivUP \u00bb sp\u00e9cial revendeurs","_seopress_titles_desc":"D\u00e9couvrez le webinaire &quot;Se d\u00e9marquer gr\u00e2ce au Walking Desk ActivUP&quot;","_seopress_robots_index":"yes","bwfblock_default_font":"","footnotes":""},"wf_page_folders":[132],"class_list":["post-6824","page","type-page","status-publish","hentry","post-wrapper","thrv_wrapper"],"_links":{"self":[{"href":"https:\/\/activup.net\/en\/wp-json\/wp\/v2\/pages\/6824","targetHints":{"allow":["GET"]}}],"collection":[{"href":"https:\/\/activup.net\/en\/wp-json\/wp\/v2\/pages"}],"about":[{"href":"https:\/\/activup.net\/en\/wp-json\/wp\/v2\/types\/page"}],"author":[{"embeddable":true,"href":"https:\/\/activup.net\/en\/wp-json\/wp\/v2\/users\/4"}],"replies":[{"embeddable":true,"href":"https:\/\/activup.net\/en\/wp-json\/wp\/v2\/comments?post=6824"}],"version-history":[{"count":18,"href":"https:\/\/activup.net\/en\/wp-json\/wp\/v2\/pages\/6824\/revisions"}],"predecessor-version":[{"id":8015,"href":"https:\/\/activup.net\/en\/wp-json\/wp\/v2\/pages\/6824\/revisions\/8015"}],"up":[{"embeddable":true,"href":"https:\/\/activup.net\/en\/wp-json\/wp\/v2\/pages\/6602"}],"wp:attachment":[{"href":"https:\/\/activup.net\/en\/wp-json\/wp\/v2\/media?parent=6824"}],"wp:term":[{"taxonomy":"wf_page_folders","embeddable":true,"href":"https:\/\/activup.net\/en\/wp-json\/wp\/v2\/wf_page_folders?post=6824"}],"curies":[{"name":"wp","href":"https:\/\/api.w.org\/{rel}","templated":true}]}}