{"id":6972,"date":"2022-07-18T14:54:40","date_gmt":"2022-07-18T12:54:40","guid":{"rendered":"https:\/\/activupnet.eu2.copilhost.cloud\/webinaires\/revendeurs-sedemarquer\/clone-of-webinaire-revendeurs-se-demarquer-live\/"},"modified":"2022-08-18T15:46:02","modified_gmt":"2022-08-18T13:46:02","slug":"replay-gc","status":"publish","type":"page","link":"https:\/\/activup.net\/en\/webinaires\/revendeurs-sedemarquer\/replay-gc\/","title":{"rendered":"Webinaire Revendeurs Se d\u00e9marquer Replay"},"content":{"rendered":"<h2 style=\"text-align: center;\">Webinar replay: \"That walking desk that will set you apart from the competition<\/h2>\n<p style=\"text-align: center;\">In this webinar, you will discover the solution to stand out from the crowd and offer your customers an innovative concept. It will provide you with the answers to the problems you are currently facing.&nbsp;<\/p>\n<p><span style=\"\"><img decoding=\"async\" alt=\"\" data-id=\"6752\" width=\"249\" data-init-width=\"320\" height=\"140\" data-init-height=\"180\" title=\"Untitled__16_-removebg-preview\" loading=\"lazy\" src=\"https:\/\/activup.net\/wp-content\/uploads\/2022\/07\/Sans_titre__16_-removebg-preview.png\" data-width=\"249\" data-height=\"140\" style=\"\" ml-d=\"-10.655999999999977\"><\/span><\/p>\n<p style=\"\"><strong><span style=\"--tcb-applied-color: var$(--tcb-color-6)  !important; color: var(--tcb-color-6);\">Animated by Marc Thouvenin,&nbsp;<\/span><\/strong><\/p>\n<p style=\"\"><strong>Fondateur d&rsquo;ActivUP<\/strong><\/p>\n<h2 style=\"text-align: center;\">Make an appointment<\/h2>\n<p style=\"text-align: center;\">Vous avez d&rsquo;autres questions ? Vous souhaitez <a href=\"https:\/\/activup.net\/en\/contact\/\" data-shortcode-id=\"18\" data-dynamic-link=\"thrive_global_fields_url\" data-custom-shortcode=\"\" target=\"_blank\" rel=\"noopener\">contact us by form<\/a> ?<\/p>\n<p style=\"text-align: center;\">For those who attended the webinar, you can also book a strategy session.<\/p>","protected":false},"excerpt":{"rendered":"<p>Replay du webinaire: \u00ab Ce bureau marcheur qui va vous d\u00e9marquer de la concurrence \u00bb Vous d\u00e9couvrirez, dans ce webinaire, la solution pour sortir du lot et proposer \u00e0 vos clients un concept innovant. Il vous apportera les r\u00e9ponses aux probl\u00e9matiques que vous vous posez actuellement.&nbsp; Anim\u00e9 par Marc Thouvenin,&nbsp; Fondateur d&rsquo;ActivUP Prendre rendez-vous Vous [&hellip;]<\/p>","protected":false},"author":4,"featured_media":0,"parent":6602,"menu_order":0,"comment_status":"closed","ping_status":"closed","template":"","meta":{"_seopress_robots_primary_cat":"","_seopress_titles_title":"Replay du webinaire &quot;Comment se d\u00e9marquer gr\u00e2ce au Walking Desk ActivUP&quot;","_seopress_titles_desc":"D\u00e9couvrez le replay du webinaire &quot;Se d\u00e9marquer gr\u00e2ce au Walking Desk ActivUP&quot;.","_seopress_robots_index":"yes","bwfblock_default_font":"","footnotes":""},"wf_page_folders":[132],"class_list":["post-6972","page","type-page","status-publish","hentry","post-wrapper","thrv_wrapper"],"_links":{"self":[{"href":"https:\/\/activup.net\/en\/wp-json\/wp\/v2\/pages\/6972","targetHints":{"allow":["GET"]}}],"collection":[{"href":"https:\/\/activup.net\/en\/wp-json\/wp\/v2\/pages"}],"about":[{"href":"https:\/\/activup.net\/en\/wp-json\/wp\/v2\/types\/page"}],"author":[{"embeddable":true,"href":"https:\/\/activup.net\/en\/wp-json\/wp\/v2\/users\/4"}],"replies":[{"embeddable":true,"href":"https:\/\/activup.net\/en\/wp-json\/wp\/v2\/comments?post=6972"}],"version-history":[{"count":9,"href":"https:\/\/activup.net\/en\/wp-json\/wp\/v2\/pages\/6972\/revisions"}],"predecessor-version":[{"id":8119,"href":"https:\/\/activup.net\/en\/wp-json\/wp\/v2\/pages\/6972\/revisions\/8119"}],"up":[{"embeddable":true,"href":"https:\/\/activup.net\/en\/wp-json\/wp\/v2\/pages\/6602"}],"wp:attachment":[{"href":"https:\/\/activup.net\/en\/wp-json\/wp\/v2\/media?parent=6972"}],"wp:term":[{"taxonomy":"wf_page_folders","embeddable":true,"href":"https:\/\/activup.net\/en\/wp-json\/wp\/v2\/wf_page_folders?post=6972"}],"curies":[{"name":"wp","href":"https:\/\/api.w.org\/{rel}","templated":true}]}}