{"id":6980,"date":"2022-07-18T15:29:35","date_gmt":"2022-07-18T13:29:35","guid":{"rendered":"https:\/\/activupnet.eu2.copilhost.cloud\/webinaires\/revendeurs-sedemarquer\/clone-of-webinaire-revendeurs-se-demarquer-live\/"},"modified":"2022-07-27T07:34:32","modified_gmt":"2022-07-27T05:34:32","slug":"live","status":"publish","type":"page","link":"https:\/\/activup.net\/en\/webinaires\/revendeurs-ventesadditionnelles\/live\/","title":{"rendered":"Webinar Resellers Additional Sales Live"},"content":{"rendered":"<h2 style=\"text-align: center;\">Webinar: <span data-sheets-userformat=\"{&quot;2&quot;:641,&quot;3&quot;:{&quot;1&quot;:0},&quot;10&quot;:1,&quot;12&quot;:0}\" data-sheets-value=\"{&quot;1&quot;:2,&quot;2&quot;:&quot;Pourquoi choisir Activup entant que founisseur ? &quot;}\">How to increase your additional sales with the Walking Desk<\/span><\/h2>\n<p>[tcb-script type=\u00a0\u00bbtext\/javascript\u00a0\u00bb]var _options = {&lsquo;_license_key&rsquo;:&rsquo;303-315-667&prime;,&rsquo;_role_token&rsquo;:\u00a0\u00bb,&rsquo;_registrant_token&rsquo;:\u00a0\u00bb,&rsquo;_widget_containerID&rsquo;:&#8217;embedWidget&rsquo;,&rsquo;_widget_width&rsquo;:&rsquo;100%&rsquo;,&rsquo;_widget_height&rsquo;:&rsquo;600px&rsquo;,&rsquo;_password_token&rsquo;:\u00a0\u00bb,&rsquo;_nickname&rsquo;:\u00a0\u00bb,&rsquo;_avatar_url&rsquo;:\u00a0\u00bb,};(function() {!function(i){i.Widget=function(c){&lsquo;function&rsquo;==typeof c&amp;&amp;i.Widget.__cbs.push(c),i.Widget.initialized&amp;&amp;(i.Widget.__cbs.forEach(function(i){i()}),i.Widget.__cbs=[])},i.Widget.__cbs=[]}(window);var ab = document.createElement(&lsquo;script&rsquo;); ab.type = &lsquo;text\/javascript&rsquo;; ab.async = true;ab.src = &lsquo;https:\/\/embed.livewebinar.com\/em?t=&rsquo;+_options[&lsquo;_license_key&rsquo;]+&rsquo;&amp;&rsquo;+Object.keys(_options).reduce(function(a,k){a.push(k+&rsquo;=&rsquo;+encodeURIComponent(_options[k]));return a},[]).join(&lsquo;&amp;&rsquo;);var s = document.getElementsByTagName(&lsquo;script&rsquo;)[0]; s.parentNode.insertBefore(ab, s);})();[\/tcb-script]<\/p>\n<p style=\"text-align: center;\">In this webinar, you'll discover how to increase your additional sales exponentially. It will provide you with the answers to the questions you're currently asking yourself.&nbsp;<\/p>\n<p><span style=\"\"><img decoding=\"async\" alt=\"\" data-id=\"6752\" width=\"249\" data-init-width=\"320\" height=\"140\" data-init-height=\"180\" title=\"Untitled__16_-removebg-preview\" loading=\"lazy\" src=\"https:\/\/activup.net\/wp-content\/uploads\/2022\/07\/Sans_titre__16_-removebg-preview.png\" data-width=\"249\" data-height=\"140\" style=\"\" ml-d=\"-10.655999999999977\"><\/span><\/p>\n<p style=\"\"><strong><span style=\"--tcb-applied-color: var$(--tcb-color-6)  !important; color: var(--tcb-color-6);\">Animated by Marc Thouvenin,&nbsp;<\/span><\/strong><\/p>\n<p style=\"\"><strong>Fondateur d&rsquo;ActivUP<\/strong><\/p>\n<h2 style=\"text-align: center;\">Make an appointment<\/h2>\n<p style=\"text-align: center;\">Vous avez d&rsquo;autres questions ? Vous souhaitez nous contacter ? Prenez rendez-vous !<\/p>","protected":false},"excerpt":{"rendered":"<p>Webinaire : Comment augmenter ses ventes additionnelles gr\u00e2ce au Walking Desk [tcb-script type=\u00a0\u00bbtext\/javascript\u00a0\u00bb]var _options = {&lsquo;_license_key&rsquo;:&rsquo;303-315-667&prime;,&rsquo;_role_token&rsquo;:\u00a0\u00bb,&rsquo;_registrant_token&rsquo;:\u00a0\u00bb,&rsquo;_widget_containerID&rsquo;:&#8217;embedWidget&rsquo;,&rsquo;_widget_width&rsquo;:&rsquo;100%&rsquo;,&rsquo;_widget_height&rsquo;:&rsquo;600px&rsquo;,&rsquo;_password_token&rsquo;:\u00a0\u00bb,&rsquo;_nickname&rsquo;:\u00a0\u00bb,&rsquo;_avatar_url&rsquo;:\u00a0\u00bb,};(function() {!function(i){i.Widget=function(c){&lsquo;function&rsquo;==typeof c&amp;&amp;i.Widget.__cbs.push(c),i.Widget.initialized&amp;&amp;(i.Widget.__cbs.forEach(function(i){i()}),i.Widget.__cbs=[])},i.Widget.__cbs=[]}(window);var ab = document.createElement(&lsquo;script&rsquo;); ab.type = &lsquo;text\/javascript&rsquo;; ab.async = true;ab.src = &lsquo;https:\/\/embed.livewebinar.com\/em?t=&rsquo;+_options[&lsquo;_license_key&rsquo;]+&rsquo;&amp;&rsquo;+Object.keys(_options).reduce(function(a,k){a.push(k+&rsquo;=&rsquo;+encodeURIComponent(_options[k]));return a},[]).join(&lsquo;&amp;&rsquo;);var s = document.getElementsByTagName(&lsquo;script&rsquo;)[0]; s.parentNode.insertBefore(ab, s);})();[\/tcb-script] Vous d\u00e9couvrirez, dans ce webinaire, augmenter de fa\u00e7on exponentiel vos ventes additionnelles. Il vous apportera les r\u00e9ponses aux probl\u00e9matiques que [&hellip;]<\/p>","protected":false},"author":4,"featured_media":0,"parent":6991,"menu_order":0,"comment_status":"closed","ping_status":"closed","template":"","meta":{"_seopress_robots_primary_cat":"","_seopress_titles_title":"Webinaire Live &quot;Des ventes additionnelles gr\u00e2ce au Walking Desk&quot;","_seopress_titles_desc":"Revendeurs, le Walking Desk est le produit id\u00e9al pour enfin vous d\u00e9marquer de la concurrence et ainsi augmenter vos ventes additionnelles.","_seopress_robots_index":"yes","bwfblock_default_font":"","footnotes":""},"wf_page_folders":[135],"class_list":["post-6980","page","type-page","status-publish","hentry","post-wrapper","thrv_wrapper"],"_links":{"self":[{"href":"https:\/\/activup.net\/en\/wp-json\/wp\/v2\/pages\/6980","targetHints":{"allow":["GET"]}}],"collection":[{"href":"https:\/\/activup.net\/en\/wp-json\/wp\/v2\/pages"}],"about":[{"href":"https:\/\/activup.net\/en\/wp-json\/wp\/v2\/types\/page"}],"author":[{"embeddable":true,"href":"https:\/\/activup.net\/en\/wp-json\/wp\/v2\/users\/4"}],"replies":[{"embeddable":true,"href":"https:\/\/activup.net\/en\/wp-json\/wp\/v2\/comments?post=6980"}],"version-history":[{"count":10,"href":"https:\/\/activup.net\/en\/wp-json\/wp\/v2\/pages\/6980\/revisions"}],"predecessor-version":[{"id":7624,"href":"https:\/\/activup.net\/en\/wp-json\/wp\/v2\/pages\/6980\/revisions\/7624"}],"up":[{"embeddable":true,"href":"https:\/\/activup.net\/en\/wp-json\/wp\/v2\/pages\/6991"}],"wp:attachment":[{"href":"https:\/\/activup.net\/en\/wp-json\/wp\/v2\/media?parent=6980"}],"wp:term":[{"taxonomy":"wf_page_folders","embeddable":true,"href":"https:\/\/activup.net\/en\/wp-json\/wp\/v2\/wf_page_folders?post=6980"}],"curies":[{"name":"wp","href":"https:\/\/api.w.org\/{rel}","templated":true}]}}