{"id":7051,"date":"2022-07-19T11:13:32","date_gmt":"2022-07-19T09:13:32","guid":{"rendered":"https:\/\/activupnet.eu2.copilhost.cloud\/webinaires\/revendeurs-sedemarquer\/clone-of-webinaire-revendeurs-se-demarquer-replay\/"},"modified":"2022-07-27T07:32:44","modified_gmt":"2022-07-27T05:32:44","slug":"replay-gc","status":"publish","type":"page","link":"https:\/\/activup.net\/en\/webinaires\/revendeurs-ventesadditionnelles\/replay-gc\/","title":{"rendered":"Webinaire Revendeurs Ventes additionnelles Acc\u00e8s Replay"},"content":{"rendered":"<h2 style=\"text-align: center;\"><span style=\"text-decoration: underline;\">REPLAY<\/span><\/h2>\n<h2 style=\"text-align: center;\">Webinar: <span data-sheets-userformat=\"{&quot;2&quot;:641,&quot;3&quot;:{&quot;1&quot;:0},&quot;10&quot;:1,&quot;12&quot;:0}\" data-sheets-value=\"{&quot;1&quot;:2,&quot;2&quot;:&quot;Pourquoi choisir Activup entant que founisseur ? &quot;}\">How to increase your additional sales with the Walking Desk<\/span><\/h2>\n<p style=\"text-align: center;\">In this webinar, you will discover the solution to stand out from the crowd and offer your customers an innovative concept. It will provide you with the answers to the problems you are currently facing.&nbsp;<\/p>\n<p><span style=\"\"><img decoding=\"async\" alt=\"\" data-id=\"6752\" width=\"249\" data-init-width=\"320\" height=\"140\" data-init-height=\"180\" title=\"Untitled__16_-removebg-preview\" loading=\"lazy\" src=\"https:\/\/activup.net\/wp-content\/uploads\/2022\/07\/Sans_titre__16_-removebg-preview.png\" data-width=\"249\" data-height=\"140\" style=\"\" ml-d=\"-10.655999999999977\"><\/span><\/p>\n<p style=\"\"><strong><span style=\"--tcb-applied-color: var$(--tcb-color-6)  !important; color: var(--tcb-color-6);\">Animated by Marc Thouvenin,&nbsp;<\/span><\/strong><\/p>\n<p style=\"\"><strong>Fondateur d&rsquo;ActivUP<\/strong><\/p>\n<h2 style=\"text-align: center;\">Make an appointment<\/h2>\n<p style=\"text-align: center;\">Vous avez d&rsquo;autres questions ? Vous souhaitez nous contacter ? Prenez rendez-vous !<\/p>","protected":false},"excerpt":{"rendered":"<p>REPLAY Webinaire : Comment augmenter ses ventes additionnelles gr\u00e2ce au Walking Desk Vous d\u00e9couvrirez, dans ce webinaire, la solution pour sortir du lot et proposer \u00e0 vos clients un concept innovant. Il vous apportera les r\u00e9ponses aux probl\u00e9matiques que vous vous posez actuellement.&nbsp; Anim\u00e9 par Marc Thouvenin,&nbsp; Fondateur d&rsquo;ActivUP Prendre rendez-vous Vous avez d&rsquo;autres questions [&hellip;]<\/p>","protected":false},"author":4,"featured_media":0,"parent":6991,"menu_order":0,"comment_status":"closed","ping_status":"closed","template":"","meta":{"_seopress_robots_primary_cat":"","_seopress_titles_title":"Replay du Webinaire &quot;Des ventes additionnelles gr\u00e2ce au Walking Desk&quot;","_seopress_titles_desc":"D\u00e9couvrez le replay du webinaire &quot;Comment augmenter ses ventes additionnelles gr\u00e2ce au Walking Desk ?&quot;","_seopress_robots_index":"yes","bwfblock_default_font":"","footnotes":""},"wf_page_folders":[135],"class_list":["post-7051","page","type-page","status-publish","hentry","post-wrapper","thrv_wrapper"],"_links":{"self":[{"href":"https:\/\/activup.net\/en\/wp-json\/wp\/v2\/pages\/7051","targetHints":{"allow":["GET"]}}],"collection":[{"href":"https:\/\/activup.net\/en\/wp-json\/wp\/v2\/pages"}],"about":[{"href":"https:\/\/activup.net\/en\/wp-json\/wp\/v2\/types\/page"}],"author":[{"embeddable":true,"href":"https:\/\/activup.net\/en\/wp-json\/wp\/v2\/users\/4"}],"replies":[{"embeddable":true,"href":"https:\/\/activup.net\/en\/wp-json\/wp\/v2\/comments?post=7051"}],"version-history":[{"count":9,"href":"https:\/\/activup.net\/en\/wp-json\/wp\/v2\/pages\/7051\/revisions"}],"predecessor-version":[{"id":7623,"href":"https:\/\/activup.net\/en\/wp-json\/wp\/v2\/pages\/7051\/revisions\/7623"}],"up":[{"embeddable":true,"href":"https:\/\/activup.net\/en\/wp-json\/wp\/v2\/pages\/6991"}],"wp:attachment":[{"href":"https:\/\/activup.net\/en\/wp-json\/wp\/v2\/media?parent=7051"}],"wp:term":[{"taxonomy":"wf_page_folders","embeddable":true,"href":"https:\/\/activup.net\/en\/wp-json\/wp\/v2\/wf_page_folders?post=7051"}],"curies":[{"name":"wp","href":"https:\/\/api.w.org\/{rel}","templated":true}]}}