{"id":7059,"date":"2022-07-19T11:27:04","date_gmt":"2022-07-19T09:27:04","guid":{"rendered":"https:\/\/activupnet.eu2.copilhost.cloud\/webinaires\/revendeurs-sedemarquer\/clone-of-replay-webinaire-revendeurs-se-demarquer-confirmation-inscription\/"},"modified":"2022-07-27T07:35:45","modified_gmt":"2022-07-27T05:35:45","slug":"replay-conf","status":"publish","type":"page","link":"https:\/\/activup.net\/en\/webinaires\/revendeurs-ventesadditionnelles\/replay-conf\/","title":{"rendered":"Webinaire Revendeurs Ventes additionnelles Conf Replay"},"content":{"rendered":"<p style=\"text-align: left;\">You too can increase your additional sales by offering your customers the Walking Desk.<\/p>\n<h2><strong>Thank you for registering for the replay of this webinar.<\/strong><\/h2>\n<h2>You will receive a confirmation and the link to access it by e-mail.<\/h2>\n<\/p>\n<p><span style=\"\"><img decoding=\"async\" alt=\"\" data-id=\"7114\" width=\"500\" data-init-width=\"500\" height=\"450\" data-init-height=\"450\" title=\"M (8)\" loading=\"lazy\" src=\"https:\/\/activup.net\/wp-content\/uploads\/2022\/07\/M-8.png\" data-width=\"500\" data-height=\"450\" style=\"\" mt-d=\"-5.990000000000009\"><\/span><\/p>\n<p style=\"text-align: center;\">The link to the webinar replay will be sent to you by email.&nbsp;<\/p>\n<h2>Si vous n&rsquo;avez pas re\u00e7u notre email<\/h2>\n<p>Wait a few minutes, and eventually check your spam.<\/p>\n<\/p>\n<p>Si dans les 10 minutes qui viennent, vous ne l&rsquo;avez pas re\u00e7u, c&rsquo;est peut-\u00eatre une erreur de frappe sur votre email. Dans ce cas, veuillez recommencer en retournant \u00e0 la page pr\u00e9c\u00e9dente.&nbsp;<\/p>\n<\/p>\n<p>You can also contact us below.<\/p>\n<p>__CONFIG_group_edit__{\"k7g25n3o\":{\"name\": \"All Icon(s)\", \"singular\":\"- Icon %s\"}, \"k7g25s38\u2033:{\"name\": \"All Contact Detail(s)\", \"singular\":\"- Text %s\"}, \"k7g26hhs\":{\"name\": \"All Contact Form Input(s)\", \"singular\": \"- Contact Form Input %s\"}}__CONFIG_group_edit____CONFIG_local_colors__{\" colors \":{\" c4549\u2033: \"Royal Blue\", \"56de9\u2033: \"Alabaster\", \"6957a\": \"Bunker\", \"ae168\u2033: \"Royal Blue\"}, \"gradients\":{}}__CONFIG_local_colors__    <\/p>\n<h2>Contact us<\/h2>\n<p>Would you like to know more and even test the Walking Desk in your company or in our showroom?<\/p>\n<p><span><img decoding=\"async\" alt=\"\" data-id=\"571\" width=\"164\" data-init-width=\"300\" height=\"164\" data-init-height=\"300\" title=\"telemarketing-call-center-transparent-600sq\" loading=\"lazy\" src=\"https:\/\/activup.net\/wp-content\/uploads\/2020\/11\/telemarketing-call-center-transparent-600sq-300x300.png\" data-width=\"164\" data-height=\"164\" style=\"\"><\/span>  <\/p>\n<p><strong>Our showrooms<\/strong> (by appointment only)<\/p>\n<p><strong>Paris 17th<\/strong> 27 rue des Renaudes<\/p>\n<p><strong>Archamps<\/strong> (Haute-Savoie)<\/p>\n<p>Call us at<\/p>\n<p><span data-attr-id=\"3\" data-extra_key=\"1\" data-option-inline=\"1\" data-shortcode=\"thrive_global_fields\" data-shortcode-name=\"[Company] Phone number\">+33 1 85 08 60 18<\/span><\/p>\n<p>[tcb-script charset=\"utf-8\u2033 type=\"text\/javascript\" src= \"\/\/js.hsforms.net\/forms\/shell.js\"][\/tcb-script] [tcb-script] hbspt.forms.create({ portalId: \"3959277\", formId: \"64249f84-222c-4072-9249-8fbc859e8545\" }); [\/tcb-script]  <\/p>","protected":false},"excerpt":{"rendered":"<p>Vous aussi, vous pouvez augmenter vos ventes additionnelles, en proposant \u00e0 vos clients le Walking Desk Merci pour votre inscription au replay de ce webinaire. Vous allez recevoir une confirmation et le lien pour y acc\u00e9der par mail. Le lien vers le replay du webinaire vous sera envoy\u00e9 par email&nbsp; Si vous n&rsquo;avez pas re\u00e7u [&hellip;]<\/p>","protected":false},"author":4,"featured_media":0,"parent":6991,"menu_order":0,"comment_status":"closed","ping_status":"closed","template":"","meta":{"_seopress_robots_primary_cat":"","_seopress_titles_title":"Confirmation acc\u00e8s au replay du Webinaire &quot;Des ventes additionnelles gr\u00e2ce au Walking Desk&quot;","_seopress_titles_desc":"D\u00e9couvrez le replay du webinaire &quot;Comment augmenter ses ventes additionnelles gr\u00e2ce au Walking Desk ?&quot;","_seopress_robots_index":"yes","bwfblock_default_font":"","footnotes":""},"wf_page_folders":[135],"class_list":["post-7059","page","type-page","status-publish","hentry","post-wrapper","thrv_wrapper"],"_links":{"self":[{"href":"https:\/\/activup.net\/en\/wp-json\/wp\/v2\/pages\/7059","targetHints":{"allow":["GET"]}}],"collection":[{"href":"https:\/\/activup.net\/en\/wp-json\/wp\/v2\/pages"}],"about":[{"href":"https:\/\/activup.net\/en\/wp-json\/wp\/v2\/types\/page"}],"author":[{"embeddable":true,"href":"https:\/\/activup.net\/en\/wp-json\/wp\/v2\/users\/4"}],"replies":[{"embeddable":true,"href":"https:\/\/activup.net\/en\/wp-json\/wp\/v2\/comments?post=7059"}],"version-history":[{"count":4,"href":"https:\/\/activup.net\/en\/wp-json\/wp\/v2\/pages\/7059\/revisions"}],"predecessor-version":[{"id":7625,"href":"https:\/\/activup.net\/en\/wp-json\/wp\/v2\/pages\/7059\/revisions\/7625"}],"up":[{"embeddable":true,"href":"https:\/\/activup.net\/en\/wp-json\/wp\/v2\/pages\/6991"}],"wp:attachment":[{"href":"https:\/\/activup.net\/en\/wp-json\/wp\/v2\/media?parent=7059"}],"wp:term":[{"taxonomy":"wf_page_folders","embeddable":true,"href":"https:\/\/activup.net\/en\/wp-json\/wp\/v2\/wf_page_folders?post=7059"}],"curies":[{"name":"wp","href":"https:\/\/api.w.org\/{rel}","templated":true}]}}