{"id":8502,"date":"2022-09-26T11:45:38","date_gmt":"2022-09-26T09:45:38","guid":{"rendered":"https:\/\/activupnet.eu2.copilhost.cloud\/?page_id=8502"},"modified":"2022-09-26T11:53:48","modified_gmt":"2022-09-26T09:53:48","slug":"newsletter","status":"publish","type":"page","link":"https:\/\/activup.net\/en\/newsletter\/","title":{"rendered":"Abonnez-vous \u00e0 la newsletter"},"content":{"rendered":"<h1 style=\"text-align: right;\"><span style=\"font-weight: normal;\">Subscribe&nbsp;<\/span><\/h1>\n<h1 style=\"text-align: right;\"><span style=\"font-weight: normal;\">to the&nbsp;<\/span>newsletter.<\/h1>\n<p style=\"text-align: right;\">Don't miss these upcoming communications to help you be more physically active at your desk<\/p>\n<p><span style=\"\"><img loading=\"lazy\" decoding=\"async\" alt=\"\" data-id=\"1484\" width=\"480\" height=\"429\" title=\"Homepage-Business_gallery3_03\" src=\"\/\/activup.net\/wp-content\/uploads\/tcb_content_templates\/images\/Homepage-Business_gallery3_03.jpg\" style=\"\" ml-d=\"-1\"><\/span>[tcb-script src=\u00a0\u00bbhttps:\/\/activup97962.activehosted.com\/f\/embed.php?id=29&Prime; type=\u00a0\u00bbtext\/javascript\u00a0\u00bb charset=\u00a0\u00bbutf-8&Prime;][\/tcb-script]<\/p>","protected":false},"excerpt":{"rendered":"<p>Abonnez-vous&nbsp; \u00e0 la&nbsp;newsletter. Ne manquez pas les prochaines communications pour vous aider \u00e0 \u00eatre physiquement plus actif \u00e0 votre bureau [tcb-script src=\u00a0\u00bbhttps:\/\/activup97962.activehosted.com\/f\/embed.php?id=29&Prime; type=\u00a0\u00bbtext\/javascript\u00a0\u00bb charset=\u00a0\u00bbutf-8&Prime;][\/tcb-script]<\/p>","protected":false},"author":4,"featured_media":0,"parent":0,"menu_order":0,"comment_status":"closed","ping_status":"closed","template":"","meta":{"_seopress_robots_primary_cat":"","_seopress_titles_title":"","_seopress_titles_desc":"","_seopress_robots_index":"","bwfblock_default_font":"","footnotes":""},"wf_page_folders":[147],"class_list":["post-8502","page","type-page","status-publish","hentry","post-wrapper","thrv_wrapper"],"_links":{"self":[{"href":"https:\/\/activup.net\/en\/wp-json\/wp\/v2\/pages\/8502","targetHints":{"allow":["GET"]}}],"collection":[{"href":"https:\/\/activup.net\/en\/wp-json\/wp\/v2\/pages"}],"about":[{"href":"https:\/\/activup.net\/en\/wp-json\/wp\/v2\/types\/page"}],"author":[{"embeddable":true,"href":"https:\/\/activup.net\/en\/wp-json\/wp\/v2\/users\/4"}],"replies":[{"embeddable":true,"href":"https:\/\/activup.net\/en\/wp-json\/wp\/v2\/comments?post=8502"}],"version-history":[{"count":3,"href":"https:\/\/activup.net\/en\/wp-json\/wp\/v2\/pages\/8502\/revisions"}],"predecessor-version":[{"id":8507,"href":"https:\/\/activup.net\/en\/wp-json\/wp\/v2\/pages\/8502\/revisions\/8507"}],"wp:attachment":[{"href":"https:\/\/activup.net\/en\/wp-json\/wp\/v2\/media?parent=8502"}],"wp:term":[{"taxonomy":"wf_page_folders","embeddable":true,"href":"https:\/\/activup.net\/en\/wp-json\/wp\/v2\/wf_page_folders?post=8502"}],"curies":[{"name":"wp","href":"https:\/\/api.w.org\/{rel}","templated":true}]}}