{"id":879,"date":"2020-11-28T17:16:03","date_gmt":"2020-11-28T15:16:03","guid":{"rendered":"https:\/\/activupnet.eu2.copilhost.cloud\/?page_id=879"},"modified":"2024-02-06T23:38:34","modified_gmt":"2024-02-06T21:38:34","slug":"cas-usage-walking-desk","status":"publish","type":"page","link":"https:\/\/activup.net\/en\/cas-usage-walking-desk\/","title":{"rendered":"Customer use cases"},"content":{"rendered":"<h1 style=\"text-align: center;\">Customer use cases<\/h1>\n<p style=\"text-align: center;\">The Walking Desk adapts to the way you work<\/p>\n<p style=\"text-align: center;\">Discover the main configurations of Walking Desks. There's sure to be one that's right for you. Whether it's for you alone or to share with your colleagues. Whether you need more desk space or the most compact equipment possible.<\/p>\n<p>&nbsp;Walking Desk in Open Space<\/p>\n<h2>Shared use in open space<\/h2>\n<p style=\"text-align: justify;\">Whether in an open space, a coworking space, or an office with a few people, the Walking Desk will be shared among all the employees. The Walking Desk is very quiet and does not disturb, and some clients provide walls or plants to separate the spaces between the walking and sitting areas.<\/p>\n<p><span><img decoding=\"async\" alt=\"\" data-id=\"885\" width=\"486\" data-init-width=\"1024\" height=\"364\" data-init-height=\"768\" title=\"NextDoor-3\" src=\"https:\/\/activup.net\/wp-content\/uploads\/2020\/11\/NextDoor-3-1024x768.jpg\" data-width=\"486\" data-height=\"364\" style=\"aspect-ratio: auto 1024 \/ 768;\" loading=\"lazy\"><\/span><\/p>\n<p>Working from home (home office)<\/p>\n<h2>&nbsp;Walking Desk in telecommuting<\/h2>\n<p><span><img decoding=\"async\" alt=\"\" data-id=\"262\" width=\"500\" data-init-width=\"900\" height=\"333\" data-init-height=\"600\" title=\"LifespanHomeSetting600pL\" src=\"https:\/\/activup.net\/wp-content\/uploads\/2020\/05\/LifespanHomeSetting600pL.jpg\" data-width=\"500\" data-height=\"333\" style=\"aspect-ratio: auto 900 \/ 600;\" loading=\"lazy\"><\/span><\/p>\n<p style=\"text-align: justify;\">With the new configurations, in particular linked to Covid19, many companies resort to telecommuting, partial or total, for part of their employees.sedentary life already concerns more than half of the active population, but in telecommuting it is even higher.ActivUP proposes formulas to accompany companies by installing Walking Desks directly at their employees' homes, whether for rent or for sale.<\/p>\n<p>&nbsp;Walking Desk Sitting+standing+Walking<\/p>\n<h2>Large desk with carpet and seat<\/h2>\n<p style=\"text-align: justify;\">For those who want to have the treadmill and seat under the same desk, it is possible with a large desk of 6 feet or more. You can walk for 1 hour, then lower the desk and sit. And then stand up and walk around some more.<\/p>\n<p><span><img decoding=\"async\" alt=\"\" data-id=\"232\" width=\"486\" data-init-width=\"1024\" height=\"324\" data-init-height=\"683\" title=\"20190813-4-IMG_5229-1200x800-1\" src=\"https:\/\/activup.net\/wp-content\/uploads\/2020\/05\/20190813-4-IMG_5229-1200x800-1-1024x683.jpg\" data-width=\"486\" data-height=\"324\" style=\"aspect-ratio: auto 1024 \/ 683;\" loading=\"lazy\"><\/span><\/p>\n<p>Collective use of the Walking Desk<\/p>\n<h2>Walking meeting<\/h2>\n<p><span><img decoding=\"async\" alt=\"\" data-id=\"258\" width=\"500\" data-init-width=\"900\" height=\"333\" data-init-height=\"600\" title=\"Keyrus-IMG_2803-660pL\" src=\"https:\/\/activup.net\/wp-content\/uploads\/2020\/05\/Keyrus-IMG_2803-660pL.jpg\" data-width=\"500\" data-height=\"333\" style=\"aspect-ratio: auto 900 \/ 600;\" loading=\"lazy\"><\/span><\/p>\n<p style=\"text-align: justify;\">Our Walking Meeting Desk can be used for standing, sitting and walking meetings. It can also be used as a traditional walking desk or even as a traditional meeting table. ActivUP offers custom configurations, including treadmills, seating and even office bikes.<\/p>\n<p>Doing walking meetings<\/p>\n<h2>Walking Desk Tandem<\/h2>\n<p style=\"text-align: justify;\">Even better than the Walking Meeting Desk, this Walking Desk with 2 side-by-side treadmills allows to have meetings with 2 people walking next to each other, and of course, it is possible to invite 2 or more colleagues to participate in the meeting, using standing seats. The Walking Desk Tandem is equipped with 2 independent treadmills (each with its own control console), and a large desk of 2mx1m, with 4 electric columns controlled by a remote control.<\/p>\n<p><span><img decoding=\"async\" alt=\"\" data-id=\"1385\" width=\"468\" data-init-width=\"900\" height=\"312\" data-init-height=\"600\" title=\"Novartis-IMG4795-900x600\" src=\"https:\/\/activup.net\/wp-content\/uploads\/2021\/06\/Novartis-IMG4795-900x600-1.jpg\" data-width=\"468\" data-height=\"312\" style=\"aspect-ratio: auto 900 \/ 600;\" loading=\"lazy\"><\/span><\/p>\n<p>&nbsp;WALKING DESK AT SCHOOL<\/p>\n<h2>Walking and biking in class<\/h2>\n<p><span><img decoding=\"async\" alt=\"\" data-id=\"887\" width=\"486\" data-init-width=\"1024\" height=\"364\" data-init-height=\"768\" title=\"Photo-Ecole-WalkingDesk-Bike-Collonges-IMG_1358-1200x900\" src=\"https:\/\/activup.net\/wp-content\/uploads\/2020\/11\/Photo-Ecole-WalkingDesk-Bike-Collonges-IMG_1358-1200x900-1-1024x768.jpg\" data-width=\"486\" data-height=\"364\" style=\"aspect-ratio: auto 1024 \/ 768;\" loading=\"lazy\"><\/span><\/p>\n<p style=\"text-align: justify;\">Physical inactivity does not only affect adults. According to the WHO, 80% of children under 14 years old are physically inactive. This picture was taken in an elementary school in Haute-Savoie.<\/p>\n<p>Welcoming Colleagues to the Walking Desk<\/p>\n<h2>Walking Desk with high seats<\/h2>\n<p style=\"text-align: justify;\">When you work while walking on your Walking Desk, your colleagues can work next to you, either standing or using a high chair, which allows you to sit at the same height as you.<\/p>\n<p style=\"text-align: justify;\">These seats are adjustable in height and have a circular support to post the feet. Beautiful meetings in perspective.<\/p>\n<p><span><img decoding=\"async\" alt=\"\" data-id=\"10176\" width=\"493\" data-init-width=\"400\" height=\"300\" data-init-height=\"300\" title=\"Location-HP-IMG4842-400x300\" src=\"https:\/\/activup.net\/wp-content\/uploads\/2022\/12\/Location-HP-IMG4842-400x300-1.jpg\" data-width=\"493\" style=\"aspect-ratio: auto 400 \/ 300;\" loading=\"lazy\"><\/span><\/p>\n<h2 style=\"text-align: center;\">And you, which usage will you adopt?<\/h2>\n<p style=\"text-align: center;\">ActivUP customers are delighted with the <strong>effects of physical activity on their health<\/strong> and that of their employees. <strong>easy to implement<\/strong>. The <strong>walk<\/strong> is a <strong>drug recognized by the WHO<\/strong>which produces <strong>results without side effects<\/strong>.<\/p>\n<p>__CONFIG_group_edit__{\"k7g25n3o\":{\"name\": \"All Icon(s)\", \"singular\":\"- Icon %s\"}, \"k7g25s38\u2033:{\"name\": \"All Contact Detail(s)\", \"singular\":\"- Text %s\"}, \"k7g26hhs\":{\"name\": \"All Contact Form Input(s)\", \"singular\": \"- Contact Form Input %s\"}}__CONFIG_group_edit____CONFIG_local_colors__{\" colors \":{\" c4549\u2033: \"Royal Blue\", \"56de9\u2033: \"Alabaster\", \"6957a\": \"Bunker\", \"ae168\u2033: \"Royal Blue\"}, \"gradients\":{}}__CONFIG_local_colors__    <\/p>\n<h2>Contact us<\/h2>\n<p>Would you like to know more and even test the Walking Desk in your company or in our showroom?<\/p>\n<p><span><img decoding=\"async\" alt=\"\" data-id=\"571\" width=\"164\" data-init-width=\"300\" height=\"164\" data-init-height=\"300\" title=\"telemarketing-call-center-transparent-600sq\" loading=\"lazy\" src=\"https:\/\/activup.net\/wp-content\/uploads\/2020\/11\/telemarketing-call-center-transparent-600sq-300x300.png\" data-width=\"164\" data-height=\"164\" style=\"\"><\/span>  <\/p>\n<p><strong>Our showrooms<\/strong> (by appointment only)<\/p>\n<p><strong>Paris 17th<\/strong> 27 rue des Renaudes<\/p>\n<p><strong>Archamps<\/strong> (Haute-Savoie)<\/p>\n<p>Call us at<\/p>\n<p><span data-attr-id=\"3\" data-extra_key=\"1\" data-option-inline=\"1\" data-shortcode=\"thrive_global_fields\" data-shortcode-name=\"[Company] Phone number\">+33 1 85 08 60 18<\/span><\/p>\n<div class='fluentform ff-default fluentform_wrapper_2 ffs_default_wrap'><form data-form_id=\"2\" id=\"fluentform_2\" class=\"frm-fluent-form fluent_form_2 ff-el-form-top ff_form_instance_2_1 ff-form-loading ff_has_v3_recptcha ffs_default\" data-form_instance=\"ff_form_instance_2_1\" method=\"POST\" data-recptcha_key=\"6LcaRdUkAAAAANwFcx2DAcZt1T8_a1cMrBUIxqXW\" action=\"\" ><fieldset  style=\"border: none!important;margin: 0!important;padding: 0!important;background-color: transparent!important;box-shadow: none!important;outline: none!important; min-inline-size: 100%;\">\n                    <legend class=\"ff_screen_reader_title\" style=\"display: block; margin: 0!important;padding: 0!important;height: 0!important;text-indent: -999999px;width: 0!important;overflow:hidden;\">Contact Form En<\/legend><input type='hidden' name='__fluent_form_embded_post_id' value='879' \/><input type=\"hidden\" id=\"_fluentform_2_fluentformnonce\" name=\"_fluentform_2_fluentformnonce\" value=\"e1878e68ba\" \/><input type=\"hidden\" name=\"_wp_http_referer\" value=\"\/en\/wp-json\/wp\/v2\/pages\/879\" \/><div class='ff-el-group'><div class=\"ff-el-input--label ff-el-is-required asterisk-right\"><label for='ff_2_email' id='label_ff_2_email' aria-label=\"Email\">Email<\/label><\/div><div class='ff-el-input--content'><input type=\"email\" name=\"email\" id=\"ff_2_email\" class=\"ff-el-form-control\" placeholder=\"Your email address...\" data-name=\"email\"  aria-invalid=\"false\" aria-required=\"true\"><\/div><\/div><div data-type=\"name-element\" data-name=\"names\" class=\"ff-field_container ff-name-field-wrapper\" ><div class='ff-t-container'><div class='ff-t-cell'><div class='ff-el-group'><div class=\"ff-el-input--label ff-el-is-required asterisk-right\"><label for='ff_2_names_first_name_' id='label_ff_2_names_first_name_' >First name<\/label><\/div><div class='ff-el-input--content'><input type=\"text\" name=\"names[first_name]\" id=\"ff_2_names_first_name_\" class=\"ff-el-form-control\" placeholder=\"Your first name...\" aria-invalid=\"false\" aria-required=\"true\"><\/div><\/div><\/div><div class='ff-t-cell'><div class='ff-el-group'><div class=\"ff-el-input--label ff-el-is-required asterisk-right\"><label for='ff_2_names_last_name_' id='label_ff_2_names_last_name_' >Name<\/label><\/div><div class='ff-el-input--content'><input type=\"text\" name=\"names[last_name]\" id=\"ff_2_names_last_name_\" class=\"ff-el-form-control\" placeholder=\"Your last name...\" aria-invalid=\"false\" aria-required=\"true\"><\/div><\/div><\/div><\/div><\/div><div data-name=\"ff_cn_id_1\"  class='ff-t-container ff-column-container ff_columns_total_2'><div class='ff-t-cell ff-t-column-1' style='flex-basis: 50%;'><div class='ff-el-group'><div class=\"ff-el-input--label asterisk-right\"><label for='ff_2_company' id='label_ff_2_company' aria-label=\"Company\">Company<\/label><\/div><div class='ff-el-input--content'><input type=\"text\" name=\"company\" class=\"ff-el-form-control\" data-name=\"company\" id=\"ff_2_company\"  aria-invalid=\"false\" aria-required=\"false\"><\/div><\/div><\/div><div class='ff-t-cell ff-t-column-2' style='flex-basis: 50%;'><div class='ff-el-group'><div class=\"ff-el-input--label asterisk-right\"><label for='ff_2_phone' id='label_ff_2_phone' aria-label=\"Mobile\">Mobile<\/label><\/div><div class='ff-el-input--content'><input name=\"phone\" class=\"ff-el-form-control ff-el-phone\" type=\"tel\" placeholder=\"Your mobile number...\" data-name=\"phone\" id=\"ff_2_phone\" inputmode=\"tel\"  aria-invalid='false' aria-required=\"false\"><\/div><\/div><\/div><\/div><div class='ff-el-group'><div class=\"ff-el-input--label ff-el-is-required asterisk-right\"><label for='ff_2_subject' id='label_ff_2_subject' aria-label=\"Your request\">Your request<\/label><\/div><div class='ff-el-input--content'><input type=\"text\" name=\"subject\" class=\"ff-el-form-control\" placeholder=\"Subject of your request...\" data-name=\"subject\" id=\"ff_2_subject\"  aria-invalid=\"false\" aria-required=\"true\"><\/div><\/div><div class='ff-el-group'><div class=\"ff-el-input--label ff-el-is-required asterisk-right\"><label for='ff_2_message' id='label_ff_2_message' aria-label=\"Your message\">Your message<\/label><\/div><div class='ff-el-input--content'><textarea aria-required=\"true\" aria-labelledby=\"label_ff_2_message\" name=\"message\" id=\"ff_2_message\" class=\"ff-el-form-control\" placeholder=\"Content of your message...\" rows=\"6\" cols=\"2\" data-name=\"message\" ><\/textarea><\/div><\/div><input type=\"hidden\" name=\"utm_hist\" data-name=\"utm_hist\" ><input type=\"hidden\" name=\"ref_hist\" data-name=\"ref_hist\" ><input type=\"hidden\" name=\"form_name\" value=\"Contact Form\" data-name=\"form_name\" ><input type=\"hidden\" name=\"valid_url\" data-name=\"valid_url\" ><input type=\"hidden\" name=\"submit_url\" value=\"https:\/\/activup.net\/en\/wp-json\/wp\/v2\/pages\/879\" data-name=\"submit_url\" ><input type=\"hidden\" name=\"utm_src\" data-name=\"utm_src\" ><input type=\"hidden\" name=\"utm_cpn\" data-name=\"utm_cpn\" ><input type=\"hidden\" name=\"utm_mdm\" data-name=\"utm_mdm\" ><input type=\"hidden\" name=\"utm_cnt\" data-name=\"utm_cnt\" ><input type=\"hidden\" name=\"utm_trm\" data-name=\"utm_trm\" ><input type=\"hidden\" name=\"clid\" data-name=\"clid\" ><input type=\"hidden\" name=\"hubspotutk\" data-name=\"hubspotutk\" ><input type=\"hidden\" name=\"submit_urls\" value=\"https:\/\/activup.net\/en\/wp-json\/wp\/v2\/pages\/879\" data-name=\"submit_urls\" ><div class='ff-el-group ff-text-left ff_submit_btn_wrapper'><button type=\"submit\" class=\"ff-btn ff-btn-submit ff-btn-md ff_btn_style\"  aria-label=\"Send the request\">Send the request<\/button><\/div><\/fieldset><input type=\"hidden\" name=\"trp-form-language\" value=\"en\"\/><\/form><div id='fluentform_2_errors' class='ff-errors-in-stack ff_form_instance_2_1 ff-form-loading_errors ff_form_instance_2_1_errors'><\/div><\/div>            <script type=\"text\/javascript\">\n                window.fluent_form_ff_form_instance_2_1 = {\"id\":\"2\",\"settings\":{\"layout\":{\"labelPlacement\":\"top\",\"helpMessagePlacement\":\"with_label\",\"errorMessagePlacement\":\"inline\",\"cssClassName\":\"\",\"asteriskPlacement\":\"asterisk-right\"},\"restrictions\":{\"denyEmptySubmission\":{\"enabled\":false}}},\"form_instance\":\"ff_form_instance_2_1\",\"form_id_selector\":\"fluentform_2\",\"rules\":{\"email\":{\"required\":{\"value\":true,\"message\":\"Ce champ est obligatoire\"},\"email\":{\"value\":true,\"message\":\"Ce champ doit \\u00eatre une adresse email valide\"}},\"names[first_name]\":{\"required\":{\"value\":true,\"message\":\"Ce champ est obligatoire\"}},\"names[middle_name]\":{\"required\":{\"value\":false,\"message\":\"This field is required\"}},\"names[last_name]\":{\"required\":{\"value\":true,\"message\":\"Ce champ est obligatoire\"}},\"company\":{\"required\":{\"value\":false,\"message\":\"Ce champ est obligatoire\"}},\"phone\":{\"required\":{\"value\":false,\"message\":\"Ce champ est requis\"},\"valid_phone_number\":{\"value\":false,\"message\":\"Le num\\u00e9ro de t\\u00e9l\\u00e9phone n'est pas valide\"}},\"subject\":{\"required\":{\"value\":true,\"message\":\"Ce champ est obligatoire\"}},\"message\":{\"required\":{\"value\":true,\"message\":\"Ce champ est obligatoire\"}},\"g-recaptcha-response\":[]},\"debounce_time\":300};\n                            <\/script>","protected":false},"excerpt":{"rendered":"<p>Customer Success Stories The Walking Desk adapts to the way you work Discover the main configurations of Walking Desks. There is bound to be one that suits you. Whether it's for you alone or to share with your colleagues. Whether you need space on the desk or on the contrary an equipment that will allow you to [...]<\/p>","protected":false},"author":4,"featured_media":0,"parent":0,"menu_order":0,"comment_status":"closed","ping_status":"closed","template":"","meta":{"_seopress_robots_primary_cat":"","_seopress_titles_title":"Cas d&#039;usage du Walking Desk : R\u00e9union, Solo, T\u00e9l\u00e9travail","_seopress_titles_desc":"D\u00e9couvrez les principaux usages des utilisateurs de Walking Desks ActivUP. Faire des r\u00e9unions en marchant, marcher en t\u00e9l\u00e9travail, usage partag\u00e9 en open-space, etc","_seopress_robots_index":"","bwfblock_default_font":"","footnotes":""},"wf_page_folders":[73],"class_list":["post-879","page","type-page","status-publish","hentry","post-wrapper","thrv_wrapper"],"_links":{"self":[{"href":"https:\/\/activup.net\/en\/wp-json\/wp\/v2\/pages\/879","targetHints":{"allow":["GET"]}}],"collection":[{"href":"https:\/\/activup.net\/en\/wp-json\/wp\/v2\/pages"}],"about":[{"href":"https:\/\/activup.net\/en\/wp-json\/wp\/v2\/types\/page"}],"author":[{"embeddable":true,"href":"https:\/\/activup.net\/en\/wp-json\/wp\/v2\/users\/4"}],"replies":[{"embeddable":true,"href":"https:\/\/activup.net\/en\/wp-json\/wp\/v2\/comments?post=879"}],"version-history":[{"count":15,"href":"https:\/\/activup.net\/en\/wp-json\/wp\/v2\/pages\/879\/revisions"}],"predecessor-version":[{"id":24027,"href":"https:\/\/activup.net\/en\/wp-json\/wp\/v2\/pages\/879\/revisions\/24027"}],"wp:attachment":[{"href":"https:\/\/activup.net\/en\/wp-json\/wp\/v2\/media?parent=879"}],"wp:term":[{"taxonomy":"wf_page_folders","embeddable":true,"href":"https:\/\/activup.net\/en\/wp-json\/wp\/v2\/wf_page_folders?post=879"}],"curies":[{"name":"wp","href":"https:\/\/api.w.org\/{rel}","templated":true}]}}