{"id":9270,"date":"2022-10-23T12:27:29","date_gmt":"2022-10-23T10:27:29","guid":{"rendered":"https:\/\/activupnet.eu2.copilhost.cloud\/?page_id=9270"},"modified":"2024-01-23T15:48:24","modified_gmt":"2024-01-23T13:48:24","slug":"bouger-plus-travailler-mieux","status":"publish","type":"page","link":"https:\/\/activup.net\/en\/guide\/bouger-plus-travailler-mieux\/","title":{"rendered":"Guide \u00ab Bouger plus pour travailler mieux \u00bb"},"content":{"rendered":"<p style=\"text-align: left;\">\u00ab Il travaille mieux et n&rsquo;a plus mal au dos depuis qu&rsquo;il marche en travaillant \u00bb<\/p>\n<h1 style=\"text-align: center;\">Health and productivity&nbsp;<\/h1>\n<p><strong>Guide: \"Move more to work better!\"<\/strong><\/p>\n<h2 style=\"\">No more back pain, no more overweight and no more sedentary lifestyle.<\/h2>\n<h2 style=\"\">Increase productivity, creativity<\/h2>\n<p><span><img decoding=\"async\" alt=\"\" data-id=\"1574\" width=\"261\" data-init-width=\"300\" height=\"242\" data-init-height=\"278\" title=\"Guide-White-Book-Work-Like-More-107-cover3D-45deg\" loading=\"lazy\" src=\"https:\/\/activup.net\/wp-content\/uploads\/2021\/12\/Guide-LivreBlanc-Teletravail-BougerPlus-107-cover3D-45deg-300x278-1.png\" data-width=\"261\" data-height=\"242\" style=\"aspect-ratio: auto 300 \/ 278;\"><\/span><\/p>\n<p style=\"text-align: center;\">free of charge<\/p>\n<ul>\n<li><span style=\"\">Your pains <strong>flights of fancy<\/strong><\/span><\/li>\n<\/ul>\n<ul>\n<li><span style=\"\">Your <strong>Energy<\/strong> found<\/span><\/li>\n<\/ul>\n<ul>\n<li><span style=\"\"><span>YOUR<\/span><strong>efficiency<\/strong> tenfold<\/span><\/li>\n<\/ul>\n<h2 style=\"\">Solution:<\/h2>\n<h2 style=\"\"><span style=\"font-size: 69px;\">Walk<\/span><\/h2>\n<h2 style=\"\">at his office,<span style=\"font-size: 42px;\">By working<\/span><\/h2>\n<h2>Move more to feel better<\/h2>\n<p>Walking stretches the back muscles and the upright posture releases tension<\/p>\n<p>&nbsp;<\/p>\n<h2>Easy, effortless, without thinking about it<\/h2>\n<p>You walk and work at the same time. No need to go to the gym. Walking at the office doesn't require a shower, sweatpants or gym shoes.<\/p>\n<p><span><img decoding=\"async\" alt=\"\" data-id=\"266\" width=\"350\" data-init-width=\"300\" height=\"233\" data-init-height=\"200\" title=\"BouyguesNextDoor-5-600pL\" src=\"https:\/\/activup.net\/wp-content\/uploads\/2021\/12\/BouyguesNextDoor-5-600pL-300x200-1.jpg\" data-width=\"350\" data-height=\"233\" style=\"aspect-ratio: auto 300 \/ 200;\" loading=\"lazy\"><\/span><span><img decoding=\"async\" alt=\"\" data-id=\"262\" width=\"350\" data-init-width=\"300\" height=\"233\" data-init-height=\"200\" title=\"LifespanHomeSetting600pL\" src=\"https:\/\/activup.net\/wp-content\/uploads\/2021\/12\/LifespanHomeSetting600pL-300x200-1.jpg\" data-width=\"350\" data-height=\"233\" style=\"aspect-ratio: auto 300 \/ 200;\" loading=\"lazy\"><\/span><span><img decoding=\"async\" alt=\"\" data-id=\"260\" width=\"350\" data-init-width=\"300\" height=\"233\" data-init-height=\"200\" title=\"LifespanCubicle600pL\" src=\"https:\/\/activup.net\/wp-content\/uploads\/2021\/12\/LifespanCubicle600pL-300x200-1.jpg\" data-width=\"350\" data-height=\"233\" style=\"aspect-ratio: auto 300 \/ 200;\" loading=\"lazy\"><\/span><\/p>\n<h2 style=\"text-align: center;\">What will happen if you walk more?<\/h2>\n<p>Obesity<\/p>\n<h2>You will lose weight<\/h2>\n<p style=\"text-align: justify;\">41% of employees are overweight: Walking doubles energy expenditure and restores the taste for physical activity.<\/p>\n<p style=\"text-align: justify;\">\"The way others look at it will change\".<\/p>\n<p><span><img decoding=\"async\" alt=\"\" data-id=\"209\" width=\"400\" data-init-width=\"600\" height=\"300\" data-init-height=\"450\" title=\"scale-connected-h\" src=\"https:\/\/activup.net\/wp-content\/uploads\/2021\/12\/balance-connectee-h.jpg\" data-width=\"400\" data-height=\"300\" style=\"aspect-ratio: auto 600 \/ 450;\" loading=\"lazy\"><\/span><\/p>\n<p>WELLNESS<\/p>\n<h2>You will be less stressed<\/h2>\n<p><span><img decoding=\"async\" alt=\"\" data-id=\"1250\" width=\"400\" data-init-width=\"600\" height=\"300\" data-init-height=\"450\" title=\"less-stress-600x450\" loading=\"lazy\" src=\"https:\/\/activup.net\/wp-content\/uploads\/2021\/12\/less-stress-600x450-1.jpg\" data-width=\"400\" data-height=\"300\" style=\"aspect-ratio: auto 600 \/ 450;\"><\/span><\/p>\n<p style=\"text-align: justify;\">58% of employees are stressed: Walking increases the secretion of endorphins, the happiness hormone, by five times.<\/p>\n<p style=\"text-align: justify;\">\"Walking releases anti-stress hormones<\/p>\n<p>Back pain<\/p>\n<h2>You will have less back pain<\/h2>\n<p style=\"text-align: justify;\"><span style=\"text-decoration: underline;\">42% of employees have back pain<\/span> Walking improves posture and strengthens the back<\/p>\n<p style=\"text-align: justify;\">\"Your back will curse your chair<\/p>\n<p><span><img decoding=\"async\" alt=\"\" data-id=\"204\" width=\"400\" data-init-width=\"600\" height=\"300\" data-init-height=\"450\" title=\"back-spring-multicolor\" src=\"https:\/\/activup.net\/wp-content\/uploads\/2021\/12\/dos-ressort-multicolore.jpg\" data-width=\"400\" data-height=\"300\" style=\"aspect-ratio: auto 600 \/ 450;\" loading=\"lazy\"><\/span><\/p>\n<p>PRODUCTIVITY<\/p>\n<h2>You will increase your productivity<\/h2>\n<p><span><img decoding=\"async\" alt=\"\" data-id=\"1249\" width=\"523\" data-init-width=\"600\" height=\"392\" data-init-height=\"450\" title=\"productivity-drawing-600x450\" loading=\"lazy\" src=\"https:\/\/activup.net\/wp-content\/uploads\/2021\/12\/productivity-drawing-600x450-1.jpg\" data-width=\"523\" data-height=\"392\" style=\"aspect-ratio: auto 600 \/ 450;\"><\/span><\/p>\n<p>Light physical activity in the office saves time normally dedicated to sports and active people are much less sick and save time. According to a study by the Olympic Committee, walking can save 3 weeks\/year of productivity (6% on average)<\/p>\n<p>\"You will always be fit and available<\/p>\n<p>concentration &amp; creativity<\/p>\n<h2>You will be more focused and creative<\/h2>\n<p style=\"text-align: justify;\">Physical activity boosts cognitive abilities: Creativity and memory increase thanks to walking. The extra energy will keep your teams focused longer.<\/p>\n<p style=\"text-align: justify;\">\"You will be surprised by your new creativity\".<\/p>\n<p><span style=\"\"><img decoding=\"async\" alt=\"\" data-id=\"1251\" width=\"497\" data-init-width=\"600\" height=\"373\" data-init-height=\"450\" title=\"business-performance-whitebg-600x450\" loading=\"lazy\" src=\"https:\/\/activup.net\/wp-content\/uploads\/2021\/12\/business-performance-whitebg-600x450-1.jpg\" data-width=\"497\" data-height=\"373\" style=\"aspect-ratio: auto 600 \/ 450;\" mt-d=\"-56\" center-v-d=\"false\" ml-d=\"0\" mt-m=\"-55.547\"><\/span><span style=\"\"><img decoding=\"async\" alt=\"\" data-id=\"1248\" width=\"367\" data-init-width=\"600\" height=\"275\" data-init-height=\"450\" title=\"longevity-diet-600x450\" loading=\"lazy\" src=\"https:\/\/activup.net\/wp-content\/uploads\/2021\/12\/longevity-diet-600x450-1.jpg\" data-width=\"367\" data-height=\"275\" style=\"aspect-ratio: auto 600 \/ 450;\" mt-d=\"-0.75\" mt-m=\"0\" center-v-d=\"false\" ml-d=\"-7.187999999999988\"><\/span><\/p>\n<p>Vascular health<\/p>\n<h2>Your life expectancy will increase<\/h2>\n<p style=\"text-align: justify;\">Moving slows down natural aging: People who engage in daily physical activity can gain 3 to 9 years of life expectancy, and it reduces the risk of cardiovascular disease, diabetes and cancer by 40%.<\/p>\n<p style=\"text-align: justify;\">\"How would you like to have nine more years of life?\"<\/p>\n<p>SLEEP<\/p>\n<h2>You will sleep better<\/h2>\n<p>Physical activity improves sleep: Walking during the day increases melatonin secretion in the evening before going to sleep.&nbsp;<\/p>\n<p>\"You'll be in shape all day and from the moment you wake up.<\/p>\n<p><span><img decoding=\"async\" alt=\"\" data-id=\"1600\" width=\"372\" data-init-width=\"600\" height=\"279\" data-init-height=\"450\" title=\"Sleep-Quality-Orange-600x450\" loading=\"lazy\" src=\"https:\/\/activup.net\/wp-content\/uploads\/2021\/12\/Sleep-Quality-Orange-600x450-1.jpg\" data-width=\"372\" data-height=\"279\" style=\"aspect-ratio: auto 600 \/ 450;\"><\/span>  <\/p>\n<h2 style=\"text-align: center;\">&nbsp;ActivUP, the reference for the Walking Desk<\/h2>\n<h3 style=\"text-align: center;\"><span>More than 300 clients<\/span><\/h3>\n<p><span><img decoding=\"async\" alt=\"\" data-id=\"175\" width=\"350\" data-init-width=\"640\" height=\"197\" data-init-height=\"360\" title=\"references-clients-ActivUP-2020-640x360-1\" loading=\"lazy\" src=\"https:\/\/activup.net\/wp-content\/uploads\/2021\/12\/references-clients-ActivUP-2020-640x360-1-2.jpg\" data-width=\"350\" data-height=\"197\" style=\"aspect-ratio: auto 640 \/ 360;\"><\/span><\/p>\n<h3 style=\"text-align: center;\">23 TV appearances<\/h3>\n<p><span><a href=\"https:\/\/activup.net\/en\/presse\/\" data-shortcode-id=\"27\" data-dynamic-link=\"thrive_global_fields_url\"><img decoding=\"async\" alt=\"\" data-id=\"176\" width=\"339\" data-init-width=\"640\" height=\"191\" data-init-height=\"360\" title=\"retombees-presse-640x360-1\" loading=\"lazy\" src=\"https:\/\/activup.net\/wp-content\/uploads\/2021\/12\/retombees-presse-640x360-1-2.jpg\" data-width=\"339\" data-height=\"191\" data-link-wrap=\"true\" style=\"aspect-ratio: auto 640 \/ 360;\"><\/a><\/span><\/p>\n<h3 style=\"text-align: center;\">An award-winning solution<\/h3>\n<p><span><a href=\"https:\/\/activup.net\/en\/distinctions\/\" data-shortcode-id=\"28\" data-dynamic-link=\"thrive_global_fields_url\"><img decoding=\"async\" alt=\"\" data-id=\"174\" width=\"339\" data-init-width=\"640\" height=\"191\" data-init-height=\"360\" title=\"infographie-trophee-640x360\" loading=\"lazy\" src=\"https:\/\/activup.net\/wp-content\/uploads\/2021\/12\/infographie-trophee-640x360-1-2.jpg\" data-width=\"339\" data-height=\"191\" data-link-wrap=\"true\" style=\"aspect-ratio: auto 640 \/ 360;\"><\/a><\/span> <\/p>\n<p><strong>THE GUIDE<\/strong><\/p>\n<h2><strong>Move more to work better!<\/strong><\/h2>\n<p>This guide in PDF ebook format explains the method used by Marc Thouvenin, to move at his desk, without thinking about it, without spending time.&nbsp;<\/p>\n<p>This method is applicable to all teleworkers, who work a lot, do not have enough time to do sports, do not want to diet. It allows you to lose weight, relieve back pain, and be more productive.<\/p>\n<p style=\"text-align: center;\">free of charge<\/p>\n<p><span><img decoding=\"async\" alt=\"\" data-id=\"1574\" width=\"365\" data-init-width=\"914\" height=\"338\" data-init-height=\"846\" title=\"Guide-White-Book-Work-Like-More-107-cover3D-45deg\" loading=\"lazy\" src=\"https:\/\/activup.net\/wp-content\/uploads\/2021\/12\/Guide-LivreBlanc-Teletravail-BougerPlus-107-cover3D-45deg.png\" data-width=\"365\" data-height=\"338\" style=\"aspect-ratio: auto 914 \/ 846;\"><\/span><\/p>\n<h5>Why move<\/h5>\n<p>All the health, well-being and performance benefits are addressed, as well as the adaptation to the office environment.<\/p>\n<h5>Conditions for success<\/h5>\n<p>Choose to adopt the right winning attitude to feel better, to have fun. Understand your body to master it.<\/p>\n<h5>Measure your progress<\/h5>\n<p>Tips on how to succeed in the short and medium term. And how to validate your results and inspire others to do the same.<\/p>\n<h5>Designing your office<\/h5>\n<p>Find out how your workspace can become the best way to lose weight, get rid of back pain and get in shape.<\/p>\n<h2>DOWNLOAD THE GUIDE<\/h2>\n<p style=\"\">This guide will help you start a new, more active life. Without thinking about it, you will lose weight, relieve your back, and get in shape. All simply by walking to your office, without dieting or exercising.<\/p>\n<p style=\"\">\n<p style=\"\">And to help you in the process, you will receive 2 bonuses by email as soon as the form is validated.<\/p>\n<h2 style=\"text-align: center;\">Click here to<\/h2>\n<h2 style=\"text-align: center;\">free of charge<\/h2>\n<h2 style=\"text-align: center;\">or <a href=\"https:\/\/activup.net\/en\/contact\/\" target=\"_blank\" style=\"outline: none;\" rel=\"noopener\"><span style=\"text-decoration: underline;\">contact us directly here<\/span><\/a><\/h2>","protected":false},"excerpt":{"rendered":"<p>\u00ab Il travaille mieux et n&rsquo;a plus mal au dos depuis qu&rsquo;il marche en travaillant \u00bb Sant\u00e9 et productivit\u00e9&nbsp; Guide: \u00ab Bouger plus pour travailler mieux ! \u00bb Fini le mal de dos, le surpoids et la s\u00e9dentarit\u00e9. Augmentez la productivit\u00e9, la cr\u00e9ativit\u00e9 gratuitement Vos douleurs envol\u00e9es Votre Energie retrouv\u00e9e VOTREefficacit\u00e9 d\u00e9cupl\u00e9e La solution : [&hellip;]<\/p>","protected":false},"author":4,"featured_media":0,"parent":9278,"menu_order":0,"comment_status":"closed","ping_status":"closed","template":"","meta":{"_seopress_robots_primary_cat":"","_seopress_titles_title":"Guide \u00ab Bouger plus pour travailler mieux \u00bb","_seopress_titles_desc":"Sant\u00e9, Bien-\u00eatre, Productivit\u00e9, Cr\u00e9ativit\u00e9. Mieux travailler gr\u00e2ce \u00e0 l&#039;activit\u00e9 physique au bureau, tous les jours, sans effort, et sans y consacrer du temps","_seopress_robots_index":"","bwfblock_default_font":"","footnotes":""},"wf_page_folders":[148],"class_list":["post-9270","page","type-page","status-publish","hentry","post-wrapper","thrv_wrapper"],"_links":{"self":[{"href":"https:\/\/activup.net\/en\/wp-json\/wp\/v2\/pages\/9270","targetHints":{"allow":["GET"]}}],"collection":[{"href":"https:\/\/activup.net\/en\/wp-json\/wp\/v2\/pages"}],"about":[{"href":"https:\/\/activup.net\/en\/wp-json\/wp\/v2\/types\/page"}],"author":[{"embeddable":true,"href":"https:\/\/activup.net\/en\/wp-json\/wp\/v2\/users\/4"}],"replies":[{"embeddable":true,"href":"https:\/\/activup.net\/en\/wp-json\/wp\/v2\/comments?post=9270"}],"version-history":[{"count":10,"href":"https:\/\/activup.net\/en\/wp-json\/wp\/v2\/pages\/9270\/revisions"}],"predecessor-version":[{"id":23655,"href":"https:\/\/activup.net\/en\/wp-json\/wp\/v2\/pages\/9270\/revisions\/23655"}],"up":[{"embeddable":true,"href":"https:\/\/activup.net\/en\/wp-json\/wp\/v2\/pages\/9278"}],"wp:attachment":[{"href":"https:\/\/activup.net\/en\/wp-json\/wp\/v2\/media?parent=9270"}],"wp:term":[{"taxonomy":"wf_page_folders","embeddable":true,"href":"https:\/\/activup.net\/en\/wp-json\/wp\/v2\/wf_page_folders?post=9270"}],"curies":[{"name":"wp","href":"https:\/\/api.w.org\/{rel}","templated":true}]}}