{"id":10171,"date":"2022-12-14T08:22:38","date_gmt":"2022-12-14T06:22:38","guid":{"rendered":"https:\/\/activupnet.eu2.copilhost.cloud\/?page_id=10171"},"modified":"2023-07-14T20:10:03","modified_gmt":"2023-07-14T18:10:03","slug":"entreprises","status":"publish","type":"page","link":"https:\/\/activup.net\/fr\/acheter-walking-desk\/entreprises\/","title":{"rendered":"Walking Desk pour les entreprises"},"content":{"rendered":"<h1 style=\"text-align: center;\">Entreprises<\/h1>\n<p style=\"text-align: center;\">Sant\u00e9, QVT et r\u00e9duction de l&rsquo;absent\u00e9isme<\/p>\n<ul>\n<li style=\"\"><span style=\"\">M<strong><\/strong>oins d&rsquo;absences maladie<\/span><\/li>\n<li style=\"\"><span style=\"\">Plus d&rsquo;\u00e9nergie&nbsp;<\/span><\/li>\n<li style=\"\"><span style=\"\">Plus d&rsquo;engagement<\/span><\/li>\n<li style=\"\"><span style=\"\">Marque employeur<\/span><\/li>\n<li style=\"\"><span style=\"\">Productivit\u00e9<\/span><\/li>\n<\/ul>\n<ul>\n<li style=\"\"><span style=\"\">Bureaux assortis \u00e0 vos espaces<\/span><\/li>\n<li style=\"\"><span style=\"\">Silencieux : moins de 40dB \u00e0 2km\/h<\/span><\/li>\n<li style=\"\"><span style=\"\">Tr\u00e8s confortable : mousse amortissante<\/span><\/li>\n<li style=\"\"><span style=\"\">Hauteur r\u00e9glable \u00e9lectriquement&nbsp;<\/span><\/li>\n<\/ul>\n<p style=\"text-align: center;\">La marche au bureau sur un walking desk est un tr\u00e8s bon moyen de marcher tous les jours sans y consacrer de temps. Vos collaborateurs peuvent t\u00e9l\u00e9phoner, r\u00e9diger vos mails, faire des r\u00e9unions, r\u00e9aliser des documents.<\/p>\n<ul>\n<li><span style=\"\">MEILLEURE SANTE<\/span><\/li>\n<\/ul>\n<ul>\n<li><span style=\"\">plus d&rsquo;energie &nbsp;<\/span><\/li>\n<\/ul>\n<ul>\n<li><span style=\"\"><span style=\"\">MOINS D&rsquo;ABSENTEISME<\/span><\/span><\/li>\n<\/ul>\n<p>B\u00c9N\u00c9FICES SANT\u00c9 DU WALKING DESK<\/p>\n<h2>Des collaborateurs <span style=\"text-decoration: underline;\">moins malades<\/span><\/h2>\n<p>L&rsquo;activit\u00e9 physique a un effet positif dans la pr\u00e9vention et le soin des maladies cardio-vasculaires.<\/p>\n<ul>\n<li><span>R\u00e9duit les accidents cardio-vasculaires<\/span><\/li>\n<li><span>Limite les risques de diab\u00e8te de type 2<\/span><\/li>\n<li><span>Pr\u00e9vient les cancers du sein ou du colon<\/span><\/li>\n<li><span>R\u00e9duit le mal de dos<\/span><\/li>\n<li><span>Permet de perdre du poids<\/span><\/li>\n<\/ul>\n<p>B\u00c9N\u00c9FICES BIEN-\u00caTRE DU WALKING DESK<\/p>\n<h2>Des \u00e9quipes <span style=\"text-decoration: underline;\">moins stress\u00e9es<\/span> et qui <span style=\"text-decoration: underline;\">se sentent mieux<\/span><\/h2>\n<p>La marche au bureau est un excellent moyen d&rsquo;am\u00e9liorer la qualit\u00e9 de vie au travail (QVT), sans y consacrer de temps.<\/p>\n<ul>\n<li><span>R\u00e9duit le stress au bureau<\/span><\/li>\n<li><span>Am\u00e9liore la posture dorsale<\/span><\/li>\n<li><span>D\u00e9veloppe le m\u00e9tabolisme<\/span><\/li>\n<li><span>Am\u00e9liore le sommeil<\/span><\/li>\n<li><span>Permet de se d\u00e9tendre sans interrompre son travail<\/span><\/li>\n<\/ul>\n<p>B\u00c9N\u00c9FICES Efficacit\u00e9 DU WALKING DESK<\/p>\n<h2>Un travail&nbsp;<span style=\"text-decoration: underline;\">plus productif<\/span> que jamais<\/h2>\n<p>L&rsquo;activit\u00e9 physique au bureau a un effet positif sur les capacit\u00e9s cognitives et mentales.<\/p>\n<ul>\n<li><span>Augmente la motivation et l&rsquo;engagement<\/span><\/li>\n<li><span>Permet plus de cr\u00e9ativit\u00e9 (+28%)<\/span><\/li>\n<li><span>Am\u00e9liore la concentration<\/span><\/li>\n<li><span>Augmente la m\u00e9moire (+35%)<\/span><\/li>\n<li><span>Plus d&rsquo;\u00e9nergie tout au long de la journ\u00e9e<\/span><\/li>\n<\/ul>\n<h2><strong>30 minutes<\/strong><\/h2>\n<p><strong><\/strong>par jour suffisent pour capter les b\u00e9n\u00e9fices de la marche au bureau<\/p>\n<h2><strong>700 000 walking desks&nbsp;<\/strong><\/h2>\n<p>d\u00e9j\u00e0 utilis\u00e9s dans le monde entier<\/p>\n<h2><strong>11h00<\/strong><\/h2>\n<p><strong>C\u2019est le temps moyen pass\u00e9 assis par jour en Europe<\/strong><\/p>\n<p><span><img decoding=\"async\" alt=\"\" data-id=\"11230\" width=\"320\" data-init-width=\"300\" height=\"300\" data-init-height=\"300\" title=\"SW-TBM120_Iso\" src=\"https:\/\/activup.net\/wp-content\/uploads\/2023\/03\/SW-TBM120_Iso-300x300.jpg\" data-width=\"320\" loading=\"lazy\" style=\"aspect-ratio: auto 300 \/ 300;\"><\/span><span><img decoding=\"async\" alt=\"\" data-id=\"11299\" width=\"320\" data-init-width=\"1000\" height=\"1000\" data-init-height=\"1000\" title=\"SW-TML190_Iso\" src=\"https:\/\/activup.net\/wp-content\/uploads\/2023\/03\/SW-TML190_Iso.jpg\" data-width=\"320\" loading=\"lazy\" style=\"aspect-ratio: auto 1000 \/ 1000;\"><\/span><span><img decoding=\"async\" alt=\"\" data-id=\"11303\" width=\"320\" data-init-width=\"1000\" height=\"1000\" data-init-height=\"1000\" title=\"EW-TBM090-Iso\" src=\"https:\/\/activup.net\/wp-content\/uploads\/2023\/03\/EW-TBM090-Iso.jpg\" data-width=\"320\" loading=\"lazy\" style=\"aspect-ratio: auto 1000 \/ 1000;\"><\/span><\/p>\n<h2 style=\"text-align: center;\">Une offre adapt\u00e9e \u00e0 toutes les entreprises<\/h2>\n<h3 style=\"text-align: center;\"><strong>Formule D\u00e9couverte<\/strong><\/h3>\n<p style=\"text-align: center;\">Location de 6 mois ou 1 an<\/p>\n<p><span><img decoding=\"async\" alt=\"\" data-id=\"10173\" width=\"337\" data-init-width=\"400\" height=\"253\" data-init-height=\"300\" title=\"Formule-Decouverte-IMG_3719-SNCF-400x300\" src=\"https:\/\/activup.net\/wp-content\/uploads\/2022\/12\/Formule-Decouverte-IMG_3719-SNCF-400x300-1.jpg\" data-width=\"337\" data-height=\"253\" style=\"aspect-ratio: auto 400 \/ 300;\" loading=\"lazy\"><\/span><\/p>\n<p style=\"text-align: center;\">Envie de faire un proof of concept ? Testez le Walking Desk en situation r\u00e9elle pendant quelques mois.<\/p>\n<p style=\"text-align: center;\">A partir de<\/p>\n<p style=\"text-align: center;\"><strong>2100\u20ac HT<\/strong><\/p>\n<h3 style=\"text-align: center;\"><strong>Achat<\/strong><\/h3>\n<p style=\"text-align: center;\">Walking Desk ou tapis roulant seul<\/p>\n<p><span><img decoding=\"async\" alt=\"\" data-id=\"10175\" width=\"337\" data-init-width=\"400\" height=\"253\" data-init-height=\"300\" title=\"Achat-Axa-Juridica-20190619-400x300\" src=\"https:\/\/activup.net\/wp-content\/uploads\/2022\/12\/Achat-Axa-Juridica-20190619-400x300-1.jpg\" data-width=\"337\" data-height=\"253\" style=\"aspect-ratio: auto 400 \/ 300;\" loading=\"lazy\"><\/span><\/p>\n<p style=\"text-align: center;\">P\u00e9rennisez le Walking Desk dans vos locaux. Toute une gamme disponible pour tous les usages et budgets.&nbsp;<\/p>\n<p style=\"text-align: center;\">A partir de<\/p>\n<p style=\"text-align: center;\">1400\u20ac HT<\/p>\n<h3 style=\"text-align: center;\"><strong>Location longue<\/strong><\/h3>\n<p style=\"text-align: center;\">Install\u00e9 au bureau ou en t\u00e9l\u00e9travail<\/p>\n<p><span><img decoding=\"async\" alt=\"\" data-id=\"10176\" width=\"337\" data-init-width=\"400\" height=\"253\" data-init-height=\"300\" title=\"Location-HP-IMG4842-400x300\" src=\"https:\/\/activup.net\/wp-content\/uploads\/2022\/12\/Location-HP-IMG4842-400x300-1.jpg\" data-width=\"337\" data-height=\"253\" style=\"aspect-ratio: auto 400 \/ 300;\" loading=\"lazy\"><\/span><\/p>\n<p style=\"text-align: center;\">Offrez le Walking Desk \u00e0 vos \u00e9quipes, sans investissement initial, et profitez des \u00e9volutions des produits.<\/p>\n<p style=\"text-align: center;\">A partir de<\/p>\n<p style=\"text-align: center;\"><strong>117\u20ac HT\/mois<\/strong><\/p>\n<h3 style=\"text-align: center;\">Mat\u00e9riel certifi\u00e9<\/h3>\n<p><span><img decoding=\"async\" alt=\"\" data-id=\"1319\" width=\"150\" data-init-width=\"300\" height=\"60\" data-init-height=\"120\" title=\"marquage-ce-etl\" src=\"https:\/\/activup.net\/wp-content\/uploads\/2021\/03\/marquage-ce-etl-300x120.png\" data-width=\"150\" data-height=\"60\" style=\"aspect-ratio: auto 300 \/ 120;\" loading=\"lazy\"><\/span><\/p>\n<h3 style=\"text-align: center;\">Dispositif m\u00e9dical<\/h3>\n<h3 style=\"text-align: center;\">de classe 1<\/h3>\n<h3 style=\"text-align: center;\">Livraison et Maintenance<\/h3>\n<p><span><img decoding=\"async\" alt=\"\" data-id=\"1362\" width=\"150\" data-init-width=\"500\" height=\"60\" data-init-height=\"200\" title=\"shipping-installation\" src=\"https:\/\/activup.net\/wp-content\/uploads\/2021\/03\/shipping-installation.png\" data-width=\"150\" data-height=\"60\" style=\"aspect-ratio: auto 500 \/ 200;\" loading=\"lazy\"><\/span><\/p>\n<h2 style=\"text-align: center;\">Nos services \u00e0 valeur ajout\u00e9e<\/h2>\n<h3 style=\"text-align: center;\">Livraison\/Installation<\/h3>\n<p style=\"text-align: justify;\">Notre r\u00e9seau de prestataires en France et en Europe vous livrent et installent votre Walking Desk. \u2028 Vous n\u2019aurez plus qu\u2019\u00e0 travailler avec ! Possible pour les particuliers et les entreprises.<\/p>\n<h3 style=\"text-align: center;\">Formation\/Coaching<\/h3>\n<p style=\"text-align: justify;\">Travailler en marchant n\u2019est pas encore un r\u00e9flexe. D\u00e9clenchez l\u2019envie de marcher au bureau ! Coaching certifi\u00e9 ActivUP pour s\u00e9ance d\u2019initiation ou suivi des progr\u00e8s: sant\u00e9, bien-\u00eatre, perte de poids.&nbsp;<\/p>\n<h3 style=\"text-align: center;\">Conseil aux entreprises<\/h3>\n<p style=\"text-align: justify;\">ActivUP a plus de 250 entreprises dans 11 pays. B\u00e9n\u00e9ficiez de cette expertise pour optimiser l\u2019usage du Walking Desk.Visite de vos locaux, \u00e9changes avec vos \u00e9quipes, recommandation personnalis\u00e9e.<\/p>\n<h2 style=\"text-align: center;\">Sp\u00e9cifications des Walking Desks<\/h2>\n<h3>Dimensions du tapis&nbsp;<\/h3>\n<p>Largeur : 63-70 cm Longueur : 120-160 cmSurface utile de marche : 40-45 cm x 110-130 cm<\/p>\n<\/p>\n<h3>Dimensions du bureau<\/h3>\n<p>Hauteur maxi : 150 cmHauteur mini : 70 cmHauteur de la zone de marche : 15-18 cm<\/p>\n<\/p>\n<h3>Se\u0301curite\u0301 et entretien<\/h3>\n<p>Certains mod\u00e8les ne\u0301cessitent une lubrification p\u00e9riodique<\/p>\n<p>Cordon de se\u0301curite\u0301<\/p>\n<p>Usage maxi pour mod\u00e8le standard: 2 h\/jourUsage maxi pour mod\u00e8le premium: 10 h\/jour<\/p>\n<h3>Confort d\u2019utilisation<\/h3>\n<p>Tre\u0300s silencieux : le\u0301ger souffle de 30dB a\u0300 2km\/h Absorption de chocs : mousse d&rsquo;amorti sous la bande<\/p>\n<p>Vitesse : re\u0301glable entre 1 et 8 km\/hPoids maximal supporte\u0301 : 110-140 kg<\/p>\n<\/p>\n<h3>Console de contro\u0302le<\/h3>\n<p>Contro\u0302le et affichage avec interface digitale<\/p>\n<p>Affichage : pas, vitesse, dure\u0301e, distance parcourue, calories consomme\u0301es<\/p>\n<p>Re\u0301glage de la vitesse par bouton rotatif<\/p>\n<\/p>\n<p>Application mobile connecte\u0301e en bluetooth pour Android et Apple iOS : permet de contro\u0302ler le tapis et de me\u0301moriser les sessions de marche.<\/p>\n<p>__CONFIG_group_edit__{\u00ab\u00a0k7pw8e3c\u00a0\u00bb:{\u00ab\u00a0name\u00a0\u00bb:\u00a0\u00bbAll Image(s)\u00a0\u00bb,\u00a0\u00bbsingular\u00a0\u00bb:\u00a0\u00bb&#8211; Image %s\u00a0\u00bb},\u00a0\u00bbk7pw8ici\u00a0\u00bb:{\u00ab\u00a0name\u00a0\u00bb:\u00a0\u00bbAll Paragraph(s)\u00a0\u00bb,\u00a0\u00bbsingular\u00a0\u00bb:\u00a0\u00bb&#8211; Text %s\u00a0\u00bb},\u00a0\u00bbk7pw8xp2&Prime;:{\u00ab\u00a0name\u00a0\u00bb:\u00a0\u00bbAll Divider(s)\u00a0\u00bb,\u00a0\u00bbsingular\u00a0\u00bb:\u00a0\u00bb&#8211; Divider %s\u00a0\u00bb},\u00a0\u00bbk7pw91ms\u00a0\u00bb:{\u00ab\u00a0name\u00a0\u00bb:\u00a0\u00bbAll Name(s)\u00a0\u00bb,\u00a0\u00bbsingular\u00a0\u00bb:\u00a0\u00bb&#8211; Text %s\u00a0\u00bb},\u00a0\u00bbk7pw98l6&Prime;:{\u00ab\u00a0name\u00a0\u00bb:\u00a0\u00bbAll Symbol(s)\u00a0\u00bb,\u00a0\u00bbsingular\u00a0\u00bb:\u00a0\u00bb&#8211; Text %s\u00a0\u00bb},\u00a0\u00bbk7pw9rvq\u00a0\u00bb:{\u00ab\u00a0name\u00a0\u00bb:\u00a0\u00bbAll Image Column(s)\u00a0\u00bb,\u00a0\u00bbsingular\u00a0\u00bb:\u00a0\u00bb&#8211; Column %s\u00a0\u00bb},\u00a0\u00bbk7pw9xqt\u00a0\u00bb:{\u00ab\u00a0name\u00a0\u00bb:\u00a0\u00bbAll Text Column(s)\u00a0\u00bb,\u00a0\u00bbsingular\u00a0\u00bb:\u00a0\u00bb&#8211; Column %s\u00a0\u00bb},\u00a0\u00bbk7pwa2d2&Prime;:{\u00ab\u00a0name\u00a0\u00bb:\u00a0\u00bbAll Columns(s)\u00a0\u00bb,\u00a0\u00bbsingular\u00a0\u00bb:\u00a0\u00bb&#8211; Columns %s\u00a0\u00bb},\u00a0\u00bbk7pwa5a1&Prime;:{\u00ab\u00a0name\u00a0\u00bb:\u00a0\u00bbAll Content Box(s)\u00a0\u00bb,\u00a0\u00bbsingular\u00a0\u00bb:\u00a0\u00bb&#8211; Content Box %s\u00a0\u00bb},\u00a0\u00bbk7pwaoc6&Prime;:{\u00ab\u00a0name\u00a0\u00bb:\u00a0\u00bbAll Column(s)\u00a0\u00bb,\u00a0\u00bbsingular\u00a0\u00bb:\u00a0\u00bb&#8211; Column %s\u00a0\u00bb},\u00a0\u00bbk7pwar3z\u00a0\u00bb:{\u00ab\u00a0name\u00a0\u00bb:\u00a0\u00bbAll Columns(s)\u00a0\u00bb,\u00a0\u00bbsingular\u00a0\u00bb:\u00a0\u00bb&#8211; Columns %s\u00a0\u00bb}}__CONFIG_group_edit____CONFIG_local_colors__{\u00ab\u00a0colors\u00a0\u00bb:{\u00ab\u00a00e96c\u00a0\u00bb:\u00a0\u00bbPicton Blue\u00a0\u00bb},\u00a0\u00bbgradients\u00a0\u00bb:{}}__CONFIG_local_colors__  <\/p>\n<h2 style=\"text-align: center;\">Ils aiment leur Walking Desk<\/h2>\n<p>  <span style=\"width: 100%\"><img decoding=\"async\" alt=\"\" title=\"Julien-Coulon-300sq\" data-id=\"257\" src=\"https:\/\/activup.net\/wp-content\/uploads\/2020\/05\/Julien-Coulon-300sq.jpg\" style=\"\" width=\"82\" height=\"82\" data-width=\"82\" data-height=\"82\" data-init-width=\"300\" data-init-height=\"300\" loading=\"lazy\"><\/span><\/p>\n<p style=\"text-align: center;\">\u201c<\/p>\n<p>Tous les jours, je suis heureux d&rsquo;avoir d\u00e9couvert le walking desk. 12km de r\u00e9unions par jour et une p\u00eache d&rsquo;enfer ! D\u00e9j\u00e0 8kg perdus, rien qu&rsquo;en marchant.<\/p>\n<h5>Julien Coulon, Directeur G\u00e9n\u00e9ral<\/h5>\n<p>    <span style=\"width: 100%\"><img decoding=\"async\" alt=\"\" title=\"arnaud-verin-1\" data-id=\"273\" src=\"https:\/\/activup.net\/wp-content\/uploads\/2020\/05\/arnaud-verin-1.jpg\" style=\"\" width=\"82\" height=\"82\" data-width=\"82\" data-height=\"82\" data-init-width=\"100\" data-init-height=\"100\" loading=\"lazy\"><\/span><\/p>\n<p style=\"text-align: center;\">\u201c<\/p>\n<p>Quand on s&rsquo;installe sur le Walking Desk, le plus \u00e9tonnant, c\u2019est qu\u2019on oublie totalement que l\u2019on marche, on est plus concentr\u00e9 sur le travail.<\/p>\n<h5>Arnaud V\u00e9rin, entrepreneur<\/h5>\n<p>  __CONFIG_colors_palette__{\u00ab\u00a0active_palette\u00a0\u00bb:0,\u00a0\u00bbconfig\u00a0\u00bb:{\u00ab\u00a0colors\u00a0\u00bb:{\u00ab\u00a062516\u00a0\u00bb:{\u00ab\u00a0name\u00a0\u00bb:\u00a0\u00bbMain Accent\u00a0\u00bb,\u00a0\u00bbparent\u00a0\u00bb:-1}},\u00a0\u00bbgradients\u00a0\u00bb:[]},\u00a0\u00bbpalettes\u00a0\u00bb:[{\u00ab\u00a0name\u00a0\u00bb:\u00a0\u00bbDefault Palette\u00a0\u00bb,\u00a0\u00bbvalue\u00a0\u00bb:{\u00ab\u00a0colors\u00a0\u00bb:{\u00ab\u00a062516\u00a0\u00bb:{\u00ab\u00a0val\u00a0\u00bb:\u00a0\u00bbrgb(76, 168, 71)\u00a0\u00bb,\u00a0\u00bbhsl\u00a0\u00bb:{\u00ab\u00a0h\u00a0\u00bb:116,\u00a0\u00bbs\u00a0\u00bb:0.41,\u00a0\u00bbl\u00a0\u00bb:0.47}}},\u00a0\u00bbgradients\u00a0\u00bb:[]}}]}__CONFIG_colors_palette__ <a href=\"https:\/\/activup.net\/fr\/temoignages-walking-desk\/\" data-shortcode-id=\"45\" data-dynamic-link=\"thrive_global_fields_url\"><span>  <\/span> <span><span>Voir tous les t\u00e9moignages<\/span><\/span> <\/a>    <\/p>\n<h2 style=\"text-align: center;\"><strong> ActivUP, la r\u00e9f\u00e9rence du Walking Desk<\/strong><\/h2>\n<h3 style=\"text-align: center;\"><span style=\"\">Plus de 300 clients<\/span><\/h3>\n<p><span><img decoding=\"async\" alt=\"\" data-id=\"175\" width=\"350\" data-init-width=\"640\" height=\"197\" data-init-height=\"360\" title=\"references-clients-ActivUP-2020-640x360-1\" loading=\"lazy\" src=\"https:\/\/activup.net\/wp-content\/uploads\/2020\/05\/references-clients-ActivUP-2020-640x360-1.jpg\" data-width=\"350\" data-height=\"197\" style=\"\"><\/span><\/p>\n<h3 style=\"text-align: center;\">23 passages TV<\/h3>\n<p><span><a href=\"https:\/\/activup.net\/fr\/presse\/\" data-shortcode-id=\"27\" data-dynamic-link=\"thrive_global_fields_url\"><img decoding=\"async\" alt=\"\" data-id=\"176\" width=\"339\" data-init-width=\"640\" height=\"191\" data-init-height=\"360\" title=\"retombees-presse-640x360-1\" loading=\"lazy\" src=\"https:\/\/activup.net\/wp-content\/uploads\/2020\/05\/retombees-presse-640x360-1.jpg\" data-width=\"339\" data-height=\"191\" data-link-wrap=\"true\"><\/a><\/span><\/p>\n<h3 style=\"text-align: center;\">Une solution prim\u00e9e<\/h3>\n<p><span><a href=\"https:\/\/activup.net\/fr\/distinctions\/\" data-shortcode-id=\"28\" data-dynamic-link=\"thrive_global_fields_url\"><img decoding=\"async\" alt=\"\" data-id=\"174\" width=\"339\" data-init-width=\"640\" height=\"191\" data-init-height=\"360\" title=\"infographie-trophee-640x360\" loading=\"lazy\" src=\"https:\/\/activup.net\/wp-content\/uploads\/2020\/05\/infographie-trophee-640x360-1.jpg\" data-width=\"339\" data-height=\"191\" data-link-wrap=\"true\"><\/a><\/span> <\/p>\n<h2>Nos autres offres<\/h2>\n<h2 style=\"text-align: center;\">Walking Desk<\/h2>\n<h2 style=\"text-align: center;\">Entreprise en T\u00e9l\u00e9travail<\/h2>\n<h2 style=\"text-align: center;\">Walking Desk<\/h2>\n<h2 style=\"text-align: center;\">pour les Particuliers<\/h2>\n<h2 style=\"text-align: center;\">Perdre du poids en marchant<\/h2>\n<h2>Passez \u00e0 l&rsquo;action<\/h2>\n<ul>\n<li style=\"\"><span style=\"\">Moins d&rsquo;absences maladie<\/span><\/li>\n<li style=\"\"><span style=\"\">Meilleure sant\u00e9<\/span><\/li>\n<li style=\"\"><span style=\"\">Moins de stress<\/span><\/li>\n<li><span>Meilleure productivit\u00e9<\/span><\/li>\n<li style=\"\"><span style=\"\">Facile \u00e0 mettre en oeuvre<\/span><\/li>\n<li style=\"\"><span style=\"\">Co\u00fbt progressif et adapt\u00e9<\/span><\/li>\n<li style=\"\"><span style=\"\">Innovant et attractif<\/span><\/li>\n<\/ul>\n<h2 style=\"text-align: center;\">A partir de<\/h2>\n<h2 style=\"text-align: center;\">1380 \u20ac HT<\/h2>\n<p><span><img decoding=\"async\" alt=\"\" data-id=\"12933\" width=\"513\" data-init-width=\"800\" height=\"800\" data-init-height=\"800\" title=\"HP-IMG4844-sq800px\" src=\"https:\/\/activup.net\/wp-content\/uploads\/2023\/05\/HP-IMG4844-sq800px.jpg\" data-width=\"513\" loading=\"lazy\" style=\"aspect-ratio: auto 800 \/ 800;\"><\/span><\/p>\n","protected":false},"excerpt":{"rendered":"<p>Entreprises Sant\u00e9, QVT et r\u00e9duction de l&rsquo;absent\u00e9isme Moins d&rsquo;absences maladie Plus d&rsquo;\u00e9nergie&nbsp; Plus d&rsquo;engagement Marque employeur Productivit\u00e9 Bureaux assortis \u00e0 vos espaces Silencieux : moins de 40dB \u00e0 2km\/h Tr\u00e8s confortable : mousse amortissante Hauteur r\u00e9glable \u00e9lectriquement&nbsp; La marche au bureau sur un walking desk est un tr\u00e8s bon moyen de marcher tous les jours [&hellip;]<\/p>\n","protected":false},"author":4,"featured_media":0,"parent":424,"menu_order":0,"comment_status":"closed","ping_status":"closed","template":"","meta":{"_seopress_robots_primary_cat":"","_seopress_titles_title":"","_seopress_titles_desc":"","_seopress_robots_index":"","bwfblock_default_font":"","footnotes":""},"wf_page_folders":[69],"class_list":["post-10171","page","type-page","status-publish","hentry","post-wrapper","thrv_wrapper"],"_links":{"self":[{"href":"https:\/\/activup.net\/fr\/wp-json\/wp\/v2\/pages\/10171","targetHints":{"allow":["GET"]}}],"collection":[{"href":"https:\/\/activup.net\/fr\/wp-json\/wp\/v2\/pages"}],"about":[{"href":"https:\/\/activup.net\/fr\/wp-json\/wp\/v2\/types\/page"}],"author":[{"embeddable":true,"href":"https:\/\/activup.net\/fr\/wp-json\/wp\/v2\/users\/4"}],"replies":[{"embeddable":true,"href":"https:\/\/activup.net\/fr\/wp-json\/wp\/v2\/comments?post=10171"}],"version-history":[{"count":36,"href":"https:\/\/activup.net\/fr\/wp-json\/wp\/v2\/pages\/10171\/revisions"}],"predecessor-version":[{"id":15348,"href":"https:\/\/activup.net\/fr\/wp-json\/wp\/v2\/pages\/10171\/revisions\/15348"}],"up":[{"embeddable":true,"href":"https:\/\/activup.net\/fr\/wp-json\/wp\/v2\/pages\/424"}],"wp:attachment":[{"href":"https:\/\/activup.net\/fr\/wp-json\/wp\/v2\/media?parent=10171"}],"wp:term":[{"taxonomy":"wf_page_folders","embeddable":true,"href":"https:\/\/activup.net\/fr\/wp-json\/wp\/v2\/wf_page_folders?post=10171"}],"curies":[{"name":"wp","href":"https:\/\/api.w.org\/{rel}","templated":true}]}}