{"id":1026,"date":"2020-12-31T01:02:47","date_gmt":"2020-12-30T23:02:47","guid":{"rendered":"https:\/\/activupnet.eu2.copilhost.cloud\/?page_id=1026"},"modified":"2022-05-01T17:44:04","modified_gmt":"2022-05-01T15:44:04","slug":"mieux-que-bureau-debout","status":"publish","type":"page","link":"https:\/\/activup.net\/fr\/mieux-que-bureau-debout\/","title":{"rendered":"Mieux que le bureau-debout"},"content":{"rendered":"<h1 style=\"text-align: center;\">Mieux que le bureau debout<\/h1>\n<p style=\"text-align: center;\">3 positions: assis,<\/p>\n<p style=\"text-align: center;\">debout, en marchant&nbsp;<\/p>\n<p style=\"text-align: center;\">La position debout statique avec un standing desk est tr\u00e8s inconfortable. Votre corps a besoin de bouger. Avec un Walking Desk ActivUP, vous avez un bureau qui vous permet les 3 postures : Assis, Debout, en Marchant.<\/p>\n<h2 style=\"text-align: center;\">Debout sur leWalking Desk<\/h2>\n<p><span><img decoding=\"async\" alt=\"\" data-id=\"1031\" width=\"160\" data-init-width=\"160\" height=\"160\" data-init-height=\"160\" title=\"standing-walking-desk-160\" loading=\"lazy\" src=\"https:\/\/activup.net\/wp-content\/uploads\/2020\/12\/standing-walking-desk-160.png\" data-width=\"160\" data-height=\"160\"><\/span><\/p>\n<h2 style=\"text-align: center;\">Sur un si\u00e8ge<\/h2>\n<h2 style=\"text-align: center;\">assis-debout<\/h2>\n<p><span><img decoding=\"async\" alt=\"\" data-id=\"1030\" width=\"160\" data-init-width=\"160\" height=\"160\" data-init-height=\"160\" title=\"sitting-on-walking-desk-160\" loading=\"lazy\" src=\"https:\/\/activup.net\/wp-content\/uploads\/2020\/12\/sitting-on-walking-desk-160.png\" data-width=\"160\" data-height=\"160\"><\/span><\/p>\n<h2 style=\"text-align: center;\">En marchant&nbsp;<\/h2>\n<h2 style=\"text-align: center;\">sur le tapis<\/h2>\n<p><span><img decoding=\"async\" alt=\"\" data-id=\"1032\" width=\"160\" data-init-width=\"160\" height=\"160\" data-init-height=\"160\" title=\"walking-on-walking-desk-160\" loading=\"lazy\" src=\"https:\/\/activup.net\/wp-content\/uploads\/2020\/12\/walking-on-walking-desk-160.png\" data-width=\"160\" data-height=\"160\"><\/span><\/p>\n<p>Chaque entreprise devrait mettre en place une <strong>solution pour aider salari\u00e9s \u00e0 combattre la s\u00e9dentarit\u00e9 au travail<\/strong>. Surtout ceux qui sont \u00e0 risque ou qui souffrent d\u00e9j\u00e0 de maladies chroniques.<\/p>\n<p><strong><span style=\"text-decoration: underline;\">Le saviez-vous ?<\/span><\/strong><em>Les travailleurs s\u00e9dentaires ont un risque 112% plus \u00e9lev\u00e9 de d\u00e9velopper une maladie chronique que ceux qui font de la marche au quotidien.<\/em><\/p>\n<p>Solution<\/p>\n<h2>Le Walking Desk&nbsp;<\/h2>\n<p style=\"text-align: justify;\">Que ce soit pour vous-m\u00eame ou pour vos collaborateurs, le Walking Desk permet \u00e0 tous les travailleurs de marcher au bureau, pendant qu&rsquo;ils travaillent. ActivUP propose une gamme compl\u00e8te pour tous les usages et tous les budgets.<\/p>\n<p><span><img decoding=\"async\" alt=\"\" data-id=\"131\" width=\"400\" data-init-width=\"500\" height=\"400\" data-init-height=\"500\" title=\"Walking-Desk-Bois-Massif-120\" src=\"https:\/\/activup.net\/wp-content\/uploads\/2020\/05\/Walking-Desk-Bois-Massif-120.png\" data-width=\"400\" data-height=\"400\" style=\"\" loading=\"lazy\"><\/span><\/p>\n<h2 style=\"text-align: center; color: var(--tcb-skin-color-2)  !important; --tcb-applied-color:var$(--tcb-skin-color-2)  !important;\">Pourquoi marcher 30 minutes de plus par jour ?<\/h2>\n<h2 style=\"\">S\u00e9dentarit\u00e9 au travail : n\u00e9faste pour la sant\u00e9<\/h2>\n<p style=\"text-align: justify;\">Nos anc\u00eatres marchaient 23 kilom\u00e8tres par jour pour se d\u00e9placer et se nourrir. Aujourd&rsquo;hui, nous bougeons de moins en moins. Cette mauvaise tendance a permis <strong>le d\u00e9veloppement de nombreuses maladies chroniques<\/strong>.Bien \u00e9videmment, l\u2019essor du digital nous pousse \u00e0 tout faire assis et nous emp\u00eache de marcher aussi souvent qu\u2019on le devrait.<\/p>\n<h2 style=\"text-align: center;\">Les avantages du Walking Desk<\/h2>\n<h2 style=\"text-align: center;\">par rapport au bureau-debout<\/h2>\n<p><span><img decoding=\"async\" alt=\"\" data-id=\"294\" width=\"60\" data-init-width=\"256\" height=\"60\" data-init-height=\"256\" title=\"weightloss-2622022\" src=\"https:\/\/activup.net\/wp-content\/uploads\/2020\/05\/weightloss-2622022.png\" data-width=\"60\" data-height=\"60\" style=\"\" loading=\"lazy\"><\/span><\/p>\n<h3>Perte de poids<\/h3>\n<p style=\"\">Alors que la d\u00e9pense calorique d&rsquo;une position debout statique est limit\u00e9e, la marche au bureau pendant plusieurs heures par jour permet de perdre du poids.&nbsp;<\/p>\n<p><span><img decoding=\"async\" alt=\"\" data-id=\"156\" width=\"60\" data-init-width=\"512\" height=\"60\" data-init-height=\"512\" title=\"immune\" src=\"https:\/\/activup.net\/wp-content\/uploads\/2020\/05\/immune.png\" data-width=\"60\" data-height=\"60\" style=\"\" loading=\"lazy\"><\/span><\/p>\n<h3>Plus confortable<\/h3>\n<p>Rester debout de mani\u00e8re prolong\u00e9e sans bouger est tr\u00e8s inconfortable. Imaginez vous \u00e0 attendre sur un quai de gare ou dans une file d&rsquo;attente. Vous ferez les 100 pas spontan\u00e9ment !<\/p>\n<p><span><img decoding=\"async\" alt=\"\" data-id=\"140\" width=\"60\" data-init-width=\"512\" height=\"60\" data-init-height=\"512\" title=\"walk\" src=\"https:\/\/activup.net\/wp-content\/uploads\/2020\/05\/walk.png\" data-width=\"60\" data-height=\"60\" style=\"\" loading=\"lazy\"><\/span><\/p>\n<h3>Meilleure posture<\/h3>\n<p>La posture debout prolong\u00e9e est d\u00e9conseill\u00e9e car la posture de votre dos a tendance \u00e0 se creuser. Par ailleurs, cette position peut g\u00e9n\u00e9rer des contractures musculaires.<\/p>\n<p><span><img decoding=\"async\" alt=\"\" data-id=\"140\" width=\"60\" data-init-width=\"512\" height=\"60\" data-init-height=\"512\" title=\"walk\" src=\"https:\/\/activup.net\/wp-content\/uploads\/2020\/05\/walk.png\" data-width=\"60\" data-height=\"60\" style=\"\" loading=\"lazy\"><\/span><\/p>\n<h3>Moins malade<\/h3>\n<p>Travailler debout sans marcher a des effets limit\u00e9s sur la sant\u00e9. La marche quotidienne au bureau, au contraire, permet de renforcer le syst\u00e8me immunitaire.<\/p>\n<p><span><img decoding=\"async\" alt=\"\" data-id=\"198\" width=\"298\" data-init-width=\"350\" height=\"656\" data-init-height=\"770\" title=\"Marche-vertical-emma\" loading=\"lazy\" src=\"https:\/\/activup.net\/wp-content\/uploads\/2020\/05\/Marche-vertical-emma.jpg\" data-width=\"298\" data-height=\"656\" style=\"\"><\/span><\/p>\n<h2>Les b\u00e9n\u00e9fices de la marche<\/h2>\n<p>La marche au bureau permet de <strong>cumuler tous les avantages<\/strong> de la marche avec le <strong>gain de temps<\/strong> de pouvoir faire le travail et la marche, <strong>en m\u00eame temps, sans y penser<\/strong>.<\/p>\n<\/p>\n<ul>\n<li><strong>R\u00e9duit le stress<\/strong>Marcher g\u00e9n\u00e8re les hormones efficaces contre le stress.<\/li>\n<\/ul>\n<ul>\n<li><strong>All\u00e8ge les maux de dos<\/strong>Mettre votre corps en mouvement est recommand\u00e9 pour soigner vos lombalgies.<\/li>\n<\/ul>\n<ul>\n<li><strong>Redonne de l&rsquo;\u00e9nergie<\/strong>Marcher facilite la digestion et redonne l&rsquo;\u00e9nergie n\u00e9cessaire apr\u00e8s la pause d\u00e9jeuner.<\/li>\n<\/ul>\n<ul>\n<li><strong>Facilite le sommeil<\/strong>D\u00e9velopper une activit\u00e9 physique mod\u00e9r\u00e9e comme la marche facilite l&rsquo;endormissement.<\/li>\n<\/ul>\n<ul>\n<li><strong>D\u00e9veloppe sa cr\u00e9ativit\u00e9<\/strong>\u00ab\u00a0Les seules id\u00e9es valables sont celles venant en marchant.\u00a0\u00bb F. Nietschze<\/li>\n<\/ul>\n<h2 style=\"text-align: center;\">Envie de d\u00e9couvrir la solution ?&nbsp;<\/h2>\n<h2 style=\"text-align: center;\">&nbsp;ActivUP, la r\u00e9f\u00e9rence du Walking Desk<\/h2>\n<h3 style=\"text-align: center;\"><span>Plus de 300 clients<\/span><\/h3>\n<p><span><img decoding=\"async\" alt=\"\" data-id=\"175\" width=\"350\" data-init-width=\"640\" height=\"197\" data-init-height=\"360\" title=\"references-clients-ActivUP-2020-640x360-1\" loading=\"lazy\" src=\"https:\/\/activup.net\/wp-content\/uploads\/2020\/05\/references-clients-ActivUP-2020-640x360-1.jpg\" data-width=\"350\" data-height=\"197\" style=\"\"><\/span><\/p>\n<h3 style=\"text-align: center;\">23 passages TV<\/h3>\n<p><span><a href=\"https:\/\/activup.net\/fr\/presse\/\" data-shortcode-id=\"27\" data-dynamic-link=\"thrive_global_fields_url\"><img decoding=\"async\" alt=\"\" data-id=\"176\" width=\"339\" data-init-width=\"640\" height=\"191\" data-init-height=\"360\" title=\"retombees-presse-640x360-1\" loading=\"lazy\" src=\"https:\/\/activup.net\/wp-content\/uploads\/2020\/05\/retombees-presse-640x360-1.jpg\" data-width=\"339\" data-height=\"191\" data-link-wrap=\"true\"><\/a><\/span><\/p>\n<h3 style=\"text-align: center;\">Une solution prim\u00e9e<\/h3>\n<p><span><a href=\"https:\/\/activup.net\/fr\/distinctions\/\" data-shortcode-id=\"28\" data-dynamic-link=\"thrive_global_fields_url\"><img decoding=\"async\" alt=\"\" data-id=\"174\" width=\"339\" data-init-width=\"640\" height=\"191\" data-init-height=\"360\" title=\"infographie-trophee-640x360\" loading=\"lazy\" src=\"https:\/\/activup.net\/wp-content\/uploads\/2020\/05\/infographie-trophee-640x360-1.jpg\" data-width=\"339\" data-height=\"191\" data-link-wrap=\"true\"><\/a><\/span>       <\/p>\n<p style=\"text-align: center;\">Les Walking Desks chez nos clients<\/p>\n<h2 style=\"text-align: center;\">Une infinit\u00e9 d&rsquo;am\u00e9nagements possibles<\/h2>\n<p><span><img decoding=\"async\" alt=\"\" data-id=\"266\" width=\"253\" data-init-width=\"900\" height=\"169\" data-init-height=\"600\" title=\"BouyguesNextDoor-5-600pL\" src=\"https:\/\/activup.net\/wp-content\/uploads\/2020\/05\/BouyguesNextDoor-5-600pL.jpg\" data-width=\"253\" data-height=\"169\" style=\"\" loading=\"lazy\"><\/span><span><img decoding=\"async\" alt=\"\" data-id=\"265\" width=\"253\" data-init-width=\"900\" height=\"169\" data-init-height=\"600\" title=\"AllianzRiviera-4336-600pL\" src=\"https:\/\/activup.net\/wp-content\/uploads\/2020\/05\/AllianzRiviera-4336-600pL.jpg\" data-width=\"253\" data-height=\"169\" loading=\"lazy\"><\/span><span><img decoding=\"async\" alt=\"\" data-id=\"264\" width=\"253\" data-init-width=\"900\" height=\"169\" data-init-height=\"600\" title=\"SNCF-WalkingMeetingRoom-0836-600pL\" src=\"https:\/\/activup.net\/wp-content\/uploads\/2020\/05\/SNCF-WalkingMeetingRoom-0836-600pL.jpg\" data-width=\"253\" data-height=\"169\" loading=\"lazy\"><\/span><span><img decoding=\"async\" alt=\"\" data-id=\"263\" width=\"253\" data-init-width=\"900\" height=\"169\" data-init-height=\"600\" title=\"WalkingMeetingRoom-2953-600pL\" src=\"https:\/\/activup.net\/wp-content\/uploads\/2020\/05\/WalkingMeetingRoom-2953-600pL.jpg\" data-width=\"253\" data-height=\"169\" loading=\"lazy\"><\/span><span><img decoding=\"async\" alt=\"\" data-id=\"262\" width=\"253\" data-init-width=\"900\" height=\"169\" data-init-height=\"600\" title=\"LifespanHomeSetting600pL\" src=\"https:\/\/activup.net\/wp-content\/uploads\/2020\/05\/LifespanHomeSetting600pL.jpg\" data-width=\"253\" data-height=\"169\" style=\"\" loading=\"lazy\"><\/span><span><img decoding=\"async\" alt=\"\" data-id=\"261\" width=\"253\" data-init-width=\"900\" height=\"169\" data-init-height=\"600\" title=\"Loreal-WalkingMeetingRoom-3741-600pL\" src=\"https:\/\/activup.net\/wp-content\/uploads\/2020\/05\/Loreal-WalkingMeetingRoom-3741-600pL.jpg\" data-width=\"253\" data-height=\"169\" loading=\"lazy\"><\/span><span><img decoding=\"async\" alt=\"\" data-id=\"260\" width=\"253\" data-init-width=\"900\" height=\"169\" data-init-height=\"600\" title=\"LifespanCubicle600pL\" src=\"https:\/\/activup.net\/wp-content\/uploads\/2020\/05\/LifespanCubicle600pL.jpg\" data-width=\"253\" data-height=\"169\" loading=\"lazy\"><\/span><span><img decoding=\"async\" alt=\"\" data-id=\"259\" width=\"253\" data-init-width=\"900\" height=\"169\" data-init-height=\"600\" title=\"EY-Lifespan-PingPong600pL\" src=\"https:\/\/activup.net\/wp-content\/uploads\/2020\/05\/EY-Lifespan-PingPong600pL.jpg\" data-width=\"253\" data-height=\"169\" loading=\"lazy\"><\/span> <\/p>\n<p style=\"text-align: left;\"><strong>Etudes scientifiques<\/strong><\/p>\n<h2 style=\"text-align: left;\">Pl\u00e9biscit\u00e9e par les scientifiques<\/h2>\n<p>Au congr\u00e8s m\u00e9dical de Vichy en janvier 2019, les conf\u00e9renciers marchent sur un Walking Desk ActivUP pendant leur pr\u00e9sentation.<\/p>\n<p>Martine Duclos, professeur \u00e0 l&rsquo;universit\u00e9 de Clermont-Ferrand \u00e0 conclu le congr\u00e8s en portant aux nues les Walking Desks.<\/p>\n<p style=\"text-align: center;\">T\u00e9moignages<\/p>\n<h2 style=\"text-align: center;\">Ce que nos clients heureux pensent de nous<\/h2>\n<p>Tous les jours, je suis heureux d&rsquo;avoir d\u00e9couvert le walking desk. 12km de r\u00e9unions par jour et une p\u00eache d&rsquo;enfer ! D\u00e9j\u00e0 8kg perdus, rien qu&rsquo;en marchant.<\/p>\n<h4>Julien Coulon<\/h4>\n<p>DIrecteur g\u00e9n\u00e9ral<\/p>\n<p>Quand on s&rsquo;installe sur le Walking Desk, le plus \u00e9tonnant, c\u2019est qu\u2019on oublie totalement que l\u2019on marche, on est plus concentr\u00e9 sur le travail.<\/p>\n<h4>Arnaud V\u00e9rin&nbsp;<\/h4>\n<p>Entrepreneur<\/p>\n<p>Je marche chaque jour au moins 3 km sur mon Walking Desk ActivUP et je brule pr\u00e8s de 300 calories.<\/p>\n<p>Je ressens les b\u00e9n\u00e9fices sur ma silhouette.<\/p>\n<h4>Pascale Breton<\/h4>\n<p>Dirigeante<\/p>\n<p>__CONFIG_group_edit__{\u00ab\u00a0k7g25n3o\u00a0\u00bb:{\u00ab\u00a0name\u00a0\u00bb:\u00a0\u00bbAll Icon(s)\u00a0\u00bb,\u00a0\u00bbsingular\u00a0\u00bb:\u00a0\u00bb&#8211; Icon %s\u00a0\u00bb},\u00a0\u00bbk7g25s38&Prime;:{\u00ab\u00a0name\u00a0\u00bb:\u00a0\u00bbAll Contact Detail(s)\u00a0\u00bb,\u00a0\u00bbsingular\u00a0\u00bb:\u00a0\u00bb&#8211; Text %s\u00a0\u00bb},\u00a0\u00bbk7g26hhs\u00a0\u00bb:{\u00ab\u00a0name\u00a0\u00bb:\u00a0\u00bbAll Contact Form Input(s)\u00a0\u00bb,\u00a0\u00bbsingular\u00a0\u00bb:\u00a0\u00bb&#8211; Contact Form Input %s\u00a0\u00bb}}__CONFIG_group_edit____CONFIG_local_colors__{\u00ab\u00a0colors\u00a0\u00bb:{\u00ab\u00a0c4549&Prime;:\u00a0\u00bbRoyal Blue\u00a0\u00bb,\u00a0\u00bb56de9&Prime;:\u00a0\u00bbAlabaster\u00a0\u00bb,\u00a0\u00bb6957a\u00a0\u00bb:\u00a0\u00bbBunker\u00a0\u00bb,\u00a0\u00bbae168&Prime;:\u00a0\u00bbRoyal Blue\u00a0\u00bb},\u00a0\u00bbgradients\u00a0\u00bb:{}}__CONFIG_local_colors__    <\/p>\n<h2>Contactez-nous<\/h2>\n<p>Vous souhaitez en savoir plus et m\u00eame tester le Walking Desk dans votre entreprise ou dans notre showroom ?<\/p>\n<p><span><img decoding=\"async\" alt=\"\" data-id=\"571\" width=\"164\" data-init-width=\"300\" height=\"164\" data-init-height=\"300\" title=\"telemarketing-call-center-transparent-600sq\" loading=\"lazy\" src=\"https:\/\/activup.net\/wp-content\/uploads\/2020\/11\/telemarketing-call-center-transparent-600sq-300x300.png\" data-width=\"164\" data-height=\"164\" style=\"\"><\/span>  <\/p>\n<p><strong>Nos showrooms<\/strong> (sur RDV exclusivement)<\/p>\n<p><strong>Paris 17e<\/strong> : 27 rue des Renaudes<\/p>\n<p><strong>Archamps<\/strong> (Haute-Savoie)<\/p>\n<p>Appelez-nous au<\/p>\n<p><span data-attr-id=\"3\" data-extra_key=\"1\" data-option-inline=\"1\" data-shortcode=\"thrive_global_fields\" data-shortcode-name=\"[Company] Phone number\">+33 1 85 08 60 18<\/span><\/p>\n<p>[tcb-script charset=\u00a0\u00bbutf-8&Prime; type=\u00a0\u00bbtext\/javascript\u00a0\u00bb src=\u00a0\u00bb\/\/js.hsforms.net\/forms\/shell.js\u00a0\u00bb][\/tcb-script] [tcb-script] hbspt.forms.create({ portalId: \u00ab\u00a03959277\u00a0\u00bb, formId: \u00ab\u00a064249f84-222c-4072-9249-8fbc859e8545\u00a0\u00bb }); [\/tcb-script]  <\/p>\n","protected":false},"excerpt":{"rendered":"<p>Mieux que le bureau debout 3 positions: assis, debout, en marchant&nbsp; La position debout statique avec un standing desk est tr\u00e8s inconfortable. Votre corps a besoin de bouger. Avec un Walking Desk ActivUP, vous avez un bureau qui vous permet les 3 postures : Assis, Debout, en Marchant. Debout sur leWalking Desk Sur un si\u00e8ge [&hellip;]<\/p>\n","protected":false},"author":4,"featured_media":0,"parent":0,"menu_order":0,"comment_status":"closed","ping_status":"closed","template":"","meta":{"_seopress_robots_primary_cat":"","_seopress_titles_title":"Mieux que le bureau-debout, le Walking Desk -&gt; travailler en marchant","_seopress_titles_desc":"Oui, c&#039;est beaucoup plus confortable de marcher que de rester debout sans bouger. Plus agr\u00e9able mais aussi plus efficace pour la sant\u00e9, le bien-\u00eatre et m\u00eame la productivit\u00e9. Decouvrez les avantages du Walking Desk par rapport au bureau debout.","_seopress_robots_index":"","bwfblock_default_font":"","footnotes":""},"wf_page_folders":[76],"class_list":["post-1026","page","type-page","status-publish","hentry","post-wrapper","thrv_wrapper"],"_links":{"self":[{"href":"https:\/\/activup.net\/fr\/wp-json\/wp\/v2\/pages\/1026","targetHints":{"allow":["GET"]}}],"collection":[{"href":"https:\/\/activup.net\/fr\/wp-json\/wp\/v2\/pages"}],"about":[{"href":"https:\/\/activup.net\/fr\/wp-json\/wp\/v2\/types\/page"}],"author":[{"embeddable":true,"href":"https:\/\/activup.net\/fr\/wp-json\/wp\/v2\/users\/4"}],"replies":[{"embeddable":true,"href":"https:\/\/activup.net\/fr\/wp-json\/wp\/v2\/comments?post=1026"}],"version-history":[{"count":18,"href":"https:\/\/activup.net\/fr\/wp-json\/wp\/v2\/pages\/1026\/revisions"}],"predecessor-version":[{"id":4527,"href":"https:\/\/activup.net\/fr\/wp-json\/wp\/v2\/pages\/1026\/revisions\/4527"}],"wp:attachment":[{"href":"https:\/\/activup.net\/fr\/wp-json\/wp\/v2\/media?parent=1026"}],"wp:term":[{"taxonomy":"wf_page_folders","embeddable":true,"href":"https:\/\/activup.net\/fr\/wp-json\/wp\/v2\/wf_page_folders?post=1026"}],"curies":[{"name":"wp","href":"https:\/\/api.w.org\/{rel}","templated":true}]}}