{"id":1049,"date":"2020-12-31T18:19:46","date_gmt":"2020-12-31T16:19:46","guid":{"rendered":"https:\/\/activupnet.eu2.copilhost.cloud\/?page_id=1049"},"modified":"2022-07-22T14:45:48","modified_gmt":"2022-07-22T12:45:48","slug":"distinctions","status":"publish","type":"page","link":"https:\/\/activup.net\/fr\/distinctions\/","title":{"rendered":"Distinctions et troph\u00e9es"},"content":{"rendered":"<h1 id=\"t-1596955757025\" style=\"text-align: center;\">Distinctions et troph\u00e9es re\u00e7us<\/h1>\n<p style=\"text-align: center;\">La solution ActivUP<\/p>\n<p style=\"text-align: center;\">reconnue par ses pairs<\/p>\n<p style=\"text-align: center;\">En plus de ses nombreuses retomb\u00e9es m\u00e9dia et TV, ActivUP a re\u00e7u 2 troph\u00e9es qui sanctionnent son caract\u00e8re innovant et efficace dans le domaine de la sant\u00e9 et du bien-\u00eatre au travail. ActivUP est \u00e9galement pl\u00e9biscit\u00e9e par les scientifiques sp\u00e9cialistes de la lutte contre la s\u00e9dentarit\u00e9 et l&rsquo;inactivit\u00e9 physique.<\/p>\n<p><span><img decoding=\"async\" alt=\"\" data-id=\"7209\" width=\"338\" data-init-width=\"300\" height=\"338\" data-init-height=\"300\" title=\"Collectivite\u0301 apprenante_Quadri\" loading=\"lazy\" src=\"https:\/\/activup.net\/wp-content\/uploads\/2022\/07\/Collectivite-apprenante_Quadri-300x300.jpg\" data-width=\"338\" data-height=\"338\"><\/span><\/p>\n<h2 style=\"\">Label entreprise apprenante &#8211; 2022<\/h2>\n<p style=\"\">Le Label entreprise apprenante a \u00e9t\u00e9 d\u00e9cern\u00e9 \u00e0 ActivUP en 2022.<\/p>\n<p style=\"\">Chez ActivUP, nous avons toujours compris l&rsquo;int\u00e9r\u00eat d&#8217;embaucher des apprenants dans le but de leur faire acqu\u00e9rir un savoir-faire et un savoir-\u00eatre en entreprise. Et cela a \u00e9t\u00e9 not\u00e9 par l&rsquo;agglom\u00e9ration d&rsquo;Annemasse.&nbsp;<\/p>\n<p><span><img decoding=\"async\" alt=\"\" data-id=\"6665\" width=\"508\" data-init-width=\"2560\" height=\"381\" data-init-height=\"1920\" title=\"Ceremonie Label Entreprise Apprenante 2022-58\" loading=\"lazy\" src=\"https:\/\/activup.net\/wp-content\/uploads\/2022\/07\/Ceremonie-Label-Entreprise-Apprenante-2022-58-scaled.jpg\" data-width=\"508\" data-height=\"381\"><\/span><span><img decoding=\"async\" alt=\"\" data-id=\"6659\" width=\"508\" data-init-width=\"2560\" height=\"381\" data-init-height=\"1920\" title=\"Ceremonie Label Entreprise Apprenante 2022-65\" loading=\"lazy\" src=\"https:\/\/activup.net\/wp-content\/uploads\/2022\/07\/Ceremonie-Label-Entreprise-Apprenante-2022-65-scaled.jpg\" data-width=\"508\" data-height=\"381\"><\/span><span><img decoding=\"async\" alt=\"\" data-id=\"255\" width=\"339\" data-init-width=\"437\" height=\"339\" data-init-height=\"437\" title=\"trophee-2018-sport-sante-logo\" loading=\"lazy\" src=\"https:\/\/activup.net\/wp-content\/uploads\/2020\/05\/trophee-2018-sport-sante-logo.png\" data-width=\"339\" data-height=\"339\"><\/span><\/p>\n<h2 style=\"\">Troph\u00e9e du Sport Sant\u00e9 Bien-\u00eatre<\/h2>\n<p style=\"\">Le troph\u00e9e Sport-Sant\u00e9 du salon \u00e9ponyme a \u00e9t\u00e9 d\u00e9cern\u00e9 \u00e0 ActivUP en 2018.<\/p>\n<p style=\"\">Le caract\u00e8re innovant a \u00e9t\u00e9 not\u00e9, ainsi que l&rsquo;efficacit\u00e9 en entreprise.<\/p>\n<p><span><img decoding=\"async\" alt=\"\" data-id=\"252\" width=\"508\" data-init-width=\"508\" height=\"331\" data-init-height=\"331\" title=\"trophee-2018-sport-sante-photo\" loading=\"lazy\" src=\"https:\/\/activup.net\/wp-content\/uploads\/2020\/05\/trophee-2018-sport-sante-photo.jpg\" data-width=\"508\" data-height=\"331\"><\/span><span><img decoding=\"async\" alt=\"\" data-id=\"215\" width=\"508\" data-init-width=\"508\" height=\"331\" data-init-height=\"331\" title=\"trophee-2018-TousLesLaureats-twitter1-zoom\" loading=\"lazy\" src=\"https:\/\/activup.net\/wp-content\/uploads\/2020\/05\/trophee-2018-TousLesLaureats-twitter1-zoom.jpg\" data-width=\"508\" data-height=\"331\"><\/span><span><img decoding=\"async\" alt=\"\" data-id=\"254\" width=\"323\" data-init-width=\"400\" height=\"323\" data-init-height=\"400\" title=\"trophees-bien-etre-entreprise\" loading=\"lazy\" src=\"https:\/\/activup.net\/wp-content\/uploads\/2020\/05\/trophees-bien-etre-entreprise.png\" data-width=\"323\" data-height=\"323\"><\/span><\/p>\n<h2 style=\"\">Troph\u00e9e du Bien-\u00eatre en Entreprise<\/h2>\n<p style=\"\">Patrick Poivre d&rsquo;Arvor a remis en 2016 le troph\u00e9e du Bien-\u00eatre en Entreprise pour sa solution concr\u00e8te et efficace pour lutter contre le s\u00e9dentarit\u00e9 au bureau.La c\u00e9r\u00e9monie de cette 2\u00e8me \u00e9dition des Trophe\u0301es du bien-\u00eatre a eu lieu au th\u00e9\u00e2tre de la Gaite\u0301 Montparnasse le 26 septembre 2016.<\/p>\n<p><span><img decoding=\"async\" alt=\"\" data-id=\"253\" width=\"508\" data-init-width=\"508\" height=\"331\" data-init-height=\"331\" title=\"trophee_2016_bien_etre_entreprise-photo\" loading=\"lazy\" src=\"https:\/\/activup.net\/wp-content\/uploads\/2020\/05\/trophee_2016_bien_etre_entreprise-photo.jpg\" data-width=\"508\" data-height=\"331\"><\/span><span><img decoding=\"async\" alt=\"\" data-id=\"214\" width=\"508\" data-init-width=\"508\" height=\"331\" data-init-height=\"331\" title=\"2e\u0301me Trophe\u0301es du bien etres au the\u0301atre de la Gaite\u0301 Montparnasse le 26 septembre 2016\" loading=\"lazy\" src=\"https:\/\/activup.net\/wp-content\/uploads\/2020\/05\/trophee-2016-fondaveclogos-508.jpg\" data-width=\"508\" data-height=\"331\" style=\"\"><\/span><\/p>\n<h2 style=\"text-align: center;\">Une solution <strong>facile \u00e0 mettre en oeuvre<\/strong><\/h2>\n<h2 style=\"text-align: center;\">Une <strong>solution reconnue<\/strong> par les professionnels<\/h2>\n<h2 style=\"text-align: center;\"><strong>Marcher est un m\u00e9dicament<\/strong> reconnu par l&rsquo;oms<\/h2>\n<p style=\"text-align: left;\"><strong>Etudes scientifiques<\/strong><\/p>\n<h2 style=\"text-align: left;\">Pl\u00e9biscit\u00e9e par les scientifiques<\/h2>\n<p>Au congr\u00e8s m\u00e9dical de Vichy en janvier 2019, les conf\u00e9renciers marchent sur un Walking Desk ActivUP pendant leur pr\u00e9sentation.<\/p>\n<p>Martine Duclos, professeur \u00e0 l&rsquo;universit\u00e9 de Clermont-Ferrand \u00e0 conclu le congr\u00e8s en portant aux nues les Walking Desks.<\/p>\n<p>__CONFIG_colors_palette__{\u00ab\u00a0active_palette\u00a0\u00bb:0,\u00a0\u00bbconfig\u00a0\u00bb:{\u00ab\u00a0colors\u00a0\u00bb:{\u00ab\u00a062516\u00a0\u00bb:{\u00ab\u00a0name\u00a0\u00bb:\u00a0\u00bbMain Accent\u00a0\u00bb,\u00a0\u00bbparent\u00a0\u00bb:-1}},\u00a0\u00bbgradients\u00a0\u00bb:[]},\u00a0\u00bbpalettes\u00a0\u00bb:[{\u00ab\u00a0name\u00a0\u00bb:\u00a0\u00bbDefault Palette\u00a0\u00bb,\u00a0\u00bbvalue\u00a0\u00bb:{\u00ab\u00a0colors\u00a0\u00bb:{\u00ab\u00a062516\u00a0\u00bb:{\u00ab\u00a0val\u00a0\u00bb:\u00a0\u00bbrgb(76, 168, 71)\u00a0\u00bb,\u00a0\u00bbhsl\u00a0\u00bb:{\u00ab\u00a0h\u00a0\u00bb:116,\u00a0\u00bbs\u00a0\u00bb:0.41,\u00a0\u00bbl\u00a0\u00bb:0.47}}},\u00a0\u00bbgradients\u00a0\u00bb:[]}}]}__CONFIG_colors_palette__ <a href=\"https:\/\/activup.net\/fr\/science-etudes-walking-desk\/\" data-shortcode-id=\"34\" data-dynamic-link=\"thrive_global_fields_url\"> <span style=\"\"><span style=\"\">VOIR LES ETUDES SCIENTIFIQUES<\/span><\/span> <\/a>    <\/p>\n<h2 style=\"text-align: center;\"><strong> ActivUP, la r\u00e9f\u00e9rence du Walking Desk<\/strong><\/h2>\n<h3 style=\"text-align: center;\"><span style=\"\">Plus de 300 clients<\/span><\/h3>\n<p><span><img decoding=\"async\" alt=\"\" data-id=\"175\" width=\"350\" data-init-width=\"640\" height=\"197\" data-init-height=\"360\" title=\"references-clients-ActivUP-2020-640x360-1\" loading=\"lazy\" src=\"https:\/\/activup.net\/wp-content\/uploads\/2020\/05\/references-clients-ActivUP-2020-640x360-1.jpg\" data-width=\"350\" data-height=\"197\" style=\"\"><\/span><\/p>\n<h3 style=\"text-align: center;\">23 passages TV<\/h3>\n<p><span><a href=\"https:\/\/activup.net\/fr\/presse\/\" data-shortcode-id=\"27\" data-dynamic-link=\"thrive_global_fields_url\"><img decoding=\"async\" alt=\"\" data-id=\"176\" width=\"339\" data-init-width=\"640\" height=\"191\" data-init-height=\"360\" title=\"retombees-presse-640x360-1\" loading=\"lazy\" src=\"https:\/\/activup.net\/wp-content\/uploads\/2020\/05\/retombees-presse-640x360-1.jpg\" data-width=\"339\" data-height=\"191\" data-link-wrap=\"true\"><\/a><\/span><\/p>\n<h3 style=\"text-align: center;\">Une solution prim\u00e9e<\/h3>\n<p><span><a href=\"https:\/\/activup.net\/fr\/distinctions\/\" data-shortcode-id=\"28\" data-dynamic-link=\"thrive_global_fields_url\"><img decoding=\"async\" alt=\"\" data-id=\"174\" width=\"339\" data-init-width=\"640\" height=\"191\" data-init-height=\"360\" title=\"infographie-trophee-640x360\" loading=\"lazy\" src=\"https:\/\/activup.net\/wp-content\/uploads\/2020\/05\/infographie-trophee-640x360-1.jpg\" data-width=\"339\" data-height=\"191\" data-link-wrap=\"true\"><\/a><\/span> __CONFIG_group_edit__{\u00ab\u00a0k7g25n3o\u00a0\u00bb:{\u00ab\u00a0name\u00a0\u00bb:\u00a0\u00bbAll Icon(s)\u00a0\u00bb,\u00a0\u00bbsingular\u00a0\u00bb:\u00a0\u00bb&#8211; Icon %s\u00a0\u00bb},\u00a0\u00bbk7g25s38&Prime;:{\u00ab\u00a0name\u00a0\u00bb:\u00a0\u00bbAll Contact Detail(s)\u00a0\u00bb,\u00a0\u00bbsingular\u00a0\u00bb:\u00a0\u00bb&#8211; Text %s\u00a0\u00bb},\u00a0\u00bbk7g26hhs\u00a0\u00bb:{\u00ab\u00a0name\u00a0\u00bb:\u00a0\u00bbAll Contact Form Input(s)\u00a0\u00bb,\u00a0\u00bbsingular\u00a0\u00bb:\u00a0\u00bb&#8211; Contact Form Input %s\u00a0\u00bb}}__CONFIG_group_edit____CONFIG_local_colors__{\u00ab\u00a0colors\u00a0\u00bb:{\u00ab\u00a0c4549&Prime;:\u00a0\u00bbRoyal Blue\u00a0\u00bb,\u00a0\u00bb56de9&Prime;:\u00a0\u00bbAlabaster\u00a0\u00bb,\u00a0\u00bb6957a\u00a0\u00bb:\u00a0\u00bbBunker\u00a0\u00bb,\u00a0\u00bbae168&Prime;:\u00a0\u00bbRoyal Blue\u00a0\u00bb},\u00a0\u00bbgradients\u00a0\u00bb:{}}__CONFIG_local_colors__    <\/p>\n<h2>Contactez-nous<\/h2>\n<p>Vous souhaitez en savoir plus et m\u00eame tester le Walking Desk dans votre entreprise ou dans notre showroom ?<\/p>\n<p><span><img decoding=\"async\" alt=\"\" data-id=\"571\" width=\"164\" data-init-width=\"300\" height=\"164\" data-init-height=\"300\" title=\"telemarketing-call-center-transparent-600sq\" loading=\"lazy\" src=\"https:\/\/activup.net\/wp-content\/uploads\/2020\/11\/telemarketing-call-center-transparent-600sq-300x300.png\" data-width=\"164\" data-height=\"164\" style=\"\"><\/span>  <\/p>\n<p><strong>Nos showrooms<\/strong> (sur RDV exclusivement)<\/p>\n<p><strong>Paris 17e<\/strong> : 27 rue des Renaudes<\/p>\n<p><strong>Archamps<\/strong> (Haute-Savoie)<\/p>\n<p>Appelez-nous au<\/p>\n<p><span data-attr-id=\"3\" data-extra_key=\"1\" data-option-inline=\"1\" data-shortcode=\"thrive_global_fields\" data-shortcode-name=\"[Company] Phone number\">+33 1 85 08 60 18<\/span><\/p>\n<p>[tcb-script charset=\u00a0\u00bbutf-8&Prime; type=\u00a0\u00bbtext\/javascript\u00a0\u00bb src=\u00a0\u00bb\/\/js.hsforms.net\/forms\/shell.js\u00a0\u00bb][\/tcb-script] [tcb-script] hbspt.forms.create({ portalId: \u00ab\u00a03959277\u00a0\u00bb, formId: \u00ab\u00a064249f84-222c-4072-9249-8fbc859e8545\u00a0\u00bb }); [\/tcb-script]  <\/p>\n","protected":false},"excerpt":{"rendered":"<p>Distinctions et troph\u00e9es re\u00e7us La solution ActivUP reconnue par ses pairs En plus de ses nombreuses retomb\u00e9es m\u00e9dia et TV, ActivUP a re\u00e7u 2 troph\u00e9es qui sanctionnent son caract\u00e8re innovant et efficace dans le domaine de la sant\u00e9 et du bien-\u00eatre au travail. ActivUP est \u00e9galement pl\u00e9biscit\u00e9e par les scientifiques sp\u00e9cialistes de la lutte contre [&hellip;]<\/p>\n","protected":false},"author":4,"featured_media":0,"parent":0,"menu_order":0,"comment_status":"closed","ping_status":"closed","template":"","meta":{"_seopress_robots_primary_cat":"","_seopress_titles_title":"Distinctions et troph\u00e9es - le Walking Desk pl\u00e9biscit\u00e9","_seopress_titles_desc":"La solution ActivUP reconnue par ses pairs. ActivUP a re\u00e7u 2 troph\u00e9es qui montrent son caract\u00e8re innovant et efficace dans le domaine de la sant\u00e9 et du bien-\u00eatre au travail. ActivUP est \u00e9galement pl\u00e9biscit\u00e9e par les scientifiques et les m\u00e9dias.","_seopress_robots_index":"","bwfblock_default_font":"","footnotes":""},"wf_page_folders":[73],"class_list":["post-1049","page","type-page","status-publish","hentry","post-wrapper","thrv_wrapper"],"_links":{"self":[{"href":"https:\/\/activup.net\/fr\/wp-json\/wp\/v2\/pages\/1049","targetHints":{"allow":["GET"]}}],"collection":[{"href":"https:\/\/activup.net\/fr\/wp-json\/wp\/v2\/pages"}],"about":[{"href":"https:\/\/activup.net\/fr\/wp-json\/wp\/v2\/types\/page"}],"author":[{"embeddable":true,"href":"https:\/\/activup.net\/fr\/wp-json\/wp\/v2\/users\/4"}],"replies":[{"embeddable":true,"href":"https:\/\/activup.net\/fr\/wp-json\/wp\/v2\/comments?post=1049"}],"version-history":[{"count":21,"href":"https:\/\/activup.net\/fr\/wp-json\/wp\/v2\/pages\/1049\/revisions"}],"predecessor-version":[{"id":7212,"href":"https:\/\/activup.net\/fr\/wp-json\/wp\/v2\/pages\/1049\/revisions\/7212"}],"wp:attachment":[{"href":"https:\/\/activup.net\/fr\/wp-json\/wp\/v2\/media?parent=1049"}],"wp:term":[{"taxonomy":"wf_page_folders","embeddable":true,"href":"https:\/\/activup.net\/fr\/wp-json\/wp\/v2\/wf_page_folders?post=1049"}],"curies":[{"name":"wp","href":"https:\/\/api.w.org\/{rel}","templated":true}]}}