{"id":1083,"date":"2021-01-01T15:50:25","date_gmt":"2021-01-01T13:50:25","guid":{"rendered":"https:\/\/activupnet.eu2.copilhost.cloud\/?page_id=1083"},"modified":"2022-07-20T17:47:39","modified_gmt":"2022-07-20T15:47:39","slug":"faq","status":"publish","type":"page","link":"https:\/\/activup.net\/fr\/faq\/","title":{"rendered":"Questions fr\u00e9quentes"},"content":{"rendered":"<h1 style=\"text-align: center;\">Questions fr\u00e9quentes<\/h1>\n<p style=\"text-align: center;\">R\u00e9ponse \u00e0 vos questions<\/p>\n<p style=\"text-align: center;\">sur le Walking Desk<\/p>\n<p style=\"text-align: center;\">Puisque vous vous int\u00e9ressez \u00e0 notre Walking Desk et \u00e0 nos solutions de travail actives, vous \u00eates un pr\u00e9curseur. Voici les r\u00e9ponses aux questions que vous vous demandez s\u00fbrement.<\/p>\n<p style=\"text-align: center;\">N&rsquo;h\u00e9sitez pas \u00e0 nous contacter pour plus de d\u00e9tails.<\/p>\n<p>Solution simple d&rsquo;usage et efficace<\/p>\n<h2>Utilisation du Walking Desk<\/h2>\n<p>Vous avez tr\u00e8s envie d&rsquo;un Walking Desk mais vous vous demandez si cela vous est bien adapt\u00e9 ?<\/p>\n<p>Solution adapt\u00e9e \u00e0 tous<\/p>\n<h2>Recommandations d&rsquo;usage<\/h2>\n<p>De quelle mani\u00e8re allez-vous pouvoir utiliser votre Walking Desk ?<\/p>\n<p>Des r\u00e9sultats \u00e0 tous les niveaux<\/p>\n<h2>B\u00e9n\u00e9fices du Walking Desk<\/h2>\n<p>Vous avez tr\u00e8s envie d&rsquo;un Walking Desk mais vous vous demandez comment on l&rsquo;utilise ?<\/p>\n<p>Logistique et assistance technique<\/p>\n<h2>Livraison et installation<\/h2>\n<p>Que vous soyez un particulier ou une entreprise, nous proposons un service de livraison par transporteur, et l&rsquo;installation optionnelle.<\/p>\n<p>Ecommerce<\/p>\n<h2>Achat en ligne<\/h2>\n<p>Nous permettons l&rsquo;achat \u00e0 distance sur notre site et apr\u00e8s avoir \u00e9chang\u00e9 au t\u00e9l\u00e9phone ou par mail avec un conseiller.<\/p>\n<h2 style=\"text-align: center;\">La marche au bureau sur un <strong>Walking Desk ActivUP<\/strong> est la <strong>meilleure solution<\/strong> pour <strong>votre sant\u00e9 et votre bien-\u00eatre<\/strong> au bureau, pendant que vous travaillez, <strong>sans y consacrer un temps d\u00e9di\u00e9<\/strong><\/h2>\n<p>__CONFIG_group_edit__{\u00ab\u00a0k7g25n3o\u00a0\u00bb:{\u00ab\u00a0name\u00a0\u00bb:\u00a0\u00bbAll Icon(s)\u00a0\u00bb,\u00a0\u00bbsingular\u00a0\u00bb:\u00a0\u00bb&#8211; Icon %s\u00a0\u00bb},\u00a0\u00bbk7g25s38&Prime;:{\u00ab\u00a0name\u00a0\u00bb:\u00a0\u00bbAll Contact Detail(s)\u00a0\u00bb,\u00a0\u00bbsingular\u00a0\u00bb:\u00a0\u00bb&#8211; Text %s\u00a0\u00bb},\u00a0\u00bbk7g26hhs\u00a0\u00bb:{\u00ab\u00a0name\u00a0\u00bb:\u00a0\u00bbAll Contact Form Input(s)\u00a0\u00bb,\u00a0\u00bbsingular\u00a0\u00bb:\u00a0\u00bb&#8211; Contact Form Input %s\u00a0\u00bb}}__CONFIG_group_edit____CONFIG_local_colors__{\u00ab\u00a0colors\u00a0\u00bb:{\u00ab\u00a0c4549&Prime;:\u00a0\u00bbRoyal Blue\u00a0\u00bb,\u00a0\u00bb56de9&Prime;:\u00a0\u00bbAlabaster\u00a0\u00bb,\u00a0\u00bb6957a\u00a0\u00bb:\u00a0\u00bbBunker\u00a0\u00bb,\u00a0\u00bbae168&Prime;:\u00a0\u00bbRoyal Blue\u00a0\u00bb},\u00a0\u00bbgradients\u00a0\u00bb:{}}__CONFIG_local_colors__    <\/p>\n<h2>Contactez-nous<\/h2>\n<p>Vous souhaitez en savoir plus et m\u00eame tester le Walking Desk dans votre entreprise ou dans notre showroom ?<\/p>\n<p><span><img decoding=\"async\" alt=\"\" data-id=\"571\" width=\"164\" data-init-width=\"300\" height=\"164\" data-init-height=\"300\" title=\"telemarketing-call-center-transparent-600sq\" loading=\"lazy\" src=\"https:\/\/activup.net\/wp-content\/uploads\/2020\/11\/telemarketing-call-center-transparent-600sq-300x300.png\" data-width=\"164\" data-height=\"164\" style=\"\"><\/span>  <\/p>\n<p><strong>Nos showrooms<\/strong> (sur RDV exclusivement)<\/p>\n<p><strong>Paris 17e<\/strong> : 27 rue des Renaudes<\/p>\n<p><strong>Archamps<\/strong> (Haute-Savoie)<\/p>\n<p>Appelez-nous au<\/p>\n<p><span data-attr-id=\"3\" data-extra_key=\"1\" data-option-inline=\"1\" data-shortcode=\"thrive_global_fields\" data-shortcode-name=\"[Company] Phone number\">+33 1 85 08 60 18<\/span><\/p>\n<p>[tcb-script charset=\u00a0\u00bbutf-8&Prime; type=\u00a0\u00bbtext\/javascript\u00a0\u00bb src=\u00a0\u00bb\/\/js.hsforms.net\/forms\/shell.js\u00a0\u00bb][\/tcb-script] [tcb-script] hbspt.forms.create({ portalId: \u00ab\u00a03959277\u00a0\u00bb, formId: \u00ab\u00a064249f84-222c-4072-9249-8fbc859e8545\u00a0\u00bb }); [\/tcb-script]  <\/p>\n","protected":false},"excerpt":{"rendered":"<p>Questions fr\u00e9quentes R\u00e9ponse \u00e0 vos questions sur le Walking Desk Puisque vous vous int\u00e9ressez \u00e0 notre Walking Desk et \u00e0 nos solutions de travail actives, vous \u00eates un pr\u00e9curseur. Voici les r\u00e9ponses aux questions que vous vous demandez s\u00fbrement. N&rsquo;h\u00e9sitez pas \u00e0 nous contacter pour plus de d\u00e9tails. Solution simple d&rsquo;usage et efficace Utilisation du [&hellip;]<\/p>\n","protected":false},"author":4,"featured_media":0,"parent":0,"menu_order":0,"comment_status":"closed","ping_status":"closed","template":"","meta":{"_seopress_robots_primary_cat":"","_seopress_titles_title":"Questions fr\u00e9quentes sur le Walking Desk","_seopress_titles_desc":"Le Walking Desks ActivUP est une solution innovante. Nous r\u00e9pondons ici aux questions l\u00e9gitimes sur son usage et ses b\u00e9n\u00e9fices.","_seopress_robots_index":"","bwfblock_default_font":"","footnotes":""},"wf_page_folders":[73],"class_list":["post-1083","page","type-page","status-publish","hentry","post-wrapper","thrv_wrapper"],"_links":{"self":[{"href":"https:\/\/activup.net\/fr\/wp-json\/wp\/v2\/pages\/1083","targetHints":{"allow":["GET"]}}],"collection":[{"href":"https:\/\/activup.net\/fr\/wp-json\/wp\/v2\/pages"}],"about":[{"href":"https:\/\/activup.net\/fr\/wp-json\/wp\/v2\/types\/page"}],"author":[{"embeddable":true,"href":"https:\/\/activup.net\/fr\/wp-json\/wp\/v2\/users\/4"}],"replies":[{"embeddable":true,"href":"https:\/\/activup.net\/fr\/wp-json\/wp\/v2\/comments?post=1083"}],"version-history":[{"count":10,"href":"https:\/\/activup.net\/fr\/wp-json\/wp\/v2\/pages\/1083\/revisions"}],"predecessor-version":[{"id":7162,"href":"https:\/\/activup.net\/fr\/wp-json\/wp\/v2\/pages\/1083\/revisions\/7162"}],"wp:attachment":[{"href":"https:\/\/activup.net\/fr\/wp-json\/wp\/v2\/media?parent=1083"}],"wp:term":[{"taxonomy":"wf_page_folders","embeddable":true,"href":"https:\/\/activup.net\/fr\/wp-json\/wp\/v2\/wf_page_folders?post=1083"}],"curies":[{"name":"wp","href":"https:\/\/api.w.org\/{rel}","templated":true}]}}