{"id":1098,"date":"2021-01-03T10:56:21","date_gmt":"2021-01-03T08:56:21","guid":{"rendered":"https:\/\/activupnet.eu2.copilhost.cloud\/?page_id=1098"},"modified":"2022-05-01T17:44:11","modified_gmt":"2022-05-01T15:44:11","slug":"genese","status":"publish","type":"page","link":"https:\/\/activup.net\/fr\/genese\/","title":{"rendered":"La g\u00e9n\u00e8se d&rsquo;ActivUP"},"content":{"rendered":"<h1 id=\"t-1596955757025\" style=\"text-align: center;\">La g\u00e9n\u00e8se d&rsquo;Activup<\/h1>\n<p style=\"text-align: center;\">D&rsquo;un besoin personnel \u00e0+300 clients dans 12 pays<\/p>\n<p style=\"text-align: center;\">Les clients ActivUP sont r\u00e9partis dans 12 pays, avec de nombreuses multinationales, dont Google et la moiti\u00e9 du CAC40. Mais au d\u00e9part, Marc Thouvenin, le fondateur, cherchait juste un moyen simple pour perdre du poids sans perdre de temps \u00e0 faire du sport ou un r\u00e9gime.<\/p>\n<p style=\"text-align: center;\">Il vous raconte ci-dessous son histoire et celle d&rsquo;ActivUP.<\/p>\n<h2 id=\"t-1596955757026\" style=\"text-align: left; color: var(--tcb-skin-color-2)  !important; --tcb-applied-color:var$(--tcb-skin-color-2)  !important;\">Comment j&rsquo;ai perdu 15kgsans r\u00e9gime ni sport,pendant mon travail<\/h2>\n<p><span><img decoding=\"async\" alt=\"\" data-id=\"296\" width=\"500\" data-init-width=\"500\" height=\"304\" data-init-height=\"304\" title=\"laptop-weight-loss-500\" loading=\"lazy\" src=\"https:\/\/activup.net\/wp-content\/uploads\/2020\/05\/laptop-weight-loss-500.png\" data-width=\"500\" data-height=\"304\"><\/span><\/p>\n<h2 style=\"text-align: justify;\">J&rsquo;\u00e9tais devenu s\u00e9dentaire, en fort surpoids<\/h2>\n<p style=\"text-align: justify;\">\n<p style=\"text-align: justify;\">On a tous des p\u00e9riodes o\u00f9 on se laisse aller, et puis celles o\u00f9 <strong>on reprend le contr\u00f4le<\/strong>.En 2012, quand on parlait de <strong>trackeurs d\u2019activit\u00e9 (podom\u00e8tres)<\/strong> ou de <strong>balance connect\u00e9e<\/strong>, il y en avait encore qui nous regardaient avec des yeux ronds. Tout le monde s\u2019accordait d\u00e9j\u00e0 \u00e0 dire que nous \u00e9tions tous trop s\u00e9dentaires mais personne n\u2019avait vraiment de solution. C\u2019est Fitbit qui a men\u00e9 la danse en cr\u00e9ant en 2007, le bracelet \u00e9ponyme. C\u2019\u00e9tait il y a 13 ans seulement, et la soci\u00e9t\u00e9 en a maintenant vendu plus de 100 millions. Au total, il s&rsquo;en vend plus de 80 millions chaque ann\u00e9e, toutes marques confondues.<\/p>\n<p>Sortir de sa zone de confort<\/p>\n<h2>Le passage \u00e0 l&rsquo;action<\/h2>\n<p style=\"text-align: justify;\">Je me suis \u00e9quip\u00e9 en 2012 sous l\u2019impulsion de Fabrice Boutain, le fondateur de Anxa et HAPI.com, d&rsquo;un podom\u00e8tre et d&rsquo;une balance connect\u00e9s.&nbsp;<\/p>\n<p style=\"text-align: justify;\">\n<p style=\"text-align: justify;\">A l\u2019\u00e9poque, <strong>le fait de mesurer mes pas et d\u2019avoir une courbe de poids, m\u2019a permis de r\u00e9aliser que l\u2019ensemble \u00e9tait catastrophique<\/strong>, je marchais peu, et mon poids augmentait de mani\u00e8re continue. Mais o\u00f9 \u00e9tait pass\u00e9e la fougue de ma jeunesse et mon temp\u00e9rament sportif ? Les ann\u00e9es avaient eu le dessus sur mon attitude raisonnable.<\/p>\n<\/p>\n<p>Le fait de compter mes pas ne m\u2019a permis qu\u2019une chose : me faire visualiser sur une courbe que j\u2019\u00e9tais dans la mauvaise direction !&nbsp;<\/p>\n<p style=\"text-align: justify;\">\u00c0 titre de rappel, nos anc\u00eatres devaient et n\u2019avaient d\u2019ailleurs aucun mal \u00e0 <strong>marcher 23 kilom\u00e8tres par jour<\/strong> afin de survivre. Et c\u2019est ainsi que l\u2019\u00eatre humain est cens\u00e9 vivre pour trouver \u00e0 manger et se maintenir en forme par la m\u00eame occasion.<\/p>\n<p style=\"text-align: justify;\">Mais plus nous avan\u00e7ons dans le temps, moins nous bougeons. <strong>Cette mauvaise tendance a permis le d\u00e9veloppement de nombreuses maladies dont justement le diab\u00e8te.<\/strong>Bien \u00e9videmment, notre mode de vie actuel accompagn\u00e9 de l\u2019essor du digital qui nous pousse \u00e0 tout faire assis ne nous permet plus de marcher aussi souvent qu\u2019il ne le faudrait.<\/p>\n<h2>\u00ab Il me fallait trouver une solution efficace pour reprendre le contr\u00f4le de mon corps \u00bb<\/h2>\n<p><span><img decoding=\"async\" alt=\"\" data-id=\"212\" width=\"315\" data-init-width=\"300\" height=\"494\" data-init-height=\"470\" title=\"Mon1erWalkingDesk-1-300x500-1\" src=\"https:\/\/activup.net\/wp-content\/uploads\/2020\/05\/Mon1erWalkingDesk-1-300x500-1.jpg\" data-width=\"315\" data-height=\"494\" style=\"\" loading=\"lazy\"><\/span><\/p>\n<p>Mon premier Walking Desk (photo de d\u00e9c 2013)<\/p>\n<p><strong>La solution id\u00e9ale pour reprendre le contr\u00f4le<\/strong><\/p>\n<h2>Travailler en marchant, sans y penser<\/h2>\n<p style=\"text-align: justify;\"><strong>Il me fallait trouver une solution efficace pour reprendre le contr\u00f4le de mon corps.&nbsp;<\/strong>A la fin du mois de novembre 2013, j\u2019ai eu un d\u00e9clic : Il me suffit de mettre un bureau au dessus d\u2019un tapis roulant ! Je me suis mis imm\u00e9diatement en t\u00eate d\u2019en acheter un. H\u00e9las en 2013, personne ne proposait ce type de solution. <strong>J\u2019ai donc d\u00e9cid\u00e9 de m\u2019en bricoler un<\/strong>, avec les moyens du bord. Achat d\u2019un tapis de course standard sur internet et confection d\u2019un bureau en hauteur. Et hop, j\u2019avais mon premier Walking Desk !<\/p>\n<\/p>\n<p style=\"text-align: justify;\"><strong>Je n\u2019avais alors aucun entrainement, mais au cours du premier mois d\u2019utilisation, j\u2019ai fait plus de 400km, plus de 20 000 pas par jour en moyenne ! H\u00e9las, il n\u2019a pas surv\u00e9cu \u00e0 ce rythme.<\/strong>&nbsp;Les tapis de course standard sont en effet calcul\u00e9s pour fonctionner 1h\/semaine pendant 1 an. Ensuite, ils prennent la poussi\u00e8re dans le garage de leur propri\u00e9taire. Le mien a tourn\u00e9 plus de 4 heures par jour, tous les jours pendant plus d\u2019un mois.&nbsp;<strong>J\u2019\u00e9tais d\u00e9j\u00e0 devenu accro au Walking Desk.<\/strong>&nbsp;<strong>Plus moyen de faire marche arri\u00e8re.<\/strong> J\u2019en ai construit un nouveau imm\u00e9diatement : mod\u00e8le l\u00e9g\u00e8rement plus solide avec des arceaux horizontaux donc plus pratique pour la partie bureau.<\/p>\n<p>des r\u00e9sultats pour moi, et pour mes clients !<\/p>\n<h2>Perdre du poids, sans r\u00e9gime ni sport, pendant qu&rsquo;on travaille<\/h2>\n<p>L\u2019ann\u00e9e 2014 a \u00e9t\u00e9 celle de l\u2019inversion de tendance ! Car, en m\u00eame temps que <strong>je perdais tranquillement 500g par mois, en faisant 400 \u00e0 500km<\/strong>, la singularit\u00e9 de mon \u00e9quipement de bureau commen\u00e7ait a \u00eatre remarqu\u00e9e. J\u2019ai post\u00e9 la photo sur les r\u00e9seaux sociaux, et d\u00e9j\u00e0 mes amis voulaient m\u2019acheter des Walking Desks.<\/p>\n<\/p>\n<p>Au bout de&nbsp;<strong>2 ann\u00e9es de Walking Desk<\/strong>, mon poids s\u2019est stabilis\u00e9 \u00e0 70kg (12kg perdus), je ne me suis jamais senti aussi bien, je n\u2019ai&nbsp;<strong>quasiment pas \u00e9t\u00e9 malade depuis que je marche tous les jours sur mon Walking Desk<\/strong>.<\/p>\n<\/p>\n<p>Certains de nos clients peuvent perdre jusqu&rsquo;\u00e0 2-3 kg par mois, et perdre plusieurs dizaines de kilos. Voir ici notre <a href=\"https:\/\/maigrir-au-bureau.com\/?utm_source=activup&amp;utm_medium=link\" style=\"outline: none;\" data-shortcode-id=\"29\" data-dynamic-link=\"thrive_global_fields_url\" data-custom-shortcode=\"\">programme pour perdre du poids en marchant au bureau<\/a>.<\/p>\n<\/p>\n<p>Ensuite, mon poids a continu\u00e9 \u00e0 baisser en soignant mon alimentation. Je n\u2019ai plus du tout mal au dos, et je dors, vraiment, tr\u00e8s bien.<strong>C\u2019est tout ce que je souhaite aux futurs utilisateurs du Walking Desk.<\/strong><\/p>\n<p><span><img decoding=\"async\" alt=\"\" data-id=\"211\" width=\"370\" data-init-width=\"600\" height=\"292\" data-init-height=\"473\" title=\"CourbePoids-Retouchee-600\" src=\"https:\/\/activup.net\/wp-content\/uploads\/2020\/05\/CourbePoids-Retouchee-600.png\" data-width=\"370\" data-height=\"292\" loading=\"lazy\" style=\"\"><\/span><\/p>\n<p>Courbe de poids de Marc Thouvenin entre 2013 et 2019<\/p>\n<p><span><img decoding=\"async\" alt=\"\" data-id=\"196\" width=\"370\" data-init-width=\"300\" height=\"555\" data-init-height=\"450\" title=\"BouyguesNextDoor-5-vertical\" src=\"https:\/\/activup.net\/wp-content\/uploads\/2020\/05\/BouyguesNextDoor-5-vertical.jpg\" data-width=\"370\" data-height=\"555\" loading=\"lazy\" style=\"\"><\/span><\/p>\n<p>Solution r\u00e9volutionnaire<\/p>\n<h2>La popularit\u00e9 du Walking Desk<\/h2>\n<p dir=\"ltr\">Au cours de l\u2019\u00e9t\u00e9 2014, je finissais la vente de ma pr\u00e9c\u00e9dente soci\u00e9t\u00e9, et je devais trouver un moyen de commercialiser des Walking Desks. Apr\u00e8s avoir \u00e9tudi\u00e9 toutes les possibilit\u00e9s, j\u2019ai trouv\u00e9 les diff\u00e9rents fournisseurs qu\u2019il me fallait pour de la premi\u00e8re offre de Walking Desks en France. J\u2019ai donc cr\u00e9\u00e9 un site marchand sp\u00e9cialis\u00e9 pour vendre nos Walking Desks et j\u2019ai eu mon premier client en octobre 2014. Le premier d\u2019une longue s\u00e9rie.<\/p>\n<p dir=\"ltr\">\n<p dir=\"ltr\">Depuis cette p\u00e9riode, on n\u2019a cess\u00e9&nbsp;<strong>de d\u00e9velopper notre chiffre d\u2019affaires tous les ans<\/strong>, on est pass\u00e9&nbsp;<strong>24 fois \u00e0 la t\u00e9l\u00e9vision<\/strong>, et on a maintenant&nbsp;<strong>la moiti\u00e9 du CAC40<\/strong>&nbsp;parmi nos clients, ainsi que de&nbsp;<strong>nombreux clients internationaux<\/strong> comme Facebook, Shell, General Electric et m\u00eame l\u2019ONU. Sans compter les centaines de PME, TPE et m\u00eame particuliers.&nbsp;<\/p>\n<p dir=\"ltr\">\n<p dir=\"ltr\" style=\"\">La solution : le&nbsp;<strong>walking desk<\/strong> ou <strong>bureau-<\/strong><strong>tapis de marche<\/strong>.<\/p>\n<h2>Pl\u00e9biscit\u00e9e par les scientifiques<\/h2>\n<p>Au congr\u00e8s m\u00e9dical de Vichy en janvier 2019, les conf\u00e9renciers marchent sur un Walking Desk ActivUP pendant leur pr\u00e9sentation<\/p>\n<h2 style=\"text-align: center;\">&nbsp;ActivUP, la r\u00e9f\u00e9rence du Walking Desk<\/h2>\n<h3 style=\"text-align: center;\"><span>Plus de 300 clients<\/span><\/h3>\n<p><span><img decoding=\"async\" alt=\"\" data-id=\"175\" width=\"350\" data-init-width=\"640\" height=\"197\" data-init-height=\"360\" title=\"references-clients-ActivUP-2020-640x360-1\" loading=\"lazy\" src=\"https:\/\/activup.net\/wp-content\/uploads\/2020\/05\/references-clients-ActivUP-2020-640x360-1.jpg\" data-width=\"350\" data-height=\"197\" style=\"\"><\/span><\/p>\n<h3 style=\"text-align: center;\">23 passages TV<\/h3>\n<p><span><a href=\"https:\/\/activup.net\/fr\/presse\/\" data-shortcode-id=\"27\" data-dynamic-link=\"thrive_global_fields_url\"><img decoding=\"async\" alt=\"\" data-id=\"176\" width=\"339\" data-init-width=\"640\" height=\"191\" data-init-height=\"360\" title=\"retombees-presse-640x360-1\" loading=\"lazy\" src=\"https:\/\/activup.net\/wp-content\/uploads\/2020\/05\/retombees-presse-640x360-1.jpg\" data-width=\"339\" data-height=\"191\" data-link-wrap=\"true\"><\/a><\/span><\/p>\n<h3 style=\"text-align: center;\">Une solution prim\u00e9e<\/h3>\n<p><span><a href=\"https:\/\/activup.net\/fr\/distinctions\/\" data-shortcode-id=\"28\" data-dynamic-link=\"thrive_global_fields_url\"><img decoding=\"async\" alt=\"\" data-id=\"174\" width=\"339\" data-init-width=\"640\" height=\"191\" data-init-height=\"360\" title=\"infographie-trophee-640x360\" loading=\"lazy\" src=\"https:\/\/activup.net\/wp-content\/uploads\/2020\/05\/infographie-trophee-640x360-1.jpg\" data-width=\"339\" data-height=\"191\" data-link-wrap=\"true\"><\/a><\/span> __CONFIG_group_edit__{\u00ab\u00a0k7g25n3o\u00a0\u00bb:{\u00ab\u00a0name\u00a0\u00bb:\u00a0\u00bbAll Icon(s)\u00a0\u00bb,\u00a0\u00bbsingular\u00a0\u00bb:\u00a0\u00bb&#8211; Icon %s\u00a0\u00bb},\u00a0\u00bbk7g25s38&Prime;:{\u00ab\u00a0name\u00a0\u00bb:\u00a0\u00bbAll Contact Detail(s)\u00a0\u00bb,\u00a0\u00bbsingular\u00a0\u00bb:\u00a0\u00bb&#8211; Text %s\u00a0\u00bb},\u00a0\u00bbk7g26hhs\u00a0\u00bb:{\u00ab\u00a0name\u00a0\u00bb:\u00a0\u00bbAll Contact Form Input(s)\u00a0\u00bb,\u00a0\u00bbsingular\u00a0\u00bb:\u00a0\u00bb&#8211; Contact Form Input %s\u00a0\u00bb}}__CONFIG_group_edit____CONFIG_local_colors__{\u00ab\u00a0colors\u00a0\u00bb:{\u00ab\u00a0c4549&Prime;:\u00a0\u00bbRoyal Blue\u00a0\u00bb,\u00a0\u00bb56de9&Prime;:\u00a0\u00bbAlabaster\u00a0\u00bb,\u00a0\u00bb6957a\u00a0\u00bb:\u00a0\u00bbBunker\u00a0\u00bb,\u00a0\u00bbae168&Prime;:\u00a0\u00bbRoyal Blue\u00a0\u00bb},\u00a0\u00bbgradients\u00a0\u00bb:{}}__CONFIG_local_colors__    <\/p>\n<h2>Contactez-nous<\/h2>\n<p>Vous souhaitez en savoir plus et m\u00eame tester le Walking Desk dans votre entreprise ou dans notre showroom ?<\/p>\n<p><span><img decoding=\"async\" alt=\"\" data-id=\"571\" width=\"164\" data-init-width=\"300\" height=\"164\" data-init-height=\"300\" title=\"telemarketing-call-center-transparent-600sq\" loading=\"lazy\" src=\"https:\/\/activup.net\/wp-content\/uploads\/2020\/11\/telemarketing-call-center-transparent-600sq-300x300.png\" data-width=\"164\" data-height=\"164\" style=\"\"><\/span>  <\/p>\n<p><strong>Nos showrooms<\/strong> (sur RDV exclusivement)<\/p>\n<p><strong>Paris 17e<\/strong> : 27 rue des Renaudes<\/p>\n<p><strong>Archamps<\/strong> (Haute-Savoie)<\/p>\n<p>Appelez-nous au<\/p>\n<p><span data-attr-id=\"3\" data-extra_key=\"1\" data-option-inline=\"1\" data-shortcode=\"thrive_global_fields\" data-shortcode-name=\"[Company] Phone number\">+33 1 85 08 60 18<\/span><\/p>\n<p>[tcb-script charset=\u00a0\u00bbutf-8&Prime; type=\u00a0\u00bbtext\/javascript\u00a0\u00bb src=\u00a0\u00bb\/\/js.hsforms.net\/forms\/shell.js\u00a0\u00bb][\/tcb-script] [tcb-script] hbspt.forms.create({ portalId: \u00ab\u00a03959277\u00a0\u00bb, formId: \u00ab\u00a064249f84-222c-4072-9249-8fbc859e8545\u00a0\u00bb }); [\/tcb-script]  <\/p>\n","protected":false},"excerpt":{"rendered":"<p>La g\u00e9n\u00e8se d&rsquo;Activup D&rsquo;un besoin personnel \u00e0+300 clients dans 12 pays Les clients ActivUP sont r\u00e9partis dans 12 pays, avec de nombreuses multinationales, dont Google et la moiti\u00e9 du CAC40. Mais au d\u00e9part, Marc Thouvenin, le fondateur, cherchait juste un moyen simple pour perdre du poids sans perdre de temps \u00e0 faire du sport ou [&hellip;]<\/p>\n","protected":false},"author":4,"featured_media":0,"parent":0,"menu_order":0,"comment_status":"closed","ping_status":"closed","template":"","meta":{"_seopress_robots_primary_cat":"","_seopress_titles_title":"La g\u00e9n\u00e8se d&#039;ActivUP et son Walking Desk","_seopress_titles_desc":"C&#039;est en 2013 que Marc Thouvenin, le fondateur d&#039;ActivUP a construit son premier Walking Desk. Depuis, il a perdu 15kg et acquis plus de 400 clients dans 12 pays. D\u00e9couvrez toute l&#039;histoire de la cr\u00e9ation d&#039;ActivUP","_seopress_robots_index":"","bwfblock_default_font":"","footnotes":""},"wf_page_folders":[73],"class_list":["post-1098","page","type-page","status-publish","hentry","post-wrapper","thrv_wrapper"],"_links":{"self":[{"href":"https:\/\/activup.net\/fr\/wp-json\/wp\/v2\/pages\/1098","targetHints":{"allow":["GET"]}}],"collection":[{"href":"https:\/\/activup.net\/fr\/wp-json\/wp\/v2\/pages"}],"about":[{"href":"https:\/\/activup.net\/fr\/wp-json\/wp\/v2\/types\/page"}],"author":[{"embeddable":true,"href":"https:\/\/activup.net\/fr\/wp-json\/wp\/v2\/users\/4"}],"replies":[{"embeddable":true,"href":"https:\/\/activup.net\/fr\/wp-json\/wp\/v2\/comments?post=1098"}],"version-history":[{"count":18,"href":"https:\/\/activup.net\/fr\/wp-json\/wp\/v2\/pages\/1098\/revisions"}],"predecessor-version":[{"id":4528,"href":"https:\/\/activup.net\/fr\/wp-json\/wp\/v2\/pages\/1098\/revisions\/4528"}],"wp:attachment":[{"href":"https:\/\/activup.net\/fr\/wp-json\/wp\/v2\/media?parent=1098"}],"wp:term":[{"taxonomy":"wf_page_folders","embeddable":true,"href":"https:\/\/activup.net\/fr\/wp-json\/wp\/v2\/wf_page_folders?post=1098"}],"curies":[{"name":"wp","href":"https:\/\/api.w.org\/{rel}","templated":true}]}}