{"id":1117,"date":"2021-01-03T12:05:09","date_gmt":"2021-01-03T10:05:09","guid":{"rendered":"https:\/\/activupnet.eu2.copilhost.cloud\/?page_id=1117"},"modified":"2021-12-31T13:25:42","modified_gmt":"2021-12-31T11:25:42","slug":"bruxelles-dirigeants-surpoids","status":"publish","type":"page","link":"https:\/\/activup.net\/fr\/conferences\/bruxelles-dirigeants-surpoids\/","title":{"rendered":"Conf\u00e9rence Bruxelles Surpoids des dirigeants"},"content":{"rendered":"<h1 style=\"text-align: center;\">Conf\u00e9rence &#8211; Bruxelles 2020<\/h1>\n<p style=\"text-align: center;\">Ces petits kilos en trop qui vous emp\u00eachent de diriger sereinement<\/p>\n<p style=\"text-align: center;\">Comment les dirigeants peuvent perdre du poids, en contournant les biais de notre ADN ? Comment adopter l&rsquo;art de vivre ancestral (sain), en l&rsquo;adaptant \u00e0 notre vie moderne ?&nbsp;<\/p>\n<p><span><img decoding=\"async\" alt=\"\" data-id=\"1152\" width=\"1038\" data-init-width=\"1038\" height=\"583\" data-init-height=\"583\" title=\"202001-ConfDeOuf-02-1000-AvPlayer\" loading=\"lazy\" src=\"https:\/\/activup.net\/wp-content\/uploads\/2021\/01\/202001-ConfDeOuf-02-1000-AvPlayer.jpg\" data-width=\"1038\" data-height=\"583\" style=\"\"><\/span><\/p>\n<h2 style=\"\">La meilleure<\/h2>\n<h2 style=\"\">m\u00e9thode<\/h2>\n<h2 style=\"\">pour <strong>maigrir<\/strong><\/h2>\n<h2 style=\"\"><strong>sans y penser<\/strong><\/h2>\n<h2 style=\"\"><span style=\"font-size: 53px;\">l&rsquo;art de vivre<\/span><span style=\"font-size: 71px;\">ancestral<\/span>adapt\u00e9 \u00e0 votre<\/h2>\n<h2 style=\"\">vie moderne<\/h2>\n<p>T\u00e9moignage<\/p>\n<h2>Comment Marc Thouvenin a perdu 15kg sans r\u00e9gime ni sport<\/h2>\n<p><span><img decoding=\"async\" alt=\"\" data-id=\"280\" width=\"521\" data-init-width=\"600\" height=\"261\" data-init-height=\"300\" title=\"Marc-Avant-Apres\" loading=\"lazy\" src=\"https:\/\/activup.net\/wp-content\/uploads\/2020\/05\/Marc-Avant-Apres.jpg\" data-width=\"521\" data-height=\"261\" style=\"\"><\/span><\/p>\n<p style=\"text-align: justify;\">Marc Thouvenin \u00e9tait en surpoids en 2013, il pesait 82kg. En 2021, il p\u00e8se maintenant 68kg. D\u00e9couvrez dans cette conf\u00e9rence, comme il a r\u00e9ussi \u00e0 maigrir \u00e0 son bureau. La m\u00e9thode est simple, facile et accessible \u00e0 tous.<\/p>\n<p>Analyse anthropologique<\/p>\n<h2>Le mode de vie ancestral<\/h2>\n<p style=\"text-align: justify;\">Dans la conf\u00e9rence, Marc Thouvenin parle de <strong>Jandal<\/strong>, son arri\u00e8re-arri\u00e8re-arri\u00e8re grand-p\u00e8re, qui a v\u00e9cu il y a 10 000 ans. A cet \u00e9poque, avant l&rsquo;agriculture, les humains \u00e9taient des chasseurs-cueilleurs.&nbsp;<strong>Ils marchaient 23 km\/jour<\/strong>&nbsp;en moyenne. Ils couraient parfois quelques minutes pour attraper un lapin ou \u00e9chapper \u00e0 un lion. Et enfin, comme ils ne trouvaient pas toujours \u00e0 manger, ils je\u00fbnaient r\u00e9guli\u00e8rement.&nbsp;<\/p>\n<p style=\"text-align: justify;\">\n<p style=\"text-align: justify;\">Leur esp\u00e9rance de vie \u00e0 la naissance n&rsquo;\u00e9tait que de 40 ans, mais leur esp\u00e9rance de vie \u00e0 45 ans \u00e9tait de 20 ans, soit une&nbsp;<strong>dur\u00e9e de vie typique de 65 ans<\/strong>, ce qui est similaire \u00e0 aujourd&rsquo;hui ! Et cela, sans m\u00e9decine, sans hopitaux, sans moyens de protection.<\/p>\n<p><span><img decoding=\"async\" alt=\"\" data-id=\"281\" width=\"500\" data-init-width=\"500\" height=\"333\" data-init-height=\"333\" title=\"Jandal-1023415276-500x333-1\" loading=\"lazy\" src=\"https:\/\/activup.net\/wp-content\/uploads\/2020\/05\/Jandal-1023415276-500x333-1.jpg\" data-width=\"500\" data-height=\"333\"><\/span><\/p>\n<p>Comparaison avec la Vie moderne<\/p>\n<h2>On mange trop facilement et on ne bouge pas assez<\/h2>\n<p><span><img decoding=\"async\" alt=\"\" data-id=\"279\" width=\"500\" data-init-width=\"500\" height=\"333\" data-init-height=\"333\" title=\"Popcorn-Canape-1041659143-500x333-1\" loading=\"lazy\" src=\"https:\/\/activup.net\/wp-content\/uploads\/2020\/05\/Popcorn-Canape-1041659143-500x333-1.jpg\" data-width=\"500\" data-height=\"333\"><\/span><\/p>\n<p style=\"text-align: justify;\">Aujourd&rsquo;hui, la nourriture est abondante, et de nombreuses personnes en consomment de mani\u00e8re fr\u00e9n\u00e9tique. De plus, les humains n&rsquo;ont g\u00e9n\u00e9ralement plus aucune occasion de je\u00fbner. L&rsquo;inactivit\u00e9 est la posture par d\u00e9faut, que ce soit sur une chaise, dans un canap\u00e9 ou sur le si\u00e8ge d&rsquo;une voiture.<\/p>\n<\/p>\n<p style=\"text-align: justify;\">Pourtant, il est simple d&rsquo;adopter une posture \u00e0 la fois ancr\u00e9e dans le monde moderne et adapt\u00e9e \u00e0 notre g\u00e9nome humain. Manger de saison, mod\u00e9r\u00e9ment, je\u00fbner, bouger toute la journ\u00e9e, et faire chaque jour de courts exercices physiques.<\/p>\n<p>TEMOIGNAGE<\/p>\n<h2>R\u00e9sultat: maigrir en marchant au bureau, lentement mais s\u00fbrement et &#8230; d\u00e9finitivement !<\/h2>\n<p style=\"\">Alors qu&rsquo;il \u00e9tait en surpoids en 2013 (82kg pour 1m80), Marc Thouvenin p\u00e8se maintenant moins de 68kg. Il n&rsquo;a jamais repris de poids depuis 5 ans. En combinant d&rsquo;autres techniques, son poids continue m\u00eame \u00e0 baisser l\u00e9g\u00e8rement.<\/p>\n<p style=\"\">L&rsquo;usage quotidien du Walking Desk lui a permis de perdre 500g par mois pendant 2 ans, sans r\u00e9gime ni sport. Sans y penser, sans effort, sans y consacrer de temps. Simplement, en marchant pendant qu&rsquo;il travaille.<\/p>\n<p><span><img decoding=\"async\" alt=\"\" data-id=\"211\" width=\"439\" data-init-width=\"600\" height=\"346\" data-init-height=\"473\" title=\"CourbePoids-Retouchee-600\" loading=\"lazy\" src=\"https:\/\/activup.net\/wp-content\/uploads\/2020\/05\/CourbePoids-Retouchee-600.png\" data-width=\"439\" data-height=\"346\" style=\"\"><\/span><\/p>\n<p>Courbe de poids de Marc Thouvenin entre 2013 et 2019<\/p>\n<p style=\"text-align: center;\">Les Walking Desks chez nos clients<\/p>\n<h2 style=\"text-align: center;\">Une infinit\u00e9 d&rsquo;am\u00e9nagements possibles<\/h2>\n<p><span><img decoding=\"async\" alt=\"\" data-id=\"266\" width=\"253\" data-init-width=\"900\" height=\"169\" data-init-height=\"600\" title=\"BouyguesNextDoor-5-600pL\" src=\"https:\/\/activup.net\/wp-content\/uploads\/2020\/05\/BouyguesNextDoor-5-600pL.jpg\" data-width=\"253\" data-height=\"169\" style=\"\" loading=\"lazy\"><\/span><span><img decoding=\"async\" alt=\"\" data-id=\"265\" width=\"253\" data-init-width=\"900\" height=\"169\" data-init-height=\"600\" title=\"AllianzRiviera-4336-600pL\" src=\"https:\/\/activup.net\/wp-content\/uploads\/2020\/05\/AllianzRiviera-4336-600pL.jpg\" data-width=\"253\" data-height=\"169\" loading=\"lazy\"><\/span><span><img decoding=\"async\" alt=\"\" data-id=\"264\" width=\"253\" data-init-width=\"900\" height=\"169\" data-init-height=\"600\" title=\"SNCF-WalkingMeetingRoom-0836-600pL\" src=\"https:\/\/activup.net\/wp-content\/uploads\/2020\/05\/SNCF-WalkingMeetingRoom-0836-600pL.jpg\" data-width=\"253\" data-height=\"169\" loading=\"lazy\"><\/span><span><img decoding=\"async\" alt=\"\" data-id=\"263\" width=\"253\" data-init-width=\"900\" height=\"169\" data-init-height=\"600\" title=\"WalkingMeetingRoom-2953-600pL\" src=\"https:\/\/activup.net\/wp-content\/uploads\/2020\/05\/WalkingMeetingRoom-2953-600pL.jpg\" data-width=\"253\" data-height=\"169\" loading=\"lazy\"><\/span><span><img decoding=\"async\" alt=\"\" data-id=\"262\" width=\"253\" data-init-width=\"900\" height=\"169\" data-init-height=\"600\" title=\"LifespanHomeSetting600pL\" src=\"https:\/\/activup.net\/wp-content\/uploads\/2020\/05\/LifespanHomeSetting600pL.jpg\" data-width=\"253\" data-height=\"169\" style=\"\" loading=\"lazy\"><\/span><span><img decoding=\"async\" alt=\"\" data-id=\"261\" width=\"253\" data-init-width=\"900\" height=\"169\" data-init-height=\"600\" title=\"Loreal-WalkingMeetingRoom-3741-600pL\" src=\"https:\/\/activup.net\/wp-content\/uploads\/2020\/05\/Loreal-WalkingMeetingRoom-3741-600pL.jpg\" data-width=\"253\" data-height=\"169\" loading=\"lazy\"><\/span><span><img decoding=\"async\" alt=\"\" data-id=\"260\" width=\"253\" data-init-width=\"900\" height=\"169\" data-init-height=\"600\" title=\"LifespanCubicle600pL\" src=\"https:\/\/activup.net\/wp-content\/uploads\/2020\/05\/LifespanCubicle600pL.jpg\" data-width=\"253\" data-height=\"169\" loading=\"lazy\"><\/span><span><img decoding=\"async\" alt=\"\" data-id=\"259\" width=\"253\" data-init-width=\"900\" height=\"169\" data-init-height=\"600\" title=\"EY-Lifespan-PingPong600pL\" src=\"https:\/\/activup.net\/wp-content\/uploads\/2020\/05\/EY-Lifespan-PingPong600pL.jpg\" data-width=\"253\" data-height=\"169\" loading=\"lazy\"><\/span> <\/p>\n<p style=\"text-align: center;\">T\u00e9moignages<\/p>\n<h2 style=\"text-align: center;\">Ce que nos clients heureux pensent de nous<\/h2>\n<p>Tous les jours, je suis heureux d&rsquo;avoir d\u00e9couvert le walking desk. 12km de r\u00e9unions par jour et une p\u00eache d&rsquo;enfer ! D\u00e9j\u00e0 8kg perdus, rien qu&rsquo;en marchant.<\/p>\n<h4>Julien Coulon<\/h4>\n<p>DIrecteur g\u00e9n\u00e9ral<\/p>\n<p>Quand on s&rsquo;installe sur le Walking Desk, le plus \u00e9tonnant, c\u2019est qu\u2019on oublie totalement que l\u2019on marche, on est plus concentr\u00e9 sur le travail.<\/p>\n<h4>Arnaud V\u00e9rin&nbsp;<\/h4>\n<p>Entrepreneur<\/p>\n<p>Je marche chaque jour au moins 3 km sur mon Walking Desk ActivUP et je brule pr\u00e8s de 300 calories.<\/p>\n<p>Je ressens les b\u00e9n\u00e9fices sur ma silhouette.<\/p>\n<h4>Pascale Breton<\/h4>\n<p>Dirigeante<\/p>\n<h2 style=\"\"><strong>Voir le replay de la conf\u00e9rence<\/strong><\/h2>\n<p>Cette conf\u00e9rence est pour vous si vous \u00eates un dirigeant en surpoids, qui r\u00e9ussit dans son business et qui veut perdre du poids sans r\u00e9gime ni sport pendant qu&rsquo;il travaille.Vous y apprendrez notamment :<\/p>\n<ul>\n<li><span style=\"\">Pourquoi on prend du poids malgr\u00e9 nous<\/span><\/li>\n<li><span style=\"\">Comment maigrir sans y penser<\/span><\/li>\n<li><span style=\"\">Ce que cela va changer dans votre entreprise<\/span><\/li>\n<\/ul>\n<p><span><img decoding=\"async\" alt=\"\" data-id=\"1152\" width=\"500\" data-init-width=\"1038\" height=\"281\" data-init-height=\"583\" title=\"202001-ConfDeOuf-02-1000-AvPlayer\" src=\"https:\/\/activup.net\/wp-content\/uploads\/2021\/01\/202001-ConfDeOuf-02-1000-AvPlayer.jpg\" data-width=\"500\" data-height=\"281\" style=\"\" loading=\"lazy\"><\/span><\/p>\n","protected":false},"excerpt":{"rendered":"<p>Conf\u00e9rence &#8211; Bruxelles 2020 Ces petits kilos en trop qui vous emp\u00eachent de diriger sereinement Comment les dirigeants peuvent perdre du poids, en contournant les biais de notre ADN ? Comment adopter l&rsquo;art de vivre ancestral (sain), en l&rsquo;adaptant \u00e0 notre vie moderne ?&nbsp; La meilleure m\u00e9thode pour maigrir sans y penser l&rsquo;art de vivreancestraladapt\u00e9 [&hellip;]<\/p>\n","protected":false},"author":4,"featured_media":0,"parent":545,"menu_order":0,"comment_status":"closed","ping_status":"closed","template":"","meta":{"_seopress_robots_primary_cat":"","_seopress_titles_title":"","_seopress_titles_desc":"","_seopress_robots_index":"","bwfblock_default_font":"","footnotes":""},"wf_page_folders":[79],"class_list":["post-1117","page","type-page","status-publish","hentry","post-wrapper","thrv_wrapper"],"_links":{"self":[{"href":"https:\/\/activup.net\/fr\/wp-json\/wp\/v2\/pages\/1117","targetHints":{"allow":["GET"]}}],"collection":[{"href":"https:\/\/activup.net\/fr\/wp-json\/wp\/v2\/pages"}],"about":[{"href":"https:\/\/activup.net\/fr\/wp-json\/wp\/v2\/types\/page"}],"author":[{"embeddable":true,"href":"https:\/\/activup.net\/fr\/wp-json\/wp\/v2\/users\/4"}],"replies":[{"embeddable":true,"href":"https:\/\/activup.net\/fr\/wp-json\/wp\/v2\/comments?post=1117"}],"version-history":[{"count":15,"href":"https:\/\/activup.net\/fr\/wp-json\/wp\/v2\/pages\/1117\/revisions"}],"predecessor-version":[{"id":2497,"href":"https:\/\/activup.net\/fr\/wp-json\/wp\/v2\/pages\/1117\/revisions\/2497"}],"up":[{"embeddable":true,"href":"https:\/\/activup.net\/fr\/wp-json\/wp\/v2\/pages\/545"}],"wp:attachment":[{"href":"https:\/\/activup.net\/fr\/wp-json\/wp\/v2\/media?parent=1117"}],"wp:term":[{"taxonomy":"wf_page_folders","embeddable":true,"href":"https:\/\/activup.net\/fr\/wp-json\/wp\/v2\/wf_page_folders?post=1117"}],"curies":[{"name":"wp","href":"https:\/\/api.w.org\/{rel}","templated":true}]}}