{"id":1142,"date":"2021-01-14T19:09:52","date_gmt":"2021-01-14T17:09:52","guid":{"rendered":"https:\/\/activupnet.eu2.copilhost.cloud\/?page_id=1142"},"modified":"2022-07-21T13:36:19","modified_gmt":"2022-07-21T11:36:19","slug":"mentions-legales","status":"publish","type":"page","link":"https:\/\/activup.net\/fr\/mentions-legales\/","title":{"rendered":"Mentions l\u00e9gales"},"content":{"rendered":"<h2>1\/ Editeur du site www.www.activup.net<\/h2><p><!-- \/wp:post-content --><\/p><p><!-- wp:paragraph --><\/p><p><strong>ActivUP France<\/strong><\/p><p>ActivUP, SAS au capital de 5122\u20acRCS de Thonon-les-bains : 812 103 323 00018Si\u00e8ge social :125 route du fer \u00e0 cheval74160 Collonges-sous-Sal\u00e8ve France +33 1 85 08 60 18 contact \/@\/ www.activup.net<\/p><p><!-- \/wp:paragraph --><\/p><p><!-- wp:heading --><\/p><h2>2\/ Directeur de publication<\/h2><p><!-- \/wp:heading --><\/p><p><!-- wp:paragraph --><\/p><p>Monsieur Marc Thouvenin<\/p><p><!-- \/wp:paragraph --><\/p><p><!-- wp:heading --><\/p><h2>3\/ H\u00e9bergement<\/h2><p><!-- \/wp:heading --><\/p><p><!-- wp:paragraph --><\/p><p>Soci\u00e9t\u00e9 OVH SAS au capital de 10 069 020 \u20acRCS Lille M\u00e9tropole 424 761 419 00045Code APE 2620ZN\u00b0 TVA : FR 22 424 761 419Si\u00e8ge social : 2 rue Kellermann &#8211; 59100 Roubaix &#8211; France<\/p><p><!-- \/wp:paragraph --><\/p><p><!-- wp:heading --><\/p><h2>4\/ Propri\u00e9t\u00e9 intellectuelle<\/h2><p><!-- \/wp:heading --><\/p><p><!-- wp:paragraph --><\/p><p>L\u2019Editeur est titulaire de droits de propri\u00e9t\u00e9 intellectuelle sur l\u2019ensemble des contenus de son site internet. Cela signifie que les utilisateurs du site ne peuvent t\u00e9l\u00e9charger ou copier-coller les contenus prot\u00e9g\u00e9s par des droits de propri\u00e9t\u00e9 intellectuelle, \u00e0 moins que cela ne soit express\u00e9ment autoris\u00e9 par la loi ou sur autorisation pr\u00e9alable de l\u2019Editeur.<\/p><p><!-- \/wp:paragraph --><\/p><p><!-- wp:paragraph --><\/p><p>En effet, le contenu du site est la propri\u00e9t\u00e9 exclusive de l\u2019Editeur, sous r\u00e9serve des \u00e9ventuels droits de ses partenaires ou cocontractants, et est prot\u00e9g\u00e9 par les lois fran\u00e7aises et internationales relatives \u00e0 la propri\u00e9t\u00e9 intellectuelle. Toute reproduction totale ou partielle est formellement interdite sous peine de poursuites.<\/p><p><!-- \/wp:paragraph --><\/p><p><!-- wp:paragraph --><\/p><p>A ce titre, les \u00e9l\u00e9ments du site, pris dans leur ensemble ou individuellement, ne peuvent faire l\u2019objet d\u2019aucune utilisation, transformation, traduction, adaptation, reproduction, exploitation non express\u00e9ment autoris\u00e9e par l\u2019Editeur.<\/p><p><!-- \/wp:paragraph --><\/p><p><!-- wp:paragraph --><\/p><p>Toute violation pourra \u00eatre sanctionn\u00e9 au titre de la contrefa\u00e7on dans les conditions du code de la propri\u00e9t\u00e9 intellectuelle.<\/p><p><!-- \/wp:paragraph --><\/p><p><!-- wp:paragraph --><\/p><p>Il est en de m\u00eame, s\u2019il y a lieu, des bases de donn\u00e9es figurant sur le site, qui sont prot\u00e9g\u00e9es en tant que telles par la loi au titre du droit sui generis des producteurs de bases de donn\u00e9es.<\/p><p><!-- \/wp:paragraph --><\/p><p><!-- wp:heading --><\/p><h2>6\/ Liens hypertextes<\/h2><p><!-- \/wp:heading --><\/p><p><!-- wp:paragraph --><\/p><p>Le site est susceptible de diriger l\u2019utilisateur via des liens hypertextes vers d\u2019autres sites internet du m\u00eame Editeur ou de tiers.<\/p><p><!-- \/wp:paragraph --><\/p><p><!-- wp:paragraph --><\/p><p>Il appartient \u00e0 l\u2019utilisateur de consulter les mentions l\u00e9gales de ces sites et de respecter leurs \u00e9ventuelles conditions d\u2019utilisation.<\/p><p><!-- \/wp:paragraph --><\/p><p><!-- wp:paragraph --><\/p><p>L\u2019Editeur ne pourra en aucun cas \u00eatre tenu pour responsable des informations diffus\u00e9es sur les sites avec lesquels des liens hypertextes auront \u00e9t\u00e9 install\u00e9s ainsi que de tous pr\u00e9judices de quelque nature que ce soit r\u00e9sultant notamment de leur acc\u00e8s.<\/p><p><!-- \/wp:paragraph --><\/p><p><!-- wp:paragraph --><\/p><p>Si une personne dirige ses utilisateurs vers le pr\u00e9sent site internet, l\u2019Editeur se r\u00e9serve la possibilit\u00e9 de demander la suppression du lien hypertexte pointant vers ce site s\u2019il estime que ce lien n\u2019est pas conforme \u00e0 ses droits et int\u00e9r\u00eats l\u00e9gitimes.<\/p>","protected":false},"excerpt":{"rendered":"<p>1\/ Editeur du site www.www.activup.net ActivUP France ActivUP, SAS au capital de 5122\u20acRCS de Thonon-les-bains : 812 103 323 00018Si\u00e8ge social :125 route du fer \u00e0 cheval74160 Collonges-sous-Sal\u00e8ve France +33 1 85 08 60 18 contact \/@\/ www.activup.net 2\/ Directeur de publication Monsieur Marc Thouvenin 3\/ H\u00e9bergement Soci\u00e9t\u00e9 OVH SAS au capital de 10 069 [&hellip;]<\/p>\n","protected":false},"author":4,"featured_media":0,"parent":0,"menu_order":0,"comment_status":"closed","ping_status":"closed","template":"","meta":{"_seopress_robots_primary_cat":"","_seopress_titles_title":"","_seopress_titles_desc":"","_seopress_robots_index":"","bwfblock_default_font":"","footnotes":""},"wf_page_folders":[77],"class_list":["post-1142","page","type-page","status-publish","hentry","post-wrapper","thrv_wrapper"],"_links":{"self":[{"href":"https:\/\/activup.net\/fr\/wp-json\/wp\/v2\/pages\/1142","targetHints":{"allow":["GET"]}}],"collection":[{"href":"https:\/\/activup.net\/fr\/wp-json\/wp\/v2\/pages"}],"about":[{"href":"https:\/\/activup.net\/fr\/wp-json\/wp\/v2\/types\/page"}],"author":[{"embeddable":true,"href":"https:\/\/activup.net\/fr\/wp-json\/wp\/v2\/users\/4"}],"replies":[{"embeddable":true,"href":"https:\/\/activup.net\/fr\/wp-json\/wp\/v2\/comments?post=1142"}],"version-history":[{"count":2,"href":"https:\/\/activup.net\/fr\/wp-json\/wp\/v2\/pages\/1142\/revisions"}],"predecessor-version":[{"id":7177,"href":"https:\/\/activup.net\/fr\/wp-json\/wp\/v2\/pages\/1142\/revisions\/7177"}],"wp:attachment":[{"href":"https:\/\/activup.net\/fr\/wp-json\/wp\/v2\/media?parent=1142"}],"wp:term":[{"taxonomy":"wf_page_folders","embeddable":true,"href":"https:\/\/activup.net\/fr\/wp-json\/wp\/v2\/wf_page_folders?post=1142"}],"curies":[{"name":"wp","href":"https:\/\/api.w.org\/{rel}","templated":true}]}}