{"id":11647,"date":"2023-03-19T18:14:00","date_gmt":"2023-03-19T16:14:00","guid":{"rendered":"https:\/\/activupnet.eu2.copilhost.cloud\/?page_id=11647"},"modified":"2023-03-21T15:58:04","modified_gmt":"2023-03-21T13:58:04","slug":"brochure-particuliers-pdcnf","status":"publish","type":"page","link":"https:\/\/activup.net\/fr\/acheter-walking-desk\/brochure-particuliers-pdcnf\/","title":{"rendered":"Brochure \u201cParticuliers\u201d -pdcnf"},"content":{"rendered":"<p style=\"text-align: center;\">\n<h1>T\u00e9l\u00e9charger la brochure du Walking Desk pour les particuliers<\/h1>\n<p>Voil\u00e0, vous y \u00eates presque. Il ne vous reste plus qu&rsquo;\u00e0 t\u00e9l\u00e9charger cette brochure, \u00e0 la lire bien s\u00fbr, et vous pourrez d\u00e9couvrir comment le Walking Desk peut am\u00e9liorer votre sant\u00e9 et votre productivit\u00e9. Tout simplement en marchant \u00e0 son bureau.<\/p>\n<p>__CONFIG_group_edit__{\u00ab\u00a0k7g25n3o\u00a0\u00bb:{\u00ab\u00a0name\u00a0\u00bb:\u00a0\u00bbAll Icon(s)\u00a0\u00bb,\u00a0\u00bbsingular\u00a0\u00bb:\u00a0\u00bb&#8211; Icon %s\u00a0\u00bb},\u00a0\u00bbk7g25s38&Prime;:{\u00ab\u00a0name\u00a0\u00bb:\u00a0\u00bbAll Contact Detail(s)\u00a0\u00bb,\u00a0\u00bbsingular\u00a0\u00bb:\u00a0\u00bb&#8211; Text %s\u00a0\u00bb},\u00a0\u00bbk7g26hhs\u00a0\u00bb:{\u00ab\u00a0name\u00a0\u00bb:\u00a0\u00bbAll Contact Form Input(s)\u00a0\u00bb,\u00a0\u00bbsingular\u00a0\u00bb:\u00a0\u00bb&#8211; Contact Form Input %s\u00a0\u00bb}}__CONFIG_group_edit____CONFIG_local_colors__{\u00ab\u00a0colors\u00a0\u00bb:{\u00ab\u00a0c4549&Prime;:\u00a0\u00bbRoyal Blue\u00a0\u00bb,\u00a0\u00bb56de9&Prime;:\u00a0\u00bbAlabaster\u00a0\u00bb,\u00a0\u00bb6957a\u00a0\u00bb:\u00a0\u00bbBunker\u00a0\u00bb,\u00a0\u00bbae168&Prime;:\u00a0\u00bbRoyal Blue\u00a0\u00bb},\u00a0\u00bbgradients\u00a0\u00bb:{}}__CONFIG_local_colors__    <\/p>\n<h2>Contactez-nous<\/h2>\n<p>Vous souhaitez en savoir plus et m\u00eame tester le Walking Desk dans votre entreprise ou dans notre showroom ?<\/p>\n<p><span><img decoding=\"async\" alt=\"\" data-id=\"571\" width=\"164\" data-init-width=\"300\" height=\"164\" data-init-height=\"300\" title=\"telemarketing-call-center-transparent-600sq\" loading=\"lazy\" src=\"https:\/\/activup.net\/wp-content\/uploads\/2020\/11\/telemarketing-call-center-transparent-600sq-300x300.png\" data-width=\"164\" data-height=\"164\" style=\"\"><\/span>  <\/p>\n<p><strong>Nos showrooms<\/strong> (sur RDV exclusivement)<\/p>\n<p><strong>Paris 17e<\/strong> : 27 rue des Renaudes<\/p>\n<p><strong>Archamps<\/strong> (Haute-Savoie)<\/p>\n<p>Appelez-nous au<\/p>\n<p><span data-attr-id=\"3\" data-extra_key=\"1\" data-option-inline=\"1\" data-shortcode=\"thrive_global_fields\" data-shortcode-name=\"[Company] Phone number\">+33 1 85 08 60 18<\/span><\/p>\n<div class='fluentform ff-default fluentform_wrapper_2 ffs_default_wrap'><form data-form_id=\"2\" id=\"fluentform_2\" class=\"frm-fluent-form fluent_form_2 ff-el-form-top ff_form_instance_2_1 ff-form-loading ff_has_v3_recptcha ffs_default\" data-form_instance=\"ff_form_instance_2_1\" method=\"POST\" data-recptcha_key=\"6LcaRdUkAAAAANwFcx2DAcZt1T8_a1cMrBUIxqXW\" ><fieldset  style=\"border: none!important;margin: 0!important;padding: 0!important;background-color: transparent!important;box-shadow: none!important;outline: none!important; min-inline-size: 100%;\">\n                    <legend class=\"ff_screen_reader_title\" style=\"display: block; margin: 0!important;padding: 0!important;height: 0!important;text-indent: -999999px;width: 0!important;overflow:hidden;\">Contact Form Fr<\/legend><input type='hidden' name='__fluent_form_embded_post_id' value='11647' \/><input type=\"hidden\" id=\"_fluentform_2_fluentformnonce\" name=\"_fluentform_2_fluentformnonce\" value=\"661e06ba93\" \/><input type=\"hidden\" name=\"_wp_http_referer\" value=\"\/fr\/wp-json\/wp\/v2\/pages\/11647\" \/><div class='ff-el-group'><div class=\"ff-el-input--label ff-el-is-required asterisk-right\"><label for='ff_2_email' id='label_ff_2_email' aria-label=\"Email\">Email<\/label><\/div><div class='ff-el-input--content'><input type=\"email\" name=\"email\" id=\"ff_2_email\" class=\"ff-el-form-control\" placeholder=\"Votre adresse email...\" data-name=\"email\"  aria-invalid=\"false\" aria-required=true><\/div><\/div><div data-type=\"name-element\" data-name=\"names\" class=\" ff-field_container ff-name-field-wrapper\" ><div class='ff-t-container'><div class='ff-t-cell '><div class='ff-el-group'><div class=\"ff-el-input--label ff-el-is-required asterisk-right\"><label for='ff_2_names_first_name_' id='label_ff_2_names_first_name_' >Pr\u00e9nom<\/label><\/div><div class='ff-el-input--content'><input type=\"text\" name=\"names[first_name]\" id=\"ff_2_names_first_name_\" class=\"ff-el-form-control\" placeholder=\"Votre pr\u00e9nom...\" aria-invalid=\"false\" aria-required=true><\/div><\/div><\/div><div class='ff-t-cell '><div class='ff-el-group'><div class=\"ff-el-input--label ff-el-is-required asterisk-right\"><label for='ff_2_names_last_name_' id='label_ff_2_names_last_name_' >Nom<\/label><\/div><div class='ff-el-input--content'><input type=\"text\" name=\"names[last_name]\" id=\"ff_2_names_last_name_\" class=\"ff-el-form-control\" placeholder=\"Votre nom de famille...\" aria-invalid=\"false\" aria-required=true><\/div><\/div><\/div><\/div><\/div><div data-name=\"ff_cn_id_1\"  class='ff-t-container ff-column-container ff_columns_total_2 '><div class='ff-t-cell ff-t-column-1' style='flex-basis: 50%;'><div class='ff-el-group'><div class=\"ff-el-input--label asterisk-right\"><label for='ff_2_company' id='label_ff_2_company' aria-label=\"Entreprise\">Entreprise<\/label><\/div><div class='ff-el-input--content'><input type=\"text\" name=\"company\" class=\"ff-el-form-control\" data-name=\"company\" id=\"ff_2_company\"  aria-invalid=\"false\" aria-required=false><\/div><\/div><\/div><div class='ff-t-cell ff-t-column-2' style='flex-basis: 50%;'><div class='ff-el-group'><div class=\"ff-el-input--label asterisk-right\"><label for='ff_2_phone' id='label_ff_2_phone' aria-label=\"Mobile\">Mobile<\/label><\/div><div class='ff-el-input--content'><input name=\"phone\" class=\"ff-el-form-control ff-el-phone\" type=\"tel\" placeholder=\"Votre num\u00e9ro de mobile...\" data-name=\"phone\" id=\"ff_2_phone\" inputmode=\"tel\"  aria-invalid='false' aria-required=false><\/div><\/div><\/div><\/div><div class='ff-el-group'><div class=\"ff-el-input--label ff-el-is-required asterisk-right\"><label for='ff_2_subject' id='label_ff_2_subject' aria-label=\"Votre demande\">Votre demande<\/label><\/div><div class='ff-el-input--content'><input type=\"text\" name=\"subject\" class=\"ff-el-form-control\" placeholder=\"Sujet de votre demande...\" data-name=\"subject\" id=\"ff_2_subject\"  aria-invalid=\"false\" aria-required=true><\/div><\/div><div class='ff-el-group'><div class=\"ff-el-input--label ff-el-is-required asterisk-right\"><label for='ff_2_message' id='label_ff_2_message' aria-label=\"Votre message\">Votre message<\/label><\/div><div class='ff-el-input--content'><textarea aria-required=\"true\" aria-labelledby=\"label_ff_2_message\" name=\"message\" id=\"ff_2_message\" class=\"ff-el-form-control\" placeholder=\"Contenu de votre message...\" rows=\"6\" cols=\"2\" data-name=\"message\" ><\/textarea><\/div><\/div><input type=\"hidden\" name=\"utm_hist\" data-name=\"utm_hist\" ><input type=\"hidden\" name=\"ref_hist\" data-name=\"ref_hist\" ><input type=\"hidden\" name=\"form_name\" value=\"Contact Form\" data-name=\"form_name\" ><input type=\"hidden\" name=\"valid_url\" data-name=\"valid_url\" ><input type=\"hidden\" name=\"submit_url\" value=\"https:\/\/activup.net\/fr\/wp-json\/wp\/v2\/pages\/11647\" data-name=\"submit_url\" ><input type=\"hidden\" name=\"utm_src\" data-name=\"utm_src\" ><input type=\"hidden\" name=\"utm_cpn\" data-name=\"utm_cpn\" ><input type=\"hidden\" name=\"utm_mdm\" data-name=\"utm_mdm\" ><input type=\"hidden\" name=\"utm_cnt\" data-name=\"utm_cnt\" ><input type=\"hidden\" name=\"utm_trm\" data-name=\"utm_trm\" ><input type=\"hidden\" name=\"clid\" data-name=\"clid\" ><input type=\"hidden\" name=\"hubspotutk\" data-name=\"hubspotutk\" ><input type=\"hidden\" name=\"submit_urls\" value=\"https:\/\/activup.net\/fr\/wp-json\/wp\/v2\/pages\/11647\" data-name=\"submit_urls\" ><div class='ff-el-group ff-text-left ff_submit_btn_wrapper'><button type=\"submit\" class=\"ff-btn ff-btn-submit ff-btn-md ff_btn_style\"  aria-label=\"Envoyez la demande\">Envoyez la demande<\/button><\/div><\/fieldset><\/form><div id='fluentform_2_errors' class='ff-errors-in-stack ff_form_instance_2_1 ff-form-loading_errors ff_form_instance_2_1_errors'><\/div><\/div>            <script type=\"text\/javascript\">\n                window.fluent_form_ff_form_instance_2_1 = {\"id\":\"2\",\"settings\":{\"layout\":{\"labelPlacement\":\"top\",\"helpMessagePlacement\":\"with_label\",\"errorMessagePlacement\":\"inline\",\"cssClassName\":\"\",\"asteriskPlacement\":\"asterisk-right\"},\"restrictions\":{\"denyEmptySubmission\":{\"enabled\":false}}},\"form_instance\":\"ff_form_instance_2_1\",\"form_id_selector\":\"fluentform_2\",\"rules\":{\"email\":{\"required\":{\"value\":true,\"message\":\"Ce champ est obligatoire\"},\"email\":{\"value\":true,\"message\":\"Ce champ doit \\u00eatre une adresse email valide\"}},\"names[first_name]\":{\"required\":{\"value\":true,\"message\":\"Ce champ est obligatoire\"}},\"names[middle_name]\":{\"required\":{\"value\":false,\"message\":\"This field is required\"}},\"names[last_name]\":{\"required\":{\"value\":true,\"message\":\"Ce champ est obligatoire\"}},\"company\":{\"required\":{\"value\":false,\"message\":\"Ce champ est obligatoire\"}},\"phone\":{\"required\":{\"value\":false,\"message\":\"Ce champ est requis\"},\"valid_phone_number\":{\"value\":false,\"message\":\"Le num\\u00e9ro de t\\u00e9l\\u00e9phone n'est pas valide\"}},\"subject\":{\"required\":{\"value\":true,\"message\":\"Ce champ est obligatoire\"}},\"message\":{\"required\":{\"value\":true,\"message\":\"Ce champ est obligatoire\"}},\"g-recaptcha-response\":[]},\"debounce_time\":300};\n                            <\/script>\n            \n","protected":false},"excerpt":{"rendered":"<p>T\u00e9l\u00e9charger la brochure du Walking Desk pour les particuliers Voil\u00e0, vous y \u00eates presque. Il ne vous reste plus qu&rsquo;\u00e0 t\u00e9l\u00e9charger cette brochure, \u00e0 la lire bien s\u00fbr, et vous pourrez d\u00e9couvrir comment le Walking Desk peut am\u00e9liorer votre sant\u00e9 et votre productivit\u00e9. Tout simplement en marchant \u00e0 son bureau. __CONFIG_group_edit__{\u00ab\u00a0k7g25n3o\u00a0\u00bb:{\u00ab\u00a0name\u00a0\u00bb:\u00a0\u00bbAll Icon(s)\u00a0\u00bb,\u00a0\u00bbsingular\u00a0\u00bb:\u00a0\u00bb&#8211; Icon %s\u00a0\u00bb},\u00a0\u00bbk7g25s38&Prime;:{\u00ab\u00a0name\u00a0\u00bb:\u00a0\u00bbAll Contact [&hellip;]<\/p>\n","protected":false},"author":4,"featured_media":0,"parent":424,"menu_order":0,"comment_status":"closed","ping_status":"closed","template":"","meta":{"_seopress_robots_primary_cat":"","_seopress_titles_title":"T\u00e9l\u00e9chargez votre brochure \u201cWalking Desk pour les particuliers\u201d","_seopress_titles_desc":"","_seopress_robots_index":"yes","bwfblock_default_font":"","footnotes":""},"wf_page_folders":[170],"class_list":["post-11647","page","type-page","status-publish","hentry","post-wrapper","thrv_wrapper"],"_links":{"self":[{"href":"https:\/\/activup.net\/fr\/wp-json\/wp\/v2\/pages\/11647","targetHints":{"allow":["GET"]}}],"collection":[{"href":"https:\/\/activup.net\/fr\/wp-json\/wp\/v2\/pages"}],"about":[{"href":"https:\/\/activup.net\/fr\/wp-json\/wp\/v2\/types\/page"}],"author":[{"embeddable":true,"href":"https:\/\/activup.net\/fr\/wp-json\/wp\/v2\/users\/4"}],"replies":[{"embeddable":true,"href":"https:\/\/activup.net\/fr\/wp-json\/wp\/v2\/comments?post=11647"}],"version-history":[{"count":4,"href":"https:\/\/activup.net\/fr\/wp-json\/wp\/v2\/pages\/11647\/revisions"}],"predecessor-version":[{"id":11768,"href":"https:\/\/activup.net\/fr\/wp-json\/wp\/v2\/pages\/11647\/revisions\/11768"}],"up":[{"embeddable":true,"href":"https:\/\/activup.net\/fr\/wp-json\/wp\/v2\/pages\/424"}],"wp:attachment":[{"href":"https:\/\/activup.net\/fr\/wp-json\/wp\/v2\/media?parent=11647"}],"wp:term":[{"taxonomy":"wf_page_folders","embeddable":true,"href":"https:\/\/activup.net\/fr\/wp-json\/wp\/v2\/wf_page_folders?post=11647"}],"curies":[{"name":"wp","href":"https:\/\/api.w.org\/{rel}","templated":true}]}}