{"id":1172,"date":"2021-01-15T12:44:23","date_gmt":"2021-01-15T10:44:23","guid":{"rendered":"https:\/\/activupnet.eu2.copilhost.cloud\/?page_id=1172"},"modified":"2023-06-19T16:53:09","modified_gmt":"2023-06-19T14:53:09","slug":"replay","status":"publish","type":"page","link":"https:\/\/activup.net\/fr\/webinaires\/maigriraubureau-dirigeants\/replay\/","title":{"rendered":"Webinaire \u00ab\u00a0Maigrir au bureau\u00a0\u00bb Replay-lp"},"content":{"rendered":"<p style=\"text-align: left;\">\u00ab Pas le temps de faire du sport ? perdez du poids en marchant au bureau \u00bb<\/p>\n<h2 style=\"\"><strong>Replay du Webinaire<\/strong><\/h2>\n<h2 style=\"\">\u00ab Maigrir au bureau,<\/h2>\n<h2 style=\"\">sans r\u00e9gime ni sport \u00bb<\/h2>\n<h2 style=\"\">La strat\u00e9gie de A \u00e0 Z pour les dirigeants en surpoids<\/h2>\n<ul>\n<li><span style=\"\">Votre surpoids envol\u00e9<\/span><\/li>\n<\/ul>\n<ul>\n<li><span style=\"\">Votre Energie retrouv\u00e9e<\/span><\/li>\n<\/ul>\n<ul>\n<li><span style=\"\"><span style=\"\">VOTRE<\/span> efficacit\u00e9 d\u00e9cupl\u00e9e<\/span><\/li>\n<\/ul>\n<h2 style=\"text-align: center;\">Ce que vous allez apprendre dans ce webinaire<\/h2>\n<h3 style=\"text-align: center;\">Pourquoi on prend du poids malgr\u00e9 nous<\/h3>\n<p style=\"text-align: justify;\">La science nous explique les raisons du surpoids et comment les contourner, quand on est un dirigeant en surpoids tr\u00e8s occup\u00e9.<\/p>\n<h3 style=\"text-align: center;\">Maigrir sans y penser, ni consacrer du temps<\/h3>\n<p style=\"text-align: justify;\">Oui, vous pouvez vivre une vie saine, m\u00eame avec beaucoup de contraintes et un agenda tr\u00e8s charg\u00e9. Marc Thouvenin vous l&rsquo;explique.<\/p>\n<h3>Ce que cela va changer dans votre entreprise<\/h3>\n<p>Evacuez votre surpoids, et vous allez sur-performer. Votre entreprise aussi. Et vous allez certainement votre entourage \u00e0 faire de m\u00eame !<\/p>\n<p><span><img decoding=\"async\" alt=\"\" data-id=\"1194\" width=\"247\" data-init-width=\"404\" height=\"247\" data-init-height=\"404\" title=\"MarcThouvenin-200portraits-sqh-tr\" loading=\"lazy\" src=\"https:\/\/activup.net\/wp-content\/uploads\/2021\/01\/MarcThouvenin-200portraits-sqh-tr.png\" data-width=\"247\" data-height=\"247\" style=\"\"><\/span><\/p>\n<h2><strong>\u00ab J&rsquo;ai perdu 14kg, sans r\u00e9gime ni sport !Et je ne les ai jamais repris. \u00bb<\/strong><\/h2>\n<h2>Marc Thouveninfondateur d&rsquo;ActivUP<\/h2>\n<h2 style=\"text-align: center;\">Une transformation spectaculaire et durable<\/h2>\n<h3 style=\"text-align: center;\">Pourquoi on prend du poids malgr\u00e9 nous<\/h3>\n<p><span><img decoding=\"async\" alt=\"\" data-id=\"1195\" width=\"300\" data-init-width=\"300\" height=\"200\" data-init-height=\"200\" title=\"20190813-2-IMG_5195-900x600-zoom\" src=\"https:\/\/activup.net\/wp-content\/uploads\/2021\/01\/20190813-2-IMG_5195-900x600-zoom-300x200.jpg\" data-width=\"300\" data-height=\"200\" loading=\"lazy\"><\/span><\/p>\n<p style=\"text-align: justify;\">Gr\u00e2ce au Walking Desk, vous pouvez marcher plusieurs heures par jour, sans y penser. Pendant que vous travaillez. Lentement mais surement.<\/p>\n<h3 style=\"text-align: center;\">Maigrir sans y penser, ni consacrer du temps<\/h3>\n<p><span><img decoding=\"async\" alt=\"\" data-id=\"1196\" width=\"300\" data-init-width=\"300\" height=\"200\" data-init-height=\"200\" title=\"CourbePoids-Retouchee-450x300\" src=\"https:\/\/activup.net\/wp-content\/uploads\/2021\/01\/CourbePoids-Retouchee-450x300-1-300x200.png\" data-width=\"300\" data-height=\"200\" loading=\"lazy\"><\/span><\/p>\n<p style=\"text-align: justify;\">12kg perdus en 2 ans, sans r\u00e9gime ni sport. Puis baisse constante du poids depuis 4 ans. La majorit\u00e9 du poids a \u00e9t\u00e9 perdue en seulement 2 ans.<\/p>\n<h3>Ce que cela va changer dans votre entreprise<\/h3>\n<p><span><img decoding=\"async\" alt=\"\" data-id=\"1197\" width=\"300\" data-init-width=\"300\" height=\"200\" data-init-height=\"200\" title=\"grimpe-Arkose-20190616-450x300\" src=\"https:\/\/activup.net\/wp-content\/uploads\/2021\/01\/grimpe-Arkose-20190616-450x300-1-300x200.jpg\" data-width=\"300\" data-height=\"200\" loading=\"lazy\"><\/span><\/p>\n<p>Sans surpoids, sentez-vous \u00e9lanc\u00e9, beau et performant. Marc Thouvenin a repris la grimpe en 2018, photo ci-dessus en 2019.<\/p>\n<h2 style=\"\">\u00ab On n&rsquo;a qu&rsquo;une Vie&#8230;On ne devrait pas avoir \u00e0 choisir entre sa sant\u00e9 et sa performance business ! \u00bb<\/h2>\n<p><span><img decoding=\"async\" alt=\"\" data-id=\"1200\" width=\"331\" data-init-width=\"600\" height=\"186\" data-init-height=\"338\" title=\"TV-BFM-20190402-MarcSolo-600\" src=\"https:\/\/activup.net\/wp-content\/uploads\/2021\/01\/TV-BFM-20190402-MarcSolo-600.jpg\" data-width=\"331\" data-height=\"186\" style=\"\" loading=\"lazy\"><\/span><\/p>\n<h2>En savoir plus sur Marc Thouvenin<\/h2>\n<p>Entrepreneur et coach minceur pour dirigeants actifs. Moi-m\u00eame ancien dirigeant s\u00e9dentaire en surpoids, j&rsquo;ai cr\u00e9\u00e9 la m\u00e9thode Maigrir au bureau, sans r\u00e9gime ni sport. Elle m&rsquo;a permis de perdre 14kg et j&rsquo;ai gard\u00e9 un poids de forme stable depuis 5 ans (67-68kg pour 1m80). Ma solution a \u00e9t\u00e9 pr\u00e9sent\u00e9e 22 fois \u00e0 la TV, dont 2 interviews en direct. 3 \u00e9quipes de chercheurs en France utilisent nos produits et ont \u00e9tudi\u00e9 les bienfaits de la marche au bureau.Ma vie a, en effet, chang\u00e9 en 2013 quand je suis devenu un travailleur marcheur.<\/p>\n<p><strong>D\u00e9couvrez ma <span style=\"text-decoration: underline;\">strat\u00e9gie compl\u00e8te de A \u00e0 Z<\/span> dans ce W\u00e9binaire.<\/strong><\/p>\n<h2 style=\"\"><strong>Voir le replay du webinaire<\/strong><\/h2>\n<p>Ce webinaire est pour vous si vous \u00eates un dirigeant en surpoids, qui r\u00e9ussit dans son business et qui veut perdre du poids sans r\u00e9gime ni sport pendant qu&rsquo;il travaille.Vous y apprendrez notamment :<\/p>\n<ul>\n<li><span style=\"\">Pourquoi on prend du poids malgr\u00e9 nous<\/span><\/li>\n<li><span style=\"\">Comment maigrir sans y penser<\/span><\/li>\n<li><span style=\"\">Ce que cela va changer dans votre entreprise<\/span><\/li>\n<\/ul>\n<p><span><img decoding=\"async\" alt=\"\" data-id=\"1151\" width=\"500\" data-init-width=\"300\" height=\"282\" data-init-height=\"169\" title=\"Webinaire-18092020-cover-player\" src=\"https:\/\/activup.net\/wp-content\/uploads\/2021\/01\/Webinaire-18092020-cover-player-300x169.png\" data-width=\"500\" data-height=\"282\" style=\"\" loading=\"lazy\"><\/span><\/p>\n","protected":false},"excerpt":{"rendered":"<p>\u00ab Pas le temps de faire du sport ? perdez du poids en marchant au bureau \u00bb Replay du Webinaire \u00ab Maigrir au bureau, sans r\u00e9gime ni sport \u00bb La strat\u00e9gie de A \u00e0 Z pour les dirigeants en surpoids Votre surpoids envol\u00e9 Votre Energie retrouv\u00e9e VOTRE efficacit\u00e9 d\u00e9cupl\u00e9e Ce que vous allez apprendre dans [&hellip;]<\/p>\n","protected":false},"author":4,"featured_media":0,"parent":14086,"menu_order":0,"comment_status":"closed","ping_status":"closed","template":"","meta":{"_seopress_robots_primary_cat":"","_seopress_titles_title":"Replay du Webinaire \u00ab\u00a0Maigrir au bureau\u00a0\u00bb sp\u00e9cial Dirigeants","_seopress_titles_desc":"","_seopress_robots_index":"","bwfblock_default_font":"","footnotes":""},"wf_page_folders":[133],"class_list":["post-1172","page","type-page","status-publish","hentry","post-wrapper","thrv_wrapper"],"_links":{"self":[{"href":"https:\/\/activup.net\/fr\/wp-json\/wp\/v2\/pages\/1172","targetHints":{"allow":["GET"]}}],"collection":[{"href":"https:\/\/activup.net\/fr\/wp-json\/wp\/v2\/pages"}],"about":[{"href":"https:\/\/activup.net\/fr\/wp-json\/wp\/v2\/types\/page"}],"author":[{"embeddable":true,"href":"https:\/\/activup.net\/fr\/wp-json\/wp\/v2\/users\/4"}],"replies":[{"embeddable":true,"href":"https:\/\/activup.net\/fr\/wp-json\/wp\/v2\/comments?post=1172"}],"version-history":[{"count":26,"href":"https:\/\/activup.net\/fr\/wp-json\/wp\/v2\/pages\/1172\/revisions"}],"predecessor-version":[{"id":14394,"href":"https:\/\/activup.net\/fr\/wp-json\/wp\/v2\/pages\/1172\/revisions\/14394"}],"up":[{"embeddable":true,"href":"https:\/\/activup.net\/fr\/wp-json\/wp\/v2\/pages\/14086"}],"wp:attachment":[{"href":"https:\/\/activup.net\/fr\/wp-json\/wp\/v2\/media?parent=1172"}],"wp:term":[{"taxonomy":"wf_page_folders","embeddable":true,"href":"https:\/\/activup.net\/fr\/wp-json\/wp\/v2\/wf_page_folders?post=1172"}],"curies":[{"name":"wp","href":"https:\/\/api.w.org\/{rel}","templated":true}]}}