{"id":1244,"date":"2021-03-08T11:50:34","date_gmt":"2021-03-08T09:50:34","guid":{"rendered":"https:\/\/activupnet.eu2.copilhost.cloud\/fr\/clone-of-marcher-pour-soigner-les-maladies-chroniques\/"},"modified":"2024-05-04T02:33:14","modified_gmt":"2024-05-04T00:33:14","slug":"qvt-qualite-vie-travail-walking-desk","status":"publish","type":"page","link":"https:\/\/activup.net\/fr\/qvt-qualite-vie-travail-walking-desk\/","title":{"rendered":"Qualit\u00e9 de Vie au Travail (QVT) par l&#8217;activit\u00e9 physique au bureau sur Walking Desk"},"content":{"rendered":"<h1 id=\"t-1596955757025\" style=\"text-align: center;\">Qualit\u00e9 de vie au travail<\/h1>\n<p style=\"text-align: center;\">Booster la QVT et la productivit\u00e9 en marchant au bureau<\/p>\n<p style=\"text-align: center;\">L&rsquo;activit\u00e9 physique au bureau am\u00e9liore le bien-\u00eatre et r\u00e9duit l&rsquo;absent\u00e9isme. On se sent mieux et on travaille mieux.<\/p>\n<p id=\"t-1596955757026\" style=\"text-align: left; color: var(--tcb-skin-color-2)  !important; --tcb-applied-color:var$(--tcb-skin-color-2)  !important;\">Le Walking Desk est un <strong>bureau \u00e9quip\u00e9 d&rsquo;un tapis de marche<\/strong>, qui permet de travailler en marchant. <strong><span style=\"text-decoration: underline;\">Regardez la vid\u00e9o ci-dessus pour comprendre<\/span><\/strong> les b\u00e9n\u00e9fices que la marche au bureau peut apporter \u00e0 votre entreprise. Et comment convaincre vos coll\u00e8gues.<\/p>\n<h2>Que se passera-t&rsquo;il si vos \u00e9quipes marchent plus ?<\/h2>\n<p><span><img decoding=\"async\" alt=\"\" data-id=\"294\" width=\"60\" data-init-width=\"256\" height=\"60\" data-init-height=\"256\" title=\"weightloss-2622022\" src=\"https:\/\/activup.net\/wp-content\/uploads\/2020\/05\/weightloss-2622022.png\" data-width=\"60\" data-height=\"60\" style=\"aspect-ratio: auto 256 \/ 256;\" loading=\"lazy\"><\/span><\/p>\n<h3 id=\"t-1596955757027\" style=\"text-align: center;\">Perte de poids<\/h3>\n<p><span><img decoding=\"async\" alt=\"\" data-id=\"144\" width=\"60\" data-init-width=\"512\" height=\"60\" data-init-height=\"512\" title=\"yoga-512\" src=\"https:\/\/activup.net\/wp-content\/uploads\/2020\/05\/yoga-512.png\" data-width=\"60\" data-height=\"60\" style=\"aspect-ratio: auto 512 \/ 512;\" loading=\"lazy\"><\/span><\/p>\n<h3 id=\"t-1596955757028\" style=\"text-align: center;\">Moins de stress<\/h3>\n<p><span><img decoding=\"async\" alt=\"\" data-id=\"141\" width=\"60\" data-init-width=\"512\" height=\"60\" data-init-height=\"512\" title=\"back-pain-1683154\" src=\"https:\/\/activup.net\/wp-content\/uploads\/2020\/05\/back-pain-1683154.png\" data-width=\"60\" data-height=\"60\" style=\"aspect-ratio: auto 512 \/ 512;\" loading=\"lazy\"><\/span><\/p>\n<h3 id=\"t-1596955757029\" style=\"text-align: center;\">Plus mal au dos<\/h3>\n<p><span><img decoding=\"async\" alt=\"\" data-id=\"149\" width=\"60\" data-init-width=\"150\" height=\"60\" data-init-height=\"150\" title=\"superhero-150x150\" src=\"https:\/\/activup.net\/wp-content\/uploads\/2020\/05\/superhero-150x150-1.png\" data-width=\"60\" data-height=\"60\" style=\"aspect-ratio: auto 150 \/ 150;\" loading=\"lazy\"><\/span><\/p>\n<h3 id=\"t-1596955757027\" style=\"text-align: center;\">Toujours en forme<\/h3>\n<p><span><img decoding=\"async\" alt=\"\" data-id=\"147\" width=\"60\" data-init-width=\"128\" height=\"60\" data-init-height=\"128\" title=\"time-256\" src=\"https:\/\/activup.net\/wp-content\/uploads\/2020\/05\/time-256.png\" data-width=\"60\" data-height=\"60\" style=\"aspect-ratio: auto 128 \/ 128;\" loading=\"lazy\"><\/span><\/p>\n<h3 id=\"t-1596955757028\" style=\"text-align: center;\">Plus cr\u00e9atifs<\/h3>\n<h3 id=\"t-1596955757029\" style=\"text-align: center;\">Autres bienfaits : Moins malade <\/h3>\n<h3 style=\"text-align: center;\">Vivre plus vieux<\/h3>\n<p>Ob\u00e9sit\u00e9<\/p>\n<h2>Vos collaborateurs vont perdre du poids<\/h2>\n<p>41% des employ\u00e9s sont en surpoids : Marcher double la d\u00e9pense \u00e9nerg\u00e9tique et redonne le go\u00fbt \u00e0 l&rsquo;activit\u00e9 physique.<\/p>\n<p>\u00ab Le regard des autres va changer \u00bb<\/p>\n<p><span><img decoding=\"async\" alt=\"\" data-id=\"209\" width=\"400\" data-init-width=\"600\" height=\"300\" data-init-height=\"450\" title=\"balance-connectee-h\" src=\"https:\/\/activup.net\/wp-content\/uploads\/2020\/05\/balance-connectee-h.jpg\" data-width=\"400\" data-height=\"300\" style=\"aspect-ratio: auto 600 \/ 450;\" loading=\"lazy\"><\/span><\/p>\n<p>Stress<\/p>\n<h2>Ils seront moins sensibles au stress<\/h2>\n<p><span><img decoding=\"async\" alt=\"\" data-id=\"1250\" width=\"400\" data-init-width=\"600\" height=\"300\" data-init-height=\"450\" title=\"less-stress-600x450\" src=\"https:\/\/activup.net\/wp-content\/uploads\/2021\/03\/less-stress-600x450-1.jpg\" data-width=\"400\" data-height=\"300\" style=\"aspect-ratio: auto 600 \/ 450;\" loading=\"lazy\"><\/span><\/p>\n<p style=\"text-align: justify;\">58% des employ\u00e9s sont stress\u00e9s : Marcher permet de multiplier par cinq la s\u00e9cr\u00e9tion d&rsquo;endorphine, l&rsquo;hormone du bonheur.<\/p>\n<p>\u00ab Marcher va soulager leur stress \u00bb<\/p>\n<p>Mal de dos<\/p>\n<h2>Vos coll\u00e8gues auront moins mal au dos<\/h2>\n<p style=\"text-align: justify;\"><span style=\"text-decoration: underline;\">42% des employ\u00e9s ont mal au dos<\/span> : Marcher am\u00e9liore la posture et muscle le dos. L&rsquo;assurance maladie recommande d&rsquo;ailleurs de marcher.<\/p>\n<p>\u00ab Leur dos va maudire leur chaise \u00bb<\/p>\n<p><span><img decoding=\"async\" alt=\"\" data-id=\"204\" width=\"400\" data-init-width=\"600\" height=\"300\" data-init-height=\"450\" title=\"dos-ressort-multicolore\" src=\"https:\/\/activup.net\/wp-content\/uploads\/2020\/05\/dos-ressort-multicolore.jpg\" data-width=\"400\" data-height=\"300\" style=\"aspect-ratio: auto 600 \/ 450;\" loading=\"lazy\"><\/span><\/p>\n<p>En meilleure forme et plus pr\u00e9sent<\/p>\n<h2>Vous augmenterez la productivit\u00e9 de l&rsquo;\u00e9quipe<\/h2>\n<p><span><img decoding=\"async\" alt=\"\" data-id=\"1249\" width=\"400\" data-init-width=\"600\" height=\"300\" data-init-height=\"450\" title=\"productivity-drawing-600x450\" src=\"https:\/\/activup.net\/wp-content\/uploads\/2021\/03\/productivity-drawing-600x450-1.jpg\" data-width=\"400\" data-height=\"300\" style=\"aspect-ratio: auto 600 \/ 450;\" loading=\"lazy\"><\/span><\/p>\n<p style=\"text-align: justify;\">Ils vont gagner du temps et \u00eatre moins malade : L&rsquo;activit\u00e9 physique l\u00e9g\u00e8re au bureau leur permet de gagner le temps normalement d\u00e9di\u00e9 au sport. Les personnes actives sont beaucoup moins malades. Selon une \u00e9tude du comit\u00e9 olympique, la marche permet de gagner 3 semaines par an de productivit\u00e9 (6% de productivit\u00e9 en moyenne)<\/p>\n<p>\u00ab Ils seront toujours en forme et disponibles \u00bb<\/p>\n<p>Performance<\/p>\n<h2>Vous allez am\u00e9liorer votre performance de l&rsquo;entreprise<\/h2>\n<p style=\"text-align: justify;\">L&rsquo;activit\u00e9 physique booste les capacit\u00e9s cognitives : La cr\u00e9ativit\u00e9 et la m\u00e9moire augmentent gr\u00e2ce \u00e0 la marche. Le surcroit d&rsquo;\u00e9nergie va maintenir plus longtemps la concentration de vos \u00e9quipes.<\/p>\n<p>\u00ab Vous serez surpris par votre nouvelle cr\u00e9ativit\u00e9 \u00bb<\/p>\n<p><span><img decoding=\"async\" alt=\"\" data-id=\"1251\" width=\"400\" data-init-width=\"600\" height=\"300\" data-init-height=\"450\" title=\"business-performance-whitebg-600x450\" src=\"https:\/\/activup.net\/wp-content\/uploads\/2021\/03\/business-performance-whitebg-600x450-1.jpg\" data-width=\"400\" data-height=\"300\" loading=\"lazy\" style=\"aspect-ratio: auto 600 \/ 450;\"><\/span><\/p>\n<p>Long\u00e9vit\u00e9<\/p>\n<h2>Vos employ\u00e9s vont gagner 3 \u00e0 9 ans d&rsquo;esp\u00e9rance de vie<\/h2>\n<p><span><img decoding=\"async\" alt=\"\" data-id=\"1248\" width=\"400\" data-init-width=\"600\" height=\"300\" data-init-height=\"450\" title=\"longevity-diet-600x450\" src=\"https:\/\/activup.net\/wp-content\/uploads\/2021\/03\/longevity-diet-600x450-1.jpg\" data-width=\"400\" data-height=\"300\" style=\"aspect-ratio: auto 600 \/ 450;\" loading=\"lazy\"><\/span><\/p>\n<p>Bouger permet de ralentir le vieillissement naturel : Les personnes qui pratiquent une activit\u00e9 physique quotidienne peuvent gagner jusqu&rsquo;\u00e0 9 ans d&rsquo;esp\u00e9rance de vie, et cela r\u00e9duit de 40% le risque de maladies cardiovasculaires, de diab\u00e8te et de cancer.<\/p>\n<p>\u00ab Offrir 9 ans de vie en + \u00e0 vos employ\u00e9s, \u00e7a vous dirait ? \u00bb<\/p>\n<h2 style=\"text-align: center;\"><strong> ActivUP, la r\u00e9f\u00e9rence du Walking Desk<\/strong><\/h2>\n<h3 style=\"text-align: center;\"><span style=\"\">Plus de 300 clients<\/span><\/h3>\n<p><span><img decoding=\"async\" alt=\"\" data-id=\"175\" width=\"350\" data-init-width=\"640\" height=\"197\" data-init-height=\"360\" title=\"references-clients-ActivUP-2020-640x360-1\" loading=\"lazy\" src=\"https:\/\/activup.net\/wp-content\/uploads\/2020\/05\/references-clients-ActivUP-2020-640x360-1.jpg\" data-width=\"350\" data-height=\"197\" style=\"\"><\/span><\/p>\n<h3 style=\"text-align: center;\">23 passages TV<\/h3>\n<p><span><a href=\"https:\/\/activup.net\/fr\/presse\/\" data-shortcode-id=\"27\" data-dynamic-link=\"thrive_global_fields_url\"><img decoding=\"async\" alt=\"\" data-id=\"176\" width=\"339\" data-init-width=\"640\" height=\"191\" data-init-height=\"360\" title=\"retombees-presse-640x360-1\" loading=\"lazy\" src=\"https:\/\/activup.net\/wp-content\/uploads\/2020\/05\/retombees-presse-640x360-1.jpg\" data-width=\"339\" data-height=\"191\" data-link-wrap=\"true\"><\/a><\/span><\/p>\n<h3 style=\"text-align: center;\">Une solution prim\u00e9e<\/h3>\n<p><span><a href=\"https:\/\/activup.net\/fr\/distinctions\/\" data-shortcode-id=\"28\" data-dynamic-link=\"thrive_global_fields_url\"><img decoding=\"async\" alt=\"\" data-id=\"174\" width=\"339\" data-init-width=\"640\" height=\"191\" data-init-height=\"360\" title=\"infographie-trophee-640x360\" loading=\"lazy\" src=\"https:\/\/activup.net\/wp-content\/uploads\/2020\/05\/infographie-trophee-640x360-1.jpg\" data-width=\"339\" data-height=\"191\" data-link-wrap=\"true\"><\/a><\/span> <\/p>\n<h2>Pl\u00e9biscit\u00e9e par les scientifiques<\/h2>\n<p>Au congr\u00e8s m\u00e9dical de Vichy en janvier 2019, les conf\u00e9renciers marchent sur un Walking Desk ActivUP pendant leur pr\u00e9sentation<\/p>\n<p style=\"text-align: center;\">T\u00e9moignages<\/p>\n<h2 style=\"text-align: center;\">Ce que nos clients heureux pensent de nous<\/h2>\n<p>Tous les jours, je suis heureux d&rsquo;avoir d\u00e9couvert le walking desk. 12km de r\u00e9unions par jour et une p\u00eache d&rsquo;enfer ! D\u00e9j\u00e0 8kg perdus, rien qu&rsquo;en marchant.<\/p>\n<h4>Julien Coulon<\/h4>\n<p>DIrecteur g\u00e9n\u00e9ral<\/p>\n<p>Quand on s&rsquo;installe sur le Walking Desk, le plus \u00e9tonnant, c\u2019est qu\u2019on oublie totalement que l\u2019on marche, on est plus concentr\u00e9 sur le travail.<\/p>\n<h4>Arnaud V\u00e9rin&nbsp;<\/h4>\n<p>Entrepreneur<\/p>\n<p>Je marche chaque jour au moins 3 km sur mon Walking Desk ActivUP et je brule pr\u00e8s de 300 calories.<\/p>\n<p>Je ressens les b\u00e9n\u00e9fices sur ma silhouette.<\/p>\n<h4>Pascale Breton<\/h4>\n<p>Dirigeante<\/p>\n<p> __CONFIG_colors_palette__{\u00ab\u00a0active_palette\u00a0\u00bb:0,\u00a0\u00bbconfig\u00a0\u00bb:{\u00ab\u00a0colors\u00a0\u00bb:{\u00ab\u00a062516\u00a0\u00bb:{\u00ab\u00a0name\u00a0\u00bb:\u00a0\u00bbMain Accent\u00a0\u00bb,\u00a0\u00bbparent\u00a0\u00bb:-1}},\u00a0\u00bbgradients\u00a0\u00bb:[]},\u00a0\u00bbpalettes\u00a0\u00bb:[{\u00ab\u00a0name\u00a0\u00bb:\u00a0\u00bbDefault Palette\u00a0\u00bb,\u00a0\u00bbvalue\u00a0\u00bb:{\u00ab\u00a0colors\u00a0\u00bb:{\u00ab\u00a062516\u00a0\u00bb:{\u00ab\u00a0val\u00a0\u00bb:\u00a0\u00bbrgb(76, 168, 71)\u00a0\u00bb,\u00a0\u00bbhsl\u00a0\u00bb:{\u00ab\u00a0h\u00a0\u00bb:116,\u00a0\u00bbs\u00a0\u00bb:0.41,\u00a0\u00bbl\u00a0\u00bb:0.47}}},\u00a0\u00bbgradients\u00a0\u00bb:[]}}]}__CONFIG_colors_palette__ <a href=\"https:\/\/activup.net\/fr\/temoignages-walking-desk\/\" data-shortcode-id=\"45\" data-dynamic-link=\"thrive_global_fields_url\"><span>  <\/span> <span style=\"\"><span style=\"\">VOIR LES T\u00e9moignages<\/span><\/span> <\/a>  __CONFIG_group_edit__{\u00ab\u00a0k7g25n3o\u00a0\u00bb:{\u00ab\u00a0name\u00a0\u00bb:\u00a0\u00bbAll Icon(s)\u00a0\u00bb,\u00a0\u00bbsingular\u00a0\u00bb:\u00a0\u00bb&#8211; Icon %s\u00a0\u00bb},\u00a0\u00bbk7g25s38&Prime;:{\u00ab\u00a0name\u00a0\u00bb:\u00a0\u00bbAll Contact Detail(s)\u00a0\u00bb,\u00a0\u00bbsingular\u00a0\u00bb:\u00a0\u00bb&#8211; Text %s\u00a0\u00bb},\u00a0\u00bbk7g26hhs\u00a0\u00bb:{\u00ab\u00a0name\u00a0\u00bb:\u00a0\u00bbAll Contact Form Input(s)\u00a0\u00bb,\u00a0\u00bbsingular\u00a0\u00bb:\u00a0\u00bb&#8211; Contact Form Input %s\u00a0\u00bb}}__CONFIG_group_edit____CONFIG_local_colors__{\u00ab\u00a0colors\u00a0\u00bb:{\u00ab\u00a0c4549&Prime;:\u00a0\u00bbRoyal Blue\u00a0\u00bb,\u00a0\u00bb56de9&Prime;:\u00a0\u00bbAlabaster\u00a0\u00bb,\u00a0\u00bb6957a\u00a0\u00bb:\u00a0\u00bbBunker\u00a0\u00bb,\u00a0\u00bbae168&Prime;:\u00a0\u00bbRoyal Blue\u00a0\u00bb},\u00a0\u00bbgradients\u00a0\u00bb:{}}__CONFIG_local_colors__    <\/p>\n<h2>Contactez-nous<\/h2>\n<p>Vous souhaitez en savoir plus et m\u00eame tester le Walking Desk dans votre entreprise ou dans notre showroom ?<\/p>\n<p><span><img decoding=\"async\" alt=\"\" data-id=\"571\" width=\"164\" data-init-width=\"300\" height=\"164\" data-init-height=\"300\" title=\"telemarketing-call-center-transparent-600sq\" loading=\"lazy\" src=\"https:\/\/activup.net\/wp-content\/uploads\/2020\/11\/telemarketing-call-center-transparent-600sq-300x300.png\" data-width=\"164\" data-height=\"164\" style=\"\"><\/span>  <\/p>\n<p><strong>Nos showrooms<\/strong> (sur RDV exclusivement)<\/p>\n<p><strong>Paris 17e<\/strong> : 27 rue des Renaudes<\/p>\n<p><strong>Archamps<\/strong> (Haute-Savoie)<\/p>\n<p>Appelez-nous au<\/p>\n<p><span data-attr-id=\"3\" data-extra_key=\"1\" data-option-inline=\"1\" data-shortcode=\"thrive_global_fields\" data-shortcode-name=\"[Company] Phone number\">+33 1 85 08 60 18<\/span><\/p>\n<div class='fluentform ff-default fluentform_wrapper_2 ffs_default_wrap'><form data-form_id=\"2\" id=\"fluentform_2\" class=\"frm-fluent-form fluent_form_2 ff-el-form-top ff_form_instance_2_1 ff-form-loading ff_has_v3_recptcha ffs_default\" data-form_instance=\"ff_form_instance_2_1\" method=\"POST\" data-recptcha_key=\"6LcaRdUkAAAAANwFcx2DAcZt1T8_a1cMrBUIxqXW\" ><fieldset  style=\"border: none!important;margin: 0!important;padding: 0!important;background-color: transparent!important;box-shadow: none!important;outline: none!important; min-inline-size: 100%;\">\n                    <legend class=\"ff_screen_reader_title\" style=\"display: block; margin: 0!important;padding: 0!important;height: 0!important;text-indent: -999999px;width: 0!important;overflow:hidden;\">Contact Form Fr<\/legend><input type='hidden' name='__fluent_form_embded_post_id' value='1244' \/><input type=\"hidden\" id=\"_fluentform_2_fluentformnonce\" name=\"_fluentform_2_fluentformnonce\" value=\"4ea592806a\" \/><input type=\"hidden\" name=\"_wp_http_referer\" value=\"\/fr\/wp-json\/wp\/v2\/pages\/1244\" \/><div class='ff-el-group'><div class=\"ff-el-input--label ff-el-is-required asterisk-right\"><label for='ff_2_email' id='label_ff_2_email' aria-label=\"Email\">Email<\/label><\/div><div class='ff-el-input--content'><input type=\"email\" name=\"email\" id=\"ff_2_email\" class=\"ff-el-form-control\" placeholder=\"Votre adresse email...\" data-name=\"email\"  aria-invalid=\"false\" aria-required=true><\/div><\/div><div data-type=\"name-element\" data-name=\"names\" class=\" ff-field_container ff-name-field-wrapper\" ><div class='ff-t-container'><div class='ff-t-cell '><div class='ff-el-group'><div class=\"ff-el-input--label ff-el-is-required asterisk-right\"><label for='ff_2_names_first_name_' id='label_ff_2_names_first_name_' >Pr\u00e9nom<\/label><\/div><div class='ff-el-input--content'><input type=\"text\" name=\"names[first_name]\" id=\"ff_2_names_first_name_\" class=\"ff-el-form-control\" placeholder=\"Votre pr\u00e9nom...\" aria-invalid=\"false\" aria-required=true><\/div><\/div><\/div><div class='ff-t-cell '><div class='ff-el-group'><div class=\"ff-el-input--label ff-el-is-required asterisk-right\"><label for='ff_2_names_last_name_' id='label_ff_2_names_last_name_' >Nom<\/label><\/div><div class='ff-el-input--content'><input type=\"text\" name=\"names[last_name]\" id=\"ff_2_names_last_name_\" class=\"ff-el-form-control\" placeholder=\"Votre nom de famille...\" aria-invalid=\"false\" aria-required=true><\/div><\/div><\/div><\/div><\/div><div data-name=\"ff_cn_id_1\"  class='ff-t-container ff-column-container ff_columns_total_2 '><div class='ff-t-cell ff-t-column-1' style='flex-basis: 50%;'><div class='ff-el-group'><div class=\"ff-el-input--label asterisk-right\"><label for='ff_2_company' id='label_ff_2_company' aria-label=\"Entreprise\">Entreprise<\/label><\/div><div class='ff-el-input--content'><input type=\"text\" name=\"company\" class=\"ff-el-form-control\" data-name=\"company\" id=\"ff_2_company\"  aria-invalid=\"false\" aria-required=false><\/div><\/div><\/div><div class='ff-t-cell ff-t-column-2' style='flex-basis: 50%;'><div class='ff-el-group'><div class=\"ff-el-input--label asterisk-right\"><label for='ff_2_phone' id='label_ff_2_phone' aria-label=\"Mobile\">Mobile<\/label><\/div><div class='ff-el-input--content'><input name=\"phone\" class=\"ff-el-form-control ff-el-phone\" type=\"tel\" placeholder=\"Votre num\u00e9ro de mobile...\" data-name=\"phone\" id=\"ff_2_phone\" inputmode=\"tel\"  aria-invalid='false' aria-required=false><\/div><\/div><\/div><\/div><div class='ff-el-group'><div class=\"ff-el-input--label ff-el-is-required asterisk-right\"><label for='ff_2_subject' id='label_ff_2_subject' aria-label=\"Votre demande\">Votre demande<\/label><\/div><div class='ff-el-input--content'><input type=\"text\" name=\"subject\" class=\"ff-el-form-control\" placeholder=\"Sujet de votre demande...\" data-name=\"subject\" id=\"ff_2_subject\"  aria-invalid=\"false\" aria-required=true><\/div><\/div><div class='ff-el-group'><div class=\"ff-el-input--label ff-el-is-required asterisk-right\"><label for='ff_2_message' id='label_ff_2_message' aria-label=\"Votre message\">Votre message<\/label><\/div><div class='ff-el-input--content'><textarea aria-required=\"true\" aria-labelledby=\"label_ff_2_message\" name=\"message\" id=\"ff_2_message\" class=\"ff-el-form-control\" placeholder=\"Contenu de votre message...\" rows=\"6\" cols=\"2\" data-name=\"message\" ><\/textarea><\/div><\/div><input type=\"hidden\" name=\"utm_hist\" data-name=\"utm_hist\" ><input type=\"hidden\" name=\"ref_hist\" data-name=\"ref_hist\" ><input type=\"hidden\" name=\"form_name\" value=\"Contact Form\" data-name=\"form_name\" ><input type=\"hidden\" name=\"valid_url\" data-name=\"valid_url\" ><input type=\"hidden\" name=\"submit_url\" value=\"https:\/\/activup.net\/fr\/wp-json\/wp\/v2\/pages\/1244\" data-name=\"submit_url\" ><input type=\"hidden\" name=\"utm_src\" data-name=\"utm_src\" ><input type=\"hidden\" name=\"utm_cpn\" data-name=\"utm_cpn\" ><input type=\"hidden\" name=\"utm_mdm\" data-name=\"utm_mdm\" ><input type=\"hidden\" name=\"utm_cnt\" data-name=\"utm_cnt\" ><input type=\"hidden\" name=\"utm_trm\" data-name=\"utm_trm\" ><input type=\"hidden\" name=\"clid\" data-name=\"clid\" ><input type=\"hidden\" name=\"hubspotutk\" data-name=\"hubspotutk\" ><input type=\"hidden\" name=\"submit_urls\" value=\"https:\/\/activup.net\/fr\/wp-json\/wp\/v2\/pages\/1244\" data-name=\"submit_urls\" ><div class='ff-el-group ff-text-left ff_submit_btn_wrapper'><button type=\"submit\" class=\"ff-btn ff-btn-submit ff-btn-md ff_btn_style\"  aria-label=\"Envoyez la demande\">Envoyez la demande<\/button><\/div><\/fieldset><\/form><div id='fluentform_2_errors' class='ff-errors-in-stack ff_form_instance_2_1 ff-form-loading_errors ff_form_instance_2_1_errors'><\/div><\/div>            <script type=\"text\/javascript\">\n                window.fluent_form_ff_form_instance_2_1 = {\"id\":\"2\",\"settings\":{\"layout\":{\"labelPlacement\":\"top\",\"helpMessagePlacement\":\"with_label\",\"errorMessagePlacement\":\"inline\",\"cssClassName\":\"\",\"asteriskPlacement\":\"asterisk-right\"},\"restrictions\":{\"denyEmptySubmission\":{\"enabled\":false}}},\"form_instance\":\"ff_form_instance_2_1\",\"form_id_selector\":\"fluentform_2\",\"rules\":{\"email\":{\"required\":{\"value\":true,\"message\":\"Ce champ est obligatoire\"},\"email\":{\"value\":true,\"message\":\"Ce champ doit \\u00eatre une adresse email valide\"}},\"names[first_name]\":{\"required\":{\"value\":true,\"message\":\"Ce champ est obligatoire\"}},\"names[middle_name]\":{\"required\":{\"value\":false,\"message\":\"This field is required\"}},\"names[last_name]\":{\"required\":{\"value\":true,\"message\":\"Ce champ est obligatoire\"}},\"company\":{\"required\":{\"value\":false,\"message\":\"Ce champ est obligatoire\"}},\"phone\":{\"required\":{\"value\":false,\"message\":\"Ce champ est requis\"},\"valid_phone_number\":{\"value\":false,\"message\":\"Le num\\u00e9ro de t\\u00e9l\\u00e9phone n'est pas valide\"}},\"subject\":{\"required\":{\"value\":true,\"message\":\"Ce champ est obligatoire\"}},\"message\":{\"required\":{\"value\":true,\"message\":\"Ce champ est obligatoire\"}},\"g-recaptcha-response\":[]},\"debounce_time\":300};\n                            <\/script>\n            \n","protected":false},"excerpt":{"rendered":"<p>Qualit\u00e9 de vie au travail Booster la QVT et la productivit\u00e9 en marchant au bureau L&rsquo;activit\u00e9 physique au bureau am\u00e9liore le bien-\u00eatre et r\u00e9duit l&rsquo;absent\u00e9isme. On se sent mieux et on travaille mieux. Le Walking Desk est un bureau \u00e9quip\u00e9 d&rsquo;un tapis de marche, qui permet de travailler en marchant. Regardez la vid\u00e9o ci-dessus pour [&hellip;]<\/p>\n","protected":false},"author":4,"featured_media":0,"parent":0,"menu_order":0,"comment_status":"closed","ping_status":"closed","template":"","meta":{"_seopress_robots_primary_cat":"","_seopress_titles_title":"Qualit\u00e9 de Vie au Travail (QVT) par l&#039;activit\u00e9 physique au bureau sur Walking Desk","_seopress_titles_desc":"Booster la QVT et la productivit\u00e9 en marchant au bureau. L&#039;activit\u00e9 physique au bureau am\u00e9liore le bien-\u00eatre et r\u00e9duit l&#039;absent\u00e9isme. On se sent mieux et on travaille mieux. Le Walking Desk est un bureau \u00e9quip\u00e9 d&#039;un tapis de marche, qui permet de travailler en marchant.","_seopress_robots_index":"","bwfblock_default_font":"","footnotes":""},"wf_page_folders":[76],"class_list":["post-1244","page","type-page","status-publish","hentry","post-wrapper","thrv_wrapper"],"_links":{"self":[{"href":"https:\/\/activup.net\/fr\/wp-json\/wp\/v2\/pages\/1244","targetHints":{"allow":["GET"]}}],"collection":[{"href":"https:\/\/activup.net\/fr\/wp-json\/wp\/v2\/pages"}],"about":[{"href":"https:\/\/activup.net\/fr\/wp-json\/wp\/v2\/types\/page"}],"author":[{"embeddable":true,"href":"https:\/\/activup.net\/fr\/wp-json\/wp\/v2\/users\/4"}],"replies":[{"embeddable":true,"href":"https:\/\/activup.net\/fr\/wp-json\/wp\/v2\/comments?post=1244"}],"version-history":[{"count":14,"href":"https:\/\/activup.net\/fr\/wp-json\/wp\/v2\/pages\/1244\/revisions"}],"predecessor-version":[{"id":27832,"href":"https:\/\/activup.net\/fr\/wp-json\/wp\/v2\/pages\/1244\/revisions\/27832"}],"wp:attachment":[{"href":"https:\/\/activup.net\/fr\/wp-json\/wp\/v2\/media?parent=1244"}],"wp:term":[{"taxonomy":"wf_page_folders","embeddable":true,"href":"https:\/\/activup.net\/fr\/wp-json\/wp\/v2\/wf_page_folders?post=1244"}],"curies":[{"name":"wp","href":"https:\/\/api.w.org\/{rel}","templated":true}]}}