{"id":1265,"date":"2021-03-08T12:39:59","date_gmt":"2021-03-08T10:39:59","guid":{"rendered":"https:\/\/activupnet.eu2.copilhost.cloud\/?page_id=1265"},"modified":"2023-07-17T11:32:54","modified_gmt":"2023-07-17T09:32:54","slug":"support","status":"publish","type":"page","link":"https:\/\/activup.net\/fr\/support\/","title":{"rendered":"Support pour les produits ActivUP"},"content":{"rendered":"<h1 style=\"text-align: center;\">Support<\/h1>\n<p style=\"text-align: center;\">Nous sommes l\u00e0 pour vous aider \u00e0 installer et maintenir les produits ActivUP&nbsp;<\/p>\n<p style=\"text-align: center;\">Merci d&rsquo;avoir acquis une de nos solutions de travail actives, vous \u00eates un pr\u00e9curseur. Voici les principaux \u00e9l\u00e9ments dont vous aurez besoin pour une exp\u00e9rience optimale. N&rsquo;h\u00e9sitez pas \u00e0 nous contacter pour plus de d\u00e9tails.<\/p>\n<p>FAQ<\/p>\n<h2>Questions fr\u00e9quentes avant l&rsquo;achat<\/h2>\n<p>Si vous vous posez des questions sur nos produits, et que vous voulez en savoir plus, vous pouvez consulter notre rubrique Questions fr\u00e9quentes<\/p>\n<p><span><a href=\"https:\/\/activup.net\/fr\/faq\/\" target=\"_blank\" data-shortcode-id=\"64\" data-dynamic-link=\"thrive_global_fields_url\" rel=\"noopener\"><img decoding=\"async\" alt=\"\" data-id=\"1269\" width=\"400\" data-init-width=\"400\" height=\"300\" data-init-height=\"300\" title=\"page-faq-thumbnail2\" src=\"https:\/\/activup.net\/wp-content\/uploads\/2021\/03\/page-faq-thumbnail2.png\" data-width=\"400\" data-height=\"300\" style=\"aspect-ratio: auto 400 \/ 300;\" loading=\"lazy\" data-link-wrap=\"true\"><\/a><\/span><\/p>\n<h2>Support pour nos Walking Desks<\/h2>\n<h3>Softwalk<\/h3>\n<p><span><img decoding=\"async\" alt=\"\" data-id=\"1272\" width=\"294\" data-init-width=\"300\" height=\"221\" data-init-height=\"225\" title=\"Softwalk-BoisMassif-400x300\" src=\"https:\/\/activup.net\/wp-content\/uploads\/2021\/03\/Softwalk-BoisMassif-400x300-1-300x225.jpg\" data-width=\"294\" data-height=\"221\" loading=\"lazy\" style=\"aspect-ratio: auto 300 \/ 225;\"><\/span><\/p>\n<p>Le Softwalk est le mod\u00e8le haut de gamme d&rsquo;ActivUP. Il est livr\u00e9 avec diff\u00e9rents mod\u00e8les de bureaux.<\/p>\n<h3>Easywalk<\/h3>\n<p><span><img decoding=\"async\" alt=\"\" data-id=\"1270\" width=\"294\" data-init-width=\"300\" height=\"221\" data-init-height=\"225\" title=\"Easywalk-AU200BK120-400\" src=\"https:\/\/activup.net\/wp-content\/uploads\/2021\/03\/Easywalk-AU200BK120-400-300x225.jpg\" data-width=\"294\" data-height=\"221\" loading=\"lazy\" style=\"aspect-ratio: auto 300 \/ 225;\"><\/span><\/p>\n<p>Le Easywalk est le mod\u00e8le pour usage domestique ou pour les TPE et ind\u00e9pendants. Il est r\u00e9tractable.<\/p>\n<h3>MyDesk&nbsp;<\/h3>\n<p><span><img decoding=\"async\" alt=\"\" data-id=\"1271\" width=\"294\" data-init-width=\"300\" height=\"221\" data-init-height=\"225\" title=\"MyDesk-P120B-vue2-400x300\" src=\"https:\/\/activup.net\/wp-content\/uploads\/2021\/03\/MyDesk-P120B-vue2-400x300-1-300x225.jpg\" data-width=\"294\" data-height=\"221\" loading=\"lazy\" style=\"aspect-ratio: auto 300 \/ 225;\"><\/span><\/p>\n<p>Le Mydesk est un mod\u00e8le \u00e0 usage intensif, avec diff\u00e9rents types de bureaux associ\u00e9s. Existe en 120cm et 180cm.<\/p>\n<h2>Conseils d&rsquo;utilisation de nos Walking Desks<\/h2>\n<p>__CONFIG_group_edit__{}__CONFIG_group_edit____CONFIG_local_colors__{\u00ab\u00a0colors\u00a0\u00bb:{\u00ab\u00a05b254&Prime;:\u00a0\u00bbLink Water\u00a0\u00bb,\u00a0\u00bb798b5&Prime;:\u00a0\u00bbBunker\u00a0\u00bb,\u00a0\u00bb6cdfd\u00a0\u00bb:\u00a0\u00bbRoyal Blue\u00a0\u00bb},\u00a0\u00bbgradients\u00a0\u00bb:{}}__CONFIG_local_colors__        <span><img decoding=\"async\" alt=\"\" data-id=\"296\" width=\"493\" data-init-width=\"500\" height=\"299\" data-init-height=\"304\" title=\"laptop-weight-loss-500\" src=\"https:\/\/activup.net\/wp-content\/uploads\/2020\/05\/laptop-weight-loss-500.png\" data-width=\"493\" data-height=\"299\" loading=\"lazy\"><\/span>   <\/p>\n<p>Maigrir<\/p>\n<h2>Perdre du poids<\/h2>\n<h2>sans r\u00e9gime ni sport<\/h2>\n<p style=\"text-align: justify;\">Pour <a href=\"https:\/\/maigrir-au-bureau.com\/?utm_source=activup&amp;utm_medium=link\" style=\"outline: none;\" data-shortcode-id=\"29\" data-dynamic-link=\"thrive_global_fields_url\" data-custom-shortcode=\"\">maigrir sans r\u00e9gime ni sport<\/a>, il suffit de marcher suffisamment, un peu, tous les jours. ActivUP vient de sortir le programme \u00ab <span data-attr-id=\"29\" data-attr-static-link=\"{&quot;className&quot;:&quot;tve-froala fr-basic&quot;,&quot;href&quot;:&quot;https:\/\/activup.net\/maigrir-en-marchant&quot;,&quot;target&quot;:&quot;_blank&quot;,&quot;class&quot;:&quot;tve-froala fr-basic&quot;}\" data-extra_key=\"4\" data-option-inline=\"1\" data-shortcode=\"thrive_global_fields\" data-shortcode-name=\"[Internal Links] FR-Perte de poids\"><a href=\"https:\/\/maigrir-au-bureau.com\/?utm_source=activup&amp;utm_medium=link\" target=\"_blank\" rel=\"noopener\">Maigrir au bureau<\/a><\/span>&nbsp;\u00bb. Cliquez ci-dessous pour en savoir plus.<\/p>\n<p>__CONFIG_colors_palette__{\u00ab\u00a0active_palette\u00a0\u00bb:0,\u00a0\u00bbconfig\u00a0\u00bb:{\u00ab\u00a0colors\u00a0\u00bb:{\u00ab\u00a062516\u00a0\u00bb:{\u00ab\u00a0name\u00a0\u00bb:\u00a0\u00bbMain Accent\u00a0\u00bb,\u00a0\u00bbparent\u00a0\u00bb:-1}},\u00a0\u00bbgradients\u00a0\u00bb:[]},\u00a0\u00bbpalettes\u00a0\u00bb:[{\u00ab\u00a0name\u00a0\u00bb:\u00a0\u00bbDefault Palette\u00a0\u00bb,\u00a0\u00bbvalue\u00a0\u00bb:{\u00ab\u00a0colors\u00a0\u00bb:{\u00ab\u00a062516\u00a0\u00bb:{\u00ab\u00a0val\u00a0\u00bb:\u00a0\u00bbrgb(76, 168, 71)\u00a0\u00bb,\u00a0\u00bbhsl\u00a0\u00bb:{\u00ab\u00a0h\u00a0\u00bb:116,\u00a0\u00bbs\u00a0\u00bb:0.41,\u00a0\u00bbl\u00a0\u00bb:0.47}}},\u00a0\u00bbgradients\u00a0\u00bb:[]}}]}__CONFIG_colors_palette__ <a href=\"https:\/\/maigrir-au-bureau.com\/?utm_source=activup&amp;utm_medium=link\" data-shortcode-id=\"29\" data-dynamic-link=\"thrive_global_fields_url\"><span>  <\/span> <span><span>Maigrir en marchant<\/span><\/span> <\/a>   __CONFIG_group_edit__{\u00ab\u00a0k7g25n3o\u00a0\u00bb:{\u00ab\u00a0name\u00a0\u00bb:\u00a0\u00bbAll Icon(s)\u00a0\u00bb,\u00a0\u00bbsingular\u00a0\u00bb:\u00a0\u00bb&#8211; Icon %s\u00a0\u00bb},\u00a0\u00bbk7g25s38&Prime;:{\u00ab\u00a0name\u00a0\u00bb:\u00a0\u00bbAll Contact Detail(s)\u00a0\u00bb,\u00a0\u00bbsingular\u00a0\u00bb:\u00a0\u00bb&#8211; Text %s\u00a0\u00bb},\u00a0\u00bbk7g26hhs\u00a0\u00bb:{\u00ab\u00a0name\u00a0\u00bb:\u00a0\u00bbAll Contact Form Input(s)\u00a0\u00bb,\u00a0\u00bbsingular\u00a0\u00bb:\u00a0\u00bb&#8211; Contact Form Input %s\u00a0\u00bb}}__CONFIG_group_edit____CONFIG_local_colors__{\u00ab\u00a0colors\u00a0\u00bb:{\u00ab\u00a0c4549&Prime;:\u00a0\u00bbRoyal Blue\u00a0\u00bb,\u00a0\u00bb56de9&Prime;:\u00a0\u00bbAlabaster\u00a0\u00bb,\u00a0\u00bb6957a\u00a0\u00bb:\u00a0\u00bbBunker\u00a0\u00bb,\u00a0\u00bbae168&Prime;:\u00a0\u00bbRoyal Blue\u00a0\u00bb},\u00a0\u00bbgradients\u00a0\u00bb:{}}__CONFIG_local_colors__    <\/p>\n<h2>Contactez-nous<\/h2>\n<p>Vous souhaitez en savoir plus et m\u00eame tester le Walking Desk dans votre entreprise ou dans notre showroom ?<\/p>\n<p><span><img decoding=\"async\" alt=\"\" data-id=\"571\" width=\"164\" data-init-width=\"300\" height=\"164\" data-init-height=\"300\" title=\"telemarketing-call-center-transparent-600sq\" loading=\"lazy\" src=\"https:\/\/activup.net\/wp-content\/uploads\/2020\/11\/telemarketing-call-center-transparent-600sq-300x300.png\" data-width=\"164\" data-height=\"164\" style=\"\"><\/span>  <\/p>\n<p><strong>Nos showrooms<\/strong> (sur RDV exclusivement)<\/p>\n<p><strong>Paris 17e<\/strong> : 27 rue des Renaudes<\/p>\n<p><strong>Archamps<\/strong> (Haute-Savoie)<\/p>\n<p>Appelez-nous au<\/p>\n<p><span data-attr-id=\"3\" data-extra_key=\"1\" data-option-inline=\"1\" data-shortcode=\"thrive_global_fields\" data-shortcode-name=\"[Company] Phone number\">+33 1 85 08 60 18<\/span><\/p>\n<div class='fluentform ff-default fluentform_wrapper_2 ffs_default_wrap'><form data-form_id=\"2\" id=\"fluentform_2\" class=\"frm-fluent-form fluent_form_2 ff-el-form-top ff_form_instance_2_1 ff-form-loading ff_has_v3_recptcha ffs_default\" data-form_instance=\"ff_form_instance_2_1\" method=\"POST\" data-recptcha_key=\"6LcaRdUkAAAAANwFcx2DAcZt1T8_a1cMrBUIxqXW\" ><fieldset  style=\"border: none!important;margin: 0!important;padding: 0!important;background-color: transparent!important;box-shadow: none!important;outline: none!important; min-inline-size: 100%;\">\n                    <legend class=\"ff_screen_reader_title\" style=\"display: block; margin: 0!important;padding: 0!important;height: 0!important;text-indent: -999999px;width: 0!important;overflow:hidden;\">Contact Form Fr<\/legend><input type='hidden' name='__fluent_form_embded_post_id' value='1265' \/><input type=\"hidden\" id=\"_fluentform_2_fluentformnonce\" name=\"_fluentform_2_fluentformnonce\" value=\"4ea592806a\" \/><input type=\"hidden\" name=\"_wp_http_referer\" value=\"\/fr\/wp-json\/wp\/v2\/pages\/1265\" \/><div class='ff-el-group'><div class=\"ff-el-input--label ff-el-is-required asterisk-right\"><label for='ff_2_email' id='label_ff_2_email' aria-label=\"Email\">Email<\/label><\/div><div class='ff-el-input--content'><input type=\"email\" name=\"email\" id=\"ff_2_email\" class=\"ff-el-form-control\" placeholder=\"Votre adresse email...\" data-name=\"email\"  aria-invalid=\"false\" aria-required=true><\/div><\/div><div data-type=\"name-element\" data-name=\"names\" class=\" ff-field_container ff-name-field-wrapper\" ><div class='ff-t-container'><div class='ff-t-cell '><div class='ff-el-group'><div class=\"ff-el-input--label ff-el-is-required asterisk-right\"><label for='ff_2_names_first_name_' id='label_ff_2_names_first_name_' >Pr\u00e9nom<\/label><\/div><div class='ff-el-input--content'><input type=\"text\" name=\"names[first_name]\" id=\"ff_2_names_first_name_\" class=\"ff-el-form-control\" placeholder=\"Votre pr\u00e9nom...\" aria-invalid=\"false\" aria-required=true><\/div><\/div><\/div><div class='ff-t-cell '><div class='ff-el-group'><div class=\"ff-el-input--label ff-el-is-required asterisk-right\"><label for='ff_2_names_last_name_' id='label_ff_2_names_last_name_' >Nom<\/label><\/div><div class='ff-el-input--content'><input type=\"text\" name=\"names[last_name]\" id=\"ff_2_names_last_name_\" class=\"ff-el-form-control\" placeholder=\"Votre nom de famille...\" aria-invalid=\"false\" aria-required=true><\/div><\/div><\/div><\/div><\/div><div data-name=\"ff_cn_id_1\"  class='ff-t-container ff-column-container ff_columns_total_2 '><div class='ff-t-cell ff-t-column-1' style='flex-basis: 50%;'><div class='ff-el-group'><div class=\"ff-el-input--label asterisk-right\"><label for='ff_2_company' id='label_ff_2_company' aria-label=\"Entreprise\">Entreprise<\/label><\/div><div class='ff-el-input--content'><input type=\"text\" name=\"company\" class=\"ff-el-form-control\" data-name=\"company\" id=\"ff_2_company\"  aria-invalid=\"false\" aria-required=false><\/div><\/div><\/div><div class='ff-t-cell ff-t-column-2' style='flex-basis: 50%;'><div class='ff-el-group'><div class=\"ff-el-input--label asterisk-right\"><label for='ff_2_phone' id='label_ff_2_phone' aria-label=\"Mobile\">Mobile<\/label><\/div><div class='ff-el-input--content'><input name=\"phone\" class=\"ff-el-form-control ff-el-phone\" type=\"tel\" placeholder=\"Votre num\u00e9ro de mobile...\" data-name=\"phone\" id=\"ff_2_phone\" inputmode=\"tel\"  aria-invalid='false' aria-required=false><\/div><\/div><\/div><\/div><div class='ff-el-group'><div class=\"ff-el-input--label ff-el-is-required asterisk-right\"><label for='ff_2_subject' id='label_ff_2_subject' aria-label=\"Votre demande\">Votre demande<\/label><\/div><div class='ff-el-input--content'><input type=\"text\" name=\"subject\" class=\"ff-el-form-control\" placeholder=\"Sujet de votre demande...\" data-name=\"subject\" id=\"ff_2_subject\"  aria-invalid=\"false\" aria-required=true><\/div><\/div><div class='ff-el-group'><div class=\"ff-el-input--label ff-el-is-required asterisk-right\"><label for='ff_2_message' id='label_ff_2_message' aria-label=\"Votre message\">Votre message<\/label><\/div><div class='ff-el-input--content'><textarea aria-required=\"true\" aria-labelledby=\"label_ff_2_message\" name=\"message\" id=\"ff_2_message\" class=\"ff-el-form-control\" placeholder=\"Contenu de votre message...\" rows=\"6\" cols=\"2\" data-name=\"message\" ><\/textarea><\/div><\/div><input type=\"hidden\" name=\"utm_hist\" data-name=\"utm_hist\" ><input type=\"hidden\" name=\"ref_hist\" data-name=\"ref_hist\" ><input type=\"hidden\" name=\"form_name\" value=\"Contact Form\" data-name=\"form_name\" ><input type=\"hidden\" name=\"valid_url\" data-name=\"valid_url\" ><input type=\"hidden\" name=\"submit_url\" value=\"https:\/\/activup.net\/fr\/wp-json\/wp\/v2\/pages\/1265\" data-name=\"submit_url\" ><input type=\"hidden\" name=\"utm_src\" data-name=\"utm_src\" ><input type=\"hidden\" name=\"utm_cpn\" data-name=\"utm_cpn\" ><input type=\"hidden\" name=\"utm_mdm\" data-name=\"utm_mdm\" ><input type=\"hidden\" name=\"utm_cnt\" data-name=\"utm_cnt\" ><input type=\"hidden\" name=\"utm_trm\" data-name=\"utm_trm\" ><input type=\"hidden\" name=\"clid\" data-name=\"clid\" ><input type=\"hidden\" name=\"hubspotutk\" data-name=\"hubspotutk\" ><input type=\"hidden\" name=\"submit_urls\" value=\"https:\/\/activup.net\/fr\/wp-json\/wp\/v2\/pages\/1265\" data-name=\"submit_urls\" ><div class='ff-el-group ff-text-left ff_submit_btn_wrapper'><button type=\"submit\" class=\"ff-btn ff-btn-submit ff-btn-md ff_btn_style\"  aria-label=\"Envoyez la demande\">Envoyez la demande<\/button><\/div><\/fieldset><\/form><div id='fluentform_2_errors' class='ff-errors-in-stack ff_form_instance_2_1 ff-form-loading_errors ff_form_instance_2_1_errors'><\/div><\/div>            <script type=\"text\/javascript\">\n                window.fluent_form_ff_form_instance_2_1 = {\"id\":\"2\",\"settings\":{\"layout\":{\"labelPlacement\":\"top\",\"helpMessagePlacement\":\"with_label\",\"errorMessagePlacement\":\"inline\",\"cssClassName\":\"\",\"asteriskPlacement\":\"asterisk-right\"},\"restrictions\":{\"denyEmptySubmission\":{\"enabled\":false}}},\"form_instance\":\"ff_form_instance_2_1\",\"form_id_selector\":\"fluentform_2\",\"rules\":{\"email\":{\"required\":{\"value\":true,\"message\":\"Ce champ est obligatoire\"},\"email\":{\"value\":true,\"message\":\"Ce champ doit \\u00eatre une adresse email valide\"}},\"names[first_name]\":{\"required\":{\"value\":true,\"message\":\"Ce champ est obligatoire\"}},\"names[middle_name]\":{\"required\":{\"value\":false,\"message\":\"This field is required\"}},\"names[last_name]\":{\"required\":{\"value\":true,\"message\":\"Ce champ est obligatoire\"}},\"company\":{\"required\":{\"value\":false,\"message\":\"Ce champ est obligatoire\"}},\"phone\":{\"required\":{\"value\":false,\"message\":\"Ce champ est requis\"},\"valid_phone_number\":{\"value\":false,\"message\":\"Le num\\u00e9ro de t\\u00e9l\\u00e9phone n'est pas valide\"}},\"subject\":{\"required\":{\"value\":true,\"message\":\"Ce champ est obligatoire\"}},\"message\":{\"required\":{\"value\":true,\"message\":\"Ce champ est obligatoire\"}},\"g-recaptcha-response\":[]},\"debounce_time\":300};\n                            <\/script>\n            \n","protected":false},"excerpt":{"rendered":"<p>Support Nous sommes l\u00e0 pour vous aider \u00e0 installer et maintenir les produits ActivUP&nbsp; Merci d&rsquo;avoir acquis une de nos solutions de travail actives, vous \u00eates un pr\u00e9curseur. Voici les principaux \u00e9l\u00e9ments dont vous aurez besoin pour une exp\u00e9rience optimale. N&rsquo;h\u00e9sitez pas \u00e0 nous contacter pour plus de d\u00e9tails. FAQ Questions fr\u00e9quentes avant l&rsquo;achat Si [&hellip;]<\/p>\n","protected":false},"author":4,"featured_media":0,"parent":0,"menu_order":0,"comment_status":"closed","ping_status":"closed","template":"","meta":{"_seopress_robots_primary_cat":"","_seopress_titles_title":"Support pour les produits ActivUP - Walking Desks","_seopress_titles_desc":"Merci d&#039;avoir acquis une de nos solutions de travail actives, vous \u00eates un pr\u00e9curseur. Voici les principaux \u00e9l\u00e9ments dont vous aurez besoin pour une exp\u00e9rience optimale. N&#039;h\u00e9sitez pas \u00e0 nous contacter pour plus de d\u00e9tails.  Questions fr\u00e9quentes avant ou apr\u00e8s l&#039;achat.","_seopress_robots_index":"","bwfblock_default_font":"","footnotes":""},"wf_page_folders":[75],"class_list":["post-1265","page","type-page","status-publish","hentry","post-wrapper","thrv_wrapper"],"_links":{"self":[{"href":"https:\/\/activup.net\/fr\/wp-json\/wp\/v2\/pages\/1265","targetHints":{"allow":["GET"]}}],"collection":[{"href":"https:\/\/activup.net\/fr\/wp-json\/wp\/v2\/pages"}],"about":[{"href":"https:\/\/activup.net\/fr\/wp-json\/wp\/v2\/types\/page"}],"author":[{"embeddable":true,"href":"https:\/\/activup.net\/fr\/wp-json\/wp\/v2\/users\/4"}],"replies":[{"embeddable":true,"href":"https:\/\/activup.net\/fr\/wp-json\/wp\/v2\/comments?post=1265"}],"version-history":[{"count":13,"href":"https:\/\/activup.net\/fr\/wp-json\/wp\/v2\/pages\/1265\/revisions"}],"predecessor-version":[{"id":15391,"href":"https:\/\/activup.net\/fr\/wp-json\/wp\/v2\/pages\/1265\/revisions\/15391"}],"wp:attachment":[{"href":"https:\/\/activup.net\/fr\/wp-json\/wp\/v2\/media?parent=1265"}],"wp:term":[{"taxonomy":"wf_page_folders","embeddable":true,"href":"https:\/\/activup.net\/fr\/wp-json\/wp\/v2\/wf_page_folders?post=1265"}],"curies":[{"name":"wp","href":"https:\/\/api.w.org\/{rel}","templated":true}]}}