{"id":1277,"date":"2021-03-08T16:07:21","date_gmt":"2021-03-08T14:07:21","guid":{"rendered":"https:\/\/activupnet.eu2.copilhost.cloud\/clone-of-support-pour-les-produits-activup\/"},"modified":"2022-12-07T15:40:42","modified_gmt":"2022-12-07T13:40:42","slug":"softwalk","status":"publish","type":"page","link":"https:\/\/activup.net\/fr\/support\/softwalk\/","title":{"rendered":"Support technique pour le Softwalk ActivUP"},"content":{"rendered":"<h1 style=\"text-align: center;\">Support Softwalk<\/h1>\n<p style=\"text-align: center;\">Installer et maintenir votre Softwalk ActivUP&nbsp;<\/p>\n<p style=\"text-align: center;\">Merci d&rsquo;avoir acquis un Walking Desk Softwalk ActivUP, vous \u00eates un pr\u00e9curseur. Voici les principaux \u00e9l\u00e9ments dont vous aurez besoin pour une exp\u00e9rience optimale. N&rsquo;h\u00e9sitez pas \u00e0 nous contacter pour plus de d\u00e9tails.<\/p>\n<p>FAQ<\/p>\n<h2>Questions fr\u00e9quentes avant l&rsquo;achat<\/h2>\n<p>Si vous vous posez des questions sur nos produits, et que vous voulez en savoir plus, vous pouvez consulter notre rubrique Questions fr\u00e9quentes<\/p>\n<h2>Documentation du Softwalk ActivUP ( Walking Desk ou tapis seul )<\/h2>\n<h3>Tapis Softwalk<\/h3>\n<p>La manuel utilisateur du tapis roulant Softwalk est disponible en Anglais et en Fran\u00e7ais. Elle est fournie avec le mat\u00e9riel, mais vous pouvez t\u00e9l\u00e9charger la derni\u00e8re version ci-dessous.<\/p>\n<h3>Bureau \u00e9lectrique<\/h3>\n<p>La notice du bureau est disponible en Fran\u00e7ais. Elle est normalement fournie avec le mat\u00e9riel, mais vous pouvez t\u00e9l\u00e9charger la derni\u00e8re version ci-dessous<\/p>\n<h3>Application mobile<\/h3>\n<p>Le Walking Desk Softwalk peut-\u00eatre connect\u00e9 \u00e0 une application mobile. Elle s&rsquo;appelle&nbsp;<strong>Fitshow<\/strong>. Pour l&rsquo;instant, uniquement disponible en Anglais. Vous pouvez la t\u00e9l\u00e9charger ci-dessous<\/p>\n<h2>Conseils d&rsquo;utilisation de nos Walking Desks<\/h2>\n<p>__CONFIG_group_edit__{}__CONFIG_group_edit____CONFIG_local_colors__{\u00ab\u00a0colors\u00a0\u00bb:{\u00ab\u00a05b254&Prime;:\u00a0\u00bbLink Water\u00a0\u00bb,\u00a0\u00bb798b5&Prime;:\u00a0\u00bbBunker\u00a0\u00bb,\u00a0\u00bb6cdfd\u00a0\u00bb:\u00a0\u00bbRoyal Blue\u00a0\u00bb},\u00a0\u00bbgradients\u00a0\u00bb:{}}__CONFIG_local_colors__        <span><img decoding=\"async\" alt=\"\" data-id=\"296\" width=\"493\" data-init-width=\"500\" height=\"299\" data-init-height=\"304\" title=\"laptop-weight-loss-500\" src=\"https:\/\/activup.net\/wp-content\/uploads\/2020\/05\/laptop-weight-loss-500.png\" data-width=\"493\" data-height=\"299\" loading=\"lazy\"><\/span>   <\/p>\n<p>Maigrir<\/p>\n<h2>Perdre du poids<\/h2>\n<h2>sans r\u00e9gime ni sport<\/h2>\n<p style=\"text-align: justify;\">Pour <a href=\"https:\/\/activup.net\/maigrir-en-marchant\" style=\"outline: none;\" data-shortcode-id=\"29\" data-dynamic-link=\"thrive_global_fields_url\" data-custom-shortcode=\"\">maigrir sans r\u00e9gime ni sport<\/a>, il suffit de marcher suffisamment, un peu, tous les jours. ActivUP vient de sortir le programme \u00ab <span data-attr-id=\"29\" data-attr-static-link=\"{&quot;className&quot;:&quot;tve-froala fr-basic&quot;,&quot;href&quot;:&quot;https:\/\/activup.net\/maigrir-en-marchant&quot;,&quot;target&quot;:&quot;_blank&quot;,&quot;class&quot;:&quot;tve-froala fr-basic&quot;}\" data-extra_key=\"4\" data-option-inline=\"1\" data-shortcode=\"thrive_global_fields\" data-shortcode-name=\"[Internal Links] FR-Perte de poids\"><a href=\"https:\/\/activup.net\/maigrir-en-marchant\" target=\"_blank\" rel=\"noopener\">Maigrir en marchant<\/a><\/span>&nbsp;\u00bb. Cliquez ci-dessous pour en savoir plus.<\/p>\n<p>__CONFIG_colors_palette__{\u00ab\u00a0active_palette\u00a0\u00bb:0,\u00a0\u00bbconfig\u00a0\u00bb:{\u00ab\u00a0colors\u00a0\u00bb:{\u00ab\u00a062516\u00a0\u00bb:{\u00ab\u00a0name\u00a0\u00bb:\u00a0\u00bbMain Accent\u00a0\u00bb,\u00a0\u00bbparent\u00a0\u00bb:-1}},\u00a0\u00bbgradients\u00a0\u00bb:[]},\u00a0\u00bbpalettes\u00a0\u00bb:[{\u00ab\u00a0name\u00a0\u00bb:\u00a0\u00bbDefault Palette\u00a0\u00bb,\u00a0\u00bbvalue\u00a0\u00bb:{\u00ab\u00a0colors\u00a0\u00bb:{\u00ab\u00a062516\u00a0\u00bb:{\u00ab\u00a0val\u00a0\u00bb:\u00a0\u00bbrgb(76, 168, 71)\u00a0\u00bb,\u00a0\u00bbhsl\u00a0\u00bb:{\u00ab\u00a0h\u00a0\u00bb:116,\u00a0\u00bbs\u00a0\u00bb:0.41,\u00a0\u00bbl\u00a0\u00bb:0.47}}},\u00a0\u00bbgradients\u00a0\u00bb:[]}}]}__CONFIG_colors_palette__ <a href=\"https:\/\/activup.net\/maigrir-en-marchant\" data-shortcode-id=\"29\" data-dynamic-link=\"thrive_global_fields_url\"><span>  <\/span> <span><span>Maigrir en marchant<\/span><\/span> <\/a>   __CONFIG_group_edit__{\u00ab\u00a0k7g25n3o\u00a0\u00bb:{\u00ab\u00a0name\u00a0\u00bb:\u00a0\u00bbAll Icon(s)\u00a0\u00bb,\u00a0\u00bbsingular\u00a0\u00bb:\u00a0\u00bb&#8211; Icon %s\u00a0\u00bb},\u00a0\u00bbk7g25s38&Prime;:{\u00ab\u00a0name\u00a0\u00bb:\u00a0\u00bbAll Contact Detail(s)\u00a0\u00bb,\u00a0\u00bbsingular\u00a0\u00bb:\u00a0\u00bb&#8211; Text %s\u00a0\u00bb},\u00a0\u00bbk7g26hhs\u00a0\u00bb:{\u00ab\u00a0name\u00a0\u00bb:\u00a0\u00bbAll Contact Form Input(s)\u00a0\u00bb,\u00a0\u00bbsingular\u00a0\u00bb:\u00a0\u00bb&#8211; Contact Form Input %s\u00a0\u00bb}}__CONFIG_group_edit____CONFIG_local_colors__{\u00ab\u00a0colors\u00a0\u00bb:{\u00ab\u00a0c4549&Prime;:\u00a0\u00bbRoyal Blue\u00a0\u00bb,\u00a0\u00bb56de9&Prime;:\u00a0\u00bbAlabaster\u00a0\u00bb,\u00a0\u00bb6957a\u00a0\u00bb:\u00a0\u00bbBunker\u00a0\u00bb,\u00a0\u00bbae168&Prime;:\u00a0\u00bbRoyal Blue\u00a0\u00bb},\u00a0\u00bbgradients\u00a0\u00bb:{}}__CONFIG_local_colors__    <\/p>\n<h2>Contactez-nous<\/h2>\n<p>Vous souhaitez en savoir plus et m\u00eame tester le Walking Desk dans votre entreprise ou dans notre showroom ?<\/p>\n<p><span><img decoding=\"async\" alt=\"\" data-id=\"571\" width=\"164\" data-init-width=\"300\" height=\"164\" data-init-height=\"300\" title=\"telemarketing-call-center-transparent-600sq\" loading=\"lazy\" src=\"https:\/\/activup.net\/wp-content\/uploads\/2020\/11\/telemarketing-call-center-transparent-600sq-300x300.png\" data-width=\"164\" data-height=\"164\" style=\"\"><\/span>  <\/p>\n<p><strong>Nos showrooms<\/strong> (sur RDV exclusivement)<\/p>\n<p><strong>Paris 17e<\/strong> : 27 rue des Renaudes<\/p>\n<p><strong>Archamps<\/strong> (Haute-Savoie)<\/p>\n<p>Appelez-nous au<\/p>\n<p><span data-attr-id=\"3\" data-extra_key=\"1\" data-option-inline=\"1\" data-shortcode=\"thrive_global_fields\" data-shortcode-name=\"[Company] Phone number\">+33 1 85 08 60 18<\/span><\/p>\n<p>[tcb-script charset=\u00a0\u00bbutf-8&Prime; type=\u00a0\u00bbtext\/javascript\u00a0\u00bb src=\u00a0\u00bb\/\/js.hsforms.net\/forms\/shell.js\u00a0\u00bb][\/tcb-script] [tcb-script] hbspt.forms.create({ portalId: \u00ab\u00a03959277\u00a0\u00bb, formId: \u00ab\u00a064249f84-222c-4072-9249-8fbc859e8545\u00a0\u00bb }); [\/tcb-script]  <\/p>\n","protected":false},"excerpt":{"rendered":"<p>Support Softwalk Installer et maintenir votre Softwalk ActivUP&nbsp; Merci d&rsquo;avoir acquis un Walking Desk Softwalk ActivUP, vous \u00eates un pr\u00e9curseur. Voici les principaux \u00e9l\u00e9ments dont vous aurez besoin pour une exp\u00e9rience optimale. N&rsquo;h\u00e9sitez pas \u00e0 nous contacter pour plus de d\u00e9tails. FAQ Questions fr\u00e9quentes avant l&rsquo;achat Si vous vous posez des questions sur nos produits, [&hellip;]<\/p>\n","protected":false},"author":4,"featured_media":0,"parent":1265,"menu_order":0,"comment_status":"closed","ping_status":"closed","template":"","meta":{"_seopress_robots_primary_cat":"","_seopress_titles_title":"Support pour le Softwalk ActivUP - Walking Desk","_seopress_titles_desc":"Merci d&#039;avoir acquis un Softwalk, vous \u00eates un pr\u00e9curseur. Voici les principaux \u00e9l\u00e9ments dont vous aurez besoin pour une exp\u00e9rience optimale. N&#039;h\u00e9sitez pas \u00e0 nous contacter pour plus de d\u00e9tails. ","_seopress_robots_index":"","bwfblock_default_font":"","footnotes":""},"wf_page_folders":[75],"class_list":["post-1277","page","type-page","status-publish","hentry","post-wrapper","thrv_wrapper"],"_links":{"self":[{"href":"https:\/\/activup.net\/fr\/wp-json\/wp\/v2\/pages\/1277","targetHints":{"allow":["GET"]}}],"collection":[{"href":"https:\/\/activup.net\/fr\/wp-json\/wp\/v2\/pages"}],"about":[{"href":"https:\/\/activup.net\/fr\/wp-json\/wp\/v2\/types\/page"}],"author":[{"embeddable":true,"href":"https:\/\/activup.net\/fr\/wp-json\/wp\/v2\/users\/4"}],"replies":[{"embeddable":true,"href":"https:\/\/activup.net\/fr\/wp-json\/wp\/v2\/comments?post=1277"}],"version-history":[{"count":14,"href":"https:\/\/activup.net\/fr\/wp-json\/wp\/v2\/pages\/1277\/revisions"}],"predecessor-version":[{"id":10091,"href":"https:\/\/activup.net\/fr\/wp-json\/wp\/v2\/pages\/1277\/revisions\/10091"}],"up":[{"embeddable":true,"href":"https:\/\/activup.net\/fr\/wp-json\/wp\/v2\/pages\/1265"}],"wp:attachment":[{"href":"https:\/\/activup.net\/fr\/wp-json\/wp\/v2\/media?parent=1277"}],"wp:term":[{"taxonomy":"wf_page_folders","embeddable":true,"href":"https:\/\/activup.net\/fr\/wp-json\/wp\/v2\/wf_page_folders?post=1277"}],"curies":[{"name":"wp","href":"https:\/\/api.w.org\/{rel}","templated":true}]}}