{"id":1305,"date":"2021-03-08T17:21:43","date_gmt":"2021-03-08T15:21:43","guid":{"rendered":"https:\/\/activupnet.eu2.copilhost.cloud\/?page_id=1305"},"modified":"2023-05-30T15:37:31","modified_gmt":"2023-05-30T13:37:31","slug":"easywalk","status":"publish","type":"page","link":"https:\/\/activup.net\/fr\/acheter-walking-desk\/easywalk\/","title":{"rendered":"Easywalk &#8211; Walking Desk pour TPE et domicile"},"content":{"rendered":"<h1 style=\"text-align: center;\">Easywalk<\/h1>\n<p style=\"text-align: center;\">Walking Desk pour les TPE, les ind\u00e9pendants et les particuliers<\/p>\n<ul>\n<li style=\"\"><span style=\"\">Bureau noir de <strong><span style=\"text-decoration: underline;\">120x80cm ou 90x50cm<\/span><\/strong><\/span><\/li>\n<li style=\"\"><span style=\"\">Silencieux : moins de 40dB \u00e0 2km\/h<\/span><\/li>\n<li style=\"\"><span style=\"\">R\u00e9tractable<\/span><\/li>\n<li style=\"\"><span style=\"\">Tr\u00e8s compact : moins d&rsquo;un m\u00b2 au sol&nbsp;<\/span><\/li>\n<li style=\"\"><span style=\"\">Tr\u00e8s confortable : mousse amortissante<\/span><\/li>\n<li style=\"\"><span style=\"\">Hauteur r\u00e9glable \u00e9lectriquement&nbsp;<\/span><\/li>\n<\/ul>\n<p>Convient pour un usage mod\u00e9r\u00e9 (2 \u00e0 3h par jour en moyenne). Le confort de marche est excellent avec une mousse sous la bande de roulement. Bien adapt\u00e9 aux petits espaces, salon ou chambre \u00e0 coucher, gr\u00e2ce \u00e0 son syst\u00e8me r\u00e9tractable : 1,4m\u00b2 au sol d\u00e9pli\u00e9, moins d&rsquo;un m\u00b2 quand il est r\u00e9tract\u00e9. Hauteur r\u00e9glable \u00e9lectriquement jusqu\u2019\u00e0 1m50, pour des utilisateurs mesurant jusqu&rsquo;\u00e0 1m90.<\/p>\n<p>Existe \u00e9galement en tapis de marche seul, livr\u00e9 sans bureau.<\/p>\n<h2 style=\"text-align: center;\">1656\u20ac \u00e0 2520\u20ac TTC<\/h2>\n<h2 style=\"text-align: center;\"><span style=\"font-weight: normal;\">1380\u20ac \u00e0 2100\u20ac HT<\/span><\/h2>\n<p style=\"text-align: center;\">La marche au bureau sur un walking desk est un tr\u00e8s bon moyen de marcher tous les jours sans y consacrer de temps. Pendant que vous marchez sur le tapis roulant, vous pouvez t\u00e9l\u00e9phoner, r\u00e9diger vos mails, faire des r\u00e9unions, r\u00e9aliser des documents word ou powerpoint.<\/p>\n<ul>\n<li><span style=\"\">Votre surpoids envol\u00e9<\/span><\/li>\n<\/ul>\n<ul>\n<li><span style=\"\">Votre Energie retrouv\u00e9e<\/span><\/li>\n<\/ul>\n<ul>\n<li><span style=\"\"><span style=\"\">VOTRE<\/span> efficacit\u00e9 d\u00e9cupl\u00e9e<\/span><\/li>\n<\/ul>\n<p><span><img decoding=\"async\" alt=\"\" data-id=\"2305\" width=\"500\" data-init-width=\"1000\" height=\"500\" data-init-height=\"1000\" title=\"CPaoli-IMG_0573-sq-1000\" src=\"https:\/\/activup.net\/wp-content\/uploads\/2021\/12\/Claude-Paoli-IMG_0573-sq-1000.jpeg\" data-width=\"500\" data-height=\"500\" loading=\"lazy\"><\/span><span><img decoding=\"async\" alt=\"\" data-id=\"1368\" width=\"493\" data-init-width=\"1200\" height=\"493\" data-init-height=\"1200\" title=\"20191015-8-IMG_5445-1200sq\" src=\"https:\/\/activup.net\/wp-content\/uploads\/2021\/03\/20191015-8-IMG_5445-1200sq.jpg\" data-width=\"493\" data-height=\"493\" loading=\"lazy\"><\/span><span><img decoding=\"async\" alt=\"\" data-id=\"1367\" width=\"320\" data-init-width=\"1200\" height=\"320\" data-init-height=\"1200\" title=\"20191015-4-IMG_5440-1200sq\" src=\"https:\/\/activup.net\/wp-content\/uploads\/2021\/03\/20191015-4-IMG_5440-1200sq-e1640613097500.jpg\" data-width=\"320\" data-height=\"320\" loading=\"lazy\"><\/span><\/p>\n<h2 style=\"text-align: center;\">Trois versions dont une qui vous ira tr\u00e8s bien.<\/h2>\n<h3 style=\"text-align: center;\"><strong>Easywalk Compact<\/strong><\/h3>\n<p style=\"text-align: center;\">Bureau 1m20x80cm<\/p>\n<p><span><img decoding=\"async\" alt=\"\" data-id=\"1464\" width=\"337\" data-init-width=\"1000\" height=\"1000\" data-init-height=\"1000\" title=\"Easywalk-120-haut-iso-1000\" src=\"https:\/\/activup.net\/wp-content\/uploads\/2021\/11\/Easywalk-120-haut-iso-1000.jpg\" data-width=\"337\" style=\"\" loading=\"lazy\"><\/span><\/p>\n<p style=\"text-align: center;\">Con\u00e7u pour un usage mod\u00e9r\u00e9 avec tout le confort d&rsquo;un bureau complet.<\/p>\n<h2 style=\"text-align: center;\">2376\u20ac TTC<\/h2>\n<h2 style=\"text-align: center;\"><span style=\"font-weight: normal;\">1980\u20ac HT<\/span><\/h2>\n<h3 style=\"text-align: center;\"><strong>Location t\u00e9l\u00e9travail<\/strong><\/h3>\n<p style=\"text-align: center;\">A partir de<\/p>\n<h2 style=\"text-align: center;\">77\u20ac HT\/mois<\/h2>\n<h3 style=\"text-align: center;\"><strong>Easywalk Solo<\/strong><\/h3>\n<p style=\"text-align: center;\">Livr\u00e9 sans bureau<\/p>\n<p><span><img decoding=\"async\" alt=\"\" data-id=\"11379\" width=\"337\" data-init-width=\"1000\" height=\"1000\" data-init-height=\"1000\" title=\"AU202UD-iso\" src=\"https:\/\/activup.net\/wp-content\/uploads\/2023\/03\/EW-SOLO-Iso.jpg\" data-width=\"337\" style=\"\" loading=\"lazy\"><\/span><\/p>\n<p style=\"text-align: center;\">Pour les personnes qui ont d\u00e9j\u00e0 un bureau r\u00e9glable en hauteur.<\/p>\n<h2 style=\"text-align: center;\">1656\u20ac TTC<\/h2>\n<h2 style=\"text-align: center;\"><span style=\"font-weight: normal;\">1380\u20ac HT<\/span><\/h2>\n<h3 style=\"text-align: center;\"><strong>Location t\u00e9l\u00e9travail<\/strong><\/h3>\n<p style=\"text-align: center;\">A partir de<\/p>\n<h2 style=\"text-align: center;\">49\u20ac HT\/mois<\/h2>\n<h3 style=\"text-align: center;\"><strong>Easywalk Max<\/strong><\/h3>\n<p style=\"text-align: center;\">Bureau premium 90, 120 ou 190cm<\/p>\n<p><span><img decoding=\"async\" alt=\"\" data-id=\"11311\" width=\"337\" data-init-width=\"1000\" height=\"1000\" data-init-height=\"1000\" title=\"EW-TBM190-Iso\" src=\"https:\/\/activup.net\/wp-content\/uploads\/2023\/03\/EW-TBM190-Iso.jpg\" data-width=\"337\" style=\"\" loading=\"lazy\"><\/span><\/p>\n<p style=\"text-align: center;\">Pour ceux qui veulent soigner le confort et l&rsquo;apparence de leur bureau.<\/p>\n<h2 style=\"text-align: center;\">d\u00e8s 2976\u20ac TTC<\/h2>\n<h2 style=\"text-align: center;\"><span style=\"font-weight: normal;\">\u00e0 partir de 2480\u20ac HT<\/span><\/h2>\n<h3 style=\"text-align: center;\"><strong>Location t\u00e9l\u00e9travail<\/strong><\/h3>\n<p style=\"text-align: center;\">A partir de<\/p>\n<h2 style=\"text-align: center;\">99\u20ac HT\/mois<\/h2>\n<h3 style=\"text-align: center;\">Mat\u00e9riel certifi\u00e9<\/h3>\n<p><span><img decoding=\"async\" alt=\"\" data-id=\"1319\" width=\"150\" data-init-width=\"300\" height=\"60\" data-init-height=\"120\" title=\"marquage-ce-etl\" src=\"https:\/\/activup.net\/wp-content\/uploads\/2021\/03\/marquage-ce-etl-300x120.png\" data-width=\"150\" data-height=\"60\" style=\"\" loading=\"lazy\"><\/span><\/p>\n<h3 style=\"text-align: center;\">Paiement s\u00e9curis\u00e9<\/h3>\n<p><span><img decoding=\"async\" alt=\"\" data-id=\"1320\" width=\"150\" data-init-width=\"300\" height=\"60\" data-init-height=\"120\" title=\"pay-paiement-mixed\" src=\"https:\/\/activup.net\/wp-content\/uploads\/2021\/03\/pay-paiement-mixed-300x120.png\" data-width=\"150\" data-height=\"60\" style=\"\" loading=\"lazy\"><\/span><\/p>\n<h3 style=\"text-align: center;\">Livraison-Installation<\/h3>\n<p><span><img decoding=\"async\" alt=\"\" data-id=\"1362\" width=\"150\" data-init-width=\"500\" height=\"60\" data-init-height=\"200\" title=\"shipping-installation\" src=\"https:\/\/activup.net\/wp-content\/uploads\/2021\/03\/shipping-installation.png\" data-width=\"150\" data-height=\"60\" style=\"\" loading=\"lazy\"><\/span><\/p>\n<h2 style=\"text-align: center;\">Sp\u00e9cifications du Walking Desk \u00ab Easywalk \u00bb<\/h2>\n<p>Ensemble livr\u00e9 en 1 seul paquet de 140 L x 90 l x 33 H (cm), Poids 57 kg Roulettes frontales pour d\u00e9placement facilit\u00e9Inclus : le support console pour fixer la console (panneau de commande) sous le bureau.<\/p>\n<h3>Dimensions du tapis<\/h3>\n<p>Largeur : 63 cmLongueur : 120 cmSurface utile de marche : 45 x 110 cm<\/p>\n<h3>Dimensions du bureau<\/h3>\n<p>Hauteur maxi : 152 cmHauteur mini : 112 cmHauteur de la zone de marche : 18 cm<\/p>\n<p>Easywalk 120 : Largeur 1m20, Profondeur 80 cm&nbsp;<\/p>\n<p>Easywalk 90 : Largeur 90cm, Profondeur 50 cm Roulettes frontales pour de\u0301placement<\/p>\n<h3>Se\u0301curite\u0301 et entretien<\/h3>\n<p>Ne\u0301cessite une lubrification re\u0301gulie\u0300re<\/p>\n<p>Cordon de se\u0301curite\u0301<\/p>\n<h3>Confort d\u2019utilisation<\/h3>\n<p>Tre\u0300s silencieux : le\u0301ger souffle de 30dB a\u0300 2km\/h Absorption de chocs : mousse d&rsquo;amorti sous la bande<\/p>\n<p>Vitesse : re\u0301glable entre 1 et 8 km\/hUsage mode\u0301re\u0301 jusqu\u2019a\u0300 2 a\u0300 3h par jourPoids maximal supporte\u0301 : 110 kg<\/p>\n<h3>Console de contro\u0302le<\/h3>\n<p>Contro\u0302le et affichage avec interface digitale<\/p>\n<p>Affichage : pas, vitesse, dure\u0301e, distance parcourue, calories consomme\u0301es<\/p>\n<p>Re\u0301glage de la vitesse par bouton rotatif<\/p>\n<p>Application mobile connecte\u0301e en bluetooth pour Android et Apple iOS : permet de contro\u0302ler le tapis et de me\u0301moriser les sessions de marche.<\/p>\n<h2 style=\"text-align: center;\">Nos services \u00e0 valeur ajout\u00e9e<\/h2>\n<h3 style=\"text-align: center;\">Livraison\/Installation<\/h3>\n<p style=\"text-align: justify;\">Notre r\u00e9seau de prestataires en France et en Europe vous livrent et installent votre Walking Desk. \u2028 Vous n\u2019aurez plus qu\u2019\u00e0 travailler avec ! Possible pour les particuliers et les entreprises.<\/p>\n<h3 style=\"text-align: center;\">Formation\/Coaching<\/h3>\n<p style=\"text-align: justify;\">Travailler en marchant n\u2019est pas encore un r\u00e9flexe. D\u00e9clenchez l\u2019envie de marcher au bureau ! Coaching certifi\u00e9 ActivUP pour s\u00e9ance d\u2019initiation ou suivi des progr\u00e8s: sant\u00e9, bien-\u00eatre, perte de poids.&nbsp;<\/p>\n<h3 style=\"text-align: center;\">Conseil aux entreprises<\/h3>\n<p style=\"text-align: justify;\">ActivUP a plus de 250 entreprises dans 11 pays. B\u00e9n\u00e9ficiez de cette expertise pour optimiser l\u2019usage du Walking Desk.Visite de vos locaux, \u00e9changes avec vos \u00e9quipes, recommandation personnalis\u00e9e.<\/p>\n<p>__CONFIG_group_edit__{\u00ab\u00a0k7pw8e3c\u00a0\u00bb:{\u00ab\u00a0name\u00a0\u00bb:\u00a0\u00bbAll Image(s)\u00a0\u00bb,\u00a0\u00bbsingular\u00a0\u00bb:\u00a0\u00bb&#8211; Image %s\u00a0\u00bb},\u00a0\u00bbk7pw8ici\u00a0\u00bb:{\u00ab\u00a0name\u00a0\u00bb:\u00a0\u00bbAll Paragraph(s)\u00a0\u00bb,\u00a0\u00bbsingular\u00a0\u00bb:\u00a0\u00bb&#8211; Text %s\u00a0\u00bb},\u00a0\u00bbk7pw8xp2&Prime;:{\u00ab\u00a0name\u00a0\u00bb:\u00a0\u00bbAll Divider(s)\u00a0\u00bb,\u00a0\u00bbsingular\u00a0\u00bb:\u00a0\u00bb&#8211; Divider %s\u00a0\u00bb},\u00a0\u00bbk7pw91ms\u00a0\u00bb:{\u00ab\u00a0name\u00a0\u00bb:\u00a0\u00bbAll Name(s)\u00a0\u00bb,\u00a0\u00bbsingular\u00a0\u00bb:\u00a0\u00bb&#8211; Text %s\u00a0\u00bb},\u00a0\u00bbk7pw98l6&Prime;:{\u00ab\u00a0name\u00a0\u00bb:\u00a0\u00bbAll Symbol(s)\u00a0\u00bb,\u00a0\u00bbsingular\u00a0\u00bb:\u00a0\u00bb&#8211; Text %s\u00a0\u00bb},\u00a0\u00bbk7pw9rvq\u00a0\u00bb:{\u00ab\u00a0name\u00a0\u00bb:\u00a0\u00bbAll Image Column(s)\u00a0\u00bb,\u00a0\u00bbsingular\u00a0\u00bb:\u00a0\u00bb&#8211; Column %s\u00a0\u00bb},\u00a0\u00bbk7pw9xqt\u00a0\u00bb:{\u00ab\u00a0name\u00a0\u00bb:\u00a0\u00bbAll Text Column(s)\u00a0\u00bb,\u00a0\u00bbsingular\u00a0\u00bb:\u00a0\u00bb&#8211; Column %s\u00a0\u00bb},\u00a0\u00bbk7pwa2d2&Prime;:{\u00ab\u00a0name\u00a0\u00bb:\u00a0\u00bbAll Columns(s)\u00a0\u00bb,\u00a0\u00bbsingular\u00a0\u00bb:\u00a0\u00bb&#8211; Columns %s\u00a0\u00bb},\u00a0\u00bbk7pwa5a1&Prime;:{\u00ab\u00a0name\u00a0\u00bb:\u00a0\u00bbAll Content Box(s)\u00a0\u00bb,\u00a0\u00bbsingular\u00a0\u00bb:\u00a0\u00bb&#8211; Content Box %s\u00a0\u00bb},\u00a0\u00bbk7pwaoc6&Prime;:{\u00ab\u00a0name\u00a0\u00bb:\u00a0\u00bbAll Column(s)\u00a0\u00bb,\u00a0\u00bbsingular\u00a0\u00bb:\u00a0\u00bb&#8211; Column %s\u00a0\u00bb},\u00a0\u00bbk7pwar3z\u00a0\u00bb:{\u00ab\u00a0name\u00a0\u00bb:\u00a0\u00bbAll Columns(s)\u00a0\u00bb,\u00a0\u00bbsingular\u00a0\u00bb:\u00a0\u00bb&#8211; Columns %s\u00a0\u00bb}}__CONFIG_group_edit____CONFIG_local_colors__{\u00ab\u00a0colors\u00a0\u00bb:{\u00ab\u00a00e96c\u00a0\u00bb:\u00a0\u00bbPicton Blue\u00a0\u00bb},\u00a0\u00bbgradients\u00a0\u00bb:{}}__CONFIG_local_colors__<\/p>\n<h2 style=\"text-align: center;\">Ils aiment leur Walking Desk<\/h2>\n<p><span style=\"width: 100%\"><img decoding=\"async\" alt=\"\" title=\"Julien-Coulon-300sq\" data-id=\"257\" src=\"https:\/\/activup.net\/wp-content\/uploads\/2020\/05\/Julien-Coulon-300sq.jpg\" style=\"\" width=\"82\" height=\"82\" data-width=\"82\" data-height=\"82\" data-init-width=\"300\" data-init-height=\"300\" loading=\"lazy\"><\/span><\/p>\n<p style=\"text-align: center;\">\u201c<\/p>\n<p>Tous les jours, je suis heureux d&rsquo;avoir d\u00e9couvert le walking desk. 12km de r\u00e9unions par jour et une p\u00eache d&rsquo;enfer ! D\u00e9j\u00e0 8kg perdus, rien qu&rsquo;en marchant.<\/p>\n<h5>Julien Coulon, Directeur G\u00e9n\u00e9ral<\/h5>\n<p><span style=\"width: 100%\"><img decoding=\"async\" alt=\"\" title=\"arnaud-verin-1\" data-id=\"273\" src=\"https:\/\/activup.net\/wp-content\/uploads\/2020\/05\/arnaud-verin-1.jpg\" style=\"\" width=\"82\" height=\"82\" data-width=\"82\" data-height=\"82\" data-init-width=\"100\" data-init-height=\"100\" loading=\"lazy\"><\/span><\/p>\n<p style=\"text-align: center;\">\u201c<\/p>\n<p>Quand on s&rsquo;installe sur le Walking Desk, le plus \u00e9tonnant, c\u2019est qu\u2019on oublie totalement que l\u2019on marche, on est plus concentr\u00e9 sur le travail.<\/p>\n<h5>Arnaud V\u00e9rin, entrepreneur<\/h5>\n<p>__CONFIG_colors_palette__{\u00ab\u00a0active_palette\u00a0\u00bb:0,\u00a0\u00bbconfig\u00a0\u00bb:{\u00ab\u00a0colors\u00a0\u00bb:{\u00ab\u00a062516\u00a0\u00bb:{\u00ab\u00a0name\u00a0\u00bb:\u00a0\u00bbMain Accent\u00a0\u00bb,\u00a0\u00bbparent\u00a0\u00bb:-1}},\u00a0\u00bbgradients\u00a0\u00bb:[]},\u00a0\u00bbpalettes\u00a0\u00bb:[{\u00ab\u00a0name\u00a0\u00bb:\u00a0\u00bbDefault Palette\u00a0\u00bb,\u00a0\u00bbvalue\u00a0\u00bb:{\u00ab\u00a0colors\u00a0\u00bb:{\u00ab\u00a062516\u00a0\u00bb:{\u00ab\u00a0val\u00a0\u00bb:\u00a0\u00bbrgb(76, 168, 71)\u00a0\u00bb,\u00a0\u00bbhsl\u00a0\u00bb:{\u00ab\u00a0h\u00a0\u00bb:116,\u00a0\u00bbs\u00a0\u00bb:0.41,\u00a0\u00bbl\u00a0\u00bb:0.47}}},\u00a0\u00bbgradients\u00a0\u00bb:[]}}]}__CONFIG_colors_palette__ <a href=\"https:\/\/activup.net\/fr\/temoignages-walking-desk\/\" data-shortcode-id=\"45\" data-dynamic-link=\"thrive_global_fields_url\"><span>  <\/span> <span><span>Voir tous les t\u00e9moignages<\/span><\/span> <\/a><\/p>\n<h2 style=\"text-align: center;\"><strong> ActivUP, la r\u00e9f\u00e9rence du Walking Desk<\/strong><\/h2>\n<h3 style=\"text-align: center;\"><span style=\"\">Plus de 300 clients<\/span><\/h3>\n<p><span><img decoding=\"async\" alt=\"\" data-id=\"175\" width=\"350\" data-init-width=\"640\" height=\"197\" data-init-height=\"360\" title=\"references-clients-ActivUP-2020-640x360-1\" loading=\"lazy\" src=\"https:\/\/activup.net\/wp-content\/uploads\/2020\/05\/references-clients-ActivUP-2020-640x360-1.jpg\" data-width=\"350\" data-height=\"197\" style=\"\"><\/span><\/p>\n<h3 style=\"text-align: center;\">23 passages TV<\/h3>\n<p><span><a href=\"https:\/\/activup.net\/fr\/presse\/\" data-shortcode-id=\"27\" data-dynamic-link=\"thrive_global_fields_url\"><img decoding=\"async\" alt=\"\" data-id=\"176\" width=\"339\" data-init-width=\"640\" height=\"191\" data-init-height=\"360\" title=\"retombees-presse-640x360-1\" loading=\"lazy\" src=\"https:\/\/activup.net\/wp-content\/uploads\/2020\/05\/retombees-presse-640x360-1.jpg\" data-width=\"339\" data-height=\"191\" data-link-wrap=\"true\"><\/a><\/span><\/p>\n<h3 style=\"text-align: center;\">Une solution prim\u00e9e<\/h3>\n<p><span><a href=\"https:\/\/activup.net\/fr\/distinctions\/\" data-shortcode-id=\"28\" data-dynamic-link=\"thrive_global_fields_url\"><img decoding=\"async\" alt=\"\" data-id=\"174\" width=\"339\" data-init-width=\"640\" height=\"191\" data-init-height=\"360\" title=\"infographie-trophee-640x360\" loading=\"lazy\" src=\"https:\/\/activup.net\/wp-content\/uploads\/2020\/05\/infographie-trophee-640x360-1.jpg\" data-width=\"339\" data-height=\"191\" data-link-wrap=\"true\"><\/a><\/span><\/p>\n<h2>Acheter un Easywalk&nbsp;<\/h2>\n<ul>\n<li style=\"\"><span style=\"\">Plateau noir de <strong><span style=\"text-decoration: underline;\">120 x 80cm<\/span><\/strong> ou <strong><span style=\"text-decoration: underline;\">90x50cm<\/span><\/strong><\/span><\/li>\n<li style=\"\"><span style=\"\">Silencieux : moins de 40dB \u00e0 2km\/h<\/span><\/li>\n<li style=\"\"><span style=\"\">R\u00e9tractable<\/span><\/li>\n<li style=\"\"><span style=\"\">Tr\u00e8s compact : moins d&rsquo;un m\u00b2 au sol&nbsp;<\/span><\/li>\n<li style=\"\"><span style=\"\">Tr\u00e8s confortable : mousse amortissante<\/span><\/li>\n<li style=\"\"><span style=\"\">Hauteur r\u00e9glable \u00e9lectriquement&nbsp;<\/span><\/li>\n<\/ul>\n<h2 style=\"text-align: center;\">1656-2520\u20ac TTC<\/h2>\n<p style=\"text-align: center;\"><span style=\"font-weight: normal;\">1380-2100\u20ac HT<\/span><\/p>\n<p><span><img decoding=\"async\" alt=\"\" data-id=\"1345\" width=\"513\" data-init-width=\"600\" height=\"342\" data-init-height=\"400\" title=\"AU202ED-120-bas-iso-600x400\" src=\"https:\/\/activup.net\/wp-content\/uploads\/2021\/03\/AU202ED-120-bas-iso-600x400-1.jpg\" data-width=\"513\" data-height=\"342\" loading=\"lazy\"><\/span><\/p>\n<p>Convient pour un usage mod\u00e9r\u00e9 (2h par jour en moyenne). Le confort de marche est excellent avec une mousse sous la bande de roulement. Bien adapt\u00e9 aux petits espaces, salon ou chambre \u00e0 coucher, gr\u00e2ce \u00e0 son syst\u00e8me r\u00e9tractable : 1,4m\u00b2 au sol d\u00e9pli\u00e9, moins d&rsquo;un m\u00b2 quand il est r\u00e9tract\u00e9. Hauteur r\u00e9glable \u00e9lectriquement jusqu\u2019\u00e0 1m50, pour des utilisateurs mesurant jusqu&rsquo;\u00e0 1m90.<\/p>\n","protected":false},"excerpt":{"rendered":"<p>Easywalk Walking Desk pour les TPE, les ind\u00e9pendants et les particuliers Bureau noir de 120x80cm ou 90x50cm Silencieux : moins de 40dB \u00e0 2km\/h R\u00e9tractable Tr\u00e8s compact : moins d&rsquo;un m\u00b2 au sol&nbsp; Tr\u00e8s confortable : mousse amortissante Hauteur r\u00e9glable \u00e9lectriquement&nbsp; Convient pour un usage mod\u00e9r\u00e9 (2 \u00e0 3h par jour en moyenne). Le confort [&hellip;]<\/p>\n","protected":false},"author":4,"featured_media":0,"parent":424,"menu_order":0,"comment_status":"closed","ping_status":"closed","template":"","meta":{"_seopress_robots_primary_cat":"","_seopress_titles_title":"","_seopress_titles_desc":"","_seopress_robots_index":"","bwfblock_default_font":"","footnotes":""},"wf_page_folders":[82,69],"class_list":["post-1305","page","type-page","status-publish","hentry","post-wrapper","thrv_wrapper"],"_links":{"self":[{"href":"https:\/\/activup.net\/fr\/wp-json\/wp\/v2\/pages\/1305","targetHints":{"allow":["GET"]}}],"collection":[{"href":"https:\/\/activup.net\/fr\/wp-json\/wp\/v2\/pages"}],"about":[{"href":"https:\/\/activup.net\/fr\/wp-json\/wp\/v2\/types\/page"}],"author":[{"embeddable":true,"href":"https:\/\/activup.net\/fr\/wp-json\/wp\/v2\/users\/4"}],"replies":[{"embeddable":true,"href":"https:\/\/activup.net\/fr\/wp-json\/wp\/v2\/comments?post=1305"}],"version-history":[{"count":82,"href":"https:\/\/activup.net\/fr\/wp-json\/wp\/v2\/pages\/1305\/revisions"}],"predecessor-version":[{"id":13618,"href":"https:\/\/activup.net\/fr\/wp-json\/wp\/v2\/pages\/1305\/revisions\/13618"}],"up":[{"embeddable":true,"href":"https:\/\/activup.net\/fr\/wp-json\/wp\/v2\/pages\/424"}],"wp:attachment":[{"href":"https:\/\/activup.net\/fr\/wp-json\/wp\/v2\/media?parent=1305"}],"wp:term":[{"taxonomy":"wf_page_folders","embeddable":true,"href":"https:\/\/activup.net\/fr\/wp-json\/wp\/v2\/wf_page_folders?post=1305"}],"curies":[{"name":"wp","href":"https:\/\/api.w.org\/{rel}","templated":true}]}}