{"id":13534,"date":"2023-05-26T16:13:49","date_gmt":"2023-05-26T14:13:49","guid":{"rendered":"https:\/\/activupnet.eu2.copilhost.cloud\/?page_id=13534"},"modified":"2023-05-30T15:35:10","modified_gmt":"2023-05-30T13:35:10","slug":"max","status":"publish","type":"page","link":"https:\/\/activup.net\/fr\/acheter-walking-desk\/easywalk\/max\/","title":{"rendered":"Easywalk Max \u2013 Walking Desk &#8211; TPE et domicile"},"content":{"rendered":"<h1 style=\"text-align: center;\">Easywalk Max<\/h1>\n<p style=\"text-align: center;\">Walking Desk avec bureau premium<\/p>\n<p><span><img decoding=\"async\" alt=\"\" data-id=\"11303\" width=\"161\" data-init-width=\"300\" height=\"300\" data-init-height=\"300\" title=\"EW-TBM090-Iso\" src=\"https:\/\/activup.net\/wp-content\/uploads\/2023\/03\/EW-TBM090-Iso-300x300.jpg\" data-width=\"161\" style=\"\" loading=\"lazy\"><\/span><span><img decoding=\"async\" alt=\"\" data-id=\"11307\" width=\"161\" data-init-width=\"1000\" height=\"1000\" data-init-height=\"1000\" title=\"EW-TBM120-Iso\" src=\"https:\/\/activup.net\/wp-content\/uploads\/2023\/03\/EW-TBM120-Iso.jpg\" data-width=\"161\" loading=\"lazy\"><\/span><span><img decoding=\"async\" alt=\"\" data-id=\"11311\" width=\"161\" data-init-width=\"1000\" height=\"1000\" data-init-height=\"1000\" title=\"EW-TBM190-Iso\" src=\"https:\/\/activup.net\/wp-content\/uploads\/2023\/03\/EW-TBM190-Iso.jpg\" data-width=\"161\" loading=\"lazy\"><\/span><span><img decoding=\"async\" alt=\"\" data-id=\"11315\" width=\"161\" data-init-width=\"1000\" height=\"1000\" data-init-height=\"1000\" title=\"EW-TML090-Iso\" src=\"https:\/\/activup.net\/wp-content\/uploads\/2023\/03\/EW-TML090-Iso.jpg\" data-width=\"161\" loading=\"lazy\"><\/span><span><img decoding=\"async\" alt=\"\" data-id=\"11319\" width=\"161\" data-init-width=\"1000\" height=\"1000\" data-init-height=\"1000\" title=\"EW-TML120-Iso\" src=\"https:\/\/activup.net\/wp-content\/uploads\/2023\/03\/EW-TML120-Iso.jpg\" data-width=\"161\" loading=\"lazy\"><\/span><span><img decoding=\"async\" alt=\"\" data-id=\"11323\" width=\"161\" data-init-width=\"1000\" height=\"1000\" data-init-height=\"1000\" title=\"EW-TML190-Iso\" src=\"https:\/\/activup.net\/wp-content\/uploads\/2023\/03\/EW-TML190-Iso.jpg\" data-width=\"161\" loading=\"lazy\"><\/span><\/p>\n<ul>\n<li style=\"\"><span style=\"\">Bureau de largeur 90 cm, 1 m 20 ou 1 m 90<\/span><\/li>\n<li><span>Profondeur 80 cm<\/span><\/li>\n<li style=\"\"><span style=\"\">Silencieux : moins de 40dB \u00e0 2km\/h<\/span><\/li>\n<li style=\"\"><span style=\"\">Tr\u00e8s confortable : mousse amortissante<\/span><\/li>\n<li style=\"\"><span style=\"\">Hauteur r\u00e9glable \u00e9lectriquement&nbsp;<\/span><\/li>\n<\/ul>\n<h2 style=\"text-align: center;\">3144\u20ac \u00e0 4284\u20ac TTC<\/h2>\n<h2 style=\"text-align: center;\"><span style=\"font-weight: normal;\">2620\u20ac \u00e0 3570\u20ac HT<\/span><\/h2>\n<p>Convient pour un usage mod\u00e9r\u00e9 (2 \u00e0 3h par jour en moyenne). Le confort de marche est excellent avec une mousse sous la bande de roulement.<\/p>\n<p>Bien adapt\u00e9 au bureau et au domicile. Hauteur r\u00e9glable \u00e9lectriquement jusqu\u2019\u00e0 1m50, pour des utilisateurs mesurant jusqu&rsquo;\u00e0 1m90.<\/p>\n<p>Plateau en 3 largeurs et 2 finitions (bois massif avec chant aile d&rsquo;avion et m\u00e9lamin\u00e9 blanc)<\/p>\n<p style=\"text-align: center;\">La marche au bureau sur un walking desk est un tr\u00e8s bon moyen de marcher tous les jours sans y consacrer de temps. Pendant que vous marchez sur le tapis roulant, vous pouvez t\u00e9l\u00e9phoner, r\u00e9diger vos mails, faire des r\u00e9unions, r\u00e9aliser des documents word ou powerpoint.<\/p>\n<ul>\n<li><span style=\"\">Votre surpoids envol\u00e9<\/span><\/li>\n<\/ul>\n<ul>\n<li><span style=\"\">Votre Energie retrouv\u00e9e<\/span><\/li>\n<\/ul>\n<ul>\n<li><span style=\"\"><span style=\"\">VOTRE<\/span> efficacit\u00e9 d\u00e9cupl\u00e9e<\/span><\/li>\n<\/ul>\n<h2 style=\"text-align: center;\">Finition bois massif avec chant en aile d&rsquo;avion<\/h2>\n<h3 style=\"text-align: center;\"><strong>Bois massif 90<\/strong><\/h3>\n<p style=\"text-align: center;\">Bureau 90cmx80cm<\/p>\n<p><span><img decoding=\"async\" alt=\"\" data-id=\"11303\" width=\"337\" data-init-width=\"1000\" height=\"1000\" data-init-height=\"1000\" title=\"EW-TBM090-Iso\" src=\"https:\/\/activup.net\/wp-content\/uploads\/2023\/03\/EW-TBM090-Iso.jpg\" data-width=\"337\" style=\"\" loading=\"lazy\"><\/span><\/p>\n<h2 style=\"text-align: center;\">3744\u20ac TTC<\/h2>\n<h2 style=\"text-align: center;\"><span style=\"font-weight: normal;\">3120\u20ac HT<\/span><\/h2>\n<h3 style=\"text-align: center;\"><strong>Location t\u00e9l\u00e9travail<\/strong><\/h3>\n<p style=\"text-align: center;\">A partir de<\/p>\n<h2 style=\"text-align: center;\">120\u20ac HT\/mois<\/h2>\n<h3 style=\"text-align: center;\"><strong>Bois massif 120<\/strong><\/h3>\n<p style=\"text-align: center;\">Bureau 1m20x80cm<\/p>\n<p><span><img decoding=\"async\" alt=\"\" data-id=\"11307\" width=\"337\" data-init-width=\"1000\" height=\"1000\" data-init-height=\"1000\" title=\"EW-TBM120-Iso\" src=\"https:\/\/activup.net\/wp-content\/uploads\/2023\/03\/EW-TBM120-Iso.jpg\" data-width=\"337\" style=\"\" loading=\"lazy\"><\/span><\/p>\n<h2 style=\"text-align: center;\">3804\u20ac TTC<\/h2>\n<h2 style=\"text-align: center;\"><span style=\"font-weight: normal;\">3170\u20ac HT<\/span><\/h2>\n<h3 style=\"text-align: center;\"><strong>Location t\u00e9l\u00e9travail<\/strong><\/h3>\n<p style=\"text-align: center;\">A partir de<\/p>\n<h2 style=\"text-align: center;\">121\u20ac HT\/mois<\/h2>\n<h3 style=\"text-align: center;\"><strong>Bois massif 190<\/strong><\/h3>\n<p style=\"text-align: center;\">Bureau 1m90x80cm<\/p>\n<p><span><img decoding=\"async\" alt=\"\" data-id=\"11311\" width=\"337\" data-init-width=\"1000\" height=\"1000\" data-init-height=\"1000\" title=\"EW-TBM190-Iso\" src=\"https:\/\/activup.net\/wp-content\/uploads\/2023\/03\/EW-TBM190-Iso.jpg\" data-width=\"337\" style=\"\" loading=\"lazy\"><\/span><\/p>\n<h2 style=\"text-align: center;\">4284\u20ac TTC<\/h2>\n<h2 style=\"text-align: center;\"><span style=\"font-weight: normal;\">3570\u20ac HT<\/span><\/h2>\n<h3 style=\"text-align: center;\"><strong>Location t\u00e9l\u00e9travail<\/strong><\/h3>\n<p style=\"text-align: center;\">A partir de<\/p>\n<h2 style=\"text-align: center;\">136\u20ac HT\/mois<\/h2>\n<h2 style=\"text-align: center;\">Finition standard m\u00e9lamin\u00e9 blanc<\/h2>\n<h3 style=\"text-align: center;\"><strong>M\u00e9lamin\u00e9 90<\/strong><\/h3>\n<p style=\"text-align: center;\">Bureau 90cmx80cm<\/p>\n<p><span><img decoding=\"async\" alt=\"\" data-id=\"11315\" width=\"337\" data-init-width=\"1000\" height=\"1000\" data-init-height=\"1000\" title=\"EW-TML090-Iso\" src=\"https:\/\/activup.net\/wp-content\/uploads\/2023\/03\/EW-TML090-Iso.jpg\" data-width=\"337\" style=\"\" loading=\"lazy\"><\/span><\/p>\n<h2 style=\"text-align: center;\">3144\u20ac TTC<\/h2>\n<h2 style=\"text-align: center;\"><span style=\"font-weight: normal;\">2620\u20ac HT<\/span><\/h2>\n<h3 style=\"text-align: center;\"><strong>Location t\u00e9l\u00e9travail<\/strong><\/h3>\n<p style=\"text-align: center;\">A partir de<\/p>\n<h2 style=\"text-align: center;\">102\u20ac HT\/mois<\/h2>\n<h3 style=\"text-align: center;\"><strong>M\u00e9lamin\u00e9 120<\/strong><\/h3>\n<p style=\"text-align: center;\">Bureau 1m20x80cm<\/p>\n<p><span><img decoding=\"async\" alt=\"\" data-id=\"11319\" width=\"337\" data-init-width=\"1000\" height=\"1000\" data-init-height=\"1000\" title=\"EW-TML120-Iso\" src=\"https:\/\/activup.net\/wp-content\/uploads\/2023\/03\/EW-TML120-Iso.jpg\" data-width=\"337\" style=\"\" loading=\"lazy\"><\/span><\/p>\n<h2 style=\"text-align: center;\">3204\u20ac TTC<\/h2>\n<h2 style=\"text-align: center;\"><span style=\"font-weight: normal;\">2670\u20ac HT<\/span><\/h2>\n<h3 style=\"text-align: center;\"><strong>Location t\u00e9l\u00e9travail<\/strong><\/h3>\n<p style=\"text-align: center;\">A partir de<\/p>\n<h2 style=\"text-align: center;\">104\u20ac HT\/mois<\/h2>\n<h3 style=\"text-align: center;\"><strong>M\u00e9lamin\u00e9 190<\/strong><\/h3>\n<p style=\"text-align: center;\">Bureau 1m90x80cm<\/p>\n<p><span><img decoding=\"async\" alt=\"\" data-id=\"11323\" width=\"337\" data-init-width=\"1000\" height=\"1000\" data-init-height=\"1000\" title=\"EW-TML190-Iso\" src=\"https:\/\/activup.net\/wp-content\/uploads\/2023\/03\/EW-TML190-Iso.jpg\" data-width=\"337\" style=\"\" loading=\"lazy\"><\/span><\/p>\n<h2 style=\"text-align: center;\">3444\u20ac TTC<\/h2>\n<h2 style=\"text-align: center;\"><span style=\"font-weight: normal;\">2870\u20ac HT<\/span><\/h2>\n<h3 style=\"text-align: center;\"><strong>Location t\u00e9l\u00e9travail<\/strong><\/h3>\n<p style=\"text-align: center;\">A partir de<\/p>\n<h2 style=\"text-align: center;\">111\u20ac HT\/mois<\/h2>\n<h2 style=\"text-align: center;\">Voir aussi les offres Easywalk Standard &amp; Entreprise<\/h2>\n<h3 style=\"text-align: center;\"><strong>Easywalk Compact<\/strong><\/h3>\n<p><span><img decoding=\"async\" alt=\"\" data-id=\"1464\" width=\"194\" data-init-width=\"1000\" height=\"1000\" data-init-height=\"1000\" title=\"Easywalk-120-haut-iso-1000\" src=\"https:\/\/activup.net\/wp-content\/uploads\/2021\/11\/Easywalk-120-haut-iso-1000.jpg\" data-width=\"194\" style=\"\" loading=\"lazy\"><\/span><\/p>\n<h3 style=\"text-align: center;\"><strong>Easywalk Solo<\/strong><\/h3>\n<p><span><img decoding=\"async\" alt=\"\" data-id=\"11379\" width=\"194\" data-init-width=\"1000\" height=\"1000\" data-init-height=\"1000\" title=\"AU202UD-iso\" src=\"https:\/\/activup.net\/wp-content\/uploads\/2023\/03\/EW-SOLO-Iso.jpg\" data-width=\"194\" style=\"\" loading=\"lazy\"><\/span><\/p>\n<h3 style=\"text-align: center;\"><strong>Entreprise<\/strong><\/h3>\n<p><span><img decoding=\"async\" alt=\"\" data-id=\"11230\" width=\"194\" data-init-width=\"1000\" height=\"1000\" data-init-height=\"1000\" title=\"SW-TBM120_Iso\" src=\"https:\/\/activup.net\/wp-content\/uploads\/2023\/03\/SW-TBM120_Iso.jpg\" data-width=\"194\" style=\"\" loading=\"lazy\"><\/span><\/p>\n<h3 style=\"text-align: center;\">Mat\u00e9riel certifi\u00e9<\/h3>\n<p><span><img decoding=\"async\" alt=\"\" data-id=\"1319\" width=\"150\" data-init-width=\"300\" height=\"60\" data-init-height=\"120\" title=\"marquage-ce-etl\" src=\"https:\/\/activup.net\/wp-content\/uploads\/2021\/03\/marquage-ce-etl-300x120.png\" data-width=\"150\" data-height=\"60\" style=\"\" loading=\"lazy\"><\/span><\/p>\n<h3 style=\"text-align: center;\">Paiement s\u00e9curis\u00e9<\/h3>\n<p><span><img decoding=\"async\" alt=\"\" data-id=\"1320\" width=\"150\" data-init-width=\"300\" height=\"60\" data-init-height=\"120\" title=\"pay-paiement-mixed\" src=\"https:\/\/activup.net\/wp-content\/uploads\/2021\/03\/pay-paiement-mixed-300x120.png\" data-width=\"150\" data-height=\"60\" style=\"\" loading=\"lazy\"><\/span><\/p>\n<h3 style=\"text-align: center;\">Livraison-Installation<\/h3>\n<p><span><img decoding=\"async\" alt=\"\" data-id=\"1362\" width=\"150\" data-init-width=\"500\" height=\"60\" data-init-height=\"200\" title=\"shipping-installation\" src=\"https:\/\/activup.net\/wp-content\/uploads\/2021\/03\/shipping-installation.png\" data-width=\"150\" data-height=\"60\" style=\"\" loading=\"lazy\"><\/span><\/p>\n<h2 style=\"text-align: center;\">Sp\u00e9cifications du Walking Desk \u00ab Easywalk \u00bb<\/h2>\n<p>Ensemble livr\u00e9 en 1 seul paquet de 140 L x 90 l x 33 H (cm), Poids 57 kg Roulettes frontales pour d\u00e9placement facilit\u00e9Inclus : le support console pour fixer la console (panneau de commande) sous le bureau.<\/p>\n<h3>Dimensions du tapis<\/h3>\n<p>Largeur : 63 cmLongueur : 120 cmSurface utile de marche : 45 x 110 cm<\/p>\n<p>Roulettes frontales pour de\u0301placement<\/p>\n<\/p>\n<h3>Dimensions du bureau<\/h3>\n<p>Hauteur maxi : 152 cmHauteur mini : 112 cmHauteur de la zone de marche : 18 cm<\/p>\n<p>Profondeur du plateau 80 cm&nbsp;<\/p>\n<p>3 largeurs 90 cm, 1 m 20, 1 m 90 2 finitions (bois massif avec chant aile d&rsquo;avion, et m\u00e9lamin\u00e9 blanc)<\/p>\n<\/p>\n<h3>Se\u0301curite\u0301 et entretien<\/h3>\n<p>Ne\u0301cessite une lubrification re\u0301gulie\u0300re<\/p>\n<p>Cordon de se\u0301curite\u0301<\/p>\n<h3>Confort d\u2019utilisation<\/h3>\n<p>Tre\u0300s silencieux : le\u0301ger souffle de 30dB a\u0300 2km\/h Absorption de chocs : mousse d&rsquo;amorti sous la bande<\/p>\n<p>Vitesse : re\u0301glable entre 1 et 8 km\/hUsage mode\u0301re\u0301 jusqu\u2019a\u0300 2 a\u0300 3h par jourPoids maximal supporte\u0301 : 110 kg<\/p>\n<\/p>\n<h3>Console de contro\u0302le<\/h3>\n<p>Contro\u0302le et affichage avec interface digitale<\/p>\n<p>Affichage : pas, vitesse, dure\u0301e, distance parcourue, calories consomme\u0301es<\/p>\n<p>Re\u0301glage de la vitesse par bouton rotatif<\/p>\n<\/p>\n<p>Application mobile connecte\u0301e en bluetooth pour Android et Apple iOS : permet de contro\u0302ler le tapis et de me\u0301moriser les sessions de marche.<\/p>\n<h2 style=\"text-align: center;\">Nos services \u00e0 valeur ajout\u00e9e<\/h2>\n<h3 style=\"text-align: center;\">Livraison\/Installation<\/h3>\n<p style=\"text-align: justify;\">Notre r\u00e9seau de prestataires en France et en Europe vous livrent et installent votre Walking Desk. \u2028 Vous n\u2019aurez plus qu\u2019\u00e0 travailler avec ! Possible pour les particuliers et les entreprises.<\/p>\n<h3 style=\"text-align: center;\">Formation\/Coaching<\/h3>\n<p style=\"text-align: justify;\">Travailler en marchant n\u2019est pas encore un r\u00e9flexe. D\u00e9clenchez l\u2019envie de marcher au bureau ! Coaching certifi\u00e9 ActivUP pour s\u00e9ance d\u2019initiation ou suivi des progr\u00e8s: sant\u00e9, bien-\u00eatre, perte de poids.&nbsp;<\/p>\n<h3 style=\"text-align: center;\">Conseil aux entreprises<\/h3>\n<p style=\"text-align: justify;\">ActivUP a plus de 250 entreprises dans 11 pays. B\u00e9n\u00e9ficiez de cette expertise pour optimiser l\u2019usage du Walking Desk.Visite de vos locaux, \u00e9changes avec vos \u00e9quipes, recommandation personnalis\u00e9e.<\/p>\n<p>__CONFIG_group_edit__{\u00ab\u00a0k7pw8e3c\u00a0\u00bb:{\u00ab\u00a0name\u00a0\u00bb:\u00a0\u00bbAll Image(s)\u00a0\u00bb,\u00a0\u00bbsingular\u00a0\u00bb:\u00a0\u00bb&#8211; Image %s\u00a0\u00bb},\u00a0\u00bbk7pw8ici\u00a0\u00bb:{\u00ab\u00a0name\u00a0\u00bb:\u00a0\u00bbAll Paragraph(s)\u00a0\u00bb,\u00a0\u00bbsingular\u00a0\u00bb:\u00a0\u00bb&#8211; Text %s\u00a0\u00bb},\u00a0\u00bbk7pw8xp2&Prime;:{\u00ab\u00a0name\u00a0\u00bb:\u00a0\u00bbAll Divider(s)\u00a0\u00bb,\u00a0\u00bbsingular\u00a0\u00bb:\u00a0\u00bb&#8211; Divider %s\u00a0\u00bb},\u00a0\u00bbk7pw91ms\u00a0\u00bb:{\u00ab\u00a0name\u00a0\u00bb:\u00a0\u00bbAll Name(s)\u00a0\u00bb,\u00a0\u00bbsingular\u00a0\u00bb:\u00a0\u00bb&#8211; Text %s\u00a0\u00bb},\u00a0\u00bbk7pw98l6&Prime;:{\u00ab\u00a0name\u00a0\u00bb:\u00a0\u00bbAll Symbol(s)\u00a0\u00bb,\u00a0\u00bbsingular\u00a0\u00bb:\u00a0\u00bb&#8211; Text %s\u00a0\u00bb},\u00a0\u00bbk7pw9rvq\u00a0\u00bb:{\u00ab\u00a0name\u00a0\u00bb:\u00a0\u00bbAll Image Column(s)\u00a0\u00bb,\u00a0\u00bbsingular\u00a0\u00bb:\u00a0\u00bb&#8211; Column %s\u00a0\u00bb},\u00a0\u00bbk7pw9xqt\u00a0\u00bb:{\u00ab\u00a0name\u00a0\u00bb:\u00a0\u00bbAll Text Column(s)\u00a0\u00bb,\u00a0\u00bbsingular\u00a0\u00bb:\u00a0\u00bb&#8211; Column %s\u00a0\u00bb},\u00a0\u00bbk7pwa2d2&Prime;:{\u00ab\u00a0name\u00a0\u00bb:\u00a0\u00bbAll Columns(s)\u00a0\u00bb,\u00a0\u00bbsingular\u00a0\u00bb:\u00a0\u00bb&#8211; Columns %s\u00a0\u00bb},\u00a0\u00bbk7pwa5a1&Prime;:{\u00ab\u00a0name\u00a0\u00bb:\u00a0\u00bbAll Content Box(s)\u00a0\u00bb,\u00a0\u00bbsingular\u00a0\u00bb:\u00a0\u00bb&#8211; Content Box %s\u00a0\u00bb},\u00a0\u00bbk7pwaoc6&Prime;:{\u00ab\u00a0name\u00a0\u00bb:\u00a0\u00bbAll Column(s)\u00a0\u00bb,\u00a0\u00bbsingular\u00a0\u00bb:\u00a0\u00bb&#8211; Column %s\u00a0\u00bb},\u00a0\u00bbk7pwar3z\u00a0\u00bb:{\u00ab\u00a0name\u00a0\u00bb:\u00a0\u00bbAll Columns(s)\u00a0\u00bb,\u00a0\u00bbsingular\u00a0\u00bb:\u00a0\u00bb&#8211; Columns %s\u00a0\u00bb}}__CONFIG_group_edit____CONFIG_local_colors__{\u00ab\u00a0colors\u00a0\u00bb:{\u00ab\u00a00e96c\u00a0\u00bb:\u00a0\u00bbPicton Blue\u00a0\u00bb},\u00a0\u00bbgradients\u00a0\u00bb:{}}__CONFIG_local_colors__  <\/p>\n<h2 style=\"text-align: center;\">Ils aiment leur Walking Desk<\/h2>\n<p>  <span style=\"width: 100%\"><img decoding=\"async\" alt=\"\" title=\"Julien-Coulon-300sq\" data-id=\"257\" src=\"https:\/\/activup.net\/wp-content\/uploads\/2020\/05\/Julien-Coulon-300sq.jpg\" style=\"\" width=\"82\" height=\"82\" data-width=\"82\" data-height=\"82\" data-init-width=\"300\" data-init-height=\"300\" loading=\"lazy\"><\/span><\/p>\n<p style=\"text-align: center;\">\u201c<\/p>\n<p>Tous les jours, je suis heureux d&rsquo;avoir d\u00e9couvert le walking desk. 12km de r\u00e9unions par jour et une p\u00eache d&rsquo;enfer ! D\u00e9j\u00e0 8kg perdus, rien qu&rsquo;en marchant.<\/p>\n<h5>Julien Coulon, Directeur G\u00e9n\u00e9ral<\/h5>\n<p>    <span style=\"width: 100%\"><img decoding=\"async\" alt=\"\" title=\"arnaud-verin-1\" data-id=\"273\" src=\"https:\/\/activup.net\/wp-content\/uploads\/2020\/05\/arnaud-verin-1.jpg\" style=\"\" width=\"82\" height=\"82\" data-width=\"82\" data-height=\"82\" data-init-width=\"100\" data-init-height=\"100\" loading=\"lazy\"><\/span><\/p>\n<p style=\"text-align: center;\">\u201c<\/p>\n<p>Quand on s&rsquo;installe sur le Walking Desk, le plus \u00e9tonnant, c\u2019est qu\u2019on oublie totalement que l\u2019on marche, on est plus concentr\u00e9 sur le travail.<\/p>\n<h5>Arnaud V\u00e9rin, entrepreneur<\/h5>\n<p>  __CONFIG_colors_palette__{\u00ab\u00a0active_palette\u00a0\u00bb:0,\u00a0\u00bbconfig\u00a0\u00bb:{\u00ab\u00a0colors\u00a0\u00bb:{\u00ab\u00a062516\u00a0\u00bb:{\u00ab\u00a0name\u00a0\u00bb:\u00a0\u00bbMain Accent\u00a0\u00bb,\u00a0\u00bbparent\u00a0\u00bb:-1}},\u00a0\u00bbgradients\u00a0\u00bb:[]},\u00a0\u00bbpalettes\u00a0\u00bb:[{\u00ab\u00a0name\u00a0\u00bb:\u00a0\u00bbDefault Palette\u00a0\u00bb,\u00a0\u00bbvalue\u00a0\u00bb:{\u00ab\u00a0colors\u00a0\u00bb:{\u00ab\u00a062516\u00a0\u00bb:{\u00ab\u00a0val\u00a0\u00bb:\u00a0\u00bbrgb(76, 168, 71)\u00a0\u00bb,\u00a0\u00bbhsl\u00a0\u00bb:{\u00ab\u00a0h\u00a0\u00bb:116,\u00a0\u00bbs\u00a0\u00bb:0.41,\u00a0\u00bbl\u00a0\u00bb:0.47}}},\u00a0\u00bbgradients\u00a0\u00bb:[]}}]}__CONFIG_colors_palette__ <a href=\"https:\/\/activup.net\/fr\/temoignages-walking-desk\/\" data-shortcode-id=\"45\" data-dynamic-link=\"thrive_global_fields_url\"><span>  <\/span> <span><span>Voir tous les t\u00e9moignages<\/span><\/span> <\/a>    <\/p>\n<h2 style=\"text-align: center;\"><strong> ActivUP, la r\u00e9f\u00e9rence du Walking Desk<\/strong><\/h2>\n<h3 style=\"text-align: center;\"><span style=\"\">Plus de 300 clients<\/span><\/h3>\n<p><span><img decoding=\"async\" alt=\"\" data-id=\"175\" width=\"350\" data-init-width=\"640\" height=\"197\" data-init-height=\"360\" title=\"references-clients-ActivUP-2020-640x360-1\" loading=\"lazy\" src=\"https:\/\/activup.net\/wp-content\/uploads\/2020\/05\/references-clients-ActivUP-2020-640x360-1.jpg\" data-width=\"350\" data-height=\"197\" style=\"\"><\/span><\/p>\n<h3 style=\"text-align: center;\">23 passages TV<\/h3>\n<p><span><a href=\"https:\/\/activup.net\/fr\/presse\/\" data-shortcode-id=\"27\" data-dynamic-link=\"thrive_global_fields_url\"><img decoding=\"async\" alt=\"\" data-id=\"176\" width=\"339\" data-init-width=\"640\" height=\"191\" data-init-height=\"360\" title=\"retombees-presse-640x360-1\" loading=\"lazy\" src=\"https:\/\/activup.net\/wp-content\/uploads\/2020\/05\/retombees-presse-640x360-1.jpg\" data-width=\"339\" data-height=\"191\" data-link-wrap=\"true\"><\/a><\/span><\/p>\n<h3 style=\"text-align: center;\">Une solution prim\u00e9e<\/h3>\n<p><span><a href=\"https:\/\/activup.net\/fr\/distinctions\/\" data-shortcode-id=\"28\" data-dynamic-link=\"thrive_global_fields_url\"><img decoding=\"async\" alt=\"\" data-id=\"174\" width=\"339\" data-init-width=\"640\" height=\"191\" data-init-height=\"360\" title=\"infographie-trophee-640x360\" loading=\"lazy\" src=\"https:\/\/activup.net\/wp-content\/uploads\/2020\/05\/infographie-trophee-640x360-1.jpg\" data-width=\"339\" data-height=\"191\" data-link-wrap=\"true\"><\/a><\/span> <\/p>\n","protected":false},"excerpt":{"rendered":"<p>Easywalk Max Walking Desk avec bureau premium Bureau de largeur 90 cm, 1 m 20 ou 1 m 90 Profondeur 80 cm Silencieux : moins de 40dB \u00e0 2km\/h Tr\u00e8s confortable : mousse amortissante Hauteur r\u00e9glable \u00e9lectriquement&nbsp; 3144\u20ac \u00e0 4284\u20ac TTC 2620\u20ac \u00e0 3570\u20ac HT Convient pour un usage mod\u00e9r\u00e9 (2 \u00e0 3h par jour [&hellip;]<\/p>\n","protected":false},"author":4,"featured_media":0,"parent":1305,"menu_order":0,"comment_status":"closed","ping_status":"closed","template":"","meta":{"_seopress_robots_primary_cat":"","_seopress_titles_title":"","_seopress_titles_desc":"","_seopress_robots_index":"","bwfblock_default_font":"","footnotes":""},"wf_page_folders":[69],"class_list":["post-13534","page","type-page","status-publish","hentry","post-wrapper","thrv_wrapper"],"_links":{"self":[{"href":"https:\/\/activup.net\/fr\/wp-json\/wp\/v2\/pages\/13534","targetHints":{"allow":["GET"]}}],"collection":[{"href":"https:\/\/activup.net\/fr\/wp-json\/wp\/v2\/pages"}],"about":[{"href":"https:\/\/activup.net\/fr\/wp-json\/wp\/v2\/types\/page"}],"author":[{"embeddable":true,"href":"https:\/\/activup.net\/fr\/wp-json\/wp\/v2\/users\/4"}],"replies":[{"embeddable":true,"href":"https:\/\/activup.net\/fr\/wp-json\/wp\/v2\/comments?post=13534"}],"version-history":[{"count":10,"href":"https:\/\/activup.net\/fr\/wp-json\/wp\/v2\/pages\/13534\/revisions"}],"predecessor-version":[{"id":13614,"href":"https:\/\/activup.net\/fr\/wp-json\/wp\/v2\/pages\/13534\/revisions\/13614"}],"up":[{"embeddable":true,"href":"https:\/\/activup.net\/fr\/wp-json\/wp\/v2\/pages\/1305"}],"wp:attachment":[{"href":"https:\/\/activup.net\/fr\/wp-json\/wp\/v2\/media?parent=13534"}],"wp:term":[{"taxonomy":"wf_page_folders","embeddable":true,"href":"https:\/\/activup.net\/fr\/wp-json\/wp\/v2\/wf_page_folders?post=13534"}],"curies":[{"name":"wp","href":"https:\/\/api.w.org\/{rel}","templated":true}]}}