{"id":14086,"date":"2023-06-11T09:01:37","date_gmt":"2023-06-11T07:01:37","guid":{"rendered":"https:\/\/activupnet.eu2.copilhost.cloud\/?page_id=14086"},"modified":"2023-07-12T23:36:46","modified_gmt":"2023-07-12T21:36:46","slug":"maigriraubureau-dirigeants","status":"publish","type":"page","link":"https:\/\/activup.net\/fr\/webinaires\/maigriraubureau-dirigeants\/","title":{"rendered":"Webinaire \u00ab Maigrir au bureau \u00bb Live-lp"},"content":{"rendered":"<p style=\"text-align: center; font-size: 32px;\"><strong>Webinaire \u00ab<\/strong>Maigrir au bureau\u00bb<\/p>\n<h2 style=\"text-align: center;\"><span data-shortcode=\"thrive_global_fields\" data-shortcode-name=\"[Dates] Date Webinaire MAB - Full\" data-extra_key=\"6\" data-attr-id=\"60\" data-option-inline=\"1\">Jeudi 22 juin \u00e0 13h<\/span><\/h2>\n<p>                    <span style=\"width: 100%;\"><img decoding=\"async\" alt=\"\" width=\"164\" height=\"137\" title=\"MarcThouvenin-200portraits-trfl\" data-id=\"638\" src=\"https:\/\/activup.net\/wp-content\/uploads\/2020\/11\/MarcThouvenin-200portraits-trfl.png\" style=\"aspect-ratio: auto 496 \/ 413;\" data-width=\"164\" data-height=\"137\" data-init-width=\"496\" data-init-height=\"413\" loading=\"lazy\"><\/span><\/p>\n<h5><strong>L&rsquo;animateur<\/strong><\/h5>\n<p style=\"\">Marc Thouvenin, fondateur d&rsquo;ActivUP et auteur du livre \u00ab Maigrir au bureau \u00bb<\/p>\n<p style=\"\"><strong>\u201c<\/strong><\/p>\n<p style=\"\"><em>Pour ceux qui sont s\u00e9dentaires, toute la journ\u00e9e assis \u00e0 leur bureau, il y a une solution simple pour perdre 1kg par mois, pendant qu&rsquo;ils travaillent !<\/em><\/p>\n<h2><strong>En participant \u00e0 ce webinaire, vous allez&#8230;<\/strong><\/h2>\n<ul>\n<li style=\"text-align: left;\">Comment maigrir juste en marchant<\/li>\n<li style=\"text-align: left;\">Les raisons scientifiques derri\u00e8re cette solution g\u00e9niale<\/li>\n<li style=\"text-align: left;\">Les astuces pour r\u00e9ussir \u00e0 maigrir et ne plus jamais reprendre de poids<\/li>\n<li style=\"text-align: left;\">Comment cr\u00e9er le poste de travail actif id\u00e9al<\/li>\n<li style=\"text-align: left;\">Tout ce que la marche va aussi am\u00e9liorer dans votre vie<\/li>\n<li style=\"text-align: left;\">Comment convaincre vos proches et m\u00eame votre patron<\/li>\n<\/ul>\n<h2><strong>Pourquoi ne pas manquer ce webinaire ?<\/strong><\/h2>\n<p style=\"\"><strong>Ce webinaire est organis\u00e9 \u00e0 l&rsquo;occasion du lancement du livre \u00ab &nbsp;Maigrir au bureau \u00bb, c&rsquo;est une occasion unique d&rsquo;\u00e9changer avec l&rsquo;auteur: Marc Thouvenin.&nbsp;<\/strong><\/p>\n<p style=\"\"><strong><span style=\"text-decoration: underline;\"><\/span><\/strong><span style=\"text-decoration: underline;\">Inscrivez-vous, vous ne le regretterez pas. <\/span><\/p>\n","protected":false},"excerpt":{"rendered":"<p>Webinaire \u00abMaigrir au bureau\u00bb Jeudi 22 juin \u00e0 13h L&rsquo;animateur Marc Thouvenin, fondateur d&rsquo;ActivUP et auteur du livre \u00ab Maigrir au bureau \u00bb \u201c Pour ceux qui sont s\u00e9dentaires, toute la journ\u00e9e assis \u00e0 leur bureau, il y a une solution simple pour perdre 1kg par mois, pendant qu&rsquo;ils travaillent ! En participant \u00e0 ce [&hellip;]<\/p>\n","protected":false},"author":4,"featured_media":0,"parent":555,"menu_order":0,"comment_status":"closed","ping_status":"closed","template":"","meta":{"_seopress_robots_primary_cat":"","_seopress_titles_title":"Webinaire \u00ab Maigrir au bureau \u00bb, sp\u00e9cial dirigeants et managers","_seopress_titles_desc":"","_seopress_robots_index":"","bwfblock_default_font":"","footnotes":""},"wf_page_folders":[133],"class_list":["post-14086","page","type-page","status-publish","hentry","post-wrapper","thrv_wrapper"],"_links":{"self":[{"href":"https:\/\/activup.net\/fr\/wp-json\/wp\/v2\/pages\/14086","targetHints":{"allow":["GET"]}}],"collection":[{"href":"https:\/\/activup.net\/fr\/wp-json\/wp\/v2\/pages"}],"about":[{"href":"https:\/\/activup.net\/fr\/wp-json\/wp\/v2\/types\/page"}],"author":[{"embeddable":true,"href":"https:\/\/activup.net\/fr\/wp-json\/wp\/v2\/users\/4"}],"replies":[{"embeddable":true,"href":"https:\/\/activup.net\/fr\/wp-json\/wp\/v2\/comments?post=14086"}],"version-history":[{"count":20,"href":"https:\/\/activup.net\/fr\/wp-json\/wp\/v2\/pages\/14086\/revisions"}],"predecessor-version":[{"id":15273,"href":"https:\/\/activup.net\/fr\/wp-json\/wp\/v2\/pages\/14086\/revisions\/15273"}],"up":[{"embeddable":true,"href":"https:\/\/activup.net\/fr\/wp-json\/wp\/v2\/pages\/555"}],"wp:attachment":[{"href":"https:\/\/activup.net\/fr\/wp-json\/wp\/v2\/media?parent=14086"}],"wp:term":[{"taxonomy":"wf_page_folders","embeddable":true,"href":"https:\/\/activup.net\/fr\/wp-json\/wp\/v2\/wf_page_folders?post=14086"}],"curies":[{"name":"wp","href":"https:\/\/api.w.org\/{rel}","templated":true}]}}