{"id":1433,"date":"2021-11-23T17:04:52","date_gmt":"2021-11-23T15:04:52","guid":{"rendered":"https:\/\/activupnet.eu2.copilhost.cloud\/?page_id=1433"},"modified":"2022-01-12T11:17:12","modified_gmt":"2022-01-12T09:17:12","slug":"produits","status":"publish","type":"page","link":"https:\/\/activup.net\/fr\/produits\/","title":{"rendered":"Produits ActivUP"},"content":{"rendered":"<h1 style=\"text-align: center;\">Travailler en marchant<\/h1>\n<p style=\"text-align: center;\">Les Produits ActivUP<\/p>\n<p style=\"text-align: center;\">La marche au bureau sur un walking desk est un tr\u00e8s bon moyen de marcher tous les jours sans y consacrer de temps. Pendant que vous marchez sur le tapis roulant, vous pouvez t\u00e9l\u00e9phoner, r\u00e9diger vos mails, faire des r\u00e9unions, r\u00e9aliser des documents word ou powerpoint.<\/p>\n<h3 style=\"text-align: center;\">My Desk 120 M\u00e9lamin\u00e9<\/h3>\n<p><span><img decoding=\"async\" alt=\"\" data-id=\"1460\" width=\"310\" data-init-width=\"1000\" height=\"310\" data-init-height=\"1000\" title=\"MyDesk-ML120-vue2-1000\" loading=\"lazy\" src=\"https:\/\/activup.net\/wp-content\/uploads\/2021\/11\/MyDesk-ML120-vue2-1000.jpg\" data-width=\"310\" data-height=\"310\"><\/span><\/p>\n<p style=\"text-align: center;\">Walking Desk \u00e0 usage intensif, sans entretien, dot\u00e9 d&rsquo;un bureau \u00e9lectrique de 1m20x80cm en bois m\u00e9lamin\u00e9 blanc.<\/p>\n<h3 style=\"text-align: center;\">MyDesk 180 Bois massif<\/h3>\n<p><span><img decoding=\"async\" alt=\"\" data-id=\"1463\" width=\"310\" data-init-width=\"1000\" height=\"310\" data-init-height=\"1000\" title=\"MyDesk-BM180-vue2-1000\" loading=\"lazy\" src=\"https:\/\/activup.net\/wp-content\/uploads\/2021\/11\/MyDesk-BM180-vue2-1000-1.jpg\" data-width=\"310\" data-height=\"310\"><\/span><\/p>\n<p style=\"text-align: center;\">Walking Desk \u00e0 usage intensif, sans entretien, dot\u00e9 d&rsquo;un bureau \u00e9lectrique de 1m80x80cm en bois massif avec chants en aile d&rsquo;avion.<\/p>\n<h3 style=\"text-align: center;\">MyDesk 120 Bois massif<\/h3>\n<p><span><img decoding=\"async\" alt=\"\" data-id=\"1461\" width=\"310\" data-init-width=\"1000\" height=\"310\" data-init-height=\"1000\" title=\"MyDesk-BM120-vue2-1000\" loading=\"lazy\" src=\"https:\/\/activup.net\/wp-content\/uploads\/2021\/11\/MyDesk-BM120-vue2-1000-1.jpg\" data-width=\"310\" data-height=\"310\"><\/span><\/p>\n<p style=\"text-align: center;\">Walking Desk \u00e0 usage intensif, sans entretien, dot\u00e9 d&rsquo;un bureau \u00e9lectrique de 1m20x80cm en bois massif avec chants en aile d&rsquo;avion.<\/p>\n<h3 style=\"text-align: center;\">Easywalk 120 Noir<\/h3>\n<p><span><img decoding=\"async\" alt=\"\" data-id=\"1464\" width=\"310\" data-init-width=\"1000\" height=\"310\" data-init-height=\"1000\" title=\"Easywalk-120-haut-iso-1000\" loading=\"lazy\" src=\"https:\/\/activup.net\/wp-content\/uploads\/2021\/11\/Easywalk-120-haut-iso-1000.jpg\" data-width=\"310\" data-height=\"310\"><\/span><\/p>\n<p style=\"text-align: center;\">Walking Desk r\u00e9tractable \u00e0 usage mod\u00e9r\u00e9, dot\u00e9 d&rsquo;un bureau \u00e9lectrique de 1m20x80cm en bois m\u00e9lamin\u00e9 noir.&nbsp;<\/p>\n<h3 style=\"text-align: center;\">MyDesk 180 M\u00e9lamin\u00e9<\/h3>\n<p><span><img decoding=\"async\" alt=\"\" data-id=\"1462\" width=\"310\" data-init-width=\"1000\" height=\"310\" data-init-height=\"1000\" title=\"MyDesk-ML180-vue2-1000\" loading=\"lazy\" src=\"https:\/\/activup.net\/wp-content\/uploads\/2021\/11\/MyDesk-ML180-vue2-1000.jpg\" data-width=\"310\" data-height=\"310\"><\/span><\/p>\n<p style=\"text-align: center;\">Walking Desk \u00e0 usage intensif, sans entretien, dot\u00e9 d&rsquo;un bureau \u00e9lectrique de 1m80x80cm en bois m\u00e9lamin\u00e9 blanc.<\/p>\n<h3 style=\"text-align: center;\">Easywalk 90 Noir<\/h3>\n<p><span><img decoding=\"async\" alt=\"\" data-id=\"1465\" width=\"310\" data-init-width=\"1000\" height=\"310\" data-init-height=\"1000\" title=\"Easywalk-090ARR-haut-iso-1000\" loading=\"lazy\" src=\"https:\/\/activup.net\/wp-content\/uploads\/2021\/11\/Easywalk-090ARR-haut-iso-1000.jpg\" data-width=\"310\" data-height=\"310\"><\/span><\/p>\n<p style=\"text-align: center;\">Walking Desk r\u00e9tractable \u00e0 usage mod\u00e9r\u00e9, dot\u00e9 d&rsquo;un bureau \u00e9lectrique de 90cmx50cm en bois m\u00e9lamin\u00e9 noir, de forme arrondie.&nbsp;<\/p>\n<p>__CONFIG_group_edit__{\u00ab\u00a0k7g25n3o\u00a0\u00bb:{\u00ab\u00a0name\u00a0\u00bb:\u00a0\u00bbAll Icon(s)\u00a0\u00bb,\u00a0\u00bbsingular\u00a0\u00bb:\u00a0\u00bb&#8211; Icon %s\u00a0\u00bb},\u00a0\u00bbk7g25s38&Prime;:{\u00ab\u00a0name\u00a0\u00bb:\u00a0\u00bbAll Contact Detail(s)\u00a0\u00bb,\u00a0\u00bbsingular\u00a0\u00bb:\u00a0\u00bb&#8211; Text %s\u00a0\u00bb},\u00a0\u00bbk7g26hhs\u00a0\u00bb:{\u00ab\u00a0name\u00a0\u00bb:\u00a0\u00bbAll Contact Form Input(s)\u00a0\u00bb,\u00a0\u00bbsingular\u00a0\u00bb:\u00a0\u00bb&#8211; Contact Form Input %s\u00a0\u00bb}}__CONFIG_group_edit____CONFIG_local_colors__{\u00ab\u00a0colors\u00a0\u00bb:{\u00ab\u00a0c4549&Prime;:\u00a0\u00bbRoyal Blue\u00a0\u00bb,\u00a0\u00bb56de9&Prime;:\u00a0\u00bbAlabaster\u00a0\u00bb,\u00a0\u00bb6957a\u00a0\u00bb:\u00a0\u00bbBunker\u00a0\u00bb,\u00a0\u00bbae168&Prime;:\u00a0\u00bbRoyal Blue\u00a0\u00bb},\u00a0\u00bbgradients\u00a0\u00bb:{}}__CONFIG_local_colors__    <\/p>\n<h2>Contactez-nous<\/h2>\n<p>Vous souhaitez en savoir plus et m\u00eame tester le Walking Desk dans votre entreprise ou dans notre showroom ?<\/p>\n<p><span><img decoding=\"async\" alt=\"\" data-id=\"571\" width=\"164\" data-init-width=\"300\" height=\"164\" data-init-height=\"300\" title=\"telemarketing-call-center-transparent-600sq\" loading=\"lazy\" src=\"https:\/\/activup.net\/wp-content\/uploads\/2020\/11\/telemarketing-call-center-transparent-600sq-300x300.png\" data-width=\"164\" data-height=\"164\" style=\"\"><\/span>  <\/p>\n<p><strong>Nos showrooms<\/strong> (sur RDV exclusivement)<\/p>\n<p><strong>Paris 17e<\/strong> : 27 rue des Renaudes<\/p>\n<p><strong>Archamps<\/strong> (Haute-Savoie)<\/p>\n<p>Appelez-nous au<\/p>\n<p><span data-attr-id=\"3\" data-extra_key=\"1\" data-option-inline=\"1\" data-shortcode=\"thrive_global_fields\" data-shortcode-name=\"[Company] Phone number\">+33 1 85 08 60 18<\/span><\/p>\n<p>[tcb-script charset=\u00a0\u00bbutf-8&Prime; type=\u00a0\u00bbtext\/javascript\u00a0\u00bb src=\u00a0\u00bb\/\/js.hsforms.net\/forms\/shell.js\u00a0\u00bb][\/tcb-script] [tcb-script] hbspt.forms.create({ portalId: \u00ab\u00a03959277\u00a0\u00bb, formId: \u00ab\u00a064249f84-222c-4072-9249-8fbc859e8545\u00a0\u00bb }); [\/tcb-script]  <\/p>\n<h2 style=\"text-align: center;\">Avez-vous vu nos passages \u00e0 la TV ?<\/h2>\n<h2 style=\"text-align: center;\">On vous les a mis en replay sur ce site.<\/h2>\n","protected":false},"excerpt":{"rendered":"<p>Travailler en marchant Les Produits ActivUP La marche au bureau sur un walking desk est un tr\u00e8s bon moyen de marcher tous les jours sans y consacrer de temps. Pendant que vous marchez sur le tapis roulant, vous pouvez t\u00e9l\u00e9phoner, r\u00e9diger vos mails, faire des r\u00e9unions, r\u00e9aliser des documents word ou powerpoint. My Desk 120 [&hellip;]<\/p>\n","protected":false},"author":4,"featured_media":0,"parent":0,"menu_order":0,"comment_status":"closed","ping_status":"closed","template":"","meta":{"_seopress_robots_primary_cat":"","_seopress_titles_title":"","_seopress_titles_desc":"","_seopress_robots_index":"","bwfblock_default_font":"","footnotes":""},"wf_page_folders":[82],"class_list":["post-1433","page","type-page","status-publish","hentry","post-wrapper","thrv_wrapper"],"_links":{"self":[{"href":"https:\/\/activup.net\/fr\/wp-json\/wp\/v2\/pages\/1433","targetHints":{"allow":["GET"]}}],"collection":[{"href":"https:\/\/activup.net\/fr\/wp-json\/wp\/v2\/pages"}],"about":[{"href":"https:\/\/activup.net\/fr\/wp-json\/wp\/v2\/types\/page"}],"author":[{"embeddable":true,"href":"https:\/\/activup.net\/fr\/wp-json\/wp\/v2\/users\/4"}],"replies":[{"embeddable":true,"href":"https:\/\/activup.net\/fr\/wp-json\/wp\/v2\/comments?post=1433"}],"version-history":[{"count":32,"href":"https:\/\/activup.net\/fr\/wp-json\/wp\/v2\/pages\/1433\/revisions"}],"predecessor-version":[{"id":2924,"href":"https:\/\/activup.net\/fr\/wp-json\/wp\/v2\/pages\/1433\/revisions\/2924"}],"wp:attachment":[{"href":"https:\/\/activup.net\/fr\/wp-json\/wp\/v2\/media?parent=1433"}],"wp:term":[{"taxonomy":"wf_page_folders","embeddable":true,"href":"https:\/\/activup.net\/fr\/wp-json\/wp\/v2\/wf_page_folders?post=1433"}],"curies":[{"name":"wp","href":"https:\/\/api.w.org\/{rel}","templated":true}]}}