{"id":1918,"date":"2021-12-20T20:39:24","date_gmt":"2021-12-20T18:39:24","guid":{"rendered":"https:\/\/activupnet.eu2.copilhost.cloud\/?page_id=1918"},"modified":"2022-05-01T17:37:59","modified_gmt":"2022-05-01T15:37:59","slug":"teletravail","status":"publish","type":"page","link":"https:\/\/activup.net\/fr\/teletravail\/","title":{"rendered":"T\u00e9l\u00e9travail"},"content":{"rendered":"<h2>\u00ab En t\u00e9l\u00e9travail, on peut rompre la s\u00e9dentarit\u00e9 &nbsp;\u00bb<\/h2>\n<p>Des kg en trop ?<\/p>\n<p>Mal au dos ?<\/p>\n<p>Envie de bien-\u00eatre ?<\/p>\n<h2>Walking Desk : l\u2019\u00e9quipement qu\u2019il vous faut !<\/h2>\n<h2>T\u00e9l\u00e9travail ou bureau.<\/h2>\n<h2>Particuliers ou entreprises.<\/h2>\n<h2>La solution pour la sant\u00e9 au travail<\/h2>\n<p><span><img decoding=\"async\" alt=\"\" data-id=\"1609\" width=\"534\" data-init-width=\"538\" height=\"358\" data-init-height=\"361\" title=\"Combo-Pain-Sickness\" loading=\"lazy\" src=\"https:\/\/activup.net\/wp-content\/uploads\/2021\/12\/Combo-Pain-Sickness.jpg\" data-width=\"534\" data-height=\"358\" style=\"\"><\/span><span><img decoding=\"async\" alt=\"\" data-id=\"1461\" width=\"423\" data-init-width=\"1000\" height=\"423\" data-init-height=\"1000\" title=\"MyDesk-BM120-vue2-1000\" loading=\"lazy\" src=\"https:\/\/activup.net\/wp-content\/uploads\/2021\/12\/MyDesk-BM120-vue2-1000-1.jpg\" data-width=\"423\" data-height=\"423\" style=\"\"><\/span><\/p>\n<h2 style=\"text-align: center;\">Comment le Walking Desk peut vous aider<\/h2>\n<h3 style=\"text-align: center;\">Perdre du poids<\/h3>\n<p><span style=\"\"><img decoding=\"async\" alt=\"\" data-id=\"1610\" width=\"350\" data-init-width=\"600\" height=\"233\" data-init-height=\"400\" title=\"Fat and slim men running vector illustration.\" loading=\"lazy\" src=\"https:\/\/activup.net\/wp-content\/uploads\/2021\/12\/man-walking-jumping-weightloss-depositphotos_219341424-stock-illustration-fat-and-slim-men-running-600x400-1.jpg\" data-width=\"350\" data-height=\"233\" style=\"\" mt-d=\"0\" ml-d=\"0\"><\/span><\/p>\n<h3 style=\"text-align: center;\">Ma sant\u00e9, mon bien-\u00eatre<\/h3>\n<p><span><img decoding=\"async\" alt=\"\" data-id=\"1612\" width=\"350\" data-init-width=\"600\" height=\"233\" data-init-height=\"400\" title=\"woman-headset-desk-homeooffice-depositphotos_292211312-stock-illustration-male-hotline-operator copy\" loading=\"lazy\" src=\"https:\/\/activup.net\/wp-content\/uploads\/2021\/12\/woman-headset-desk-homeooffice-depositphotos_292211312-stock-illustration-male-hotline-operator-copy.jpg\" data-width=\"350\" data-height=\"233\"><\/span><\/p>\n<h3 style=\"text-align: center;\">Sant\u00e9 de mes employ\u00e9s<\/h3>\n<p><span><img decoding=\"async\" alt=\"\" data-id=\"1611\" width=\"350\" data-init-width=\"600\" height=\"233\" data-init-height=\"400\" title=\"Web\" loading=\"lazy\" src=\"https:\/\/activup.net\/wp-content\/uploads\/2021\/12\/healthy-lifestyle-team-drawing-600x400-1.jpg\" data-width=\"350\" data-height=\"233\"><\/span><\/p>\n<p style=\"text-align: center;\">Cliquez ci-dessus sur le sujet qui vous concerne le plus<\/p>\n<h2 style=\"text-align: center;\"><strong>Des B\u00e9n\u00e9fices Prouv\u00e9s<\/strong><\/h2>\n<p><span style=\"\"><img decoding=\"async\" alt=\"\" data-id=\"294\" width=\"60\" data-init-width=\"256\" height=\"60\" data-init-height=\"256\" title=\"weightloss-2622022\" src=\"https:\/\/activup.net\/wp-content\/uploads\/2021\/12\/weightloss-2622022.png\" data-width=\"60\" data-height=\"60\" style=\"\" loading=\"lazy\"><\/span><\/p>\n<h3>Perte de poids<\/h3>\n<p>Marcher tous les jours, pendant que l&rsquo;on travaille, permet de maigrir simplement, sans effort, ni perte de temps<\/p>\n<p><span><img decoding=\"async\" alt=\"\" data-id=\"291\" width=\"60\" data-init-width=\"512\" height=\"60\" data-init-height=\"512\" title=\"yoga-512\" src=\"https:\/\/activup.net\/wp-content\/uploads\/2021\/12\/yoga-512-1.png\" data-width=\"60\" data-height=\"60\" style=\"\" loading=\"lazy\"><\/span><\/p>\n<h3>R\u00e9duction du stress<\/h3>\n<p>L&rsquo;oxyg\u00e9nation et la lib\u00e9ration d\u2019endorphines r\u00e9duit l\u2019anxi\u00e9t\u00e9, la tension et la pression art\u00e9rielle.<\/p>\n<p><span><img decoding=\"async\" alt=\"\" data-id=\"141\" width=\"61\" data-init-width=\"512\" height=\"61\" data-init-height=\"512\" title=\"back-pain-1683154\" loading=\"lazy\" src=\"https:\/\/activup.net\/wp-content\/uploads\/2021\/12\/back-pain-1683154.png\" data-width=\"61\" data-height=\"61\" style=\"\"><\/span><\/p>\n<h3>Plus mal de dos<\/h3>\n<p>Marcher permet d&rsquo;\u00e9tirer les muscles dorsaux et la posture droite de rel\u00e2cher les tensions.<\/p>\n<p><span><img decoding=\"async\" alt=\"\" data-id=\"153\" width=\"62\" data-init-width=\"512\" height=\"62\" data-init-height=\"512\" title=\"sleep\" loading=\"lazy\" src=\"https:\/\/activup.net\/wp-content\/uploads\/2021\/12\/sleep.png\" data-width=\"62\" data-height=\"62\" style=\"\"><\/span><\/p>\n<h3>Meilleur sommeil<\/h3>\n<p>Si vous marchez 30 min \u00e0 1h doucement, vous serez dans un \u00e9tat relax\u00e9 qui permet de mieux dormir.<\/p>\n<p><span><img decoding=\"async\" alt=\"\" data-id=\"150\" width=\"58\" data-init-width=\"512\" height=\"58\" data-init-height=\"512\" title=\"superhero\" loading=\"lazy\" src=\"https:\/\/activup.net\/wp-content\/uploads\/2021\/12\/superhero.png\" data-width=\"58\" data-height=\"58\" style=\"\"><\/span><\/p>\n<h3>Plus d&rsquo;\u00e9nergie<\/h3>\n<p>Marcher oxyg\u00e8ne votre cerveau et lib\u00e8re des hormones qui vont booster votre \u00e9nergie.<\/p>\n<p><span><img decoding=\"async\" alt=\"\" data-id=\"162\" width=\"59\" data-init-width=\"300\" height=\"59\" data-init-height=\"300\" title=\"creativity-256\" loading=\"lazy\" src=\"https:\/\/activup.net\/wp-content\/uploads\/2021\/12\/creativity-256.png\" data-width=\"59\" data-height=\"59\" style=\"\"><\/span><\/p>\n<h3>Plus cr\u00e9atif<\/h3>\n<p>La marche au bureau permet d&rsquo;augmenter la cr\u00e9ativit\u00e9 de 28%, selon une \u00e9tude de Stanford.<\/p>\n<p><span><img decoding=\"async\" alt=\"\" data-id=\"292\" width=\"59\" data-init-width=\"128\" height=\"59\" data-init-height=\"128\" title=\"time-256\" loading=\"lazy\" src=\"https:\/\/activup.net\/wp-content\/uploads\/2021\/12\/time-256-1.png\" data-width=\"59\" data-height=\"59\" style=\"\"><\/span><\/p>\n<h3>Gain de temps<\/h3>\n<p>Mieux que le sport, marcher au bureau a le m\u00eame effet sur la sant\u00e9, sans investir de temps.<\/p>\n<p><span><img decoding=\"async\" alt=\"\" data-id=\"156\" width=\"65\" data-init-width=\"512\" height=\"65\" data-init-height=\"512\" title=\"immune\" loading=\"lazy\" src=\"https:\/\/activup.net\/wp-content\/uploads\/2021\/12\/immune.png\" data-width=\"65\" data-height=\"65\" style=\"\"><\/span><\/p>\n<h3>Meilleure immunit\u00e9<\/h3>\n<p>Le mouvement r\u00e9gulier dans la journ\u00e9e permet de renforcer les d\u00e9fenses immunitaires.<\/p>\n<p>__CONFIG_group_edit__{\u00ab\u00a0k7pw8e3c\u00a0\u00bb:{\u00ab\u00a0name\u00a0\u00bb:\u00a0\u00bbAll Image(s)\u00a0\u00bb,\u00a0\u00bbsingular\u00a0\u00bb:\u00a0\u00bb&#8211; Image %s\u00a0\u00bb},\u00a0\u00bbk7pw8ici\u00a0\u00bb:{\u00ab\u00a0name\u00a0\u00bb:\u00a0\u00bbAll Paragraph(s)\u00a0\u00bb,\u00a0\u00bbsingular\u00a0\u00bb:\u00a0\u00bb&#8211; Text %s\u00a0\u00bb},\u00a0\u00bbk7pw8xp2&Prime;:{\u00ab\u00a0name\u00a0\u00bb:\u00a0\u00bbAll Divider(s)\u00a0\u00bb,\u00a0\u00bbsingular\u00a0\u00bb:\u00a0\u00bb&#8211; Divider %s\u00a0\u00bb},\u00a0\u00bbk7pw91ms\u00a0\u00bb:{\u00ab\u00a0name\u00a0\u00bb:\u00a0\u00bbAll Name(s)\u00a0\u00bb,\u00a0\u00bbsingular\u00a0\u00bb:\u00a0\u00bb&#8211; Text %s\u00a0\u00bb},\u00a0\u00bbk7pw98l6&Prime;:{\u00ab\u00a0name\u00a0\u00bb:\u00a0\u00bbAll Symbol(s)\u00a0\u00bb,\u00a0\u00bbsingular\u00a0\u00bb:\u00a0\u00bb&#8211; Text %s\u00a0\u00bb},\u00a0\u00bbk7pw9rvq\u00a0\u00bb:{\u00ab\u00a0name\u00a0\u00bb:\u00a0\u00bbAll Image Column(s)\u00a0\u00bb,\u00a0\u00bbsingular\u00a0\u00bb:\u00a0\u00bb&#8211; Column %s\u00a0\u00bb},\u00a0\u00bbk7pw9xqt\u00a0\u00bb:{\u00ab\u00a0name\u00a0\u00bb:\u00a0\u00bbAll Text Column(s)\u00a0\u00bb,\u00a0\u00bbsingular\u00a0\u00bb:\u00a0\u00bb&#8211; Column %s\u00a0\u00bb},\u00a0\u00bbk7pwa2d2&Prime;:{\u00ab\u00a0name\u00a0\u00bb:\u00a0\u00bbAll Columns(s)\u00a0\u00bb,\u00a0\u00bbsingular\u00a0\u00bb:\u00a0\u00bb&#8211; Columns %s\u00a0\u00bb},\u00a0\u00bbk7pwa5a1&Prime;:{\u00ab\u00a0name\u00a0\u00bb:\u00a0\u00bbAll Content Box(s)\u00a0\u00bb,\u00a0\u00bbsingular\u00a0\u00bb:\u00a0\u00bb&#8211; Content Box %s\u00a0\u00bb},\u00a0\u00bbk7pwaoc6&Prime;:{\u00ab\u00a0name\u00a0\u00bb:\u00a0\u00bbAll Column(s)\u00a0\u00bb,\u00a0\u00bbsingular\u00a0\u00bb:\u00a0\u00bb&#8211; Column %s\u00a0\u00bb},\u00a0\u00bbk7pwar3z\u00a0\u00bb:{\u00ab\u00a0name\u00a0\u00bb:\u00a0\u00bbAll Columns(s)\u00a0\u00bb,\u00a0\u00bbsingular\u00a0\u00bb:\u00a0\u00bb&#8211; Columns %s\u00a0\u00bb}}__CONFIG_group_edit____CONFIG_local_colors__{\u00ab\u00a0colors\u00a0\u00bb:{\u00ab\u00a00e96c\u00a0\u00bb:\u00a0\u00bbPicton Blue\u00a0\u00bb},\u00a0\u00bbgradients\u00a0\u00bb:{}}__CONFIG_local_colors__  <\/p>\n<h2 style=\"text-align: center;\">Ils aiment leur Walking Desk<\/h2>\n<p>  <span style=\"width: 100%\"><img decoding=\"async\" alt=\"\" title=\"Julien-Coulon-300sq\" data-id=\"257\" src=\"https:\/\/activup.net\/wp-content\/uploads\/2020\/05\/Julien-Coulon-300sq.jpg\" style=\"\" width=\"82\" height=\"82\" data-width=\"82\" data-height=\"82\" data-init-width=\"300\" data-init-height=\"300\" loading=\"lazy\"><\/span><\/p>\n<p style=\"text-align: center;\">\u201c<\/p>\n<p>Tous les jours, je suis heureux d&rsquo;avoir d\u00e9couvert le walking desk. 12km de r\u00e9unions par jour et une p\u00eache d&rsquo;enfer ! D\u00e9j\u00e0 8kg perdus, rien qu&rsquo;en marchant.<\/p>\n<h5>Julien Coulon, Directeur G\u00e9n\u00e9ral<\/h5>\n<p>    <span style=\"width: 100%\"><img decoding=\"async\" alt=\"\" title=\"arnaud-verin-1\" data-id=\"273\" src=\"https:\/\/activup.net\/wp-content\/uploads\/2020\/05\/arnaud-verin-1.jpg\" style=\"\" width=\"82\" height=\"82\" data-width=\"82\" data-height=\"82\" data-init-width=\"100\" data-init-height=\"100\" loading=\"lazy\"><\/span><\/p>\n<p style=\"text-align: center;\">\u201c<\/p>\n<p>Quand on s&rsquo;installe sur le Walking Desk, le plus \u00e9tonnant, c\u2019est qu\u2019on oublie totalement que l\u2019on marche, on est plus concentr\u00e9 sur le travail.<\/p>\n<h5>Arnaud V\u00e9rin, entrepreneur<\/h5>\n<p>  __CONFIG_colors_palette__{\u00ab\u00a0active_palette\u00a0\u00bb:0,\u00a0\u00bbconfig\u00a0\u00bb:{\u00ab\u00a0colors\u00a0\u00bb:{\u00ab\u00a062516\u00a0\u00bb:{\u00ab\u00a0name\u00a0\u00bb:\u00a0\u00bbMain Accent\u00a0\u00bb,\u00a0\u00bbparent\u00a0\u00bb:-1}},\u00a0\u00bbgradients\u00a0\u00bb:[]},\u00a0\u00bbpalettes\u00a0\u00bb:[{\u00ab\u00a0name\u00a0\u00bb:\u00a0\u00bbDefault Palette\u00a0\u00bb,\u00a0\u00bbvalue\u00a0\u00bb:{\u00ab\u00a0colors\u00a0\u00bb:{\u00ab\u00a062516\u00a0\u00bb:{\u00ab\u00a0val\u00a0\u00bb:\u00a0\u00bbrgb(76, 168, 71)\u00a0\u00bb,\u00a0\u00bbhsl\u00a0\u00bb:{\u00ab\u00a0h\u00a0\u00bb:116,\u00a0\u00bbs\u00a0\u00bb:0.41,\u00a0\u00bbl\u00a0\u00bb:0.47}}},\u00a0\u00bbgradients\u00a0\u00bb:[]}}]}__CONFIG_colors_palette__ <a href=\"https:\/\/activup.net\/fr\/temoignages-walking-desk\/\" data-shortcode-id=\"45\" data-dynamic-link=\"thrive_global_fields_url\"><span>  <\/span> <span><span>Voir tous les t\u00e9moignages<\/span><\/span> <\/a>    <\/p>\n<h2 style=\"text-align: center;\">&nbsp;ActivUP, la r\u00e9f\u00e9rence du Walking Desk<\/h2>\n<h3 style=\"text-align: center;\"><span>Plus de 300 clients<\/span><\/h3>\n<p><span><img decoding=\"async\" alt=\"\" data-id=\"175\" width=\"350\" data-init-width=\"640\" height=\"197\" data-init-height=\"360\" title=\"references-clients-ActivUP-2020-640x360-1\" loading=\"lazy\" src=\"https:\/\/activup.net\/wp-content\/uploads\/2020\/05\/references-clients-ActivUP-2020-640x360-1.jpg\" data-width=\"350\" data-height=\"197\" style=\"\"><\/span><\/p>\n<h3 style=\"text-align: center;\">23 passages TV<\/h3>\n<p><span><a href=\"https:\/\/activup.net\/fr\/presse\/\" data-shortcode-id=\"27\" data-dynamic-link=\"thrive_global_fields_url\"><img decoding=\"async\" alt=\"\" data-id=\"176\" width=\"339\" data-init-width=\"640\" height=\"191\" data-init-height=\"360\" title=\"retombees-presse-640x360-1\" loading=\"lazy\" src=\"https:\/\/activup.net\/wp-content\/uploads\/2020\/05\/retombees-presse-640x360-1.jpg\" data-width=\"339\" data-height=\"191\" data-link-wrap=\"true\"><\/a><\/span><\/p>\n<h3 style=\"text-align: center;\">Une solution prim\u00e9e<\/h3>\n<p><span><a href=\"https:\/\/activup.net\/fr\/distinctions\/\" data-shortcode-id=\"28\" data-dynamic-link=\"thrive_global_fields_url\"><img decoding=\"async\" alt=\"\" data-id=\"174\" width=\"339\" data-init-width=\"640\" height=\"191\" data-init-height=\"360\" title=\"infographie-trophee-640x360\" loading=\"lazy\" src=\"https:\/\/activup.net\/wp-content\/uploads\/2020\/05\/infographie-trophee-640x360-1.jpg\" data-width=\"339\" data-height=\"191\" data-link-wrap=\"true\"><\/a><\/span> <\/p>\n<h2 style=\"text-align: center;\">Comment le Walking Desk peut vous aider<\/h2>\n<h3 style=\"text-align: center;\">Perdre du poids<\/h3>\n<p><span style=\"\"><img decoding=\"async\" alt=\"\" data-id=\"1610\" width=\"350\" data-init-width=\"600\" height=\"233\" data-init-height=\"400\" title=\"Fat and slim men running vector illustration.\" loading=\"lazy\" src=\"https:\/\/activup.net\/wp-content\/uploads\/2021\/12\/man-walking-jumping-weightloss-depositphotos_219341424-stock-illustration-fat-and-slim-men-running-600x400-1.jpg\" data-width=\"350\" data-height=\"233\" style=\"\" mt-d=\"0\" ml-d=\"0\"><\/span><\/p>\n<h3 style=\"text-align: center;\">Ma sant\u00e9, mon bien-\u00eatre<\/h3>\n<p><span><img decoding=\"async\" alt=\"\" data-id=\"1612\" width=\"350\" data-init-width=\"600\" height=\"233\" data-init-height=\"400\" title=\"woman-headset-desk-homeooffice-depositphotos_292211312-stock-illustration-male-hotline-operator copy\" loading=\"lazy\" src=\"https:\/\/activup.net\/wp-content\/uploads\/2021\/12\/woman-headset-desk-homeooffice-depositphotos_292211312-stock-illustration-male-hotline-operator-copy.jpg\" data-width=\"350\" data-height=\"233\"><\/span><\/p>\n<h3 style=\"text-align: center;\">Sant\u00e9 de mes employ\u00e9s<\/h3>\n<p><span><img decoding=\"async\" alt=\"\" data-id=\"1611\" width=\"350\" data-init-width=\"600\" height=\"233\" data-init-height=\"400\" title=\"Web\" loading=\"lazy\" src=\"https:\/\/activup.net\/wp-content\/uploads\/2021\/12\/healthy-lifestyle-team-drawing-600x400-1.jpg\" data-width=\"350\" data-height=\"233\"><\/span><\/p>\n<p style=\"text-align: center;\">Cliquez ci-dessus sur le sujet qui vous concerne le plus.<\/p>\n<p style=\"text-align: center;\">Vous pouvez aussi nous&nbsp;<a href=\"https:\/\/activup.net\/fr\/contact\/\" target=\"_blank\" style=\"outline: none;\" rel=\"noopener\">contacter via ce formulaire<\/a>.<\/p>\n","protected":false},"excerpt":{"rendered":"<p>\u00ab En t\u00e9l\u00e9travail, on peut rompre la s\u00e9dentarit\u00e9 &nbsp;\u00bb Des kg en trop ? Mal au dos ? Envie de bien-\u00eatre ? Walking Desk : l\u2019\u00e9quipement qu\u2019il vous faut ! T\u00e9l\u00e9travail ou bureau. Particuliers ou entreprises. La solution pour la sant\u00e9 au travail Comment le Walking Desk peut vous aider Perdre du poids Ma sant\u00e9, [&hellip;]<\/p>\n","protected":false},"author":4,"featured_media":0,"parent":0,"menu_order":0,"comment_status":"closed","ping_status":"closed","template":"","meta":{"_seopress_robots_primary_cat":"","_seopress_titles_title":"","_seopress_titles_desc":"","_seopress_robots_index":"","bwfblock_default_font":"","footnotes":""},"wf_page_folders":[86],"class_list":["post-1918","page","type-page","status-publish","hentry","post-wrapper","thrv_wrapper"],"_links":{"self":[{"href":"https:\/\/activup.net\/fr\/wp-json\/wp\/v2\/pages\/1918","targetHints":{"allow":["GET"]}}],"collection":[{"href":"https:\/\/activup.net\/fr\/wp-json\/wp\/v2\/pages"}],"about":[{"href":"https:\/\/activup.net\/fr\/wp-json\/wp\/v2\/types\/page"}],"author":[{"embeddable":true,"href":"https:\/\/activup.net\/fr\/wp-json\/wp\/v2\/users\/4"}],"replies":[{"embeddable":true,"href":"https:\/\/activup.net\/fr\/wp-json\/wp\/v2\/comments?post=1918"}],"version-history":[{"count":15,"href":"https:\/\/activup.net\/fr\/wp-json\/wp\/v2\/pages\/1918\/revisions"}],"predecessor-version":[{"id":4514,"href":"https:\/\/activup.net\/fr\/wp-json\/wp\/v2\/pages\/1918\/revisions\/4514"}],"wp:attachment":[{"href":"https:\/\/activup.net\/fr\/wp-json\/wp\/v2\/media?parent=1918"}],"wp:term":[{"taxonomy":"wf_page_folders","embeddable":true,"href":"https:\/\/activup.net\/fr\/wp-json\/wp\/v2\/wf_page_folders?post=1918"}],"curies":[{"name":"wp","href":"https:\/\/api.w.org\/{rel}","templated":true}]}}