{"id":1943,"date":"2021-12-20T20:48:12","date_gmt":"2021-12-20T18:48:12","guid":{"rendered":"https:\/\/activupnet.eu2.copilhost.cloud\/?page_id=1943"},"modified":"2022-05-01T17:39:16","modified_gmt":"2022-05-01T15:39:16","slug":"flotte","status":"publish","type":"page","link":"https:\/\/activup.net\/fr\/teletravail\/flotte\/","title":{"rendered":"T\u00e9l\u00e9travail Flotte"},"content":{"rendered":"<p style=\"text-align: left;\">\u00ab En t\u00e9l\u00e9travail, on peut rompre avec la s\u00e9dentarit\u00e9 \u00bb<\/p>\n<h2>Plus que du travail :<\/h2>\n<h2>Offrez \u00e0 vos employ\u00e9s le t\u00e9l\u00e9travail efficace et ergonomique<\/h2>\n<p><span><img decoding=\"async\" alt=\"\" data-id=\"1583\" width=\"533\" data-init-width=\"800\" height=\"300\" data-init-height=\"450\" title=\"ActivUP-WalkingDesk-Teletravail-10604-cover\" loading=\"lazy\" src=\"https:\/\/activup.net\/wp-content\/uploads\/2021\/12\/ActivUP-WalkingDesk-Teletravail-10604-cover.png\" data-width=\"533\" data-height=\"300\"><\/span><\/p>\n<ul>\n<li><span style=\"\">LE surpoids envol\u00e9<\/span><\/li>\n<\/ul>\n<ul>\n<li><span style=\"\">Le mal de dos limit\u00e9<\/span><\/li>\n<\/ul>\n<ul>\n<li><span style=\"\"><span style=\"\">L&rsquo;<\/span>efficacit\u00e9 d\u00e9cupl\u00e9e<\/span><\/li>\n<\/ul>\n<h3 style=\"text-align: center;\"><strong>UNE SITUATION PR\u00c9OCCUPANTE<\/strong><\/h3>\n<h3>T\u00e9l\u00e9travail impos\u00e9<\/h3>\n<p>Le t\u00e9l\u00e9travail impos\u00e9 vous a pris de vitesse. Ni budget, ni organisation, rien n\u2019\u00e9tait pr\u00eat dans l\u2019entreprise.<\/p>\n<h3>Conditions de travail<\/h3>\n<p>Vos salari\u00e9s se plaignent de leurs conditions de travail \u00e0 domicile. Ils ont mal au dos, au cou\u2026 Vous leur faites mal malgr\u00e9 vous\u2026<\/p>\n<h3>S\u00e9dentarit\u00e9 et ob\u00e9sit\u00e9<\/h3>\n<p>La s\u00e9dentarit\u00e9 et l\u2019ob\u00e9sit\u00e9 \u00e9taient d\u00e9j\u00e0 dans votre viseur, mais pas jusqu\u2019au domicile des collaborateurs !<\/p>\n<h3>P\u00e9renniser les b\u00e9n\u00e9fices<\/h3>\n<p>Vous cherchez sans succ\u00e8s des solutions pour p\u00e9renniser les b\u00e9n\u00e9fices \u00e9conomiques et sociaux du t\u00e9l\u00e9travail.<\/p>\n<h3>Absent\u00e9isme<\/h3>\n<p>Le spectre de l\u2019absent\u00e9isme, des d\u00e9missions et des gr\u00e8ves s\u2019agite dans votre entreprise.<\/p>\n<h3>Innovation sociale<\/h3>\n<p>L\u2019innovation sociale a toujours \u00e9t\u00e9 dans vos valeurs, vous souhaitez leur montrer.<\/p>\n<h3 style=\"text-align: center;\"><strong>TRAVAILLEZ EN MARCHANT !<\/strong><\/h3>\n<h2 style=\"text-align: center;\">Que se passera-t-il quand vous marcherez plus ?<\/h2>\n<p><span style=\"\"><img decoding=\"async\" alt=\"\" data-id=\"294\" width=\"60\" data-init-width=\"256\" height=\"60\" data-init-height=\"256\" title=\"weightloss-2622022\" src=\"https:\/\/activup.net\/wp-content\/uploads\/2021\/12\/weightloss-2622022-1.png\" data-width=\"60\" data-height=\"60\" style=\"\" loading=\"lazy\"><\/span><\/p>\n<h3>Perte de poids<\/h3>\n<p>Marcher tous les jours, pendant que l&rsquo;on travaille, permet de maigrir simplement, sans effort, ni perte de temps<\/p>\n<p><span><img decoding=\"async\" alt=\"\" data-id=\"291\" width=\"60\" data-init-width=\"512\" height=\"60\" data-init-height=\"512\" title=\"yoga-512\" src=\"https:\/\/activup.net\/wp-content\/uploads\/2021\/12\/yoga-512-1-1.png\" data-width=\"60\" data-height=\"60\" style=\"\" loading=\"lazy\"><\/span><\/p>\n<h3>R\u00e9duction du stress<\/h3>\n<p>L&rsquo;oxyg\u00e9nation et la lib\u00e9ration d\u2019endorphines r\u00e9duit l\u2019anxi\u00e9t\u00e9, la tension et la pression art\u00e9rielle.<\/p>\n<p><span><img decoding=\"async\" alt=\"\" data-id=\"141\" width=\"61\" data-init-width=\"512\" height=\"61\" data-init-height=\"512\" title=\"back-pain-1683154\" loading=\"lazy\" src=\"https:\/\/activup.net\/wp-content\/uploads\/2021\/12\/back-pain-1683154-1.png\" data-width=\"61\" data-height=\"61\" style=\"\"><\/span><\/p>\n<h3>Plus mal de dos<\/h3>\n<p>Marcher permet d&rsquo;\u00e9tirer les muscles dorsaux et la posture droite de rel\u00e2cher les tensions.<\/p>\n<p><span><img decoding=\"async\" alt=\"\" data-id=\"153\" width=\"62\" data-init-width=\"512\" height=\"62\" data-init-height=\"512\" title=\"sleep\" loading=\"lazy\" src=\"https:\/\/activup.net\/wp-content\/uploads\/2021\/12\/sleep-1.png\" data-width=\"62\" data-height=\"62\" style=\"\"><\/span><\/p>\n<h3>Meilleur sommeil<\/h3>\n<p>Si vous marchez 30 min \u00e0 1h doucement, vous serez dans un \u00e9tat relax\u00e9 qui permet de mieux dormir.<\/p>\n<p><span><img decoding=\"async\" alt=\"\" data-id=\"150\" width=\"58\" data-init-width=\"512\" height=\"58\" data-init-height=\"512\" title=\"superhero\" loading=\"lazy\" src=\"https:\/\/activup.net\/wp-content\/uploads\/2021\/12\/superhero-1.png\" data-width=\"58\" data-height=\"58\" style=\"\"><\/span><\/p>\n<h3>Plus d&rsquo;\u00e9nergie<\/h3>\n<p>Marcher oxyg\u00e8ne votre cerveau et lib\u00e8re des hormones qui vont booster votre \u00e9nergie.<\/p>\n<p><span><img decoding=\"async\" alt=\"\" data-id=\"162\" width=\"59\" data-init-width=\"300\" height=\"59\" data-init-height=\"300\" title=\"creativity-256\" loading=\"lazy\" src=\"https:\/\/activup.net\/wp-content\/uploads\/2021\/12\/creativity-256-1.png\" data-width=\"59\" data-height=\"59\" style=\"\"><\/span><\/p>\n<h3>Plus cr\u00e9atif<\/h3>\n<p>La marche au bureau permet d&rsquo;augmenter la cr\u00e9ativit\u00e9 de 28%, selon une \u00e9tude de Stanford.<\/p>\n<p><span><img decoding=\"async\" alt=\"\" data-id=\"292\" width=\"59\" data-init-width=\"128\" height=\"59\" data-init-height=\"128\" title=\"time-256\" loading=\"lazy\" src=\"https:\/\/activup.net\/wp-content\/uploads\/2021\/12\/time-256-1-1.png\" data-width=\"59\" data-height=\"59\" style=\"\"><\/span><\/p>\n<h3>Gain de temps<\/h3>\n<p>Mieux que le sport, marcher au bureau a le m\u00eame effet sur la sant\u00e9, sans investir de temps.<\/p>\n<p><span><img decoding=\"async\" alt=\"\" data-id=\"137\" width=\"56\" data-init-width=\"512\" height=\"56\" data-init-height=\"512\" title=\"happygirl\" loading=\"lazy\" src=\"https:\/\/activup.net\/wp-content\/uploads\/2021\/12\/happygirl.png\" data-width=\"56\" data-height=\"56\" style=\"\"><\/span><\/p>\n<h3>Plus heureux<\/h3>\n<p>L\u2019exercice physique est la 2\u00e8me activit\u00e9 qui rend le plus heureux, juste apr\u00e8s le sexe.<\/p>\n<h2><span style=\"color: rgb(255, 255, 255); font-size: 36px;\">La solution :<\/span><\/h2>\n<h2><span style=\"font-size: 48px; color: rgb(255, 255, 255);\">Laissez marcher vos employ\u00e9s \u00e0 leur bureau, en travaillant<\/span><\/h2>\n<h2 style=\"\">Le Walking Desk, ce bureau-sant\u00e9 pour bouger plus pendant qu&rsquo;on travaille<\/h2>\n<p style=\"\">Vos coll\u00e8gues peuvent passer des appels, r\u00e9pondre aux mails et r\u00e9diger des documents, tout en marchant. Ce n&rsquo;est pas du sport, c&rsquo;est juste une marche lente et r\u00e9guli\u00e8re.<\/p>\n<p>&nbsp;<\/p>\n<h2 style=\"\">\u00c9quipez le domicile de vos coll\u00e8gues avec un Walking Desk&nbsp;<\/h2>\n<p style=\"\">Vous pouvez louer le mat\u00e9riel \u00e0 vos coll\u00e8gues qui l&rsquo;utiliseront \u00e0 la maison. ActivUp g\u00e8re pour vous la flotte de mani\u00e8re centralis\u00e9e.<\/p>\n<p style=\"text-align: center; color: rgba(230, 107, 0, 0.85) !important; --tcb-applied-color:rgba(230, 107, 0, 0.85)  !important;\"><strong>CONCR\u00c8TEMENT, COMMENT \u00c7A MARCHE ?<\/strong><\/p>\n<p style=\"text-align: center;\"><strong>Contrat de flotte<\/strong><\/p>\n<p style=\"text-align: center;\">Vous vous engagez sur un contrat de flotte de bureaux-sant\u00e9 Walking Desk (tarif d\u00e9gressif selon la dur\u00e9e, le nombre et les options)<\/p>\n<h2 style=\"text-align: center;\">Installation \u00e0 domicile<\/h2>\n<p style=\"text-align: center;\">Nous installons les bureaux-sant\u00e9 Walking Desk chez vos salari\u00e9s, et leur mettons \u00e0 disposition les vid\u00e9os de coaching de d\u00e9marrage<\/p>\n<h2 style=\"text-align: center;\">Hotline et SAV<\/h2>\n<p style=\"text-align: center;\">En cas de probl\u00e8me technique, ils appellent notre hotline, et nous intervenons directement \u00e0 leur domicile pour remettre en service<\/p>\n<h2 style=\"text-align: center;\">Flexibilit\u00e9 g\u00e9ographique<\/h2>\n<p style=\"text-align: center;\">En cas de renoncement de la part de votre salari\u00e9, nous d\u00e9pla\u00e7ons le bureau-sant\u00e9 Walking Desk chez un autre de vos salari\u00e9s<\/p>\n<h2 style=\"text-align: center;\">Rapatriement<\/h2>\n<p style=\"text-align: center;\">Si aucun autre salari\u00e9 n&rsquo;est int\u00e9ress\u00e9, nous r\u00e9cup\u00e9rerons le bureau-sant\u00e9 Walking Desk. Vous pouvez aussi changer de formule pour un salari\u00e9.<\/p>\n<h2 style=\"text-align: center;\">Evolutivit\u00e9<\/h2>\n<p style=\"text-align: center;\">Votre soci\u00e9t\u00e9 grandit ou r\u00e9duit la voilure ? Nous adaptons avec vous la taille du parc de bureaux-sant\u00e9 Walking-Desk.<\/p>\n<h2 style=\"text-align: center;\">Ils aiment leur Walking Desk<\/h2>\n<p>  <span style=\"width: 100%\"><img decoding=\"async\" alt=\"\" title=\"Julien-Coulon-300sq\" data-id=\"257\" src=\"https:\/\/activup.net\/wp-content\/uploads\/2021\/12\/Julien-Coulon-300sq-1.jpg\" style=\"\" width=\"82\" height=\"82\" data-width=\"82\" data-height=\"82\" data-init-width=\"300\" data-init-height=\"300\" loading=\"lazy\"><\/span><\/p>\n<p style=\"text-align: center;\">\u201c<\/p>\n<p>Tous les jours, je suis heureux d&rsquo;avoir d\u00e9couvert le walking desk. 12km de r\u00e9unions par jour et une p\u00eache d&rsquo;enfer ! D\u00e9j\u00e0 8kg perdus, rien qu&rsquo;en marchant.<\/p>\n<p>Julien Coulon, Directeur G\u00e9n\u00e9ral<\/p>\n<p>    <span style=\"width: 100%\"><img decoding=\"async\" alt=\"\" title=\"arnaud-verin-1\" data-id=\"273\" src=\"https:\/\/activup.net\/wp-content\/uploads\/2021\/12\/arnaud-verin-1-1.jpg\" style=\"\" width=\"82\" height=\"82\" data-width=\"82\" data-height=\"82\" data-init-width=\"100\" data-init-height=\"100\" loading=\"lazy\"><\/span><\/p>\n<p style=\"text-align: center;\">\u201c<\/p>\n<p>Quand on s&rsquo;installe sur le Walking Desk, le plus \u00e9tonnant, c\u2019est qu\u2019on oublie totalement que l\u2019on marche, on est plus concentr\u00e9 sur le travail.<\/p>\n<p>Arnaud V\u00e9rin, entrepreneur<\/p>\n<h2 style=\"text-align: center;\">&nbsp;ActivUP, la r\u00e9f\u00e9rence du Walking Desk<\/h2>\n<h3 style=\"text-align: center;\"><span>Plus de 300 clients<\/span><\/h3>\n<p><span><img decoding=\"async\" alt=\"\" data-id=\"175\" width=\"350\" data-init-width=\"640\" height=\"197\" data-init-height=\"360\" title=\"references-clients-ActivUP-2020-640x360-1\" loading=\"lazy\" src=\"https:\/\/activup.net\/wp-content\/uploads\/2020\/05\/references-clients-ActivUP-2020-640x360-1.jpg\" data-width=\"350\" data-height=\"197\" style=\"\"><\/span><\/p>\n<h3 style=\"text-align: center;\">23 passages TV<\/h3>\n<p><span><a href=\"https:\/\/activup.net\/fr\/presse\/\" data-shortcode-id=\"27\" data-dynamic-link=\"thrive_global_fields_url\"><img decoding=\"async\" alt=\"\" data-id=\"176\" width=\"339\" data-init-width=\"640\" height=\"191\" data-init-height=\"360\" title=\"retombees-presse-640x360-1\" loading=\"lazy\" src=\"https:\/\/activup.net\/wp-content\/uploads\/2020\/05\/retombees-presse-640x360-1.jpg\" data-width=\"339\" data-height=\"191\" data-link-wrap=\"true\"><\/a><\/span><\/p>\n<h3 style=\"text-align: center;\">Une solution prim\u00e9e<\/h3>\n<p><span><a href=\"https:\/\/activup.net\/fr\/distinctions\/\" data-shortcode-id=\"28\" data-dynamic-link=\"thrive_global_fields_url\"><img decoding=\"async\" alt=\"\" data-id=\"174\" width=\"339\" data-init-width=\"640\" height=\"191\" data-init-height=\"360\" title=\"infographie-trophee-640x360\" loading=\"lazy\" src=\"https:\/\/activup.net\/wp-content\/uploads\/2020\/05\/infographie-trophee-640x360-1.jpg\" data-width=\"339\" data-height=\"191\" data-link-wrap=\"true\"><\/a><\/span> <\/p>\n<h2>T\u00c9L\u00c9CHARGEZ LA PRESENTATION<\/h2>\n<p style=\"\">Plus que du t\u00e9l\u00e9travail, offrez \u00e0 vos salari\u00e9s le t\u00e9l\u00e9travail efficace et ergonomique.&nbsp;<\/p>\n<p style=\"\">\n<p style=\"\">Remplissez ce formulaire, vous recevrez gratuitement un lien pour t\u00e9l\u00e9charger la pr\u00e9sentation en PDF..<\/p>\n<h2 style=\"text-align: center;\">Cliquez ici pour<\/h2>\n<h2 style=\"text-align: center;\">gratuitement<\/h2>\n<h2 style=\"text-align: center;\">ou <a href=\"https:\/\/activup.net\/fr\/contact\/\" target=\"_blank\" style=\"outline: none;\" rel=\"noopener\"><span style=\"text-decoration: underline;\">contactez-nous directement ici<\/span><\/a><\/h2>\n","protected":false},"excerpt":{"rendered":"<p>\u00ab En t\u00e9l\u00e9travail, on peut rompre avec la s\u00e9dentarit\u00e9 \u00bb Plus que du travail : Offrez \u00e0 vos employ\u00e9s le t\u00e9l\u00e9travail efficace et ergonomique LE surpoids envol\u00e9 Le mal de dos limit\u00e9 L&rsquo;efficacit\u00e9 d\u00e9cupl\u00e9e UNE SITUATION PR\u00c9OCCUPANTE T\u00e9l\u00e9travail impos\u00e9 Le t\u00e9l\u00e9travail impos\u00e9 vous a pris de vitesse. Ni budget, ni organisation, rien n\u2019\u00e9tait pr\u00eat dans [&hellip;]<\/p>\n","protected":false},"author":4,"featured_media":0,"parent":1918,"menu_order":0,"comment_status":"closed","ping_status":"closed","template":"","meta":{"_seopress_robots_primary_cat":"","_seopress_titles_title":"","_seopress_titles_desc":"","_seopress_robots_index":"","bwfblock_default_font":"","footnotes":""},"wf_page_folders":[86],"class_list":["post-1943","page","type-page","status-publish","hentry","post-wrapper","thrv_wrapper"],"_links":{"self":[{"href":"https:\/\/activup.net\/fr\/wp-json\/wp\/v2\/pages\/1943","targetHints":{"allow":["GET"]}}],"collection":[{"href":"https:\/\/activup.net\/fr\/wp-json\/wp\/v2\/pages"}],"about":[{"href":"https:\/\/activup.net\/fr\/wp-json\/wp\/v2\/types\/page"}],"author":[{"embeddable":true,"href":"https:\/\/activup.net\/fr\/wp-json\/wp\/v2\/users\/4"}],"replies":[{"embeddable":true,"href":"https:\/\/activup.net\/fr\/wp-json\/wp\/v2\/comments?post=1943"}],"version-history":[{"count":15,"href":"https:\/\/activup.net\/fr\/wp-json\/wp\/v2\/pages\/1943\/revisions"}],"predecessor-version":[{"id":4516,"href":"https:\/\/activup.net\/fr\/wp-json\/wp\/v2\/pages\/1943\/revisions\/4516"}],"up":[{"embeddable":true,"href":"https:\/\/activup.net\/fr\/wp-json\/wp\/v2\/pages\/1918"}],"wp:attachment":[{"href":"https:\/\/activup.net\/fr\/wp-json\/wp\/v2\/media?parent=1943"}],"wp:term":[{"taxonomy":"wf_page_folders","embeddable":true,"href":"https:\/\/activup.net\/fr\/wp-json\/wp\/v2\/wf_page_folders?post=1943"}],"curies":[{"name":"wp","href":"https:\/\/api.w.org\/{rel}","templated":true}]}}