{"id":1964,"date":"2021-12-20T20:56:51","date_gmt":"2021-12-20T18:56:51","guid":{"rendered":"https:\/\/activupnet.eu2.copilhost.cloud\/teletravail\/clone-of-teletravail-flotte\/"},"modified":"2022-05-01T17:41:37","modified_gmt":"2022-05-01T15:41:37","slug":"maigrir","status":"publish","type":"page","link":"https:\/\/activup.net\/fr\/teletravail\/maigrir\/","title":{"rendered":"T\u00e9l\u00e9travail Maigrir"},"content":{"rendered":"<p style=\"text-align: left;\">Vous aussi, vous pouvez maigrir, sans r\u00e9gime ni sport, pendant que vous travaillez<\/p>\n<h2>\u00ab Maigrir en marchant, pendant qu&rsquo;on travaille.Sans r\u00e9gime, ni sport. \u00bb<\/h2>\n<h2>Transformez le t\u00e9l\u00e9travail en opportunit\u00e9 contre le surpoids.<\/h2>\n<p><span><img decoding=\"async\" alt=\"\" data-id=\"296\" width=\"500\" data-init-width=\"500\" height=\"304\" data-init-height=\"304\" title=\"laptop-weight-loss-500\" src=\"https:\/\/activup.net\/wp-content\/uploads\/2020\/05\/laptop-weight-loss-500.png\" data-width=\"500\" data-height=\"304\" style=\"\" loading=\"lazy\"><\/span><\/p>\n<p style=\"text-align: center;\">Courbe de poids de Marc Thouvenin :14kg perdus, simplement en marchantsur un Walking Desk<\/p>\n<ul>\n<li><span style=\"\">Votre surpoids envol\u00e9<\/span><\/li>\n<\/ul>\n<ul>\n<li><span style=\"\">Votre Energie retrouv\u00e9e<\/span><\/li>\n<\/ul>\n<ul>\n<li><span style=\"\"><span style=\"\">VOTRE<\/span> efficacit\u00e9 d\u00e9cupl\u00e9e<\/span><\/li>\n<\/ul>\n<h2><strong>Passez \u00e0 l&rsquo;action maintenant<\/strong><\/h2>\n<h2>Comment maigrir quand on est tr\u00e8s occup\u00e9 (et t\u00e9l\u00e9travailleur) ?<\/h2>\n<p>Il vous suffit de marcher une \u00e0 deux heures par jour (ou m\u00eame plus) pour avoir tr\u00e8s rapidement des progr\u00e8s.<\/p>\n<h2>Facile, sans effort, sans y penser<\/h2>\n<p>Vous marchez et vous travaillez en m\u00eame temps. Pas besoin d&rsquo;aller \u00e0 la salle de sport. La marche au bureau ne n\u00e9cessite ni douche, ni surv\u00eatement ni chassures de sport.<\/p>\n<p style=\"text-align: center; font-size: 32px !important;\"><span style=\"font-size: 32px;\">\u00ab Oui, c&rsquo;est facile de maigrir sans y penser, sans r\u00e9gime ni sport, pendant qu&rsquo;on travaille. \u00bb<\/span><\/p>\n<p>DIRIGEANT<\/p>\n<h2>Julien Coulon, CM-CIC Innovation<\/h2>\n<p style=\"text-align: justify;\">Julien Coulon a install\u00e9 un Walking Desk dans l&rsquo;entreprise Cedexis. Quand il a vendu sa soci\u00e9t\u00e9 \u00e0 Citrix, il en a mis un autre chez lui, dans son bureau \u00e0 la maison. Dans ce t\u00e9moignage, il nous explique qu&rsquo;il marche 2 \u00e0 4 heures par jour, et qu&rsquo;il a perdu plus de 8 kg.Il nous explique comment on peut perdre du poids, sans r\u00e9gime ni sport, pendant qu&rsquo;on travaille.<\/p>\n<h2>\u00ab J&rsquo;ai perdu plus de 8kg en marchant \u00bb<\/h2>\n<h3 style=\"text-align: center;\"><strong>TRAVAILLEZ EN MARCHANT !<\/strong><\/h3>\n<h2 style=\"text-align: center;\">Que se passera-t-il quand vous marcherez plus ?<\/h2>\n<p><span style=\"\"><img decoding=\"async\" alt=\"\" data-id=\"294\" width=\"60\" data-init-width=\"256\" height=\"60\" data-init-height=\"256\" title=\"weightloss-2622022\" src=\"https:\/\/activup.net\/wp-content\/uploads\/2020\/05\/weightloss-2622022.png\" data-width=\"60\" data-height=\"60\" style=\"\" loading=\"lazy\"><\/span><\/p>\n<h3>Perte de poids<\/h3>\n<p>Marcher tous les jours, pendant que l&rsquo;on travaille, permet de maigrir simplement, sans effort, ni perte de temps<\/p>\n<p><span><img decoding=\"async\" alt=\"\" data-id=\"291\" width=\"60\" data-init-width=\"512\" height=\"60\" data-init-height=\"512\" title=\"yoga-512\" src=\"https:\/\/activup.net\/wp-content\/uploads\/2020\/05\/yoga-512-1.png\" data-width=\"60\" data-height=\"60\" style=\"\" loading=\"lazy\"><\/span><\/p>\n<h3>R\u00e9duction du stress<\/h3>\n<p>L&rsquo;oxyg\u00e9nation et la lib\u00e9ration d\u2019endorphines r\u00e9duit l\u2019anxi\u00e9t\u00e9, la tension et la pression art\u00e9rielle.<\/p>\n<p><span><img decoding=\"async\" alt=\"\" data-id=\"141\" width=\"61\" data-init-width=\"512\" height=\"61\" data-init-height=\"512\" title=\"back-pain-1683154\" loading=\"lazy\" src=\"https:\/\/activup.net\/wp-content\/uploads\/2020\/05\/back-pain-1683154.png\" data-width=\"61\" data-height=\"61\" style=\"\"><\/span><\/p>\n<h3>Plus mal de dos<\/h3>\n<p>Marcher permet d&rsquo;\u00e9tirer les muscles dorsaux et la posture droite de rel\u00e2cher les tensions.<\/p>\n<p><span><img decoding=\"async\" alt=\"\" data-id=\"153\" width=\"62\" data-init-width=\"512\" height=\"62\" data-init-height=\"512\" title=\"sleep\" loading=\"lazy\" src=\"https:\/\/activup.net\/wp-content\/uploads\/2020\/05\/sleep.png\" data-width=\"62\" data-height=\"62\" style=\"\"><\/span><\/p>\n<h3>Meilleur sommeil<\/h3>\n<p>Si vous marchez 30 min \u00e0 1h doucement, vous serez dans un \u00e9tat relax\u00e9 qui permet de mieux dormir.<\/p>\n<p><span><img decoding=\"async\" alt=\"\" data-id=\"150\" width=\"58\" data-init-width=\"512\" height=\"58\" data-init-height=\"512\" title=\"superhero\" loading=\"lazy\" src=\"https:\/\/activup.net\/wp-content\/uploads\/2020\/05\/superhero.png\" data-width=\"58\" data-height=\"58\" style=\"\"><\/span><\/p>\n<h3>Plus d&rsquo;\u00e9nergie<\/h3>\n<p>Marcher oxyg\u00e8ne votre cerveau et lib\u00e8re des hormones qui vont booster votre \u00e9nergie.<\/p>\n<p><span><img decoding=\"async\" alt=\"\" data-id=\"162\" width=\"59\" data-init-width=\"300\" height=\"59\" data-init-height=\"300\" title=\"creativity-256\" loading=\"lazy\" src=\"https:\/\/activup.net\/wp-content\/uploads\/2020\/05\/creativity-256.png\" data-width=\"59\" data-height=\"59\" style=\"\"><\/span><\/p>\n<h3>Plus cr\u00e9atif<\/h3>\n<p>La marche au bureau permet d&rsquo;augmenter la cr\u00e9ativit\u00e9 de 28%, selon une \u00e9tude de Stanford.<\/p>\n<p><span><img decoding=\"async\" alt=\"\" data-id=\"292\" width=\"59\" data-init-width=\"128\" height=\"59\" data-init-height=\"128\" title=\"time-256\" loading=\"lazy\" src=\"https:\/\/activup.net\/wp-content\/uploads\/2020\/05\/time-256-1.png\" data-width=\"59\" data-height=\"59\" style=\"\"><\/span><\/p>\n<h3>Gain de temps<\/h3>\n<p>Mieux que le sport, marcher au bureau a le m\u00eame effet sur la sant\u00e9, sans investir de temps.<\/p>\n<p><span><img decoding=\"async\" alt=\"\" data-id=\"137\" width=\"56\" data-init-width=\"512\" height=\"56\" data-init-height=\"512\" title=\"happygirl\" loading=\"lazy\" src=\"https:\/\/activup.net\/wp-content\/uploads\/2020\/05\/happygirl.png\" data-width=\"56\" data-height=\"56\" style=\"\"><\/span><\/p>\n<h3>Plus heureux<\/h3>\n<p>L\u2019exercice physique est la 2\u00e8me activit\u00e9 qui rend le plus heureux, juste apr\u00e8s le sexe.<\/p>\n<p style=\"text-align: center;\">Guide gratuit, sp\u00e9cial t\u00e9l\u00e9travail<\/p>\n<h2 style=\"text-align: center;\">Vous voulez acheter tout de suite un Walking Desk ?<\/h2>\n<p><span><img decoding=\"async\" alt=\"\" data-id=\"266\" width=\"350\" data-init-width=\"300\" height=\"233\" data-init-height=\"200\" title=\"BouyguesNextDoor-5-600pL\" src=\"https:\/\/activup.net\/wp-content\/uploads\/2020\/05\/BouyguesNextDoor-5-600pL-300x200.jpg\" data-width=\"350\" data-height=\"233\" style=\"\" loading=\"lazy\"><\/span><span><img decoding=\"async\" alt=\"\" data-id=\"1345\" width=\"350\" data-init-width=\"600\" height=\"233\" data-init-height=\"400\" title=\"AU202ED-120-bas-iso-600x400\" src=\"https:\/\/activup.net\/wp-content\/uploads\/2021\/03\/AU202ED-120-bas-iso-600x400-1.jpg\" data-width=\"350\" data-height=\"233\" style=\"\" loading=\"lazy\"><\/span><span><img decoding=\"async\" alt=\"\" data-id=\"1352\" width=\"350\" data-init-width=\"600\" height=\"233\" data-init-height=\"400\" title=\"LSHomeSetting600pL-600x400\" src=\"https:\/\/activup.net\/wp-content\/uploads\/2021\/03\/LSHomeSetting600pL-600x400-1.jpg\" data-width=\"350\" data-height=\"233\" style=\"\" loading=\"lazy\"><\/span>  <\/p>\n<h2 style=\"text-align: center;\">&nbsp;ActivUP, la r\u00e9f\u00e9rence du Walking Desk<\/h2>\n<h3 style=\"text-align: center;\"><span>Plus de 300 clients<\/span><\/h3>\n<p><span><img decoding=\"async\" alt=\"\" data-id=\"175\" width=\"350\" data-init-width=\"640\" height=\"197\" data-init-height=\"360\" title=\"references-clients-ActivUP-2020-640x360-1\" loading=\"lazy\" src=\"https:\/\/activup.net\/wp-content\/uploads\/2020\/05\/references-clients-ActivUP-2020-640x360-1.jpg\" data-width=\"350\" data-height=\"197\" style=\"\"><\/span><\/p>\n<h3 style=\"text-align: center;\">23 passages TV<\/h3>\n<p><span><a href=\"https:\/\/activup.net\/fr\/presse\/\" data-shortcode-id=\"27\" data-dynamic-link=\"thrive_global_fields_url\"><img decoding=\"async\" alt=\"\" data-id=\"176\" width=\"339\" data-init-width=\"640\" height=\"191\" data-init-height=\"360\" title=\"retombees-presse-640x360-1\" loading=\"lazy\" src=\"https:\/\/activup.net\/wp-content\/uploads\/2020\/05\/retombees-presse-640x360-1.jpg\" data-width=\"339\" data-height=\"191\" data-link-wrap=\"true\"><\/a><\/span><\/p>\n<h3 style=\"text-align: center;\">Une solution prim\u00e9e<\/h3>\n<p><span><a href=\"https:\/\/activup.net\/fr\/distinctions\/\" data-shortcode-id=\"28\" data-dynamic-link=\"thrive_global_fields_url\"><img decoding=\"async\" alt=\"\" data-id=\"174\" width=\"339\" data-init-width=\"640\" height=\"191\" data-init-height=\"360\" title=\"infographie-trophee-640x360\" loading=\"lazy\" src=\"https:\/\/activup.net\/wp-content\/uploads\/2020\/05\/infographie-trophee-640x360-1.jpg\" data-width=\"339\" data-height=\"191\" data-link-wrap=\"true\"><\/a><\/span> <\/p>\n<p><strong>LE GUIDE<\/strong><\/p>\n<h3><strong>La m\u00e9thode pour maigrir sans y penser<\/strong><\/h3>\n<p style=\"text-align: justify;\">Remplissez le formulaire et recevez par email ce guide au format ebook en PDF, qui explique la m\u00e9thode utilis\u00e9e par Marc Thouvenin, pour perdre du poids sans r\u00e9gime ni sport, pendant son travail.<\/p>\n<p>Cette m\u00e9thode est applicable \u00e0 tous ceux qui travaillent beaucoup, n&rsquo;ont pas assez de temps pour faire du sport, et ne veulent pas faire de r\u00e9gime.<\/p>\n<p style=\"text-align: center;\">Guide gratuit, sp\u00e9cial t\u00e9l\u00e9travail<\/p>\n<p><span><img decoding=\"async\" alt=\"\" data-id=\"1576\" width=\"323\" data-init-width=\"914\" height=\"299\" data-init-height=\"846\" title=\"Guide-LivreBlanc-Teletravail-Maigrir-107-cover3d-45deg\" loading=\"lazy\" src=\"https:\/\/activup.net\/wp-content\/uploads\/2021\/11\/Guide-LivreBlanc-Teletravail-Maigrir-107-cover3d-45deg.png\" data-width=\"323\" data-height=\"299\" style=\"\"><\/span><\/p>\n<h5>Pourquoi bouger<\/h5>\n<p>Tous les b\u00e9n\u00e9fices sant\u00e9, bien-\u00eatre et performance, sont abord\u00e9s, ainsi que l&rsquo;adaptation \u00e0 l&rsquo;environnement de bureau.<\/p>\n<h5>Les conditions pour r\u00e9ussir<\/h5>\n<p>Choisissez d&rsquo;adopter la bonne attitude gagnante pour maigrir en vous faisant plaisir. Comprendre votre corps pour le maitriser.<\/p>\n<h5>Mesurer ses progr\u00e8s<\/h5>\n<p>Les astuces pour r\u00e9ussir \u00e0 court terme et moyen terme. Et comment rester mince ensuite, jusqu&rsquo;\u00e0 la fin de votre vie !<\/p>\n<h5>Am\u00e9nager son bureau<\/h5>\n<p>D\u00e9couvrez comment votre espace de travail peut devenir le meilleur moyen pour maigrir, rester fit et inspirer les autres \u00e0 le faire aussi.<\/p>\n<h2>T\u00c9L\u00c9CHARGEZ LE GUIDE<\/h2>\n<p style=\"\">Ce guide va vous aider \u00e0 d\u00e9marrer une nouvelle vie, plus active. Sans y penser, vous allez maigrir, en marchant au bureau, sans r\u00e9gime ni sport.<\/p>\n<p style=\"\">\n<p style=\"\">Et pour vous aider dans la d\u00e9marche, vous allez recevoir 2 bonus par mail d\u00e8s la validation du formulaire.<\/p>\n<h2 style=\"text-align: center;\">Cliquez ici pour<\/h2>\n<h2 style=\"text-align: center;\">gratuitement<\/h2>\n<h2 style=\"text-align: center;\">ou <a href=\"https:\/\/activup.net\/fr\/contact\/\" target=\"_blank\" style=\"outline: none;\" rel=\"noopener\"><span style=\"text-decoration: underline;\">contactez-nous directement ici<\/span><\/a><\/h2>\n","protected":false},"excerpt":{"rendered":"<p>Vous aussi, vous pouvez maigrir, sans r\u00e9gime ni sport, pendant que vous travaillez \u00ab Maigrir en marchant, pendant qu&rsquo;on travaille.Sans r\u00e9gime, ni sport. \u00bb Transformez le t\u00e9l\u00e9travail en opportunit\u00e9 contre le surpoids. Courbe de poids de Marc Thouvenin :14kg perdus, simplement en marchantsur un Walking Desk Votre surpoids envol\u00e9 Votre Energie retrouv\u00e9e VOTRE efficacit\u00e9 d\u00e9cupl\u00e9e [&hellip;]<\/p>\n","protected":false},"author":4,"featured_media":0,"parent":1918,"menu_order":0,"comment_status":"closed","ping_status":"closed","template":"","meta":{"_seopress_robots_primary_cat":"","_seopress_titles_title":"","_seopress_titles_desc":"","_seopress_robots_index":"","bwfblock_default_font":"","footnotes":""},"wf_page_folders":[86],"class_list":["post-1964","page","type-page","status-publish","hentry","post-wrapper","thrv_wrapper"],"_links":{"self":[{"href":"https:\/\/activup.net\/fr\/wp-json\/wp\/v2\/pages\/1964","targetHints":{"allow":["GET"]}}],"collection":[{"href":"https:\/\/activup.net\/fr\/wp-json\/wp\/v2\/pages"}],"about":[{"href":"https:\/\/activup.net\/fr\/wp-json\/wp\/v2\/types\/page"}],"author":[{"embeddable":true,"href":"https:\/\/activup.net\/fr\/wp-json\/wp\/v2\/users\/4"}],"replies":[{"embeddable":true,"href":"https:\/\/activup.net\/fr\/wp-json\/wp\/v2\/comments?post=1964"}],"version-history":[{"count":15,"href":"https:\/\/activup.net\/fr\/wp-json\/wp\/v2\/pages\/1964\/revisions"}],"predecessor-version":[{"id":4521,"href":"https:\/\/activup.net\/fr\/wp-json\/wp\/v2\/pages\/1964\/revisions\/4521"}],"up":[{"embeddable":true,"href":"https:\/\/activup.net\/fr\/wp-json\/wp\/v2\/pages\/1918"}],"wp:attachment":[{"href":"https:\/\/activup.net\/fr\/wp-json\/wp\/v2\/media?parent=1964"}],"wp:term":[{"taxonomy":"wf_page_folders","embeddable":true,"href":"https:\/\/activup.net\/fr\/wp-json\/wp\/v2\/wf_page_folders?post=1964"}],"curies":[{"name":"wp","href":"https:\/\/api.w.org\/{rel}","templated":true}]}}