{"id":22694,"date":"2023-12-27T18:05:43","date_gmt":"2023-12-27T16:05:43","guid":{"rendered":"https:\/\/activupnet.eu2.copilhost.cloud\/?page_id=22694"},"modified":"2024-01-17T12:11:38","modified_gmt":"2024-01-17T10:11:38","slug":"rdv-guide-dlpdf","status":"publish","type":"page","link":"https:\/\/activup.net\/fr\/acheter-walking-desk\/rdv-guide-dlpdf\/","title":{"rendered":"RDV+GuideAchat \u201cBouger plus au bureau\u201d &#8211; DLpdf"},"content":{"rendered":"<p><a href=\"https:\/\/activup.net\/wp-content\/uploads\/2021\/11\/Guide-LivreBlanc-Teletravail-BougerPlus-107.pdf\" target=\"_blank\" rel=\"noopener\"><\/p>\n<p style=\"text-align: center;\">\n<p><\/a><\/p>\n<h1>T\u00e9l\u00e9charger votre guide d&rsquo;achat du Walking Desk \u00ab Bouger plus pour travailler mieux \u00bb<\/h1>\n<p>Voil\u00e0, vous y \u00eates presque. Il ne vous reste plus qu&rsquo;\u00e0 t\u00e9l\u00e9charger cet ebook, \u00e0 la lire bien s\u00fbr, et vous pourrez d\u00e9couvrir comment le Walking Desk peut am\u00e9liorer votre sant\u00e9 et votre productivit\u00e9. Tout simplement en marchant \u00e0 votre bureau.<\/p>\n<h2 style=\"\">Besoin d&rsquo;aide pour trouver directement la configuration qu&rsquo;il vous faut ?<\/h2>\n<p style=\"\">Toute l&rsquo;\u00e9quipe d&rsquo;ActivUP est \u00e0 votre service pour vous aider \u00e0 choisir le Walking Desk le plus adapt\u00e9 \u00e0 votre situation personnelle.<\/p>\n","protected":false},"excerpt":{"rendered":"<p>T\u00e9l\u00e9charger votre guide d&rsquo;achat du Walking Desk \u00ab Bouger plus pour travailler mieux \u00bb Voil\u00e0, vous y \u00eates presque. Il ne vous reste plus qu&rsquo;\u00e0 t\u00e9l\u00e9charger cet ebook, \u00e0 la lire bien s\u00fbr, et vous pourrez d\u00e9couvrir comment le Walking Desk peut am\u00e9liorer votre sant\u00e9 et votre productivit\u00e9. Tout simplement en marchant \u00e0 votre bureau. [&hellip;]<\/p>\n","protected":false},"author":4,"featured_media":0,"parent":424,"menu_order":0,"comment_status":"closed","ping_status":"closed","template":"","meta":{"_seopress_robots_primary_cat":"","_seopress_titles_title":"T\u00e9l\u00e9chargez votre guide d&#039;achat du Walking Desk","_seopress_titles_desc":"","_seopress_robots_index":"yes","bwfblock_default_font":"","footnotes":""},"wf_page_folders":[220],"class_list":["post-22694","page","type-page","status-publish","hentry","post-wrapper","thrv_wrapper"],"_links":{"self":[{"href":"https:\/\/activup.net\/fr\/wp-json\/wp\/v2\/pages\/22694","targetHints":{"allow":["GET"]}}],"collection":[{"href":"https:\/\/activup.net\/fr\/wp-json\/wp\/v2\/pages"}],"about":[{"href":"https:\/\/activup.net\/fr\/wp-json\/wp\/v2\/types\/page"}],"author":[{"embeddable":true,"href":"https:\/\/activup.net\/fr\/wp-json\/wp\/v2\/users\/4"}],"replies":[{"embeddable":true,"href":"https:\/\/activup.net\/fr\/wp-json\/wp\/v2\/comments?post=22694"}],"version-history":[{"count":7,"href":"https:\/\/activup.net\/fr\/wp-json\/wp\/v2\/pages\/22694\/revisions"}],"predecessor-version":[{"id":22789,"href":"https:\/\/activup.net\/fr\/wp-json\/wp\/v2\/pages\/22694\/revisions\/22789"}],"up":[{"embeddable":true,"href":"https:\/\/activup.net\/fr\/wp-json\/wp\/v2\/pages\/424"}],"wp:attachment":[{"href":"https:\/\/activup.net\/fr\/wp-json\/wp\/v2\/media?parent=22694"}],"wp:term":[{"taxonomy":"wf_page_folders","embeddable":true,"href":"https:\/\/activup.net\/fr\/wp-json\/wp\/v2\/wf_page_folders?post=22694"}],"curies":[{"name":"wp","href":"https:\/\/api.w.org\/{rel}","templated":true}]}}