{"id":2293,"date":"2021-12-26T08:33:53","date_gmt":"2021-12-26T06:33:53","guid":{"rendered":"https:\/\/activupnet.eu2.copilhost.cloud\/teletravail\/maigrir\/clone-of-votre-guide-maigrir-en-travaillant-special-teletravail\/"},"modified":"2022-01-04T23:50:15","modified_gmt":"2022-01-04T21:50:15","slug":"gc","status":"publish","type":"page","link":"https:\/\/activup.net\/fr\/lp\/dirsp3-guide\/gc\/","title":{"rendered":"Votre guide &#8220;Maigrir en travaillant&#8221;, sp\u00e9cial Dirigeants"},"content":{"rendered":"<p>Vous aussi, vous pouvez maigrir en t\u00e9l\u00e9travail, rien qu&rsquo;en marchant \u00e0 votre bureau !<\/p>\n<p style=\"text-align: left;\">Merci pour votre demande<\/p>\n<h2 style=\"text-align: left;\">\u00ab Bravo ! Et bienvenue dans la communaut\u00e9 des travailleurs marcheurs \u00bb<\/h2>\n<p><span><img decoding=\"async\" alt=\"\" data-id=\"133\" width=\"250\" data-init-width=\"291\" height=\"344\" data-init-height=\"400\" title=\"Guide-PerteSurpoids-Dirgeants.90822-cover3D-400\" src=\"https:\/\/activup.net\/wp-content\/uploads\/2020\/05\/Guide-PerteSurpoids-Dirgeants.90822-cover3D-400.png\" data-width=\"250\" data-height=\"344\" style=\"\" loading=\"lazy\"><\/span><\/p>\n<h2 style=\"text-align: center;\">Puis, d\u00e9filez la page ci-dessous pour acc\u00e9der \u00e0 vos bonus<\/h2>\n<h3 style=\"text-align: center;\"><strong>UN WALKING DESK BIENT\u00d4T CHEZ VOUS ?<\/strong><\/h3>\n<p><span><img decoding=\"async\" alt=\"\" data-id=\"1461\" width=\"529\" data-init-width=\"1000\" height=\"529\" data-init-height=\"1000\" title=\"MyDesk-BM120-vue2-1000\" loading=\"lazy\" src=\"https:\/\/activup.net\/wp-content\/uploads\/2021\/12\/MyDesk-BM120-vue2-1000-1-1.jpg\" data-width=\"529\" data-height=\"529\"><\/span><span><img decoding=\"async\" alt=\"\" data-id=\"1465\" width=\"529\" data-init-width=\"1000\" height=\"529\" data-init-height=\"1000\" title=\"Easywalk-090ARR-haut-iso-1000\" loading=\"lazy\" src=\"https:\/\/activup.net\/wp-content\/uploads\/2021\/12\/Easywalk-090ARR-haut-iso-1000.jpg\" data-width=\"529\" data-height=\"529\" style=\"\"><\/span><\/p>\n<h2 style=\"text-align: center;\">Pour aller plus loin<\/h2>\n<h5>1. Regardez la conf\u00e9rence \u00ab\u00a0ces petits kilos en trop\u00a0\u00bb<\/h5>\n<p style=\"text-align: justify;\">La conf\u00e9rence traite du r\u00f4le de notre ADN et des bonnes habitudes de nos anc\u00eatres chasseurs-cueilleurs qu&rsquo;on peut adopter dans la vie moderne, sans se priver.<\/p>\n<h5>2. R\u00e9servez vos 30 minutes de coaching gratuit<\/h5>\n<p style=\"text-align: justify;\">Chaque cas est diff\u00e9rent. C&rsquo;est pourquoi, <strong>pendant une dur\u00e9e limit\u00e9e<\/strong>, nous vous offrons une s\u00e9ance de coaching gratuite.<\/p>\n<p style=\"text-align: justify;\">L&rsquo;occasion de vous conseiller et motiver.<\/p>\n<p>Notre solution est tellement nouvelle et inhabituelle que vous avez certainement de tr\u00e8s nombreuses questions.Comment cette m\u00e9thode r\u00e9volutionnaire peut-elle s&rsquo;appliquer \u00e0 votre cas particulier ?De quoi avez-vous besoin pour d\u00e9marrer ? Comment perdurer et r\u00e9ussir ? Comment s&rsquo;entourer et \u00eatre soutenu ?C&rsquo;est ce que nous verrons ensemble !<\/p>\n<h2>Contactez-nous<\/h2>\n<p>Vous souhaitez en savoir plus et m\u00eame tester le Walking Desk dans votre entreprise ou dans notre showroom ?<\/p>\n<p><span><img decoding=\"async\" alt=\"\" data-id=\"571\" width=\"164\" data-init-width=\"300\" height=\"164\" data-init-height=\"300\" title=\"telemarketing-call-center-transparent-600sq\" loading=\"lazy\" src=\"https:\/\/activup.net\/wp-content\/uploads\/2021\/12\/telemarketing-call-center-transparent-600sq-300x300-1.png\" data-width=\"164\" data-height=\"164\" style=\"\"><\/span><\/p>\n<p><strong>Nos showrooms<\/strong> (sur RDV exclusivement)<\/p>\n<p><strong>Paris 17e<\/strong> : 27 rue des Renaudes<\/p>\n<p><strong>Archamps<\/strong> (Haute-Savoie)<\/p>\n<p>Appelez-nous au<\/p>\n<p><span data-attr-id=\"3\" data-extra_key=\"1\" data-option-inline=\"1\" data-shortcode=\"thrive_global_fields\" data-shortcode-name=\"[Company] Phone number\">+33 1 85 08 60 18<\/span><\/p>\n<p>[tcb-script charset=\u00a0\u00bbutf-8&Prime; type=\u00a0\u00bbtext\/javascript\u00a0\u00bb src=\u00a0\u00bb\/\/js.hsforms.net\/forms\/shell.js\u00a0\u00bb][\/tcb-script] [tcb-script] hbspt.forms.create({ portalId: \u00ab\u00a03959277\u00a0\u00bb, formId: \u00ab\u00a064249f84-222c-4072-9249-8fbc859e8545\u00a0\u00bb }); [\/tcb-script]<\/p>\n","protected":false},"excerpt":{"rendered":"<p>Vous aussi, vous pouvez maigrir en t\u00e9l\u00e9travail, rien qu&rsquo;en marchant \u00e0 votre bureau ! Merci pour votre demande \u00ab Bravo ! Et bienvenue dans la communaut\u00e9 des travailleurs marcheurs \u00bb Puis, d\u00e9filez la page ci-dessous pour acc\u00e9der \u00e0 vos bonus UN WALKING DESK BIENT\u00d4T CHEZ VOUS ? Pour aller plus loin 1. Regardez la conf\u00e9rence [&hellip;]<\/p>\n","protected":false},"author":4,"featured_media":0,"parent":627,"menu_order":0,"comment_status":"closed","ping_status":"closed","template":"","meta":{"_seopress_robots_primary_cat":"","_seopress_titles_title":"","_seopress_titles_desc":"","_seopress_robots_index":"yes","bwfblock_default_font":"","footnotes":""},"wf_page_folders":[156],"class_list":["post-2293","page","type-page","status-publish","hentry","post-wrapper","thrv_wrapper"],"_links":{"self":[{"href":"https:\/\/activup.net\/fr\/wp-json\/wp\/v2\/pages\/2293","targetHints":{"allow":["GET"]}}],"collection":[{"href":"https:\/\/activup.net\/fr\/wp-json\/wp\/v2\/pages"}],"about":[{"href":"https:\/\/activup.net\/fr\/wp-json\/wp\/v2\/types\/page"}],"author":[{"embeddable":true,"href":"https:\/\/activup.net\/fr\/wp-json\/wp\/v2\/users\/4"}],"replies":[{"embeddable":true,"href":"https:\/\/activup.net\/fr\/wp-json\/wp\/v2\/comments?post=2293"}],"version-history":[{"count":4,"href":"https:\/\/activup.net\/fr\/wp-json\/wp\/v2\/pages\/2293\/revisions"}],"predecessor-version":[{"id":2675,"href":"https:\/\/activup.net\/fr\/wp-json\/wp\/v2\/pages\/2293\/revisions\/2675"}],"up":[{"embeddable":true,"href":"https:\/\/activup.net\/fr\/wp-json\/wp\/v2\/pages\/627"}],"wp:attachment":[{"href":"https:\/\/activup.net\/fr\/wp-json\/wp\/v2\/media?parent=2293"}],"wp:term":[{"taxonomy":"wf_page_folders","embeddable":true,"href":"https:\/\/activup.net\/fr\/wp-json\/wp\/v2\/wf_page_folders?post=2293"}],"curies":[{"name":"wp","href":"https:\/\/api.w.org\/{rel}","templated":true}]}}