{"id":2939,"date":"2022-01-12T18:59:46","date_gmt":"2022-01-12T16:59:46","guid":{"rendered":"https:\/\/activupnet.eu2.copilhost.cloud\/clone-of-activup-a-la-tv-et-dans-la-presse\/"},"modified":"2022-03-30T10:38:17","modified_gmt":"2022-03-30T08:38:17","slug":"welcome","status":"publish","type":"page","link":"https:\/\/activup.net\/fr\/welcome\/","title":{"rendered":"Welcome Fr Travailleurs-marcheurs"},"content":{"rendered":"<h1 style=\"text-align: center;\">Bienvenue<\/h1>\n<p style=\"text-align: center;\">D\u00e9couvrez le Walking Desk<\/p>\n<p style=\"text-align: center;\">en vid\u00e9o&nbsp;<\/p>\n<p style=\"text-align: center;\">Depuis sa cr\u00e9ation, la solution ActivUP a eu la part belle dans les m\u00e9dias, en particulier la t\u00e9l\u00e9vision, avec plus de 20 passages \u00e0 l&rsquo;antenne. Les radios et la presse \u00e9crite l&rsquo;ont \u00e9galement relay\u00e9 largement.&nbsp;<\/p>\n<h2 style=\"text-align: center;\">Acc\u00e9der \u00e0 la documentation technique&nbsp;<\/h2>\n<h2 style=\"text-align: center;\">Besoin d&rsquo;aide pour installer ou utiliser ?<\/h2>\n<p>France 2 &#8211; Journal t\u00e9l\u00e9vis\u00e9<\/p>\n<h2>\u00ab S\u00e9dentarit\u00e9 et mal de dos \u00bb<\/h2>\n<p style=\"text-align: justify;\">Dans ce reportage diffus\u00e9 en octobre 2020 au 20h de France 2, le kin\u00e9sith\u00e9rapeute Gr\u00e9goire Gibault qui promeut le fait de bouger plus ! Cela permet de r\u00e9duire consid\u00e9rablement le mal de dos.<\/p>\n<\/p>\n<p style=\"text-align: justify;\">Vous pourrez aussi retrouver le t\u00e9moignage de Pierre Gaudet, dirigeant de Steerfox qui utilise son Walking Desk 1h par jour (\u00e0 partir de 4 min 06 dans la vid\u00e9o).<\/p>\n<p>France 2 &#8211; Michel Cymes<\/p>\n<h2>Pr\u00e9server notre dos<\/h2>\n<p style=\"text-align: justify;\">Dans l&rsquo;\u00e9mission de Michel Cymes, \u201cLes pouvoirs extraordinaires du corps humain\u201d, Benoit Pereira, client d&rsquo;ActivUP pr\u00e9sente son poste de travail en marchant. Les vertus de la marche pour r\u00e9duire le mal de dos sont connus depuis l&rsquo;antiquit\u00e9. Et au bureau, rester assis toute la journ\u00e9e est d\u00e9l\u00e9t\u00e8re. Le Walking Desk ActivUP est la solution par excellence pour soulager son dos pendant qu&rsquo;on travaille.<\/p>\n<p><span data-attr-id=\"25\" data-attr-static-link=\"{&quot;className&quot;:&quot;tve-froala fr-basic&quot;,&quot;href&quot;:&quot;https:\/\/activup.net\/fr\/acheter-walking-desk\/&quot;,&quot;target&quot;:&quot;_blank&quot;,&quot;class&quot;:&quot;tve-froala fr-basic&quot;}\" data-extra_key=\"4\" data-option-inline=\"1\" data-shortcode=\"thrive_global_fields\" data-shortcode-name=\"[Internal Links] FR-Acheter\"><a href=\"https:\/\/activup.net\/fr\/acheter-walking-desk\/\" target=\"_blank\" class=\"tve-froala fr-basic\">Acheter un Walking Desk<\/a><\/span><\/p>\n<p>T\u00e9l\u00e9vision suisse Romande (TSR)<\/p>\n<h2>\u00ab La chaise qui tue \u00bb<\/h2>\n<p style=\"text-align: justify;\">Dans ce reportage diffus\u00e9 en octobre 2019 \u00e0 la TSR (T\u00e9l\u00e9vision Suisse Romande), le professeur Fran\u00e7ois Carr\u00e9 y pr\u00e9sente les raisons pour lesquelles il est important d&rsquo;\u00eatre physiquement actifs tout au long de la journ\u00e9e. ActivUP est pr\u00e9sent\u00e9 comme la solution au bureau, pour les travailleurs ayant un poste de travail s\u00e9dentaire. Un client ActivUP t\u00e9moigne de l&rsquo;engouement suscit\u00e9 par le Walking Desk dans son entreprise.<\/p>\n<p>M6 &#8211; Prime time<\/p>\n<h2>\u00ab Mon invention vaut de l&rsquo;or \u00bb<\/h2>\n<p style=\"text-align: justify;\">ActivUP a \u00e9t\u00e9 invit\u00e9e \u00e0 pr\u00e9senter son Walking Desk dans l&rsquo;\u00e9mission de M6 \u201cMon invention vaut de l&rsquo;or\u201d. Etaient invit\u00e9s aussi les enfants de Marc Thouvenin : Sarah et Maxime, qui ont pu pr\u00e9senter la solution aux t\u00e9l\u00e9spectateurs. La solution est tr\u00e8s innovante mais s&rsquo;adresse encore plut\u00f4t aux entreprises et aux professionnels. Depuis cette \u00e9mission, de nouveaux produits destin\u00e9s aux particuliers sont maintenant disponibles, et sont m\u00eame vendus en ligne ici.<\/p>\n<p><span data-attr-id=\"25\" data-attr-static-link=\"{&quot;className&quot;:&quot;tve-froala fr-basic&quot;,&quot;href&quot;:&quot;https:\/\/activup.net\/fr\/acheter-walking-desk\/&quot;,&quot;target&quot;:&quot;_blank&quot;,&quot;class&quot;:&quot;tve-froala fr-basic&quot;}\" data-extra_key=\"4\" data-option-inline=\"1\" data-shortcode=\"thrive_global_fields\" data-shortcode-name=\"[Internal Links] FR-Acheter\"><a href=\"https:\/\/activup.net\/fr\/acheter-walking-desk\/\" target=\"_blank\" class=\"tve-froala fr-basic\">Acheter un Walking Desk<\/a><\/span><\/p>\n<p>T\u00e9l\u00e9matin &#8211; France 2<\/p>\n<h2>\u00ab Au boulot, \u00e7a marche \u00bb<\/h2>\n<p style=\"text-align: justify;\">Le professeur Martine Duclos du CHU de Clermont Ferrand pr\u00e9sente les risques de la s\u00e9dentarit\u00e9 et explique comment utiliser le Walking Desk au bureau pour en limiter les effets.Ce reportage tourn\u00e9 chez un client ActivUP pr\u00e9sente \u00e9galement une implantation du Walking Desk dans un espace de bien-\u00eatre et d\u00e9tente, o\u00f9 il fait bon travailler, en restant actif. Cette entreprise utilise le Walking Desk depuis 2015.<\/p>\n<p>France 2 &#8211; Michel Cymes<\/p>\n<h2>\u00ab Les muscles et la marche \u00bb<\/h2>\n<p style=\"text-align: justify;\">Dans sa c\u00e9l\u00e8bre \u00e9mission \u201cLes pouvoirs extraordinaires du corps humain\u201d, Michel Cymes et Adriana Karembeu sont all\u00e9s \u00e0 la rencontre de Benoit Pereira, client ActivUP, qui travaille toute la journ\u00e9e en marchant. Il est \u00e9galement connu pour avoir con\u00e7u un Walking Desk mobile pour travailler en marchant dans la nature.D\u00e9couvrez dans cette \u00e9mission, comment le Walking Desk peut am\u00e9liorer votre sant\u00e9, votre productivit\u00e9 et votre qualit\u00e9 de vie au travail !<\/p>\n<h2 style=\"text-align: center;\">Tous les replays de nos passages \u00e0 la TV &amp; radio<\/h2>\n<h3>France Bleu \u00ab maigrir en marchant \u00bb<\/h3>\n<p>Wendy Bouchard parle d&rsquo;ActivUP, et de la perte de poids en marchant, tout en restant \u00e0 son bureau.&nbsp;<\/p>\n<h3>Le Messager \u00ab 500km de marche le 1er mois \u00bb<\/h3>\n<p><span><img decoding=\"async\" alt=\"\" data-id=\"1892\" width=\"303\" data-init-width=\"300\" height=\"171\" data-init-height=\"169\" title=\"202111-LeMessagerL-169\" loading=\"lazy\" src=\"https:\/\/activup.net\/wp-content\/uploads\/2021\/12\/202111-LeMessagerL-169-300x169.jpg\" data-width=\"303\" data-height=\"171\" style=\"\"><\/span><\/p>\n<p>Interview dans l&rsquo;hebdomadaire Le messager, en Haute Savoie (<a href=\"https:\/\/www.lemessager.fr\/33519\/article\/2021-11-27\/archamps-avec-activup-marcher-tout-en-travaillant-pour-soigner-sa-sante\" target=\"_blank\" rel=\"nofollow noopener\">lien article<\/a>) (pour y acc\u00e9der, regardez une vid\u00e9o)<\/p>\n<h3>France Bleu Pays de Savoie<\/h3>\n<p><span><img decoding=\"async\" alt=\"\" data-id=\"1893\" width=\"303\" data-init-width=\"300\" height=\"171\" data-init-height=\"169\" title=\"202112-FranceBleu-Savoie-169\" loading=\"lazy\" src=\"https:\/\/activup.net\/wp-content\/uploads\/2021\/12\/202112-FranceBleu-Savoie-169-300x169.jpg\" data-width=\"303\" data-height=\"171\"><\/span><\/p>\n<p>Interview en marchant sur le Walking Desk par la journaliste Marie Ameline (<a href=\"https:\/\/www.francebleu.fr\/infos\/economie-social\/la-nouvelle-eco-a-archamps-activup-concoit-des-bureaux-pour-marcher-en-travaillant-1638347142\" target=\"_blank\" rel=\"nofollow noopener\">lien article<\/a>)<\/p>\n<h3>Bourdin \u00ab j&rsquo;ai test\u00e9 pour vous \u00bb<\/h3>\n<p>Jean-Jacques Bourdin et son \u00e9quipe de RMC ont test\u00e9 le Walking Desk. R\u00e9duction de l&rsquo;absent\u00e9isme et pr\u00e9vention de la s\u00e9dentarit\u00e9.<\/p>\n<h3>Sud Radio \u00ab Walking Desk Made in France \u00bb<\/h3>\n<p>Interview dans l&rsquo;\u00e9mission matinale \u00ab\u00a0Made in France\u00a0\u00bb sur Sud Radio. Les bureaux de nos Walking Desks sont fabriqu\u00e9s en France.<\/p>\n<h3>JT de TF1 \u00ab R\u00e9cr\u00e9a en marche au bureau \u00bb<\/h3>\n<p>TF1 pr\u00e9sente dans son JT, la soci\u00e9t\u00e9 R\u00e9cr\u00e9a, cliente ActivUP qui am\u00e9liorer sa QVT (Qualit\u00e9 de vie au travail) gr\u00e2ce \u00e0 nos Walking Desks<\/p>\n<h3>Matinale LCI \u00ab Sport et travail \u00bb<\/h3>\n<p>Reportage sur le &nbsp;Walking Desk ActivUP \u00e0 la matinale de LCI. Mieux que le sport, on peut travailler en marchant, au bureau<\/p>\n<h3>Capital \u00ab ActivUP chez R\u00e9cr\u00e9a \u00bb<\/h3>\n<p>Le magazine Capital de M6 a rencontr\u00e9 les employ\u00e9s de la soci\u00e9t\u00e9 R\u00e9cr\u00e9a, cliente ActivUP qui encourage \u00e0 travailler en marchant.<\/p>\n<h3>BFM Business &#8211; Tech and co<\/h3>\n<p>Interview en direct sur le plateau de Tech and Co anim\u00e9 par S\u00e9bastien Couasnon. On y parle des enjeux de l&rsquo;activit\u00e9 physique au travail.&nbsp;<\/p>\n<h3>Europe1 \u00ab Bien-\u00eatre au travail \u00bb<\/h3>\n<p>En direct sur Europe1 par Rapha\u00eblle Duchemin dans son \u00e9mission \u201cLa France s&rsquo;engage\u201c. On y parle de sant\u00e9 et bien-\u00eatre actif au travail.<\/p>\n<h3>BFM Business avec St\u00e9phane Soumier<\/h3>\n<p>En direct sur BFM avec St\u00e9phane Soumier: \u201cActivUP rend possible de bouger au bureau, sans empi\u00e9ter sur le temps de travail\u201d<\/p>\n<h3>Courrier Cadres : Nokia marche au bureau&nbsp;<\/h3>\n<p>Nokia t\u00e9moigne de son usage du Walking Desk, et envisage d&rsquo;en implanter plus prochainement. Reportage dans leurs locaux \u00e0 pr\u00e9sent actifs.<\/p>\n<h3>BFM TV : \u00ab le bureau mobile en marchant \u00bb<\/h3>\n<p>Le Walking Desk ActivUP en direct sur le plateau de BFM TV, avec Anthony Morel. On y parle des bienfaits de la marche au bureau.<\/p>\n<h3>Bourdin sur RMC D\u00e9couverte<\/h3>\n<p>Jean-Jacques Bourdin met \u00e0 l&rsquo;honneur cette PME fran\u00e7aise de Haute-Savoie qui am\u00e9liore la sant\u00e9 au travail \u201cLe bureau du futur avec tapis\u201d<\/p>\n<h3>JT de TF1 : Novartis et ActivUP<\/h3>\n<p>T\u00e9moignage au JT d&rsquo;une employ\u00e9e de Novartis \u201cJe suis convaincue qu&rsquo;\u00e0 moins terme, le Walking Desk aura des bienfaits sur ma sant\u00e9\u201d<\/p>\n<h3>France 5: \u00ab Travail au bureau en marchant \u00bb<\/h3>\n<p>Arnaud V\u00e9rin, dirigeant en r\u00e9gion parisienne t\u00e9moigne sur France5 de son usage quotidien du Walking Desk : bienfaits et bonnes pratiques<\/p>\n<h3>Les \u00e9chos TV: Cedexis travaille en marchant<\/h3>\n<p>LesEchosTV a interview\u00e9 Cedexis, un client ActivUP : usage en r\u00e9union, pour passer des appels. La majorit\u00e9 des employ\u00e9s l&rsquo;utilisent.<\/p>\n<h3>RTS T\u00e9l\u00e9journal : CHU de Lausanne<\/h3>\n<p>Reportage \u00e0 la t\u00e9l\u00e9vision suisse, avec la professeure Francesca Amati de Lausanne qui utilise chaque jour son Walking Desk ActivUP<\/p>\n<h3>St\u00e9phane Bern dans \u00ab Comment \u00e7a va bien \u00bb<\/h3>\n<p>St\u00e9phane Bern sur le Walking Desk en direct sur France2. ActivUP : l&rsquo;innovation sant\u00e9 pour le bureau, facile \u00e0 utiliser et bon pour la sant\u00e9.<\/p>\n<h3>Direct8: plateau TV Laurence Ferrari<\/h3>\n<p>En direct, sur Direct8 avec Roselyne Bachelot, Laurence Ferrari et m\u00eame Nabilla. On y parle d&rsquo;activit\u00e9 physique, non sportive pour la sant\u00e9.<\/p>\n<h3>Digital Business News chez Greenspace<\/h3>\n<p>Reportage dans ce coworking parisien, client ActivUP. On y parle des postures de travail du futur et l&rsquo;impact important sur la productivit\u00e9.<\/p>\n<h3>France3 Rh\u00f4ne-Alpes visite le bureau ActivUP<\/h3>\n<p>Reportage de France3 dans les premiers locaux d&rsquo;ActivUP. On y parle d&rsquo;innovation, de bien-\u00eatre et de sant\u00e9 au bureau. Et aussi de productivit\u00e9.<\/p>\n<h3>&nbsp;ActivUP au JT de M6 : &nbsp;pour le Walking Desk&nbsp;<\/h3>\n<p>1er reportage TV pour ActivUP : au JT de M6. On y parle de la g\u00e9n\u00e8se d&rsquo;ActivUP et des bienfaits du Walking Desk au travail<\/p>\n<p>__CONFIG_group_edit__{\u00ab\u00a0k7g25n3o\u00a0\u00bb:{\u00ab\u00a0name\u00a0\u00bb:\u00a0\u00bbAll Icon(s)\u00a0\u00bb,\u00a0\u00bbsingular\u00a0\u00bb:\u00a0\u00bb&#8211; Icon %s\u00a0\u00bb},\u00a0\u00bbk7g25s38&Prime;:{\u00ab\u00a0name\u00a0\u00bb:\u00a0\u00bbAll Contact Detail(s)\u00a0\u00bb,\u00a0\u00bbsingular\u00a0\u00bb:\u00a0\u00bb&#8211; Text %s\u00a0\u00bb},\u00a0\u00bbk7g26hhs\u00a0\u00bb:{\u00ab\u00a0name\u00a0\u00bb:\u00a0\u00bbAll Contact Form Input(s)\u00a0\u00bb,\u00a0\u00bbsingular\u00a0\u00bb:\u00a0\u00bb&#8211; Contact Form Input %s\u00a0\u00bb}}__CONFIG_group_edit____CONFIG_local_colors__{\u00ab\u00a0colors\u00a0\u00bb:{\u00ab\u00a0c4549&Prime;:\u00a0\u00bbRoyal Blue\u00a0\u00bb,\u00a0\u00bb56de9&Prime;:\u00a0\u00bbAlabaster\u00a0\u00bb,\u00a0\u00bb6957a\u00a0\u00bb:\u00a0\u00bbBunker\u00a0\u00bb,\u00a0\u00bbae168&Prime;:\u00a0\u00bbRoyal Blue\u00a0\u00bb},\u00a0\u00bbgradients\u00a0\u00bb:{}}__CONFIG_local_colors__    <\/p>\n<h2>Contactez-nous<\/h2>\n<p>Vous souhaitez en savoir plus et m\u00eame tester le Walking Desk dans votre entreprise ou dans notre showroom ?<\/p>\n<p><span><img decoding=\"async\" alt=\"\" data-id=\"571\" width=\"164\" data-init-width=\"300\" height=\"164\" data-init-height=\"300\" title=\"telemarketing-call-center-transparent-600sq\" loading=\"lazy\" src=\"https:\/\/activup.net\/wp-content\/uploads\/2020\/11\/telemarketing-call-center-transparent-600sq-300x300.png\" data-width=\"164\" data-height=\"164\" style=\"\"><\/span>  <\/p>\n<p><strong>Nos showrooms<\/strong> (sur RDV exclusivement)<\/p>\n<p><strong>Paris 17e<\/strong> : 27 rue des Renaudes<\/p>\n<p><strong>Archamps<\/strong> (Haute-Savoie)<\/p>\n<p>Appelez-nous au<\/p>\n<p><span data-attr-id=\"3\" data-extra_key=\"1\" data-option-inline=\"1\" data-shortcode=\"thrive_global_fields\" data-shortcode-name=\"[Company] Phone number\">+33 1 85 08 60 18<\/span><\/p>\n<p>[tcb-script charset=\u00a0\u00bbutf-8&Prime; type=\u00a0\u00bbtext\/javascript\u00a0\u00bb src=\u00a0\u00bb\/\/js.hsforms.net\/forms\/shell.js\u00a0\u00bb][\/tcb-script] [tcb-script] hbspt.forms.create({ portalId: \u00ab\u00a03959277\u00a0\u00bb, formId: \u00ab\u00a064249f84-222c-4072-9249-8fbc859e8545\u00a0\u00bb }); [\/tcb-script]  <\/p>\n","protected":false},"excerpt":{"rendered":"<p>Bienvenue D\u00e9couvrez le Walking Desk en vid\u00e9o&nbsp; Depuis sa cr\u00e9ation, la solution ActivUP a eu la part belle dans les m\u00e9dias, en particulier la t\u00e9l\u00e9vision, avec plus de 20 passages \u00e0 l&rsquo;antenne. Les radios et la presse \u00e9crite l&rsquo;ont \u00e9galement relay\u00e9 largement.&nbsp; Acc\u00e9der \u00e0 la documentation technique&nbsp; Besoin d&rsquo;aide pour installer ou utiliser ? France [&hellip;]<\/p>\n","protected":false},"author":4,"featured_media":0,"parent":0,"menu_order":0,"comment_status":"closed","ping_status":"closed","template":"","meta":{"_seopress_robots_primary_cat":"","_seopress_titles_title":"Bienvenue dans la communaut\u00e9 des travailleurs-marcheurs","_seopress_titles_desc":"Plus de 22 passages \u00e0 la TV, des dizaines de passages dans la presse et \u00e0 la radio. Les m\u00e9dias pl\u00e9biscitent cette solution de sant\u00e9, de bien-\u00eatre et de productivit\u00e9, qui fonctionne. D\u00e9couvrez les replays des passages TV en vid\u00e9o.","_seopress_robots_index":"","bwfblock_default_font":"","footnotes":""},"wf_page_folders":[120],"class_list":["post-2939","page","type-page","status-publish","hentry","post-wrapper","thrv_wrapper"],"_links":{"self":[{"href":"https:\/\/activup.net\/fr\/wp-json\/wp\/v2\/pages\/2939","targetHints":{"allow":["GET"]}}],"collection":[{"href":"https:\/\/activup.net\/fr\/wp-json\/wp\/v2\/pages"}],"about":[{"href":"https:\/\/activup.net\/fr\/wp-json\/wp\/v2\/types\/page"}],"author":[{"embeddable":true,"href":"https:\/\/activup.net\/fr\/wp-json\/wp\/v2\/users\/4"}],"replies":[{"embeddable":true,"href":"https:\/\/activup.net\/fr\/wp-json\/wp\/v2\/comments?post=2939"}],"version-history":[{"count":7,"href":"https:\/\/activup.net\/fr\/wp-json\/wp\/v2\/pages\/2939\/revisions"}],"predecessor-version":[{"id":4116,"href":"https:\/\/activup.net\/fr\/wp-json\/wp\/v2\/pages\/2939\/revisions\/4116"}],"wp:attachment":[{"href":"https:\/\/activup.net\/fr\/wp-json\/wp\/v2\/media?parent=2939"}],"wp:term":[{"taxonomy":"wf_page_folders","embeddable":true,"href":"https:\/\/activup.net\/fr\/wp-json\/wp\/v2\/wf_page_folders?post=2939"}],"curies":[{"name":"wp","href":"https:\/\/api.w.org\/{rel}","templated":true}]}}