{"id":4311,"date":"2022-04-15T16:33:44","date_gmt":"2022-04-15T14:33:44","guid":{"rendered":"https:\/\/activupnet.eu2.copilhost.cloud\/contact\/clone-of-merci-pour-votre-demande-entreprise\/"},"modified":"2022-04-15T16:39:41","modified_gmt":"2022-04-15T14:39:41","slug":"thankyou-guideqvt","status":"publish","type":"page","link":"https:\/\/activup.net\/fr\/qvt-qualite-vie-travail-walking-desk\/thankyou-guideqvt\/","title":{"rendered":"Merci pour votre demande \u2013 Guide QVT"},"content":{"rendered":"<h1 style=\"text-align: center;\">Merci D&rsquo;AVOIR t\u00e9l\u00e9charg\u00e9 le GUIDE QVT&nbsp;<\/h1>\n<p style=\"text-align: center; font-size: 50px !important;\">D\u00e9couvrez commentle Walking Desk ActivUP peut am\u00e9liorer la QVTdans votre entreprise<\/p>\n<p style=\"text-align: center;\">Votre demande a bien \u00e9t\u00e9 enregistr\u00e9e. Vous allez recevoir le guide dans quelques minutes. Regardez bien votre filtre anti-spam, si cela n&rsquo;est pas le cas.Nous allons vous contacter prochainement. Si vous le souhaitez, vous pouvez aussi nous contacter directement par t\u00e9l\u00e9phone au +33 1 85 08 60 18.Nos horaires d&rsquo;ouverture sont : du lundi au vendredi de 9h \u00e0 19h.<\/p>\n<h2 style=\"text-align: center;\">En attendant, vous pouvez regarder nos passages \u00e0 la TV&nbsp;<\/h2>\n<p>France 2 &#8211; Journal t\u00e9l\u00e9vis\u00e9<\/p>\n<h2>\u00ab S\u00e9dentarit\u00e9 et mal de dos \u00bb<\/h2>\n<p>Dans ce reportage diffus\u00e9 en octobre 2020 au 20h de France 2, le kin\u00e9sith\u00e9rapeute Gr\u00e9goire Gibault qui promeut le fait de bouger plus ! Cela permet de r\u00e9duire consid\u00e9rablement le mal de dos.<\/p>\n<\/p>\n<p>Vous pourrez aussi retrouver le t\u00e9moignage de Pierre Gaudet, dirigeant de Steerfox qui utilise son Walking Desk 1h par jour (\u00e0 partir de 4m06 dans la vid\u00e9o).<\/p>\n<p>France 2 &#8211; Michel Cymes<\/p>\n<h2>Pr\u00e9server notre dos<\/h2>\n<p>Dans l&rsquo;\u00e9mission de Michel Cymes, Les pouvoirs du corps humain, Benoit Pereira, client d&rsquo;ActivUP pr\u00e9sente son poste de travail en marchant. Les vertus de la marche pour r\u00e9duire le mal de dos sont connus depuis l&rsquo;antiquit\u00e9. Et au bureau, rester assis toute la journ\u00e9e est d\u00e9l\u00e9t\u00e8re. Le Walking Desk ActivUP est la solution par excellence pour soulager son dos pendant qu&rsquo;on travaille.<\/p>\n<p><span data-attr-id=\"25\" data-attr-static-link=\"{&quot;className&quot;:&quot;tve-froala fr-basic&quot;,&quot;href&quot;:&quot;https:\/\/activup.net\/fr\/acheter-walking-desk\/&quot;,&quot;target&quot;:&quot;_blank&quot;,&quot;class&quot;:&quot;tve-froala fr-basic&quot;}\" data-extra_key=\"4\" data-option-inline=\"1\" data-shortcode=\"thrive_global_fields\" data-shortcode-name=\"[Internal Links] FR-Acheter\"><a href=\"https:\/\/activup.net\/fr\/acheter-walking-desk\/\" target=\"_blank\" class=\"tve-froala fr-basic\">Acheter un Walking Desk<\/a><\/span><\/p>\n<p>T\u00e9l\u00e9vision suisse Romande (TSR)<\/p>\n<h2>\u00ab La chaise qui tue \u00bb<\/h2>\n<p>Dans ce reportage diffus\u00e9 en octobre 2019 \u00e0 la TSR (T\u00e9l\u00e9vision Suisse Romande), les professeurs Fran\u00e7ois Carr\u00e9 et pr\u00e9sentent les raisons pour lesquelles il est important d&rsquo;\u00eatre physiquement actifs tout au long de la journ\u00e9e. ActivUP est pr\u00e9sent\u00e9 comme la solution au bureau, pour les travailleurs ayant un poste de travail s\u00e9dentaire. Un client ActivUP t\u00e9moigne de l&rsquo;engouement suscit\u00e9 par le Walking Desk dans son entreprise.<\/p>\n<p>M6 &#8211; Prime time<\/p>\n<h2>\u00ab Mon invention vaut de l&rsquo;or \u00bb<\/h2>\n<p>ActivUP a \u00e9t\u00e9 invit\u00e9e \u00e0 pr\u00e9senter son Walking Desk dans l&rsquo;\u00e9mission de M6 \u201cMon invention vaut de l&rsquo;or\u201d. Etaient invit\u00e9s aussi les enfants de Marc Thouvenin : Sarah et Maxime, qui ont pu pr\u00e9senter la solution aux t\u00e9l\u00e9spectateurs. La solution est tr\u00e8s innovante mais s&rsquo;adresse encore plut\u00f4t aux entreprises et aux professionnels. Depuis cette \u00e9mission de nouveaux produits destin\u00e9s aux particuliers sont maintenant disponibles, et sont m\u00eame vendus en ligne ici.<\/p>\n<p><span data-attr-id=\"25\" data-attr-static-link=\"{&quot;className&quot;:&quot;tve-froala fr-basic&quot;,&quot;href&quot;:&quot;https:\/\/activup.net\/fr\/acheter-walking-desk\/&quot;,&quot;target&quot;:&quot;_blank&quot;,&quot;class&quot;:&quot;tve-froala fr-basic&quot;}\" data-extra_key=\"4\" data-option-inline=\"1\" data-shortcode=\"thrive_global_fields\" data-shortcode-name=\"[Internal Links] FR-Acheter\"><a href=\"https:\/\/activup.net\/fr\/acheter-walking-desk\/\" target=\"_blank\" class=\"tve-froala fr-basic\">Acheter un Walking Desk<\/a><\/span><\/p>\n","protected":false},"excerpt":{"rendered":"<p>Merci D&rsquo;AVOIR t\u00e9l\u00e9charg\u00e9 le GUIDE QVT&nbsp; D\u00e9couvrez commentle Walking Desk ActivUP peut am\u00e9liorer la QVTdans votre entreprise Votre demande a bien \u00e9t\u00e9 enregistr\u00e9e. Vous allez recevoir le guide dans quelques minutes. Regardez bien votre filtre anti-spam, si cela n&rsquo;est pas le cas.Nous allons vous contacter prochainement. Si vous le souhaitez, vous pouvez aussi nous contacter [&hellip;]<\/p>\n","protected":false},"author":4,"featured_media":0,"parent":1244,"menu_order":0,"comment_status":"closed","ping_status":"closed","template":"","meta":{"_seopress_robots_primary_cat":"","_seopress_titles_title":"","_seopress_titles_desc":"","_seopress_robots_index":"","bwfblock_default_font":"","footnotes":""},"wf_page_folders":[123],"class_list":["post-4311","page","type-page","status-publish","hentry","post-wrapper","thrv_wrapper"],"_links":{"self":[{"href":"https:\/\/activup.net\/fr\/wp-json\/wp\/v2\/pages\/4311","targetHints":{"allow":["GET"]}}],"collection":[{"href":"https:\/\/activup.net\/fr\/wp-json\/wp\/v2\/pages"}],"about":[{"href":"https:\/\/activup.net\/fr\/wp-json\/wp\/v2\/types\/page"}],"author":[{"embeddable":true,"href":"https:\/\/activup.net\/fr\/wp-json\/wp\/v2\/users\/4"}],"replies":[{"embeddable":true,"href":"https:\/\/activup.net\/fr\/wp-json\/wp\/v2\/comments?post=4311"}],"version-history":[{"count":2,"href":"https:\/\/activup.net\/fr\/wp-json\/wp\/v2\/pages\/4311\/revisions"}],"predecessor-version":[{"id":4314,"href":"https:\/\/activup.net\/fr\/wp-json\/wp\/v2\/pages\/4311\/revisions\/4314"}],"up":[{"embeddable":true,"href":"https:\/\/activup.net\/fr\/wp-json\/wp\/v2\/pages\/1244"}],"wp:attachment":[{"href":"https:\/\/activup.net\/fr\/wp-json\/wp\/v2\/media?parent=4311"}],"wp:term":[{"taxonomy":"wf_page_folders","embeddable":true,"href":"https:\/\/activup.net\/fr\/wp-json\/wp\/v2\/wf_page_folders?post=4311"}],"curies":[{"name":"wp","href":"https:\/\/api.w.org\/{rel}","templated":true}]}}