{"id":4442,"date":"2022-04-26T09:18:35","date_gmt":"2022-04-26T07:18:35","guid":{"rendered":"https:\/\/activupnet.eu2.copilhost.cloud\/clone-of-contact\/"},"modified":"2024-03-04T18:11:44","modified_gmt":"2024-03-04T16:11:44","slug":"recrutement","status":"publish","type":"page","link":"https:\/\/activup.net\/fr\/recrutement\/","title":{"rendered":"ActivUP recrute, rejoignez l&#8217;aventure"},"content":{"rendered":"<h1 style=\"text-align: center;\">&nbsp;ActivUP recrute<\/h1>\n<p style=\"text-align: center;\">Rejoignez l&rsquo;aventure<\/p>\n<p style=\"text-align: center;\">Notre activit\u00e9 a \u00e9t\u00e9 boost\u00e9e par le Covid et le t\u00e9l\u00e9travail, et dans le cadre de notre d\u00e9veloppement, nous recrutons actuellement plusieurs profils.<\/p>\n<p>Pr\u00e9sentation d&rsquo;ACTIVUP<\/p>\n<h2>Sant\u00e9 &amp; minceur \u00e0 son bureau<\/h2>\n<p>Personne ne veut rester assis \u00e0 son bureau toute la journ\u00e9e. C\u2019est pourquoi ActivUP con\u00e7oit et commercialise son Walking Desk : un bureau-sant\u00e9 r\u00e9glable en hauteur et \u00e9quip\u00e9 d\u2019un tapis de marche. Nos produits permettent de perdre du poids et de r\u00e9duire le mal au dos. Ce n&rsquo;est pas du sport, mais juste une marche lente quotidienne. ActivUP est une jeune entreprise innovante, labellis\u00e9e French Tech et bas\u00e9e \u00e0 Archamps. Nous comptons plus de 400 clients parmi lesquels la moiti\u00e9 du CAC40 ainsi que Google, Facebook, GE, etc. Les m\u00e9dias ont pl\u00e9biscit\u00e9 notre solution avec plus de 20 passages TV \u00e0 ce jour.Notre activit\u00e9 a \u00e9t\u00e9 boost\u00e9e par le Covid et le t\u00e9l\u00e9travail, et dans le cadre de notre d\u00e9veloppement, nous recrutons !<\/p>\n<p><span><img decoding=\"async\" alt=\"\" data-id=\"196\" width=\"264\" data-init-width=\"300\" height=\"396\" data-init-height=\"450\" title=\"BouyguesNextDoor-5-vertical\" src=\"https:\/\/activup.net\/wp-content\/uploads\/2020\/05\/BouyguesNextDoor-5-vertical.jpg\" data-width=\"264\" data-height=\"396\" style=\"aspect-ratio: auto 300 \/ 450;\" loading=\"lazy\"><\/span><\/p>\n<h2>Poste recherch\u00e9 actuellement<\/h2>\n<ul>\n<li><a href=\"https:\/\/activup.net\/recrutement\/?tve=true&amp;tcbf=c8abff34ca#tve-jump-1807fc49c10\" style=\"outline: none;\">Commercial H\/F<\/a><a href=\"#tve-jump-1807fcfed0f\" style=\"outline: none;\"><\/a><\/li>\n<\/ul>\n<p>Commercial et marketing<\/p>\n<h2>Commercial H\/F<\/h2>\n<h3><span style=\"text-decoration: underline;\">Vos missions<\/span><\/h3>\n<p>\u27a4 Suivi des nouveaux leads<\/p>\n<p>\u27a4 Appels commerciaux (B2C \/ B2B et grands comptes)\u27a4 Actions de fid\u00e9lisation client\u27a4 Prospection cibl\u00e9e grands comptes et PME\u27a4 Offres et n\u00e9gociations commerciales &nbsp;\u27a4 Fid\u00e9lisation.<\/p>\n<\/p>\n<h3><span style=\"text-decoration: underline;\">Votre profil<\/span><\/h3>\n<p>\u27a4 Exp\u00e9rience de 5 ans en B2B id\u00e9alement dans les solutions des Ressources humaines\u27a4 Temp\u00e9rament de chasseur <\/p>\n<\/p>\n<p>De nature curieuse, organis\u00e9e, rigoureuse et pers\u00e9v\u00e9rante, vous avez un bon esprit d\u2019e\u0301quipe.&nbsp;<\/p>\n<\/p>\n<p>Gr\u00e2ce \u00e0 votre sens des responsabilit\u00e9s, votre aisance relationnelle et votre capacit\u00e9 d\u2019\u00e9coute, vous saurez expliquer la valeur ajout\u00e9e de notre solution innovante et g\u00e9n\u00e9rer de belles affaires.<\/p>\n<\/p>\n<p>Un r\u00e9seau \u00e9tabli et une expertise dans le secteur du mobilier de bureau ou dans les RH vous donnera un avantage pour convaincre encore plus de DRH et dirigeants.<\/p>\n<h3><span style=\"text-decoration: underline;\">D\u00e9tails du poste<\/span><\/h3>\n<p>Poste en CDI, bas\u00e9 \u00e0 Archamps ou en t\u00e9l\u00e9travail, \u00e0 pourvoir imm\u00e9diatement.&nbsp;<\/p>\n<p>R\u00e9mun\u00e9ration : selon exp\u00e9rience<\/p>\n<h2>Envie de rejoindre l\u2019aventure ActivUP ?<\/h2>\n","protected":false},"excerpt":{"rendered":"<p>&nbsp;ActivUP recrute Rejoignez l&rsquo;aventure Notre activit\u00e9 a \u00e9t\u00e9 boost\u00e9e par le Covid et le t\u00e9l\u00e9travail, et dans le cadre de notre d\u00e9veloppement, nous recrutons actuellement plusieurs profils. Pr\u00e9sentation d&rsquo;ACTIVUP Sant\u00e9 &amp; minceur \u00e0 son bureau Personne ne veut rester assis \u00e0 son bureau toute la journ\u00e9e. C\u2019est pourquoi ActivUP con\u00e7oit et commercialise son Walking Desk [&hellip;]<\/p>\n","protected":false},"author":4,"featured_media":0,"parent":0,"menu_order":0,"comment_status":"closed","ping_status":"closed","template":"","meta":{"_seopress_robots_primary_cat":"","_seopress_titles_title":"","_seopress_titles_desc":"","_seopress_robots_index":"","bwfblock_default_font":"","footnotes":""},"wf_page_folders":[73],"class_list":["post-4442","page","type-page","status-publish","hentry","post-wrapper","thrv_wrapper"],"_links":{"self":[{"href":"https:\/\/activup.net\/fr\/wp-json\/wp\/v2\/pages\/4442","targetHints":{"allow":["GET"]}}],"collection":[{"href":"https:\/\/activup.net\/fr\/wp-json\/wp\/v2\/pages"}],"about":[{"href":"https:\/\/activup.net\/fr\/wp-json\/wp\/v2\/types\/page"}],"author":[{"embeddable":true,"href":"https:\/\/activup.net\/fr\/wp-json\/wp\/v2\/users\/4"}],"replies":[{"embeddable":true,"href":"https:\/\/activup.net\/fr\/wp-json\/wp\/v2\/comments?post=4442"}],"version-history":[{"count":33,"href":"https:\/\/activup.net\/fr\/wp-json\/wp\/v2\/pages\/4442\/revisions"}],"predecessor-version":[{"id":25810,"href":"https:\/\/activup.net\/fr\/wp-json\/wp\/v2\/pages\/4442\/revisions\/25810"}],"wp:attachment":[{"href":"https:\/\/activup.net\/fr\/wp-json\/wp\/v2\/media?parent=4442"}],"wp:term":[{"taxonomy":"wf_page_folders","embeddable":true,"href":"https:\/\/activup.net\/fr\/wp-json\/wp\/v2\/wf_page_folders?post=4442"}],"curies":[{"name":"wp","href":"https:\/\/api.w.org\/{rel}","templated":true}]}}