{"id":4868,"date":"2022-06-07T09:23:53","date_gmt":"2022-06-07T07:23:53","guid":{"rendered":"https:\/\/activupnet.eu2.copilhost.cloud\/20raisons\/clone-of-clone-page-activup\/"},"modified":"2022-06-14T10:43:25","modified_gmt":"2022-06-14T08:43:25","slug":"20raisonsold","status":"publish","type":"page","link":"https:\/\/activup.net\/fr\/20raisonsold\/","title":{"rendered":"20 raisons de travailler en marchant OLD"},"content":{"rendered":"<h1 style=\"text-align: center;\">Les bienfaits du Walking Desk<\/h1>\n<p style=\"text-align: center;\">Avec un Walking Desk,<\/p>\n<p style=\"text-align: center;\">votre vie ne sera plus jamais comme avant<\/p>\n<p style=\"text-align: center;\">La marche au bureau sur un Walking Desk ActivUP vous apportera de nombreux b\u00e9n\u00e9fices, en terme de sant\u00e9, productivit\u00e9 et bien-\u00eatre.<\/p>\n<h2 style=\"text-align: left; color: var(--tcb-skin-color-2)  !important; --tcb-applied-color:var$(--tcb-skin-color-2)  !important;\">Les avantages du Walking Desk pour votre sant\u00e9 et celle de vos collaborateurs<\/h2>\n<p><span><img decoding=\"async\" alt=\"\" data-id=\"518\" width=\"533\" data-init-width=\"600\" height=\"355\" data-init-height=\"400\" title=\"Health-Heart-600x400\" loading=\"lazy\" src=\"https:\/\/activup.net\/wp-content\/uploads\/2020\/08\/Health-Heart-600x400-1.png\" data-width=\"533\" data-height=\"355\"><\/span><span><img decoding=\"async\" alt=\"\" data-id=\"294\" width=\"60\" data-init-width=\"256\" height=\"60\" data-init-height=\"256\" title=\"weightloss-2622022\" src=\"https:\/\/activup.net\/wp-content\/uploads\/2020\/05\/weightloss-2622022.png\" data-width=\"60\" data-height=\"60\" style=\"\" loading=\"lazy\"><\/span><\/p>\n<h3 style=\"text-align: left;\">Perte de poids<\/h3>\n<p style=\"text-align: left;\">Marcher tous les jours, pendant que l&rsquo;on travaille, permet de maigrir simplement, sans effort, ni temps.<\/p>\n<p><span><img decoding=\"async\" alt=\"\" data-id=\"141\" width=\"60\" data-init-width=\"512\" height=\"60\" data-init-height=\"512\" title=\"back-pain-1683154\" src=\"https:\/\/activup.net\/wp-content\/uploads\/2020\/05\/back-pain-1683154.png\" data-width=\"60\" data-height=\"60\" style=\"\" loading=\"lazy\"><\/span><\/p>\n<h3 style=\"text-align: left;\">Mal de dos<\/h3>\n<p style=\"text-align: left;\">Marcher permet d&rsquo;\u00e9tirer les muscles dorsaux et la posture droite de rel\u00e2cher les tensions.<\/p>\n<p><span><img decoding=\"async\" alt=\"\" data-id=\"170\" width=\"60\" data-init-width=\"512\" height=\"60\" data-init-height=\"512\" title=\"043-heart-disease\" src=\"https:\/\/activup.net\/wp-content\/uploads\/2020\/05\/043-heart-disease.png\" data-width=\"60\" data-height=\"60\" style=\"\" loading=\"lazy\"><\/span><\/p>\n<h3 style=\"text-align: left;\">Cardio-vasculaire<\/h3>\n<p style=\"text-align: left;\">La marche au bureau permet d&rsquo;assurer une augmentation r\u00e9guli\u00e8re du rythme cardiaque.&nbsp;<\/p>\n<p><span><img decoding=\"async\" alt=\"\" data-id=\"171\" width=\"60\" data-init-width=\"512\" height=\"60\" data-init-height=\"512\" title=\"029-diabetes\" src=\"https:\/\/activup.net\/wp-content\/uploads\/2020\/05\/029-diabetes.png\" data-width=\"60\" data-height=\"60\" style=\"\" loading=\"lazy\"><\/span><\/p>\n<h3 style=\"text-align: left;\">Diab\u00e8te<\/h3>\n<p style=\"text-align: left;\">Le Walking Desk facilite la r\u00e9gulation de la glyc\u00e9mie des diab\u00e9tiques, pendant la journ\u00e9e.<\/p>\n<p><span><img decoding=\"async\" alt=\"\" data-id=\"172\" width=\"60\" data-init-width=\"512\" height=\"60\" data-init-height=\"512\" title=\"015-breast-cancer\" src=\"https:\/\/activup.net\/wp-content\/uploads\/2020\/05\/015-breast-cancer.png\" data-width=\"60\" data-height=\"60\" style=\"\" loading=\"lazy\"><\/span><\/p>\n<h3 style=\"text-align: left;\">Cancer<\/h3>\n<p style=\"text-align: left;\">L&rsquo;activit\u00e9 physique permet de pr\u00e9venir et m\u00eame soigner certains cancers (sein, colon, etc).<\/p>\n<p><span><img decoding=\"async\" alt=\"\" data-id=\"156\" width=\"60\" data-init-width=\"512\" height=\"60\" data-init-height=\"512\" title=\"immune\" src=\"https:\/\/activup.net\/wp-content\/uploads\/2020\/05\/immune.png\" data-width=\"60\" data-height=\"60\" style=\"\" loading=\"lazy\"><\/span><\/p>\n<h3 style=\"text-align: left;\">Syst\u00e8me immunitaire<\/h3>\n<p style=\"text-align: left;\">Le mouvement r\u00e9gulier dans la journ\u00e9e permet de renforcer les d\u00e9fenses immunitaires.<\/p>\n<p><span><img decoding=\"async\" alt=\"\" data-id=\"154\" width=\"60\" data-init-width=\"512\" height=\"60\" data-init-height=\"512\" title=\"prevention\" src=\"https:\/\/activup.net\/wp-content\/uploads\/2020\/05\/prevention.png\" data-width=\"60\" data-height=\"60\" style=\"\" loading=\"lazy\"><\/span><\/p>\n<h3 style=\"text-align: left;\">Pr\u00e9vention<\/h3>\n<p style=\"text-align: left;\">La marche permet de pr\u00e9venir et soigner 35 maladies chroniques dont Alzeihmer, Parkinson, etc.<\/p>\n<p><span><img decoding=\"async\" alt=\"\" data-id=\"165\" width=\"60\" data-init-width=\"512\" height=\"60\" data-init-height=\"512\" title=\"blood\" src=\"https:\/\/activup.net\/wp-content\/uploads\/2020\/05\/blood.png\" data-width=\"60\" data-height=\"60\" style=\"\" loading=\"lazy\"><\/span><\/p>\n<h3 style=\"text-align: left;\">Circulation sanguine<\/h3>\n<p>Les mouvements vasculaires posturaux sont b\u00e9n\u00e9fiques pour les veines et les jambes lourdes.<\/p>\n<p><span><img decoding=\"async\" alt=\"\" data-id=\"153\" width=\"60\" data-init-width=\"512\" height=\"60\" data-init-height=\"512\" title=\"sleep\" src=\"https:\/\/activup.net\/wp-content\/uploads\/2020\/05\/sleep.png\" data-width=\"60\" data-height=\"60\" style=\"\" loading=\"lazy\"><\/span><\/p>\n<h3 style=\"text-align: left;\">Meilleur sommeil<\/h3>\n<p style=\"text-align: left;\">Si vous marchez 30 min \u00e0 1h doucement, vous serez dans un \u00e9tat relax\u00e9 qui permet de mieux dormir.<\/p>\n<p><span><img decoding=\"async\" alt=\"\" data-id=\"158\" width=\"60\" data-init-width=\"512\" height=\"60\" data-init-height=\"512\" title=\"humanpictos\" src=\"https:\/\/activup.net\/wp-content\/uploads\/2020\/05\/humanpictos.png\" data-width=\"60\" data-height=\"60\" style=\"\" loading=\"lazy\"><\/span><\/p>\n<h3 style=\"text-align: left;\">Long\u00e9vit\u00e9<\/h3>\n<p style=\"text-align: left;\">30 min par jour d&rsquo;activit\u00e9 physique permet de gagner 3 \u00e0 5 ans d&rsquo;esp\u00e9rance de vie.<\/p>\n<p><span><img decoding=\"async\" alt=\"\" data-id=\"146\" width=\"60\" data-init-width=\"512\" height=\"60\" data-init-height=\"512\" title=\"walking\" src=\"https:\/\/activup.net\/wp-content\/uploads\/2020\/05\/walking.png\" data-width=\"60\" data-height=\"60\" style=\"\" loading=\"lazy\"><\/span><\/p>\n<h3 style=\"text-align: left;\">Mieux vieillir<\/h3>\n<p>L&rsquo;activit\u00e9 physique permet de gagner 14 ans d&rsquo;esp\u00e9rance de vie <em>en bonne sant\u00e9<\/em>.<\/p>\n<h2 style=\"text-align: left; color: var(--tcb-skin-color-2)  !important; --tcb-applied-color:var$(--tcb-skin-color-2)  !important;\">Les avantages du Walking Desk pour l&rsquo;efficacit\u00e9 et la productivit\u00e9<\/h2>\n<p><span><img decoding=\"async\" alt=\"\" data-id=\"1011\" width=\"532\" data-init-width=\"600\" height=\"354\" data-init-height=\"400\" title=\"productivity-grey-600x400\" loading=\"lazy\" src=\"https:\/\/activup.net\/wp-content\/uploads\/2020\/12\/productivity-grey-600x400-1.jpg\" data-width=\"532\" data-height=\"354\"><\/span><span><img decoding=\"async\" alt=\"\" data-id=\"149\" width=\"60\" data-init-width=\"150\" height=\"60\" data-init-height=\"150\" title=\"superhero-150x150\" src=\"https:\/\/activup.net\/wp-content\/uploads\/2020\/05\/superhero-150x150-1.png\" data-width=\"60\" data-height=\"60\" style=\"\" loading=\"lazy\"><\/span><\/p>\n<h3>Plus d&rsquo;\u00e9nergie<\/h3>\n<p>Marcher oxyg\u00e8ne votre cerveau et lib\u00e8re des hormones qui vont booster votre \u00e9nergie.<\/p>\n<p><span><img decoding=\"async\" alt=\"\" data-id=\"147\" width=\"60\" data-init-width=\"128\" height=\"60\" data-init-height=\"128\" title=\"time-256\" src=\"https:\/\/activup.net\/wp-content\/uploads\/2020\/05\/time-256.png\" data-width=\"60\" data-height=\"60\" style=\"\" loading=\"lazy\"><\/span><\/p>\n<h3>Gain de temps<\/h3>\n<p>Mieux que le sport, marcher au bureau a le m\u00eame effet sur la sant\u00e9, sans investir de temps.<\/p>\n<p><span><img decoding=\"async\" alt=\"\" data-id=\"163\" width=\"60\" data-init-width=\"512\" height=\"60\" data-init-height=\"512\" title=\"brand-awareness\" src=\"https:\/\/activup.net\/wp-content\/uploads\/2020\/05\/brand-awareness.png\" data-width=\"60\" data-height=\"60\" style=\"\" loading=\"lazy\"><\/span><\/p>\n<h3>Marque employeur<\/h3>\n<p>Le Walking Desk montre \u00e0 vos employ\u00e9s et vos futures recrues que vous voulez leur bonne sant\u00e9.<\/p>\n<p><span><img decoding=\"async\" alt=\"\" data-id=\"140\" width=\"60\" data-init-width=\"512\" height=\"60\" data-init-height=\"512\" title=\"walk\" src=\"https:\/\/activup.net\/wp-content\/uploads\/2020\/05\/walk.png\" data-width=\"60\" data-height=\"60\" style=\"\" loading=\"lazy\"><\/span><\/p>\n<h3 style=\"\">R\u00e9duction de l&rsquo;absent\u00e9isme<\/h3>\n<p>L&rsquo;activit\u00e9 physique r\u00e9duit les maladies et donc les absences de 27%.<\/p>\n<p><span><img decoding=\"async\" alt=\"\" data-id=\"160\" width=\"60\" data-init-width=\"512\" height=\"60\" data-init-height=\"512\" title=\"headache\" src=\"https:\/\/activup.net\/wp-content\/uploads\/2020\/05\/headache.png\" data-width=\"60\" data-height=\"60\" style=\"\" loading=\"lazy\"><\/span><\/p>\n<h3>Plus concentr\u00e9<\/h3>\n<p>Endorphine et oxyg\u00e9nation du cerveau maximisent la concentration, du matin au soir.<\/p>\n<p><span><img decoding=\"async\" alt=\"\" data-id=\"143\" width=\"60\" data-init-width=\"512\" height=\"60\" data-init-height=\"512\" title=\"idea\" src=\"https:\/\/activup.net\/wp-content\/uploads\/2020\/05\/idea.png\" data-width=\"60\" data-height=\"60\" style=\"\" loading=\"lazy\"><\/span><\/p>\n<h3>Plus cr\u00e9atif<\/h3>\n<p>La marche au bureau permet d&rsquo;augmenter la cr\u00e9ativit\u00e9 de 28%, selon une \u00e9tude de Stanford.<\/p>\n<p><span><img decoding=\"async\" alt=\"\" data-id=\"142\" width=\"60\" data-init-width=\"512\" height=\"60\" data-init-height=\"512\" title=\"memory\" src=\"https:\/\/activup.net\/wp-content\/uploads\/2020\/05\/memory.png\" data-width=\"60\" data-height=\"60\" style=\"\" loading=\"lazy\"><\/span><\/p>\n<h3>Meilleure m\u00e9moire<\/h3>\n<p>Marcher sur un walking desk augmente la m\u00e9moire de 35% selon une \u00e9tude de Montr\u00e9al.<\/p>\n<h2 style=\"text-align: left; color: var(--tcb-skin-color-2)  !important; --tcb-applied-color:var$(--tcb-skin-color-2)  !important;\">Les avantages du Walking Desk pour le bien-\u00eatre et la QVT<\/h2>\n<p>Personne n&rsquo;aime rester assis toute la journ\u00e9e, sans bouger. D\u00e9gourdissez-vous les jambes pendant que vous travaillez !<\/p>\n<p><span><img decoding=\"async\" alt=\"\" data-id=\"1012\" width=\"532\" data-init-width=\"600\" height=\"354\" data-init-height=\"400\" title=\"wellbeing-grey-600x400\" loading=\"lazy\" src=\"https:\/\/activup.net\/wp-content\/uploads\/2020\/12\/wellbeing-grey-600x400-1.jpg\" data-width=\"532\" data-height=\"354\"><\/span><span><img decoding=\"async\" alt=\"\" data-id=\"291\" width=\"60\" data-init-width=\"512\" height=\"60\" data-init-height=\"512\" title=\"yoga-512\" src=\"https:\/\/activup.net\/wp-content\/uploads\/2020\/05\/yoga-512-1.png\" data-width=\"60\" data-height=\"60\" style=\"\" loading=\"lazy\"><\/span><\/p>\n<h3>Moins stress\u00e9<\/h3>\n<p>La vertu de la marche pour la s\u00e9r\u00e9nit\u00e9 est connue depuis l&rsquo;antiquit\u00e9 (les philosophes p\u00e9ripat\u00e9ticiens).<\/p>\n<p><span><img decoding=\"async\" alt=\"\" data-id=\"139\" width=\"60\" data-init-width=\"512\" height=\"60\" data-init-height=\"512\" title=\"arthritis\" src=\"https:\/\/activup.net\/wp-content\/uploads\/2020\/05\/arthritis.png\" data-width=\"60\" data-height=\"60\" style=\"\" loading=\"lazy\"><\/span><\/p>\n<h3 style=\"\">Fin des jambes lourdes<\/h3>\n<p>La marche permet de vasculariser tout le corps et tout particuli\u00e8rement les jambes.<\/p>\n<p><span><img decoding=\"async\" alt=\"\" data-id=\"140\" width=\"60\" data-init-width=\"512\" height=\"60\" data-init-height=\"512\" title=\"walk\" src=\"https:\/\/activup.net\/wp-content\/uploads\/2020\/05\/walk.png\" data-width=\"60\" data-height=\"60\" style=\"\" loading=\"lazy\"><\/span><\/p>\n<h3>Balade productive<\/h3>\n<p>Le Walking Desk permet de continuer \u00e0 travailler, avec l&rsquo;impression (juste) de se balader.<\/p>\n<p><span><img decoding=\"async\" alt=\"\" data-id=\"138\" width=\"60\" data-init-width=\"512\" height=\"60\" data-init-height=\"512\" title=\"hot-stones\" src=\"https:\/\/activup.net\/wp-content\/uploads\/2020\/05\/hot-stones.png\" data-width=\"60\" data-height=\"60\" style=\"\" loading=\"lazy\"><\/span><\/p>\n<h3>Plus d\u00e9tendu<\/h3>\n<p>La marche \u201cd\u00e9tente\u201d est un v\u00e9ritable bol d&rsquo;oxyg\u00e8ne, ouvert \u00e0 tous, et possible au bureau !<\/p>\n<p><span><img decoding=\"async\" alt=\"\" data-id=\"153\" width=\"60\" data-init-width=\"512\" height=\"60\" data-init-height=\"512\" title=\"sleep\" src=\"https:\/\/activup.net\/wp-content\/uploads\/2020\/05\/sleep.png\" data-width=\"60\" data-height=\"60\" style=\"\" loading=\"lazy\"><\/span><\/p>\n<h3>Meilleur sommeil<\/h3>\n<p>Si vous marchez 30 min \u00e0 1h doucement, vous serez dans un \u00e9tat relax\u00e9 qui permet de mieux dormir.<\/p>\n<p><span><img decoding=\"async\" alt=\"\" data-id=\"137\" width=\"60\" data-init-width=\"512\" height=\"60\" data-init-height=\"512\" title=\"happygirl\" src=\"https:\/\/activup.net\/wp-content\/uploads\/2020\/05\/happygirl.png\" data-width=\"60\" data-height=\"60\" style=\"\" loading=\"lazy\"><\/span><\/p>\n<h3>Plus heureux<\/h3>\n<p>L\u2019exercice physique est la 2\u00e8me activit\u00e9 qui rend le plus heureux, juste apr\u00e8s le sexe.<\/p>\n<p style=\"text-align: center;\">T\u00e9moignages<\/p>\n<h2 style=\"text-align: center;\">Ce que nos clients heureux pensent de nous<\/h2>\n<p>Tous les jours, je suis heureux d&rsquo;avoir d\u00e9couvert le walking desk. 12km de r\u00e9unions par jour et une p\u00eache d&rsquo;enfer ! D\u00e9j\u00e0 8kg perdus, rien qu&rsquo;en marchant.<\/p>\n<h4>Julien Coulon<\/h4>\n<p>DIrecteur g\u00e9n\u00e9ral<\/p>\n<p>Quand on s&rsquo;installe sur le Walking Desk, le plus \u00e9tonnant, c\u2019est qu\u2019on oublie totalement que l\u2019on marche, on est plus concentr\u00e9 sur le travail.<\/p>\n<h4>Arnaud V\u00e9rin&nbsp;<\/h4>\n<p>Entrepreneur<\/p>\n<p>Je marche chaque jour au moins 3 km sur mon Walking Desk ActivUP et je brule pr\u00e8s de 300 calories.<\/p>\n<p>Je ressens les b\u00e9n\u00e9fices sur ma silhouette.<\/p>\n<h4>Pascale Breton<\/h4>\n<p>Dirigeante<\/p>\n<p>__CONFIG_colors_palette__{\u00ab\u00a0active_palette\u00a0\u00bb:0,\u00a0\u00bbconfig\u00a0\u00bb:{\u00ab\u00a0colors\u00a0\u00bb:{\u00ab\u00a062516\u00a0\u00bb:{\u00ab\u00a0name\u00a0\u00bb:\u00a0\u00bbMain Accent\u00a0\u00bb,\u00a0\u00bbparent\u00a0\u00bb:-1}},\u00a0\u00bbgradients\u00a0\u00bb:[]},\u00a0\u00bbpalettes\u00a0\u00bb:[{\u00ab\u00a0name\u00a0\u00bb:\u00a0\u00bbDefault Palette\u00a0\u00bb,\u00a0\u00bbvalue\u00a0\u00bb:{\u00ab\u00a0colors\u00a0\u00bb:{\u00ab\u00a062516\u00a0\u00bb:{\u00ab\u00a0val\u00a0\u00bb:\u00a0\u00bbrgb(76, 168, 71)\u00a0\u00bb,\u00a0\u00bbhsl\u00a0\u00bb:{\u00ab\u00a0h\u00a0\u00bb:116,\u00a0\u00bbs\u00a0\u00bb:0.41,\u00a0\u00bbl\u00a0\u00bb:0.47}}},\u00a0\u00bbgradients\u00a0\u00bb:[]}}]}__CONFIG_colors_palette__ <a href=\"https:\/\/activup.net\/fr\/temoignages-walking-desk\/\" data-shortcode-id=\"45\" data-dynamic-link=\"thrive_global_fields_url\"><span>  <\/span> <span style=\"\"><span style=\"\">VOIR LES T\u00e9moignages<\/span><\/span> <\/a><\/p>\n<h2 style=\"text-align: center;\">&nbsp;ActivUP, la r\u00e9f\u00e9rence du Walking Desk<\/h2>\n<h3 style=\"text-align: center;\"><span>Plus de 300 clients<\/span><\/h3>\n<p><span><img decoding=\"async\" alt=\"\" data-id=\"175\" width=\"350\" data-init-width=\"640\" height=\"197\" data-init-height=\"360\" title=\"references-clients-ActivUP-2020-640x360-1\" loading=\"lazy\" src=\"https:\/\/activup.net\/wp-content\/uploads\/2020\/05\/references-clients-ActivUP-2020-640x360-1.jpg\" data-width=\"350\" data-height=\"197\" style=\"\"><\/span><\/p>\n<h3 style=\"text-align: center;\">23 passages TV<\/h3>\n<p><span><a href=\"https:\/\/activup.net\/fr\/presse\/\" data-shortcode-id=\"27\" data-dynamic-link=\"thrive_global_fields_url\"><img decoding=\"async\" alt=\"\" data-id=\"176\" width=\"339\" data-init-width=\"640\" height=\"191\" data-init-height=\"360\" title=\"retombees-presse-640x360-1\" loading=\"lazy\" src=\"https:\/\/activup.net\/wp-content\/uploads\/2020\/05\/retombees-presse-640x360-1.jpg\" data-width=\"339\" data-height=\"191\" data-link-wrap=\"true\"><\/a><\/span><\/p>\n<h3 style=\"text-align: center;\">Une solution prim\u00e9e<\/h3>\n<p><span><a href=\"https:\/\/activup.net\/fr\/distinctions\/\" data-shortcode-id=\"28\" data-dynamic-link=\"thrive_global_fields_url\"><img decoding=\"async\" alt=\"\" data-id=\"174\" width=\"339\" data-init-width=\"640\" height=\"191\" data-init-height=\"360\" title=\"infographie-trophee-640x360\" loading=\"lazy\" src=\"https:\/\/activup.net\/wp-content\/uploads\/2020\/05\/infographie-trophee-640x360-1.jpg\" data-width=\"339\" data-height=\"191\" data-link-wrap=\"true\"><\/a><\/span> __CONFIG_group_edit__{\u00ab\u00a0k7g25n3o\u00a0\u00bb:{\u00ab\u00a0name\u00a0\u00bb:\u00a0\u00bbAll Icon(s)\u00a0\u00bb,\u00a0\u00bbsingular\u00a0\u00bb:\u00a0\u00bb&#8211; Icon %s\u00a0\u00bb},\u00a0\u00bbk7g25s38&Prime;:{\u00ab\u00a0name\u00a0\u00bb:\u00a0\u00bbAll Contact Detail(s)\u00a0\u00bb,\u00a0\u00bbsingular\u00a0\u00bb:\u00a0\u00bb&#8211; Text %s\u00a0\u00bb},\u00a0\u00bbk7g26hhs\u00a0\u00bb:{\u00ab\u00a0name\u00a0\u00bb:\u00a0\u00bbAll Contact Form Input(s)\u00a0\u00bb,\u00a0\u00bbsingular\u00a0\u00bb:\u00a0\u00bb&#8211; Contact Form Input %s\u00a0\u00bb}}__CONFIG_group_edit____CONFIG_local_colors__{\u00ab\u00a0colors\u00a0\u00bb:{\u00ab\u00a0c4549&Prime;:\u00a0\u00bbRoyal Blue\u00a0\u00bb,\u00a0\u00bb56de9&Prime;:\u00a0\u00bbAlabaster\u00a0\u00bb,\u00a0\u00bb6957a\u00a0\u00bb:\u00a0\u00bbBunker\u00a0\u00bb,\u00a0\u00bbae168&Prime;:\u00a0\u00bbRoyal Blue\u00a0\u00bb},\u00a0\u00bbgradients\u00a0\u00bb:{}}__CONFIG_local_colors__<\/p>\n<h2>Contactez-nous<\/h2>\n<p>Vous souhaitez en savoir plus et m\u00eame tester le Walking Desk dans votre entreprise ou dans notre showroom ?<\/p>\n<p><span><img decoding=\"async\" alt=\"\" data-id=\"571\" width=\"164\" data-init-width=\"300\" height=\"164\" data-init-height=\"300\" title=\"telemarketing-call-center-transparent-600sq\" loading=\"lazy\" src=\"https:\/\/activup.net\/wp-content\/uploads\/2020\/11\/telemarketing-call-center-transparent-600sq-300x300.png\" data-width=\"164\" data-height=\"164\" style=\"\"><\/span><\/p>\n<p><strong>Nos showrooms<\/strong> (sur RDV exclusivement)<\/p>\n<p><strong>Paris 17e<\/strong> : 27 rue des Renaudes<\/p>\n<p><strong>Archamps<\/strong> (Haute-Savoie)<\/p>\n<p>Appelez-nous au<\/p>\n<p><span data-attr-id=\"3\" data-extra_key=\"1\" data-option-inline=\"1\" data-shortcode=\"thrive_global_fields\" data-shortcode-name=\"[Company] Phone number\">+33 1 85 08 60 18<\/span><\/p>\n<p>[tcb-script charset=\u00a0\u00bbutf-8&Prime; type=\u00a0\u00bbtext\/javascript\u00a0\u00bb src=\u00a0\u00bb\/\/js.hsforms.net\/forms\/shell.js\u00a0\u00bb][\/tcb-script] [tcb-script] hbspt.forms.create({ portalId: \u00ab\u00a03959277\u00a0\u00bb, formId: \u00ab\u00a064249f84-222c-4072-9249-8fbc859e8545\u00a0\u00bb }); [\/tcb-script]<\/p>\n","protected":false},"excerpt":{"rendered":"<p>Les bienfaits du Walking Desk Avec un Walking Desk, votre vie ne sera plus jamais comme avant La marche au bureau sur un Walking Desk ActivUP vous apportera de nombreux b\u00e9n\u00e9fices, en terme de sant\u00e9, productivit\u00e9 et bien-\u00eatre. Les avantages du Walking Desk pour votre sant\u00e9 et celle de vos collaborateurs Perte de poids Marcher [&hellip;]<\/p>\n","protected":false},"author":4,"featured_media":0,"parent":0,"menu_order":0,"comment_status":"closed","ping_status":"closed","template":"","meta":{"_seopress_robots_primary_cat":"","_seopress_titles_title":"ActivUP - Bienfaits du Walking desk - Bureau de marche","_seopress_titles_desc":"Avec un Walking Desk ActivUP, votre vie ne sera plus jamais comme avant. ActivUP vous apportera de nombreux b\u00e9n\u00e9fices, en terme de sant\u00e9, productivit\u00e9 et bien-\u00eatre.","_seopress_robots_index":"","bwfblock_default_font":"","footnotes":""},"wf_page_folders":[125],"class_list":["post-4868","page","type-page","status-publish","hentry","post-wrapper","thrv_wrapper"],"_links":{"self":[{"href":"https:\/\/activup.net\/fr\/wp-json\/wp\/v2\/pages\/4868","targetHints":{"allow":["GET"]}}],"collection":[{"href":"https:\/\/activup.net\/fr\/wp-json\/wp\/v2\/pages"}],"about":[{"href":"https:\/\/activup.net\/fr\/wp-json\/wp\/v2\/types\/page"}],"author":[{"embeddable":true,"href":"https:\/\/activup.net\/fr\/wp-json\/wp\/v2\/users\/4"}],"replies":[{"embeddable":true,"href":"https:\/\/activup.net\/fr\/wp-json\/wp\/v2\/comments?post=4868"}],"version-history":[{"count":2,"href":"https:\/\/activup.net\/fr\/wp-json\/wp\/v2\/pages\/4868\/revisions"}],"predecessor-version":[{"id":5234,"href":"https:\/\/activup.net\/fr\/wp-json\/wp\/v2\/pages\/4868\/revisions\/5234"}],"wp:attachment":[{"href":"https:\/\/activup.net\/fr\/wp-json\/wp\/v2\/media?parent=4868"}],"wp:term":[{"taxonomy":"wf_page_folders","embeddable":true,"href":"https:\/\/activup.net\/fr\/wp-json\/wp\/v2\/wf_page_folders?post=4868"}],"curies":[{"name":"wp","href":"https:\/\/api.w.org\/{rel}","templated":true}]}}