{"id":4957,"date":"2022-06-09T14:39:04","date_gmt":"2022-06-09T12:39:04","guid":{"rendered":"https:\/\/activupnet.eu2.copilhost.cloud\/20raisons\/clone-of-mal-de-dos-2-serie-20-raisons-de-travailler-en-marchant\/"},"modified":"2023-09-13T07:17:10","modified_gmt":"2023-09-13T05:17:10","slug":"03-booster-memoire","status":"publish","type":"page","link":"https:\/\/activup.net\/fr\/20raisons\/03-booster-memoire\/","title":{"rendered":"#3 Booster sa m\u00e9moire s\u00e9rie &#8220;20 raisons de travailler en marchant&#8221;"},"content":{"rendered":"<p style=\"text-align: center;\">Comment booster sa m\u00e9moire ?<\/p>\n<p style=\"text-align: center;\">Comment la marche am\u00e9liore votre m\u00e9moire ?&nbsp;<\/p>\n<p style=\"text-align: center;\">\u00c9pisode 1 : Je perds du poids&nbsp;<\/p>\n<p><span><a href=\"https:\/\/activup.net\/20raisons\/01-maigrir\/\" rel=\"\"><img decoding=\"async\" alt=\"\" data-id=\"5319\" width=\"219\" data-init-width=\"300\" height=\"123\" data-init-height=\"169\" title=\"miniature #1 bas de vid\u00e9o\" loading=\"lazy\" src=\"https:\/\/activup.net\/wp-content\/uploads\/2022\/06\/miniature-1-bas-de-video.png\" data-width=\"219\" data-height=\"123\" style=\"\" data-link-wrap=\"1\"><\/a><\/span><\/p>\n<p style=\"text-align: center;\"><strong>Episode 3 de la s\u00e9rie&nbsp;<\/strong><\/p>\n<p style=\"text-align: center;\"><strong><em>20 raisons de travailler en marchant<\/em><\/strong><\/p>\n<p style=\"text-align: center;\">D\u00e9couvrez la meilleure m\u00e9thode pour booster votre m\u00e9moire en marchant, gr\u00e2ce \u00e0 notre guide gratuit :&nbsp;<\/p>\n<p><span><a href=\"https:\/\/activup.net\/20raisons\/\" rel=\"\"><img decoding=\"async\" alt=\"\" data-id=\"5633\" width=\"413\" data-init-width=\"500\" height=\"99\" data-init-height=\"120\" title=\"Sans_titre__6_-removebg-preview\" loading=\"lazy\" src=\"https:\/\/activup.net\/wp-content\/uploads\/2022\/06\/Sans_titre__6_-removebg-preview.png\" data-width=\"413\" data-height=\"99\" data-link-wrap=\"1\"><\/a><\/span><\/p>\n<p style=\"text-align: center;\"><a data-lt-tmp-id=\"lt-901215\" href=\"https:\/\/activup.net\/20raisons\/\" spellcheck=\"false\" style=\"outline: none;\">Voir la s\u00e9rie<\/a><\/p>\n<p style=\"text-align: center;\">Episode 4&nbsp;:&nbsp; C&rsquo;est fini les insomnies !<\/p>\n<p><span><a href=\"https:\/\/activup.net\/20raisons\/04-fini-insomnies\/\" rel=\"\"><img decoding=\"async\" alt=\"\" data-id=\"5333\" width=\"219\" data-init-width=\"300\" height=\"123\" data-init-height=\"169\" title=\"miniature #4 bas de vid\u00e9o\" loading=\"lazy\" src=\"https:\/\/activup.net\/wp-content\/uploads\/2022\/06\/miniature-4-bas-de-video.png\" data-width=\"219\" data-height=\"123\" style=\"\" data-link-wrap=\"1\"><\/a><\/span><\/p>\n<p style=\"text-align: center;\"><strong><span>Episode 3 de la s\u00e9rie&nbsp;<\/span><\/strong><\/p>\n<p style=\"text-align: center;\"><strong><em>20 raisons de travailler en marchant<\/em><\/strong><\/p>\n<p style=\"text-align: center;\">D\u00e9couvrez la meilleure m\u00e9thode pour booster votre m\u00e9moire en marchant, gr\u00e2ce \u00e0 notre guide gratuit ci-dessous<\/p>\n<p><span><a href=\"https:\/\/activup.net\/20raisons\/\" rel=\"\"><img decoding=\"async\" alt=\"\" data-id=\"5602\" width=\"150\" data-init-width=\"300\" height=\"85\" data-init-height=\"169\" title=\"miniature s\u00e9rie\" loading=\"lazy\" src=\"https:\/\/activup.net\/wp-content\/uploads\/2022\/06\/miniature-serie.png\" data-width=\"150\" data-height=\"85\" style=\"\" data-link-wrap=\"1\"><\/a><\/span><\/p>\n<p style=\"text-align: center;\"><a data-lt-tmp-id=\"lt-901215\" href=\"https:\/\/activup.net\/20raisons\/\" spellcheck=\"false\" style=\"outline: none;\">Voir la s\u00e9rie<\/a><\/p>\n<p style=\"text-align: center;\"><strong><span>Les autres \u00e9pisodes:<\/span><\/strong><\/p>\n<p style=\"text-align: center;\">\u00c9pisode 1 : Je perds du poids&nbsp;<\/p>\n<p><span><a href=\"https:\/\/activup.net\/20raisons\/01-maigrir\/\" rel=\"\"><img decoding=\"async\" alt=\"\" data-id=\"5319\" width=\"208\" data-init-width=\"300\" height=\"117\" data-init-height=\"169\" title=\"miniature #1 bas de vid\u00e9o\" loading=\"lazy\" src=\"https:\/\/activup.net\/wp-content\/uploads\/2022\/06\/miniature-1-bas-de-video.png\" data-width=\"208\" data-height=\"117\" style=\"\" data-link-wrap=\"1\"><\/a><\/span><\/p>\n<p style=\"text-align: center;\">Episode 4 : &nbsp;C&rsquo;est fini les insomnies !<\/p>\n<p><span><a href=\"https:\/\/activup.net\/20raisons\/04-fini-insomnies\/\" rel=\"\"><img decoding=\"async\" alt=\"\" data-id=\"5333\" width=\"208\" data-init-width=\"300\" height=\"117\" data-init-height=\"169\" title=\"miniature #4 bas de vid\u00e9o\" loading=\"lazy\" src=\"https:\/\/activup.net\/wp-content\/uploads\/2022\/06\/miniature-4-bas-de-video.png\" data-width=\"208\" data-height=\"117\" style=\"\" data-link-wrap=\"1\"><\/a><\/span><\/p>\n<p>Votre m\u00e9moire<\/p>\n<h2>Mon cerveau fonctionne mieux, en mouvement\u2026<\/h2>\n<p>De multiples \u00e9tudes ont d\u00e9montr\u00e9 les bienfaits de la marche sur le cerveau. Cr\u00e9ativit\u00e9, m\u00e9morisation et productivit\u00e9 sont d\u00e9cupl\u00e9es lorsque le corps est en mouvement. En marchant entre 30 et 45 minutes d&rsquo;affil\u00e9e, vous s\u00e9cr\u00e9tez \u00e9galement de l&rsquo;endorphine et votre capacit\u00e9 de m\u00e9moire augmente. Vous vous lib\u00e9rez l&rsquo;esprit et vous produisez un travail efficace.<\/p>\n<p>Envie de tenter l&rsquo;exp\u00e9rience de la marche au travail ?<\/p>\n<p><strong>Trouvez la solution qui r\u00e9pondra \u00e0 vos besoins :<\/strong><\/p>\n<p>La s\u00e9rie<\/p>\n<h2>Les <em>20 raisons<\/em>, qu&rsquo;est-ce que c&rsquo;est ?&nbsp;<\/h2>\n<p>C&rsquo;est avant tout vous montrer les bienfaits de la marche sur le corps et l&rsquo;esprit ! Vous allez d\u00e9couvrir les b\u00e9n\u00e9fices insoup\u00e7onn\u00e9s de cette activit\u00e9 l\u00e9g\u00e8re physique, et cela, m\u00eame au niveau professionnel. Le Walking Desk est le nouveau concept innovant qui vous permettra d&rsquo;\u00eatre productif au travail. D\u00e9couvrez l&rsquo;ensemble des avantages de la marche au bureau&#8230;<\/p>\n<p>__CONFIG_group_edit__{\u00ab\u00a0k7g2hgi8\u00a0\u00bb:{\u00ab\u00a0name\u00a0\u00bb:\u00a0\u00bbAll Icon(s)\u00a0\u00bb,\u00a0\u00bbsingular\u00a0\u00bb:\u00a0\u00bb&#8211; Icon %s\u00a0\u00bb},\u00a0\u00bbk7g2hk7z\u00a0\u00bb:{\u00ab\u00a0name\u00a0\u00bb:\u00a0\u00bbAll Benefits Title(s)\u00a0\u00bb,\u00a0\u00bbsingular\u00a0\u00bb:\u00a0\u00bb&#8211; Text %s\u00a0\u00bb},\u00a0\u00bbk7g2i26v\u00a0\u00bb:{\u00ab\u00a0name\u00a0\u00bb:\u00a0\u00bbAll Benefits Paragraph(s)\u00a0\u00bb,\u00a0\u00bbsingular\u00a0\u00bb:\u00a0\u00bb&#8211; Text %s\u00a0\u00bb},\u00a0\u00bbk7g2ibwv\u00a0\u00bb:{\u00ab\u00a0name\u00a0\u00bb:\u00a0\u00bbAll Icon Column(s)\u00a0\u00bb,\u00a0\u00bbsingular\u00a0\u00bb:\u00a0\u00bb&#8211; Column %s\u00a0\u00bb},\u00a0\u00bbk7g2ihs9&Prime;:{\u00ab\u00a0name\u00a0\u00bb:\u00a0\u00bbAll Text Column(s)\u00a0\u00bb,\u00a0\u00bbsingular\u00a0\u00bb:\u00a0\u00bb&#8211; Column %s\u00a0\u00bb},\u00a0\u00bbk7g2ipm4&Prime;:{\u00ab\u00a0name\u00a0\u00bb:\u00a0\u00bbAll Columns(s)\u00a0\u00bb,\u00a0\u00bbsingular\u00a0\u00bb:\u00a0\u00bb&#8211; Columns %s\u00a0\u00bb},\u00a0\u00bbk7g2isni\u00a0\u00bb:{\u00ab\u00a0name\u00a0\u00bb:\u00a0\u00bbAll Content Box(s)\u00a0\u00bb,\u00a0\u00bbsingular\u00a0\u00bb:\u00a0\u00bb&#8211; Content Box %s\u00a0\u00bb},\u00a0\u00bbk7g2iv7s\u00a0\u00bb:{\u00ab\u00a0name\u00a0\u00bb:\u00a0\u00bbAll Column(s)\u00a0\u00bb,\u00a0\u00bbsingular\u00a0\u00bb:\u00a0\u00bb&#8211; Column %s\u00a0\u00bb},\u00a0\u00bbk7g2j32v\u00a0\u00bb:{\u00ab\u00a0name\u00a0\u00bb:\u00a0\u00bbAll Columns(s)\u00a0\u00bb,\u00a0\u00bbsingular\u00a0\u00bb:\u00a0\u00bb&#8211; Columns %s\u00a0\u00bb}}__CONFIG_group_edit____CONFIG_local_colors__{\u00ab\u00a0colors\u00a0\u00bb:{\u00ab\u00a00990a\u00a0\u00bb:\u00a0\u00bbRoyal Blue\u00a0\u00bb,\u00a0\u00bbc2fcb\u00a0\u00bb:\u00a0\u00bbMercury\u00a0\u00bb,\u00a0\u00bbceeb1&Prime;:\u00a0\u00bbPicton Blue\u00a0\u00bb},\u00a0\u00bbgradients\u00a0\u00bb:{}}__CONFIG_local_colors__<\/p>\n<h2 style=\"text-align: center;\">TRAVAILLEZ EN MARCHANT !<\/h2>\n<h3 style=\"text-align: center;\">Que se passera-t-il quand vous marcherez davantage ?<\/h3>\n<p><span><img decoding=\"async\" alt=\"\" data-id=\"4892\" width=\"87\" data-init-width=\"300\" height=\"87\" data-init-height=\"300\" title=\"Re\u0301duction du stress\" loading=\"lazy\" src=\"https:\/\/activup.net\/wp-content\/uploads\/2022\/06\/Re\u0301duction-du-stress-300x300.png\" data-width=\"87\" data-height=\"87\"><\/span><\/p>\n<h4 style=\"text-align: left; padding-bottom: 0px !important; margin-bottom: 0px !important;\">R\u00e9duction du stress<\/h4>\n<p style=\"text-align: left;\">L&rsquo;oxyg\u00e9nation et la lib\u00e9ration des endorphines r\u00e9duisent l\u2019anxi\u00e9t\u00e9, la tension et la pression art\u00e9rielle.<\/p>\n<p>   <span><img decoding=\"async\" alt=\"\" data-id=\"4891\" width=\"87\" data-init-width=\"300\" height=\"87\" data-init-height=\"300\" title=\"Plus de mal de dos\" loading=\"lazy\" src=\"https:\/\/activup.net\/wp-content\/uploads\/2022\/06\/Plus-de-mal-de-dos-300x300.png\" data-width=\"87\" data-height=\"87\" style=\"\"><\/span><\/p>\n<h4 style=\"text-align: left;\">Fini le mal de dos<\/h4>\n<p style=\"text-align: left;\">Marcher permet d&rsquo;\u00e9tirer les muscles dorsaux et la posture droite de rel\u00e2cher les tensions.<\/p>\n<p>   <span><img decoding=\"async\" alt=\"\" data-id=\"4887\" width=\"87\" data-init-width=\"300\" height=\"87\" data-init-height=\"300\" title=\"Gain de temps\" loading=\"lazy\" src=\"https:\/\/activup.net\/wp-content\/uploads\/2022\/06\/Gain-de-temps-300x300.png\" data-width=\"87\" data-height=\"87\" style=\"\"><\/span><\/p>\n<h4 style=\"text-align: left; padding-bottom: 0px !important; margin-bottom: 0px !important;\">Gain de temps<\/h4>\n<p style=\"text-align: left;\">Mieux que le sport, marcher au bureau a le m\u00eame effet sur la sant\u00e9, sans investir de temps.<\/p>\n<p>   <span><img decoding=\"async\" alt=\"\" data-id=\"4889\" width=\"87\" data-init-width=\"300\" height=\"87\" data-init-height=\"300\" title=\"Plus cre\u0301atif\" loading=\"lazy\" src=\"https:\/\/activup.net\/wp-content\/uploads\/2022\/06\/Plus-cre\u0301atif-300x300.png\" data-width=\"87\" data-height=\"87\" style=\"\"><\/span><\/p>\n<h4 style=\"text-align: left;\">Boost de la cr\u00e9ativit\u00e9<\/h4>\n<p style=\"text-align: left;\">La marche au bureau permet d&rsquo;augmenter la cr\u00e9ativit\u00e9 de 28%, selon une \u00e9tude de Stanford.<\/p>\n<p>   <span><img decoding=\"async\" alt=\"\" data-id=\"4888\" width=\"87\" data-init-width=\"300\" height=\"87\" data-init-height=\"300\" title=\"Meilleur sommeil\" loading=\"lazy\" src=\"https:\/\/activup.net\/wp-content\/uploads\/2022\/06\/Meilleur-sommeil-300x300.png\" data-width=\"87\" data-height=\"87\" style=\"\"><\/span><\/p>\n<h4 style=\"text-align: left;\">Meilleur sommeil<\/h4>\n<p style=\"text-align: left;\">Si vous marchez 30 min \u00e0 1h doucement, vous serez dans un \u00e9tat relax\u00e9 qui permet de mieux dormir.<\/p>\n<p>   <span><img decoding=\"async\" alt=\"\" data-id=\"4890\" width=\"87\" data-init-width=\"300\" height=\"87\" data-init-height=\"300\" title=\"Plus d'e\u0301nergie\" loading=\"lazy\" src=\"https:\/\/activup.net\/wp-content\/uploads\/2022\/06\/Plus-de\u0301nergie-300x300.png\" data-width=\"87\" data-height=\"87\" style=\"\"><\/span><\/p>\n<h4 style=\"text-align: left;\">Plus d&rsquo;\u00e9nergie<\/h4>\n<p style=\"text-align: left;\">Marcher oxyg\u00e8ne votre cerveau et lib\u00e8re des hormones qui vont booster votre \u00e9nergie<\/p>\n<h3 style=\"text-align: center;\"><strong>Tout savoir sur les b\u00e9n\u00e9fices du Walking Desk :<\/strong><\/h3>\n<p>__CONFIG_colors_palette__{\u00ab\u00a0active_palette\u00a0\u00bb:0,\u00a0\u00bbconfig\u00a0\u00bb:{\u00ab\u00a0colors\u00a0\u00bb:{\u00ab\u00a062516\u00a0\u00bb:{\u00ab\u00a0name\u00a0\u00bb:\u00a0\u00bbMain Accent\u00a0\u00bb,\u00a0\u00bbparent\u00a0\u00bb:-1}},\u00a0\u00bbgradients\u00a0\u00bb:[]},\u00a0\u00bbpalettes\u00a0\u00bb:[{\u00ab\u00a0name\u00a0\u00bb:\u00a0\u00bbDefault Palette\u00a0\u00bb,\u00a0\u00bbvalue\u00a0\u00bb:{\u00ab\u00a0colors\u00a0\u00bb:{\u00ab\u00a062516\u00a0\u00bb:{\u00ab\u00a0val\u00a0\u00bb:\u00a0\u00bbrgb(76, 168, 71)\u00a0\u00bb,\u00a0\u00bbhsl\u00a0\u00bb:{\u00ab\u00a0h\u00a0\u00bb:116,\u00a0\u00bbs\u00a0\u00bb:0.41,\u00a0\u00bbl\u00a0\u00bb:0.47}}},\u00a0\u00bbgradients\u00a0\u00bb:[]}}]}__CONFIG_colors_palette__ <a href=\"#telecharger-guide-20raisons\" style=\"\" rel=\"\" jump-animation=\"smooth\"><span>  <\/span> <span><span>Je veux t\u00e9l\u00e9charger le guide<\/span><\/span> <\/a><\/p>\n<p style=\"text-align: center;\"><strong>Guide gratuit, sans obligation d&rsquo;achat<\/strong><\/p>\n<h2 style=\"text-align: center;\"><strong> ActivUP, la r\u00e9f\u00e9rence du Walking Desk<\/strong><\/h2>\n<h3 style=\"text-align: center;\"><span style=\"\">Plus de 300 clients<\/span><\/h3>\n<p><span><img decoding=\"async\" alt=\"\" data-id=\"175\" width=\"350\" data-init-width=\"640\" height=\"197\" data-init-height=\"360\" title=\"references-clients-ActivUP-2020-640x360-1\" loading=\"lazy\" src=\"https:\/\/activup.net\/wp-content\/uploads\/2020\/05\/references-clients-ActivUP-2020-640x360-1.jpg\" data-width=\"350\" data-height=\"197\" style=\"\"><\/span><\/p>\n<h3 style=\"text-align: center;\">23 passages TV<\/h3>\n<p><span><a href=\"https:\/\/activup.net\/fr\/presse\/\" data-shortcode-id=\"27\" data-dynamic-link=\"thrive_global_fields_url\"><img decoding=\"async\" alt=\"\" data-id=\"176\" width=\"339\" data-init-width=\"640\" height=\"191\" data-init-height=\"360\" title=\"retombees-presse-640x360-1\" loading=\"lazy\" src=\"https:\/\/activup.net\/wp-content\/uploads\/2020\/05\/retombees-presse-640x360-1.jpg\" data-width=\"339\" data-height=\"191\" data-link-wrap=\"true\"><\/a><\/span><\/p>\n<h3 style=\"text-align: center;\">Une solution prim\u00e9e<\/h3>\n<p><span><a href=\"https:\/\/activup.net\/fr\/distinctions\/\" data-shortcode-id=\"28\" data-dynamic-link=\"thrive_global_fields_url\"><img decoding=\"async\" alt=\"\" data-id=\"174\" width=\"339\" data-init-width=\"640\" height=\"191\" data-init-height=\"360\" title=\"infographie-trophee-640x360\" loading=\"lazy\" src=\"https:\/\/activup.net\/wp-content\/uploads\/2020\/05\/infographie-trophee-640x360-1.jpg\" data-width=\"339\" data-height=\"191\" data-link-wrap=\"true\"><\/a><\/span><\/p>\n<p style=\"\"><strong>Notre GUIDE pour votre sant\u00e9 et productivit\u00e9<\/strong><\/p>\n<h3><strong>\u00ab Bouger plus pour travailler mieux \u00bb<\/strong><\/h3>\n<p style=\"text-align: justify;\">Remplissez le formulaire et recevez par email ce guide au format ebook en PDF, qui explique la m\u00e9thode utilis\u00e9e par Marc Thouvenin, pour am\u00e9liorer votre capacit\u00e9 de m\u00e9morisation.<\/p>\n<p>Cette m\u00e9thode est applicable \u00e0 tous ceux qui travaillent beaucoup, n&rsquo;ont pas assez de temps pour faire du sport et veulent devenir plus productif.&nbsp;<\/p>\n<p style=\"text-align: center;\">Guide gratuit<\/p>\n<p><span><img decoding=\"async\" alt=\"\" data-id=\"1990\" width=\"323\" data-init-width=\"914\" height=\"299\" data-init-height=\"846\" title=\"Guide-LivreBlanc-Teletravail-BougerPlus-107-cover3D-45deg\" loading=\"lazy\" src=\"https:\/\/activup.net\/wp-content\/uploads\/2021\/12\/Guide-LivreBlanc-Teletravail-BougerPlus-107-cover3D-45deg.png\" data-width=\"323\" data-height=\"299\" style=\"\"><\/span><\/p>\n<h5>Pourquoi bouger<\/h5>\n<p>Tous les b\u00e9n\u00e9fices sant\u00e9, bien-\u00eatre et performance, sont abord\u00e9s, ainsi que l&rsquo;adaptation \u00e0 l&rsquo;environnement de bureau.<\/p>\n<h5 style=\"\">Comment r\u00e9ussir<\/h5>\n<p>Choisissez d&rsquo;adopter la bonne attitude gagnante pour booster votre m\u00e9moire en vous faisant plaisir.&nbsp;<\/p>\n<h5>Mesurer ses progr\u00e8s<\/h5>\n<p>Les astuces pour r\u00e9ussir \u00e0 court terme et moyen terme. Et comment booster votre m\u00e9moire jusqu&rsquo;\u00e0 la fin de votre vie !<\/p>\n<h5>Am\u00e9nager son bureau<\/h5>\n<p>D\u00e9couvrez comment votre espace de travail peut devenir le meilleur moyen pour am\u00e9liorer votre m\u00e9moire, rester fit et inspirer les autres \u00e0 le faire aussi.<\/p>\n","protected":false},"excerpt":{"rendered":"<p>Comment booster sa m\u00e9moire ? Comment la marche am\u00e9liore votre m\u00e9moire ?&nbsp; \u00c9pisode 1 : Je perds du poids&nbsp; Episode 3 de la s\u00e9rie&nbsp; 20 raisons de travailler en marchant D\u00e9couvrez la meilleure m\u00e9thode pour booster votre m\u00e9moire en marchant, gr\u00e2ce \u00e0 notre guide gratuit :&nbsp; Voir la s\u00e9rie Episode 4&nbsp;:&nbsp; C&rsquo;est fini les insomnies [&hellip;]<\/p>\n","protected":false},"author":15,"featured_media":6079,"parent":5089,"menu_order":3,"comment_status":"closed","ping_status":"closed","template":"","meta":{"_seopress_robots_primary_cat":"","_seopress_titles_title":"Booster sa m\u00e9moire - ActivUP - S\u00e9rie 20 raisons de travailler en marchant","_seopress_titles_desc":"Le Walking Desk permet de mieux m\u00e9moriser et m\u00eame de mieux travailler, tout en soignant sa sant\u00e9. ","_seopress_robots_index":"","bwfblock_default_font":"","footnotes":""},"wf_page_folders":[125],"class_list":["post-4957","page","type-page","status-publish","has-post-thumbnail","hentry","post-wrapper","thrv_wrapper"],"_links":{"self":[{"href":"https:\/\/activup.net\/fr\/wp-json\/wp\/v2\/pages\/4957","targetHints":{"allow":["GET"]}}],"collection":[{"href":"https:\/\/activup.net\/fr\/wp-json\/wp\/v2\/pages"}],"about":[{"href":"https:\/\/activup.net\/fr\/wp-json\/wp\/v2\/types\/page"}],"author":[{"embeddable":true,"href":"https:\/\/activup.net\/fr\/wp-json\/wp\/v2\/users\/15"}],"replies":[{"embeddable":true,"href":"https:\/\/activup.net\/fr\/wp-json\/wp\/v2\/comments?post=4957"}],"version-history":[{"count":53,"href":"https:\/\/activup.net\/fr\/wp-json\/wp\/v2\/pages\/4957\/revisions"}],"predecessor-version":[{"id":18364,"href":"https:\/\/activup.net\/fr\/wp-json\/wp\/v2\/pages\/4957\/revisions\/18364"}],"up":[{"embeddable":true,"href":"https:\/\/activup.net\/fr\/wp-json\/wp\/v2\/pages\/5089"}],"wp:featuredmedia":[{"embeddable":true,"href":"https:\/\/activup.net\/fr\/wp-json\/wp\/v2\/media\/6079"}],"wp:attachment":[{"href":"https:\/\/activup.net\/fr\/wp-json\/wp\/v2\/media?parent=4957"}],"wp:term":[{"taxonomy":"wf_page_folders","embeddable":true,"href":"https:\/\/activup.net\/fr\/wp-json\/wp\/v2\/wf_page_folders?post=4957"}],"curies":[{"name":"wp","href":"https:\/\/api.w.org\/{rel}","templated":true}]}}