{"id":496,"date":"2020-08-08T07:16:46","date_gmt":"2020-08-08T05:16:46","guid":{"rendered":"https:\/\/activupnet.eu2.copilhost.cloud\/?page_id=496"},"modified":"2021-12-20T10:01:30","modified_gmt":"2021-12-20T08:01:30","slug":"eng","status":"publish","type":"page","link":"https:\/\/activup.net\/fr\/eng\/","title":{"rendered":"ActivUP &#8211; Walk while working &#8211; Walking Desk"},"content":{"rendered":"<h1 style=\"text-align: center;\">Walk while working<\/h1>\n<p style=\"text-align: center;\">You\u2019ll finally take<\/p>\n<p style=\"text-align: center;\">your 10000 steps a day<\/p>\n<p style=\"text-align: center;\">Walking at work on a walking desk enables you to walk every day, without dedicating time to this. While you walk one the treadmill, you can call your clients, write an email, have a meeting with a colleague, work on documents using word or powerpoint.<\/p>\n<p>        <span><img decoding=\"async\" alt=\"\" data-id=\"296\" width=\"453\" data-init-width=\"500\" height=\"275\" data-init-height=\"304\" title=\"laptop-weight-loss-500\" src=\"https:\/\/activup.net\/wp-content\/uploads\/2020\/05\/laptop-weight-loss-500.png\" data-width=\"453\" data-height=\"275\" loading=\"lazy\"><\/span>   <\/p>\n<p>Weight loss<\/p>\n<h2>Lose weightwithout diet nor sport&nbsp;<\/h2>\n<p>In order&nbsp;<a href=\"https:\/\/maigrir-au-bureau.com\/?utm_source=activup&amp;utm_medium=link\" target=\"_blank\" style=\"outline: none;\" data-shortcode-id=\"29\" data-dynamic-link=\"thrive_global_fields_url\" data-custom-shortcode=\"\" rel=\"noopener\">lose weight without diet nor sport [fr]<\/a>, you only need to walk enough, a few hours, every day. ActivUP recently unveiled the program \u00ab\u00a0<a href=\"https:\/\/maigrir-au-bureau.com\/?utm_source=activup&amp;utm_medium=link\" data-shortcode-id=\"29\" data-dynamic-link=\"thrive_global_fields_url\" target=\"_blank\" style=\"outline: none;\" rel=\"noopener\"><em>Maigrir en marchant<\/em><\/a>\u00ab\u00a0. Please click here to discover more about it.<\/p>\n<p>Solution<\/p>\n<h2>The Walking Desk&nbsp;<\/h2>\n<p>The Walking Desk enables you to walk at the office, while you work. It can be used by yourself as well as your employees. ActivUP offers many solutions adapted to all needs and budgets.<\/p>\n<p><span><img decoding=\"async\" alt=\"\" data-id=\"131\" width=\"400\" data-init-width=\"500\" height=\"400\" data-init-height=\"500\" title=\"Walking-Desk-Bois-Massif-120\" src=\"https:\/\/activup.net\/wp-content\/uploads\/2020\/05\/Walking-Desk-Bois-Massif-120.png\" data-width=\"400\" data-height=\"400\" style=\"\" loading=\"lazy\"><\/span><\/p>\n<h2 style=\"text-align: center; color: var(--tcb-skin-color-2)  !important; --tcb-applied-color:var$(--tcb-skin-color-2)  !important;\">Advantages for your health<\/h2>\n<p><span><img decoding=\"async\" alt=\"\" data-id=\"168\" width=\"60\" data-init-width=\"512\" height=\"60\" data-init-height=\"512\" title=\"076-fitness\" src=\"https:\/\/activup.net\/wp-content\/uploads\/2020\/05\/076-fitness.png\" data-width=\"60\" data-height=\"60\" style=\"\" loading=\"lazy\"><\/span><\/p>\n<h3>Well being<\/h3>\n<p>Personne n&rsquo;aime rester assis toute la journ\u00e9e, sans bouger. D\u00e9gourdissez-vous les jambes !<\/p>\n<p><span><img decoding=\"async\" alt=\"\" data-id=\"294\" width=\"60\" data-init-width=\"256\" height=\"60\" data-init-height=\"256\" title=\"weightloss-2622022\" src=\"https:\/\/activup.net\/wp-content\/uploads\/2020\/05\/weightloss-2622022.png\" data-width=\"60\" data-height=\"60\" style=\"\" loading=\"lazy\"><\/span><\/p>\n<h3>Weight loss<\/h3>\n<p>Marcher tous les jours, pendant qu&rsquo;on travaille, permet de maigrir simplement, sans effort, ni temps<\/p>\n<p><span><img decoding=\"async\" alt=\"\" data-id=\"293\" width=\"60\" data-init-width=\"512\" height=\"60\" data-init-height=\"512\" title=\"health-256\" src=\"https:\/\/activup.net\/wp-content\/uploads\/2020\/05\/health-256-1.png\" data-width=\"60\" data-height=\"60\" style=\"\" loading=\"lazy\"><\/span><\/p>\n<h3>Chronical deseases<\/h3>\n<p>L&rsquo;activit\u00e9 physique permet de pr\u00e9venir, et m\u00eame soigner les maladies chroniques.<\/p>\n<p><span><img decoding=\"async\" alt=\"\" data-id=\"291\" width=\"60\" data-init-width=\"512\" height=\"60\" data-init-height=\"512\" title=\"yoga-512\" src=\"https:\/\/activup.net\/wp-content\/uploads\/2020\/05\/yoga-512-1.png\" data-width=\"60\" data-height=\"60\" style=\"\" loading=\"lazy\"><\/span><\/p>\n<h3>Stress reduction<\/h3>\n<p>L&rsquo;oxyg\u00e9nation et la lib\u00e9ration d\u2019endorphines r\u00e9duit l\u2019anxi\u00e9t\u00e9, la tension et la pression art\u00e9rielle.<\/p>\n<h2 style=\"text-align: center;\">Advantages for your productivity<\/h2>\n<p><span><img decoding=\"async\" alt=\"\" data-id=\"142\" width=\"60\" data-init-width=\"512\" height=\"60\" data-init-height=\"512\" title=\"memory\" src=\"https:\/\/activup.net\/wp-content\/uploads\/2020\/05\/memory.png\" data-width=\"60\" data-height=\"60\" style=\"\" loading=\"lazy\"><\/span><\/p>\n<h3>Productivity<\/h3>\n<p>Moins malade, plus concentr\u00e9, plus cr\u00e9atif : bouger vous permet de mieux travailler, et plus !<\/p>\n<p><span><img decoding=\"async\" alt=\"\" data-id=\"147\" width=\"60\" data-init-width=\"128\" height=\"60\" data-init-height=\"128\" title=\"time-256\" src=\"https:\/\/activup.net\/wp-content\/uploads\/2020\/05\/time-256.png\" data-width=\"60\" data-height=\"60\" style=\"\" loading=\"lazy\"><\/span><\/p>\n<h3>Save time<\/h3>\n<p>Mieux que le sport, marcher au bureau a le m\u00eame effet sur la sant\u00e9, sans investir de temps<\/p>\n<p><span><img decoding=\"async\" alt=\"\" data-id=\"163\" width=\"60\" data-init-width=\"512\" height=\"60\" data-init-height=\"512\" title=\"brand-awareness\" src=\"https:\/\/activup.net\/wp-content\/uploads\/2020\/05\/brand-awareness.png\" data-width=\"60\" data-height=\"60\" style=\"\" loading=\"lazy\"><\/span><\/p>\n<h3>Employer brand<\/h3>\n<p>Le Walking Desk montre \u00e0 vos employ\u00e9s et vos futures recrues que vous voulez leur bonne sant\u00e9<\/p>\n<p><span><img decoding=\"async\" alt=\"\" data-id=\"140\" width=\"60\" data-init-width=\"512\" height=\"60\" data-init-height=\"512\" title=\"walk\" src=\"https:\/\/activup.net\/wp-content\/uploads\/2020\/05\/walk.png\" data-width=\"60\" data-height=\"60\" style=\"\" loading=\"lazy\"><\/span><\/p>\n<h3>Absenteeism reduction<\/h3>\n<p>L&rsquo;activit\u00e9 physique r\u00e9duit les maladies et donc les absences<\/p>\n<h1 style=\"color: var(--tcb-skin-color-2)  !important; --tcb-applied-color:var$(--tcb-skin-color-2)  !important;\">Medias talk about<\/h1>\n<h1><span style=\"color: var(--tcb-skin-color-2);\">\u00ab ActivUP&rsquo;s Walking Desk<\/span><span style=\"color: var(--tcb-color-0);\">&nbsp;\u00bb<\/span>&nbsp;<\/h1>\n<p>Health at work and Quality of Life at Work (QVT) is a commun subject in the m\u00e9dia. The ActivUP solution is often presented as a pragmatic solution, in order to fight the sedentarity and physical inactivity. In France as well as in Switzerland.<\/p>\n<p><span><img decoding=\"async\" alt=\"\" data-id=\"409\" width=\"176\" data-init-width=\"356\" height=\"79\" data-init-height=\"160\" title=\"Retombees-Presse-Media-ActivUP-TV\" loading=\"lazy\" src=\"https:\/\/activup.net\/wp-content\/uploads\/2020\/05\/Retombees-Presse-Media-ActivUP-TV.png\" data-width=\"176\" data-height=\"79\" style=\"\"><\/span><span><span>Insert Image<\/span><\/span>    <span><img decoding=\"async\" alt=\"\" data-id=\"258\" width=\"493\" data-init-width=\"900\" height=\"328\" data-init-height=\"600\" title=\"Keyrus-IMG_2803-660pL\" src=\"https:\/\/activup.net\/wp-content\/uploads\/2020\/05\/Keyrus-IMG_2803-660pL.jpg\" data-width=\"493\" data-height=\"328\" loading=\"lazy\"><\/span><\/p>\n<p style=\"color: var(--tcb-skin-color-2)  !important; --tcb-applied-color:var$(--tcb-skin-color-2)  !important;\">They like our Walking Desks<\/p>\n<h2 style=\"color: var(--tcb-skin-color-2)  !important; --tcb-applied-color:var$(--tcb-skin-color-2)  !important;\">More than 300 happy clients&nbsp;<\/h2>\n<p>ActivUP owns more than 300 clients, including half of the CAC40, american corporates like Google, GE, Facebook, many SME. ActivUP&rsquo;s clients are from 11 countries. ActivUP also serves to consultants, independant professionnals and consumers. We delivers directly or through our network of resellers in France and Europe.<\/p>\n<p><span><img decoding=\"async\" alt=\"\" data-id=\"175\" width=\"547\" data-init-width=\"640\" height=\"308\" data-init-height=\"360\" title=\"references-clients-ActivUP-2020-640x360-1\" loading=\"lazy\" src=\"https:\/\/activup.net\/wp-content\/uploads\/2020\/05\/references-clients-ActivUP-2020-640x360-1.jpg\" data-width=\"547\" data-height=\"308\" style=\"\"><\/span>      <\/p>\n<p style=\"text-align: center;\">Our client&rsquo;S OFFICEs in picture<\/p>\n<h2 style=\"text-align: center;\">Countless settings are possible<\/h2>\n<p><span><img decoding=\"async\" alt=\"\" data-id=\"266\" width=\"254\" data-init-width=\"900\" height=\"169\" data-init-height=\"600\" title=\"BouyguesNextDoor-5-600pL\" src=\"https:\/\/activup.net\/wp-content\/uploads\/2020\/05\/BouyguesNextDoor-5-600pL.jpg\" data-width=\"254\" data-height=\"169\" style=\"\" loading=\"lazy\"><\/span><span><img decoding=\"async\" alt=\"\" data-id=\"265\" width=\"254\" data-init-width=\"900\" height=\"169\" data-init-height=\"600\" title=\"AllianzRiviera-4336-600pL\" src=\"https:\/\/activup.net\/wp-content\/uploads\/2020\/05\/AllianzRiviera-4336-600pL.jpg\" data-width=\"254\" data-height=\"169\" loading=\"lazy\"><\/span><span><img decoding=\"async\" alt=\"\" data-id=\"264\" width=\"254\" data-init-width=\"900\" height=\"169\" data-init-height=\"600\" title=\"SNCF-WalkingMeetingRoom-0836-600pL\" src=\"https:\/\/activup.net\/wp-content\/uploads\/2020\/05\/SNCF-WalkingMeetingRoom-0836-600pL.jpg\" data-width=\"254\" data-height=\"169\" loading=\"lazy\"><\/span><span><img decoding=\"async\" alt=\"\" data-id=\"263\" width=\"254\" data-init-width=\"900\" height=\"169\" data-init-height=\"600\" title=\"WalkingMeetingRoom-2953-600pL\" src=\"https:\/\/activup.net\/wp-content\/uploads\/2020\/05\/WalkingMeetingRoom-2953-600pL.jpg\" data-width=\"254\" data-height=\"169\" loading=\"lazy\"><\/span><span><img decoding=\"async\" alt=\"\" data-id=\"262\" width=\"254\" data-init-width=\"900\" height=\"169\" data-init-height=\"600\" title=\"LifespanHomeSetting600pL\" src=\"https:\/\/activup.net\/wp-content\/uploads\/2020\/05\/LifespanHomeSetting600pL.jpg\" data-width=\"254\" data-height=\"169\" style=\"\" loading=\"lazy\"><\/span><span><img decoding=\"async\" alt=\"\" data-id=\"261\" width=\"254\" data-init-width=\"900\" height=\"169\" data-init-height=\"600\" title=\"Loreal-WalkingMeetingRoom-3741-600pL\" src=\"https:\/\/activup.net\/wp-content\/uploads\/2020\/05\/Loreal-WalkingMeetingRoom-3741-600pL.jpg\" data-width=\"254\" data-height=\"169\" loading=\"lazy\"><\/span><span><img decoding=\"async\" alt=\"\" data-id=\"260\" width=\"254\" data-init-width=\"900\" height=\"169\" data-init-height=\"600\" title=\"LifespanCubicle600pL\" src=\"https:\/\/activup.net\/wp-content\/uploads\/2020\/05\/LifespanCubicle600pL.jpg\" data-width=\"254\" data-height=\"169\" loading=\"lazy\"><\/span><span><img decoding=\"async\" alt=\"\" data-id=\"259\" width=\"254\" data-init-width=\"900\" height=\"169\" data-init-height=\"600\" title=\"EY-Lifespan-PingPong600pL\" src=\"https:\/\/activup.net\/wp-content\/uploads\/2020\/05\/EY-Lifespan-PingPong600pL.jpg\" data-width=\"254\" data-height=\"169\" loading=\"lazy\"><\/span> <\/p>\n<h1 style=\"text-align: center;\"><span style=\"font-weight: normal;\">The fact to walk at work on a ActivUP Walking Desk is the best solution for your health and your well being at the office, while you work, without dedicating time and thinking about it<\/span><\/h1>\n<p style=\"text-align: left;\"><strong>Scientific studies<\/strong><\/p>\n<h2 style=\"text-align: left;\">Solution promoted by the scientists<\/h2>\n<p>At the medical congress in Vichy (january 2019), the speakers walk on the ActivUP Walking Desk during their speech.<\/p>\n<p>Martine Duclos, professor at the university of Clermont-Ferrand, &nbsp;closed the congress by declaring that the Walking Desks were the best solution against sedentarity.<\/p>\n<p style=\"text-align: left; color: var(--tcb-skin-color-2)  !important; --tcb-applied-color:var$(--tcb-skin-color-2)  !important;\">Trophies and awards<\/p>\n<h2 style=\"text-align: left;\">Our solution won 2 awards&nbsp;<\/h2>\n<p><span><img decoding=\"async\" alt=\"\" data-id=\"254\" width=\"200\" data-init-width=\"400\" height=\"200\" data-init-height=\"400\" title=\"trophees-bien-etre-entreprise\" loading=\"lazy\" src=\"https:\/\/activup.net\/wp-content\/uploads\/2020\/05\/trophees-bien-etre-entreprise.png\" data-width=\"200\" data-height=\"200\" style=\"\"><\/span><\/p>\n<p style=\"line-height: 1.3em !important; color: var(--tcb-skin-color-2)  !important; --tcb-applied-color:var$(--tcb-skin-color-2)  !important;\">Patrick Poivre d&rsquo;Arvor a remis en 2016 le troph\u00e9e du Bien-\u00eatre en Entreprise pour sa solution concr\u00e8te et efficace pour lutter contre le s\u00e9dentarit\u00e9 au bureau.<\/p>\n<p><span><img decoding=\"async\" alt=\"\" data-id=\"253\" width=\"310\" data-init-width=\"508\" height=\"202\" data-init-height=\"331\" title=\"trophee_2016_bien_etre_entreprise-photo\" loading=\"lazy\" src=\"https:\/\/activup.net\/wp-content\/uploads\/2020\/05\/trophee_2016_bien_etre_entreprise-photo.jpg\" data-width=\"310\" data-height=\"202\"><\/span><\/p>\n<p style=\"line-height: 1.3em !important;\">Patrick Poivre d&rsquo;Arvor a remis en 2016 le troph\u00e9e du Bien-\u00eatre en Entreprise pour sa solution concr\u00e8te et efficace pour lutter contre le s\u00e9dentarit\u00e9 au bureau.<\/p>\n<p><span><img decoding=\"async\" alt=\"\" data-id=\"253\" width=\"310\" data-init-width=\"508\" height=\"202\" data-init-height=\"331\" title=\"trophee_2016_bien_etre_entreprise-photo\" loading=\"lazy\" src=\"https:\/\/activup.net\/wp-content\/uploads\/2020\/05\/trophee_2016_bien_etre_entreprise-photo.jpg\" data-width=\"310\" data-height=\"202\"><\/span><span><img decoding=\"async\" alt=\"\" data-id=\"254\" width=\"200\" data-init-width=\"400\" height=\"200\" data-init-height=\"400\" title=\"trophees-bien-etre-entreprise\" loading=\"lazy\" src=\"https:\/\/activup.net\/wp-content\/uploads\/2020\/05\/trophees-bien-etre-entreprise.png\" data-width=\"200\" data-height=\"200\" style=\"\"><\/span><span><img decoding=\"async\" alt=\"\" data-id=\"255\" width=\"200\" data-init-width=\"437\" height=\"200\" data-init-height=\"437\" title=\"trophee-2018-sport-sante-logo\" loading=\"lazy\" src=\"https:\/\/activup.net\/wp-content\/uploads\/2020\/05\/trophee-2018-sport-sante-logo.png\" data-width=\"200\" data-height=\"200\" style=\"\"><\/span><\/p>\n<p style=\"line-height: 1.3em !important;\">Le troph\u00e9e Sport-Sant\u00e9 du salon \u00e9ponyme de Paris a \u00e9t\u00e9 d\u00e9cern\u00e9 \u00e0 ActivUP en 2018. Notamment, c&rsquo;est le caract\u00e8re innovant qui a \u00e9t\u00e9 remarqu\u00e9, ainsi que l&rsquo;efficacit\u00e9 en entreprise.<\/p>\n<p><span><img decoding=\"async\" alt=\"\" data-id=\"252\" width=\"310\" data-init-width=\"508\" height=\"202\" data-init-height=\"331\" title=\"trophee-2018-sport-sante-photo\" loading=\"lazy\" src=\"https:\/\/activup.net\/wp-content\/uploads\/2020\/05\/trophee-2018-sport-sante-photo.jpg\" data-width=\"310\" data-height=\"202\" style=\"\"><\/span><\/p>\n<p style=\"line-height: 1.3em !important;\">Le troph\u00e9e Sport-Sant\u00e9 du salon \u00e9ponyme de Paris a \u00e9t\u00e9 d\u00e9cern\u00e9 \u00e0 ActivUP en 2018. Notamment, c&rsquo;est le caract\u00e8re innovant qui a \u00e9t\u00e9 remarqu\u00e9, ainsi que l&rsquo;efficacit\u00e9 en entreprise.<\/p>\n<p><span><img decoding=\"async\" alt=\"\" data-id=\"252\" width=\"310\" data-init-width=\"508\" height=\"202\" data-init-height=\"331\" title=\"trophee-2018-sport-sante-photo\" loading=\"lazy\" src=\"https:\/\/activup.net\/wp-content\/uploads\/2020\/05\/trophee-2018-sport-sante-photo.jpg\" data-width=\"310\" data-height=\"202\"><\/span><span><img decoding=\"async\" alt=\"\" data-id=\"255\" width=\"200\" data-init-width=\"437\" height=\"200\" data-init-height=\"437\" title=\"trophee-2018-sport-sante-logo\" loading=\"lazy\" src=\"https:\/\/activup.net\/wp-content\/uploads\/2020\/05\/trophee-2018-sport-sante-logo.png\" data-width=\"200\" data-height=\"200\" style=\"\"><\/span><\/p>\n<p style=\"text-align: center;\">Testimonials<\/p>\n<h2 style=\"text-align: center;\">What do our happy clients think of us?<\/h2>\n<p>Tous les jours, je suis heureux d&rsquo;avoir d\u00e9couvert le walking desk. 12km de r\u00e9unions par jour et une p\u00eache d&rsquo;enfer ! D\u00e9j\u00e0 8kg perdus, rien qu&rsquo;en marchant.<\/p>\n<h4>Julien Coulon<\/h4>\n<p>DIrecteur g\u00e9n\u00e9ral<\/p>\n<p>Quand on s&rsquo;installe sur le Walking Desk, le plus \u00e9tonnant, c\u2019est qu\u2019on oublie totalement que l\u2019on marche, on est plus concentr\u00e9 sur le travail.<\/p>\n<h4>Arnaud V\u00e9rin&nbsp;<\/h4>\n<p>Entrepreneur<\/p>\n<p>Je marche chaque jour au moins 3 km sur mon Walking Desk ActivUP et je brule pr\u00e8s de 300 calories.<\/p>\n<p>Je ressens les b\u00e9n\u00e9fices sur ma silhouette.<\/p>\n<h4>Pascale Breton<\/h4>\n<p>Dirigeante<\/p>\n<h2>Contact us&nbsp;<\/h2>\n<p>You want to know more or even test the Walking Desk in your company or in our showroom ?<\/p>\n<p><span><img decoding=\"async\" alt=\"\" data-id=\"571\" width=\"164\" data-init-width=\"300\" height=\"164\" data-init-height=\"300\" title=\"telemarketing-call-center-transparent-600sq\" loading=\"lazy\" src=\"https:\/\/activup.net\/wp-content\/uploads\/2020\/11\/telemarketing-call-center-transparent-600sq-300x300.png\" data-width=\"164\" data-height=\"164\" style=\"\"><\/span>  <\/p>\n<p><strong>Our showrooms<\/strong> (with appointment only)<\/p>\n<p><strong>Paris 17e<\/strong> : 27 rue des Renaudes<\/p>\n<p><strong>Archamps<\/strong> (Haute-Savoie)<\/p>\n<p>Call us+33 1 85 08 60 18<\/p>\n<p>[tcb-script charset=\u00a0\u00bbutf-8&Prime; type=\u00a0\u00bbtext\/javascript\u00a0\u00bb src=\u00a0\u00bb\/\/js.hsforms.net\/forms\/shell.js\u00a0\u00bb][\/tcb-script] [tcb-script] hbspt.forms.create({ portalId: \u00ab\u00a03959277\u00a0\u00bb, formId: \u00ab\u00a064249f84-222c-4072-9249-8fbc859e8545\u00a0\u00bb }); [\/tcb-script]  <\/p>\n","protected":false},"excerpt":{"rendered":"<p>Walk while working You\u2019ll finally take your 10000 steps a day Walking at work on a walking desk enables you to walk every day, without dedicating time to this. While you walk one the treadmill, you can call your clients, write an email, have a meeting with a colleague, work on documents using word or [&hellip;]<\/p>\n","protected":false},"author":4,"featured_media":0,"parent":0,"menu_order":0,"comment_status":"closed","ping_status":"closed","template":"","meta":{"_seopress_robots_primary_cat":"","_seopress_titles_title":"ActivUP - Walk while working - Walking desk - Treadmill Desk","_seopress_titles_desc":"Health, Fitness and Well being, when walking at work. Your active desk enables you to gently exercice every day, effortless, without noticing. \r\n","_seopress_robots_index":"","bwfblock_default_font":"","footnotes":""},"wf_page_folders":[52],"class_list":["post-496","page","type-page","status-publish","hentry","post-wrapper","thrv_wrapper"],"_links":{"self":[{"href":"https:\/\/activup.net\/fr\/wp-json\/wp\/v2\/pages\/496","targetHints":{"allow":["GET"]}}],"collection":[{"href":"https:\/\/activup.net\/fr\/wp-json\/wp\/v2\/pages"}],"about":[{"href":"https:\/\/activup.net\/fr\/wp-json\/wp\/v2\/types\/page"}],"author":[{"embeddable":true,"href":"https:\/\/activup.net\/fr\/wp-json\/wp\/v2\/users\/4"}],"replies":[{"embeddable":true,"href":"https:\/\/activup.net\/fr\/wp-json\/wp\/v2\/comments?post=496"}],"version-history":[{"count":10,"href":"https:\/\/activup.net\/fr\/wp-json\/wp\/v2\/pages\/496\/revisions"}],"predecessor-version":[{"id":1916,"href":"https:\/\/activup.net\/fr\/wp-json\/wp\/v2\/pages\/496\/revisions\/1916"}],"wp:attachment":[{"href":"https:\/\/activup.net\/fr\/wp-json\/wp\/v2\/media?parent=496"}],"wp:term":[{"taxonomy":"wf_page_folders","embeddable":true,"href":"https:\/\/activup.net\/fr\/wp-json\/wp\/v2\/wf_page_folders?post=496"}],"curies":[{"name":"wp","href":"https:\/\/api.w.org\/{rel}","templated":true}]}}